{"id":12427,"date":"2023-12-19T15:12:47","date_gmt":"2023-12-19T15:12:47","guid":{"rendered":"https:\/\/www.andyboy.com\/?page_id=12427"},"modified":"2024-09-19T15:15:04","modified_gmt":"2024-09-19T15:15:04","slug":"beneficios-para-generales-y-administrativos","status":"publish","type":"page","link":"https:\/\/www.andyboy.com\/es\/la-empresa\/oportunidades-de-empleo\/beneficios-para-generales-y-administrativos\/","title":{"rendered":"Beneficios para Generales y Administrativos"},"content":{"rendered":"<ul>\n<li><strong>La P\u00f3liza de tiempo libre pagado<\/strong>\n<ul>\n<li>1er ano = 3 semanas<\/li>\n<li>&gt;1-5 a\u00f1os = 4 semanas<\/li>\n<li>&gt;5-15 a\u00f1os = 5 semanas<\/li>\n<li>&gt;15+ anos = 6 semanas<\/li>\n<\/ul>\n<\/li>\n<li><strong>Seguro m\u00e9dico, dental y de la vista: \u00a1pr\u00e1cticamente gratis para los empleados!<\/strong>\n<ul>\n<li>Solo para empleados: copago quincenal de $40<\/li>\n<li>Empleado 1 = copago quincenal de $90<\/li>\n<li>Familia = copago quincenal de $180<\/li>\n<li>La Red de Anthem Blue Cross con proveedores mexicanos de paneles\n<ul>\n<li>Deducible de $500<\/li>\n<li>90% en la red; 70% fuera de la red<\/li>\n<li>$5,000 en la red m\u00e1ximo de bolsillo<\/li>\n<\/ul>\n<\/li>\n<li>Cigna Dental con un l\u00edmite anual de $1,500<\/li>\n<li>VSP Signature Visi\u00f3n: el plan Premium<\/li>\n<\/ul>\n<\/li>\n<li>Seguro de Vida \u2013 2 veces el salario anual y pagado por la empresa<\/li>\n<li>AD&amp;D \u2013 2 veces el salario anual adicional<\/li>\n<li>Seguro de Discapacidad a Largo Plazo \u2013 66.67% de los salarios mensuales hasta los 65 a\u00f1os<\/li>\n<li>8 d\u00edas festivos pagados<\/li>\n<\/ul>\n","protected":false},"excerpt":{"rendered":"<p>La P\u00f3liza de tiempo libre pagado 1er ano = 3 semanas &gt;1-5 a\u00f1os = 4 semanas &gt;5-15 a\u00f1os = 5 semanas &gt;15+ anos = 6 semanas Seguro m\u00e9dico, dental y de la vista: \u00a1pr\u00e1cticamente gratis para los empleados! Solo para empleados: copago quincenal de $40 Empleado 1 = copago quincenal de $90 Familia = copago [&#8230;]<\/p>\n","protected":false},"author":12,"featured_media":0,"parent":7649,"menu_order":5,"comment_status":"closed","ping_status":"closed","template":"","meta":{"_acf_changed":false,"_exactmetrics_skip_tracking":false,"_exactmetrics_sitenote_active":false,"_exactmetrics_sitenote_note":"","_exactmetrics_sitenote_category":0,"footnotes":"","_links_to":"","_links_to_target":""},"class_list":["post-12427","page","type-page","status-publish","hentry"],"acf":[],"yoast_head":"<!-- This site is optimized with the Yoast SEO plugin v27.4 - https:\/\/yoast.com\/product\/yoast-seo-wordpress\/ -->\n<title>Beneficios para Generales y Administrativos - Andy Boy<\/title>\n<meta name=\"robots\" content=\"index, follow, max-snippet:-1, max-image-preview:large, max-video-preview:-1\" \/>\n<link rel=\"canonical\" href=\"https:\/\/www.andyboy.com\/es\/la-empresa\/oportunidades-de-empleo\/beneficios-para-generales-y-administrativos\/\" \/>\n<meta property=\"og:locale\" content=\"es_ES\" \/>\n<meta property=\"og:type\" content=\"article\" \/>\n<meta property=\"og:title\" content=\"Beneficios para Generales y Administrativos - Andy Boy\" \/>\n<meta property=\"og:description\" content=\"La P\u00f3liza de tiempo libre pagado 1er ano = 3 semanas &gt;1-5 a\u00f1os = 4 semanas &gt;5-15 a\u00f1os = 5 semanas &gt;15+ anos = 6 semanas Seguro m\u00e9dico, dental y de la vista: \u00a1pr\u00e1cticamente gratis para los empleados! Solo para empleados: copago quincenal de $40 Empleado 1 = copago quincenal de $90 Familia = copago [...]\" \/>\n<meta property=\"og:url\" content=\"https:\/\/www.andyboy.com\/es\/la-empresa\/oportunidades-de-empleo\/beneficios-para-generales-y-administrativos\/\" \/>\n<meta property=\"og:site_name\" content=\"Andy Boy\" \/>\n<meta property=\"article:publisher\" content=\"https:\/\/www.facebook.com\/AndyBoyProduce\" \/>\n<meta property=\"article:modified_time\" content=\"2024-09-19T15:15:04+00:00\" \/>\n<meta name=\"twitter:label1\" content=\"Tiempo de lectura\" \/>\n\t<meta name=\"twitter:data1\" content=\"1 minuto\" \/>\n<script type=\"application\/ld+json\" class=\"yoast-schema-graph\">{\"@context\":\"https:\\\/\\\/schema.org\",\"@graph\":[{\"@type\":\"WebPage\",\"@id\":\"https:\\\/\\\/www.andyboy.com\\\/es\\\/la-empresa\\\/oportunidades-de-empleo\\\/beneficios-para-generales-y-administrativos\\\/\",\"url\":\"https:\\\/\\\/www.andyboy.com\\\/es\\\/la-empresa\\\/oportunidades-de-empleo\\\/beneficios-para-generales-y-administrativos\\\/\",\"name\":\"Beneficios para Generales y Administrativos - Andy Boy\",\"isPartOf\":{\"@id\":\"https:\\\/\\\/www.andyboy.com\\\/#website\"},\"datePublished\":\"2023-12-19T15:12:47+00:00\",\"dateModified\":\"2024-09-19T15:15:04+00:00\",\"breadcrumb\":{\"@id\":\"https:\\\/\\\/www.andyboy.com\\\/es\\\/la-empresa\\\/oportunidades-de-empleo\\\/beneficios-para-generales-y-administrativos\\\/#breadcrumb\"},\"inLanguage\":\"es\",\"potentialAction\":[{\"@type\":\"ReadAction\",\"target\":[\"https:\\\/\\\/www.andyboy.com\\\/es\\\/la-empresa\\\/oportunidades-de-empleo\\\/beneficios-para-generales-y-administrativos\\\/\"]}]},{\"@type\":\"BreadcrumbList\",\"@id\":\"https:\\\/\\\/www.andyboy.com\\\/es\\\/la-empresa\\\/oportunidades-de-empleo\\\/beneficios-para-generales-y-administrativos\\\/#breadcrumb\",\"itemListElement\":[{\"@type\":\"ListItem\",\"position\":1,\"name\":\"Home\",\"item\":\"https:\\\/\\\/www.andyboy.com\\\/es\\\/\"},{\"@type\":\"ListItem\",\"position\":2,\"name\":\"La Empresa\",\"item\":\"https:\\\/\\\/www.andyboy.com\\\/es\\\/la-empresa\\\/\"},{\"@type\":\"ListItem\",\"position\":3,\"name\":\"Oportunidades De Empleo\",\"item\":\"https:\\\/\\\/www.andyboy.com\\\/es\\\/la-empresa\\\/oportunidades-de-empleo\\\/\"},{\"@type\":\"ListItem\",\"position\":4,\"name\":\"Beneficios para Generales y Administrativos\"}]},{\"@type\":\"WebSite\",\"@id\":\"https:\\\/\\\/www.andyboy.com\\\/#website\",\"url\":\"https:\\\/\\\/www.andyboy.com\\\/\",\"name\":\"Andy Boy\",\"description\":\"\",\"publisher\":{\"@id\":\"https:\\\/\\\/www.andyboy.com\\\/#organization\"},\"potentialAction\":[{\"@type\":\"SearchAction\",\"target\":{\"@type\":\"EntryPoint\",\"urlTemplate\":\"https:\\\/\\\/www.andyboy.com\\\/?s={search_term_string}\"},\"query-input\":{\"@type\":\"PropertyValueSpecification\",\"valueRequired\":true,\"valueName\":\"search_term_string\"}}],\"inLanguage\":\"es\"},{\"@type\":\"Organization\",\"@id\":\"https:\\\/\\\/www.andyboy.com\\\/#organization\",\"name\":\"Andy Boy\",\"url\":\"https:\\\/\\\/www.andyboy.com\\\/\",\"logo\":{\"@type\":\"ImageObject\",\"inLanguage\":\"es\",\"@id\":\"https:\\\/\\\/www.andyboy.com\\\/#\\\/schema\\\/logo\\\/image\\\/\",\"url\":\"https:\\\/\\\/andyboy.wpengine.com\\\/wp-content\\\/uploads\\\/2015\\\/04\\\/AB-Banner-Logo-high-res.jpg\",\"contentUrl\":\"https:\\\/\\\/andyboy.wpengine.com\\\/wp-content\\\/uploads\\\/2015\\\/04\\\/AB-Banner-Logo-high-res.jpg\",\"width\":1024,\"height\":403,\"caption\":\"Andy Boy\"},\"image\":{\"@id\":\"https:\\\/\\\/www.andyboy.com\\\/#\\\/schema\\\/logo\\\/image\\\/\"},\"sameAs\":[\"https:\\\/\\\/www.facebook.com\\\/AndyBoyProduce\",\"https:\\\/\\\/x.com\\\/AndyBoyInc\",\"https:\\\/\\\/instagram.com\\\/AndyBoyProduce\\\/\",\"http:\\\/\\\/www.pinterest.com\\\/andyboyproduce\\\/\"]}]}<\/script>\n<!-- \/ Yoast SEO plugin. -->","yoast_head_json":{"title":"Beneficios para Generales y Administrativos - Andy Boy","robots":{"index":"index","follow":"follow","max-snippet":"max-snippet:-1","max-image-preview":"max-image-preview:large","max-video-preview":"max-video-preview:-1"},"canonical":"https:\/\/www.andyboy.com\/es\/la-empresa\/oportunidades-de-empleo\/beneficios-para-generales-y-administrativos\/","og_locale":"es_ES","og_type":"article","og_title":"Beneficios para Generales y Administrativos - Andy Boy","og_description":"La P\u00f3liza de tiempo libre pagado 1er ano = 3 semanas &gt;1-5 a\u00f1os = 4 semanas &gt;5-15 a\u00f1os = 5 semanas &gt;15+ anos = 6 semanas Seguro m\u00e9dico, dental y de la vista: \u00a1pr\u00e1cticamente gratis para los empleados! Solo para empleados: copago quincenal de $40 Empleado 1 = copago quincenal de $90 Familia = copago [...]","og_url":"https:\/\/www.andyboy.com\/es\/la-empresa\/oportunidades-de-empleo\/beneficios-para-generales-y-administrativos\/","og_site_name":"Andy Boy","article_publisher":"https:\/\/www.facebook.com\/AndyBoyProduce","article_modified_time":"2024-09-19T15:15:04+00:00","twitter_misc":{"Tiempo de lectura":"1 minuto"},"schema":{"@context":"https:\/\/schema.org","@graph":[{"@type":"WebPage","@id":"https:\/\/www.andyboy.com\/es\/la-empresa\/oportunidades-de-empleo\/beneficios-para-generales-y-administrativos\/","url":"https:\/\/www.andyboy.com\/es\/la-empresa\/oportunidades-de-empleo\/beneficios-para-generales-y-administrativos\/","name":"Beneficios para Generales y Administrativos - Andy Boy","isPartOf":{"@id":"https:\/\/www.andyboy.com\/#website"},"datePublished":"2023-12-19T15:12:47+00:00","dateModified":"2024-09-19T15:15:04+00:00","breadcrumb":{"@id":"https:\/\/www.andyboy.com\/es\/la-empresa\/oportunidades-de-empleo\/beneficios-para-generales-y-administrativos\/#breadcrumb"},"inLanguage":"es","potentialAction":[{"@type":"ReadAction","target":["https:\/\/www.andyboy.com\/es\/la-empresa\/oportunidades-de-empleo\/beneficios-para-generales-y-administrativos\/"]}]},{"@type":"BreadcrumbList","@id":"https:\/\/www.andyboy.com\/es\/la-empresa\/oportunidades-de-empleo\/beneficios-para-generales-y-administrativos\/#breadcrumb","itemListElement":[{"@type":"ListItem","position":1,"name":"Home","item":"https:\/\/www.andyboy.com\/es\/"},{"@type":"ListItem","position":2,"name":"La Empresa","item":"https:\/\/www.andyboy.com\/es\/la-empresa\/"},{"@type":"ListItem","position":3,"name":"Oportunidades De Empleo","item":"https:\/\/www.andyboy.com\/es\/la-empresa\/oportunidades-de-empleo\/"},{"@type":"ListItem","position":4,"name":"Beneficios para Generales y Administrativos"}]},{"@type":"WebSite","@id":"https:\/\/www.andyboy.com\/#website","url":"https:\/\/www.andyboy.com\/","name":"Andy Boy","description":"","publisher":{"@id":"https:\/\/www.andyboy.com\/#organization"},"potentialAction":[{"@type":"SearchAction","target":{"@type":"EntryPoint","urlTemplate":"https:\/\/www.andyboy.com\/?s={search_term_string}"},"query-input":{"@type":"PropertyValueSpecification","valueRequired":true,"valueName":"search_term_string"}}],"inLanguage":"es"},{"@type":"Organization","@id":"https:\/\/www.andyboy.com\/#organization","name":"Andy Boy","url":"https:\/\/www.andyboy.com\/","logo":{"@type":"ImageObject","inLanguage":"es","@id":"https:\/\/www.andyboy.com\/#\/schema\/logo\/image\/","url":"https:\/\/andyboy.wpengine.com\/wp-content\/uploads\/2015\/04\/AB-Banner-Logo-high-res.jpg","contentUrl":"https:\/\/andyboy.wpengine.com\/wp-content\/uploads\/2015\/04\/AB-Banner-Logo-high-res.jpg","width":1024,"height":403,"caption":"Andy Boy"},"image":{"@id":"https:\/\/www.andyboy.com\/#\/schema\/logo\/image\/"},"sameAs":["https:\/\/www.facebook.com\/AndyBoyProduce","https:\/\/x.com\/AndyBoyInc","https:\/\/instagram.com\/AndyBoyProduce\/","http:\/\/www.pinterest.com\/andyboyproduce\/"]}]}},"_links":{"self":[{"href":"https:\/\/www.andyboy.com\/es\/wp-json\/wp\/v2\/pages\/12427","targetHints":{"allow":["GET"]}}],"collection":[{"href":"https:\/\/www.andyboy.com\/es\/wp-json\/wp\/v2\/pages"}],"about":[{"href":"https:\/\/www.andyboy.com\/es\/wp-json\/wp\/v2\/types\/page"}],"author":[{"embeddable":true,"href":"https:\/\/www.andyboy.com\/es\/wp-json\/wp\/v2\/users\/12"}],"replies":[{"embeddable":true,"href":"https:\/\/www.andyboy.com\/es\/wp-json\/wp\/v2\/comments?post=12427"}],"version-history":[{"count":0,"href":"https:\/\/www.andyboy.com\/es\/wp-json\/wp\/v2\/pages\/12427\/revisions"}],"up":[{"embeddable":true,"href":"https:\/\/www.andyboy.com\/es\/wp-json\/wp\/v2\/pages\/7649"}],"wp:attachment":[{"href":"https:\/\/www.andyboy.com\/es\/wp-json\/wp\/v2\/media?parent=12427"}],"curies":[{"name":"wp","href":"https:\/\/api.w.org\/{rel}","templated":true}]}}