{"id":12429,"date":"2023-12-19T15:32:01","date_gmt":"2023-12-19T15:32:01","guid":{"rendered":"https:\/\/www.andyboy.com\/?page_id=12429"},"modified":"2024-04-09T22:05:50","modified_gmt":"2024-04-09T22:05:50","slug":"beneficios-para-la-cosecha","status":"publish","type":"page","link":"https:\/\/www.andyboy.com\/es\/la-empresa\/oportunidades-de-empleo\/beneficios-para-la-cosecha\/","title":{"rendered":"Posiciones de Cosecha Disponibles"},"content":{"rendered":"<p>\u00a1No te pierdas esta oportunidad y \u00fanase a nosotros!<\/p>\n<p>Interesados, por favor vis\u00edtenos de 5:00 a.m. a 7:00 a.m. en el estacionamiento de los empleados:<\/p>\n<ul>\n<li>Marzo a octubre 2024\n<ul>\n<li>Corte y empaque de lechuga romana de corazones, mixta, bola y br\u00f3coli<\/li>\n<li>Salinas: favor de presentarse en 1 Harris Court, la curva de Spreckels, Salinas CA<\/li>\n<\/ul>\n<\/li>\n<\/ul>\n<ul>\n<li>Noviembre 2024\n<ul>\n<li>Yuma: Corte y empaque de lechuga romana de corazones, mixta y bola<\/li>\n<li>Yuma: favor de presentarse en 390 Cesar Ch\u00e1vez St, San Luis AZ<\/li>\n<\/ul>\n<\/li>\n<\/ul>\n<p><strong>Ofrecemos los siguientes beneficios:<\/strong><\/p>\n<ul>\n<li>Transportaci\u00f3n gratuita y voluntaria desde el estacionamiento hasta el lugar de trabajo<\/li>\n<li>Incentivos del programa de seguridad<\/li>\n<li>Areas locales de trabajo<\/li>\n<li>Servicio de dep\u00f3sito directo<\/li>\n<li>Programa de referencia (solo en Salinas)<\/li>\n<li>Anticipo de efectivo diario (TIRA solo en Yuma)<\/li>\n<\/ul>\n<p><strong>Adem\u00e1s, los empleados calificados pueden recibir:<\/strong><\/p>\n<ul>\n<li>Dias feriados pagados<\/li>\n<li>Tiempo de enfermedad con goce de sueldo<\/li>\n<li>Bono de aniversario (una vez que califique)<\/li>\n<li>Excelentes beneficios como: plan m\u00e9dico, dental y visi\u00f3n para usted y su familia en USA y M\u00e9xico<\/li>\n<\/ul>\n<p><strong>\u00a0Favor de estar preparado con lo siguiente para la registraci\u00f3n \/ proceso de contrataci\u00f3n<\/strong><\/p>\n<ul>\n<li>Correo electr\u00f3nico al que pueda acceder durante el proceso de registraci\u00f3n<\/li>\n<li>Documentaci\u00f3n requerida<\/li>\n<li>Tarjeta de seguro social para prop\u00f3sitos de nomina<\/li>\n<li>Identificaciones listadas en la I-9 (por ejemplo: pasaporte de EE. UU, tarjeta de residente permanente, licencia de conducir, documento de autorizaci\u00f3n de empleo, tarjeta de identificaci\u00f3n emitida por el estado, etc.)<\/li>\n<li>Informaci\u00f3n de dependientes para familia inmediata hijo(a) y esposo(a). Traer nombre(s) completo(s), fecha de nacimiento de cada dependiente y fecha de matrimonio<\/li>\n<li>Beneficiario de seguro de vida<\/li>\n<li>Informaci\u00f3n de banco para dep\u00f3sito directo; n\u00famero de cuenta y numero de ruta<\/li>\n<li>Direcci\u00f3n de correspondencia y direcci\u00f3n f\u00edsica<\/li>\n<\/ul>\n<p><strong>Para m\u00e1s informaci\u00f3n llamar a nuestra oficina de Recursos Humanos: <\/strong><\/p>\n<ul>\n<li>Salinas al n\u00famero (831) 455-4401 opci\u00f3n #2<\/li>\n<li>Yuma al n\u00famero (928) 388-6301 opci\u00f3n #2<\/li>\n<\/ul>\n<p>Por el momento, no contamos con el programa H2A<\/p>\n","protected":false},"excerpt":{"rendered":"<p>\u00a1No te pierdas esta oportunidad y \u00fanase a nosotros! Interesados, por favor vis\u00edtenos de 5:00 a.m. a 7:00 a.m. en el estacionamiento de los empleados: Marzo a octubre 2024 Corte y empaque de lechuga romana de corazones, mixta, bola y br\u00f3coli Salinas: favor de presentarse en 1 Harris Court, la curva de Spreckels, Salinas CA [&#8230;]<\/p>\n","protected":false},"author":12,"featured_media":0,"parent":7649,"menu_order":5,"comment_status":"closed","ping_status":"closed","template":"","meta":{"_acf_changed":false,"_exactmetrics_skip_tracking":false,"_exactmetrics_sitenote_active":false,"_exactmetrics_sitenote_note":"","_exactmetrics_sitenote_category":0,"footnotes":"","_links_to":"","_links_to_target":""},"class_list":["post-12429","page","type-page","status-publish","hentry"],"acf":[],"yoast_head":"<!-- This site is optimized with the Yoast SEO plugin v27.4 - https:\/\/yoast.com\/product\/yoast-seo-wordpress\/ -->\n<title>Posiciones de Cosecha Disponibles - Andy Boy<\/title>\n<meta name=\"robots\" content=\"index, follow, max-snippet:-1, max-image-preview:large, max-video-preview:-1\" \/>\n<link rel=\"canonical\" href=\"https:\/\/www.andyboy.com\/es\/la-empresa\/oportunidades-de-empleo\/beneficios-para-la-cosecha\/\" \/>\n<meta property=\"og:locale\" content=\"es_ES\" \/>\n<meta property=\"og:type\" content=\"article\" \/>\n<meta property=\"og:title\" content=\"Posiciones de Cosecha Disponibles - Andy Boy\" \/>\n<meta property=\"og:description\" content=\"\u00a1No te pierdas esta oportunidad y \u00fanase a nosotros! Interesados, por favor vis\u00edtenos de 5:00 a.m. a 7:00 a.m. en el estacionamiento de los empleados: Marzo a octubre 2024 Corte y empaque de lechuga romana de corazones, mixta, bola y br\u00f3coli Salinas: favor de presentarse en 1 Harris Court, la curva de Spreckels, Salinas CA [...]\" \/>\n<meta property=\"og:url\" content=\"https:\/\/www.andyboy.com\/es\/la-empresa\/oportunidades-de-empleo\/beneficios-para-la-cosecha\/\" \/>\n<meta property=\"og:site_name\" content=\"Andy Boy\" \/>\n<meta property=\"article:publisher\" content=\"https:\/\/www.facebook.com\/AndyBoyProduce\" \/>\n<meta property=\"article:modified_time\" content=\"2024-04-09T22:05:50+00:00\" \/>\n<meta name=\"twitter:label1\" content=\"Tiempo de lectura\" \/>\n\t<meta name=\"twitter:data1\" content=\"2 minutos\" \/>\n<script type=\"application\/ld+json\" class=\"yoast-schema-graph\">{\"@context\":\"https:\\\/\\\/schema.org\",\"@graph\":[{\"@type\":\"WebPage\",\"@id\":\"https:\\\/\\\/www.andyboy.com\\\/es\\\/la-empresa\\\/oportunidades-de-empleo\\\/beneficios-para-la-cosecha\\\/\",\"url\":\"https:\\\/\\\/www.andyboy.com\\\/es\\\/la-empresa\\\/oportunidades-de-empleo\\\/beneficios-para-la-cosecha\\\/\",\"name\":\"Posiciones de Cosecha Disponibles - Andy Boy\",\"isPartOf\":{\"@id\":\"https:\\\/\\\/www.andyboy.com\\\/#website\"},\"datePublished\":\"2023-12-19T15:32:01+00:00\",\"dateModified\":\"2024-04-09T22:05:50+00:00\",\"breadcrumb\":{\"@id\":\"https:\\\/\\\/www.andyboy.com\\\/es\\\/la-empresa\\\/oportunidades-de-empleo\\\/beneficios-para-la-cosecha\\\/#breadcrumb\"},\"inLanguage\":\"es\",\"potentialAction\":[{\"@type\":\"ReadAction\",\"target\":[\"https:\\\/\\\/www.andyboy.com\\\/es\\\/la-empresa\\\/oportunidades-de-empleo\\\/beneficios-para-la-cosecha\\\/\"]}]},{\"@type\":\"BreadcrumbList\",\"@id\":\"https:\\\/\\\/www.andyboy.com\\\/es\\\/la-empresa\\\/oportunidades-de-empleo\\\/beneficios-para-la-cosecha\\\/#breadcrumb\",\"itemListElement\":[{\"@type\":\"ListItem\",\"position\":1,\"name\":\"Home\",\"item\":\"https:\\\/\\\/www.andyboy.com\\\/es\\\/\"},{\"@type\":\"ListItem\",\"position\":2,\"name\":\"La Empresa\",\"item\":\"https:\\\/\\\/www.andyboy.com\\\/es\\\/la-empresa\\\/\"},{\"@type\":\"ListItem\",\"position\":3,\"name\":\"Oportunidades De Empleo\",\"item\":\"https:\\\/\\\/www.andyboy.com\\\/es\\\/la-empresa\\\/oportunidades-de-empleo\\\/\"},{\"@type\":\"ListItem\",\"position\":4,\"name\":\"Posiciones de Cosecha Disponibles\"}]},{\"@type\":\"WebSite\",\"@id\":\"https:\\\/\\\/www.andyboy.com\\\/#website\",\"url\":\"https:\\\/\\\/www.andyboy.com\\\/\",\"name\":\"Andy Boy\",\"description\":\"\",\"publisher\":{\"@id\":\"https:\\\/\\\/www.andyboy.com\\\/#organization\"},\"potentialAction\":[{\"@type\":\"SearchAction\",\"target\":{\"@type\":\"EntryPoint\",\"urlTemplate\":\"https:\\\/\\\/www.andyboy.com\\\/?s={search_term_string}\"},\"query-input\":{\"@type\":\"PropertyValueSpecification\",\"valueRequired\":true,\"valueName\":\"search_term_string\"}}],\"inLanguage\":\"es\"},{\"@type\":\"Organization\",\"@id\":\"https:\\\/\\\/www.andyboy.com\\\/#organization\",\"name\":\"Andy Boy\",\"url\":\"https:\\\/\\\/www.andyboy.com\\\/\",\"logo\":{\"@type\":\"ImageObject\",\"inLanguage\":\"es\",\"@id\":\"https:\\\/\\\/www.andyboy.com\\\/#\\\/schema\\\/logo\\\/image\\\/\",\"url\":\"https:\\\/\\\/andyboy.wpengine.com\\\/wp-content\\\/uploads\\\/2015\\\/04\\\/AB-Banner-Logo-high-res.jpg\",\"contentUrl\":\"https:\\\/\\\/andyboy.wpengine.com\\\/wp-content\\\/uploads\\\/2015\\\/04\\\/AB-Banner-Logo-high-res.jpg\",\"width\":1024,\"height\":403,\"caption\":\"Andy Boy\"},\"image\":{\"@id\":\"https:\\\/\\\/www.andyboy.com\\\/#\\\/schema\\\/logo\\\/image\\\/\"},\"sameAs\":[\"https:\\\/\\\/www.facebook.com\\\/AndyBoyProduce\",\"https:\\\/\\\/x.com\\\/AndyBoyInc\",\"https:\\\/\\\/instagram.com\\\/AndyBoyProduce\\\/\",\"http:\\\/\\\/www.pinterest.com\\\/andyboyproduce\\\/\"]}]}<\/script>\n<!-- \/ Yoast SEO plugin. -->","yoast_head_json":{"title":"Posiciones de Cosecha Disponibles - Andy Boy","robots":{"index":"index","follow":"follow","max-snippet":"max-snippet:-1","max-image-preview":"max-image-preview:large","max-video-preview":"max-video-preview:-1"},"canonical":"https:\/\/www.andyboy.com\/es\/la-empresa\/oportunidades-de-empleo\/beneficios-para-la-cosecha\/","og_locale":"es_ES","og_type":"article","og_title":"Posiciones de Cosecha Disponibles - Andy Boy","og_description":"\u00a1No te pierdas esta oportunidad y \u00fanase a nosotros! Interesados, por favor vis\u00edtenos de 5:00 a.m. a 7:00 a.m. en el estacionamiento de los empleados: Marzo a octubre 2024 Corte y empaque de lechuga romana de corazones, mixta, bola y br\u00f3coli Salinas: favor de presentarse en 1 Harris Court, la curva de Spreckels, Salinas CA [...]","og_url":"https:\/\/www.andyboy.com\/es\/la-empresa\/oportunidades-de-empleo\/beneficios-para-la-cosecha\/","og_site_name":"Andy Boy","article_publisher":"https:\/\/www.facebook.com\/AndyBoyProduce","article_modified_time":"2024-04-09T22:05:50+00:00","twitter_misc":{"Tiempo de lectura":"2 minutos"},"schema":{"@context":"https:\/\/schema.org","@graph":[{"@type":"WebPage","@id":"https:\/\/www.andyboy.com\/es\/la-empresa\/oportunidades-de-empleo\/beneficios-para-la-cosecha\/","url":"https:\/\/www.andyboy.com\/es\/la-empresa\/oportunidades-de-empleo\/beneficios-para-la-cosecha\/","name":"Posiciones de Cosecha Disponibles - Andy Boy","isPartOf":{"@id":"https:\/\/www.andyboy.com\/#website"},"datePublished":"2023-12-19T15:32:01+00:00","dateModified":"2024-04-09T22:05:50+00:00","breadcrumb":{"@id":"https:\/\/www.andyboy.com\/es\/la-empresa\/oportunidades-de-empleo\/beneficios-para-la-cosecha\/#breadcrumb"},"inLanguage":"es","potentialAction":[{"@type":"ReadAction","target":["https:\/\/www.andyboy.com\/es\/la-empresa\/oportunidades-de-empleo\/beneficios-para-la-cosecha\/"]}]},{"@type":"BreadcrumbList","@id":"https:\/\/www.andyboy.com\/es\/la-empresa\/oportunidades-de-empleo\/beneficios-para-la-cosecha\/#breadcrumb","itemListElement":[{"@type":"ListItem","position":1,"name":"Home","item":"https:\/\/www.andyboy.com\/es\/"},{"@type":"ListItem","position":2,"name":"La Empresa","item":"https:\/\/www.andyboy.com\/es\/la-empresa\/"},{"@type":"ListItem","position":3,"name":"Oportunidades De Empleo","item":"https:\/\/www.andyboy.com\/es\/la-empresa\/oportunidades-de-empleo\/"},{"@type":"ListItem","position":4,"name":"Posiciones de Cosecha Disponibles"}]},{"@type":"WebSite","@id":"https:\/\/www.andyboy.com\/#website","url":"https:\/\/www.andyboy.com\/","name":"Andy Boy","description":"","publisher":{"@id":"https:\/\/www.andyboy.com\/#organization"},"potentialAction":[{"@type":"SearchAction","target":{"@type":"EntryPoint","urlTemplate":"https:\/\/www.andyboy.com\/?s={search_term_string}"},"query-input":{"@type":"PropertyValueSpecification","valueRequired":true,"valueName":"search_term_string"}}],"inLanguage":"es"},{"@type":"Organization","@id":"https:\/\/www.andyboy.com\/#organization","name":"Andy Boy","url":"https:\/\/www.andyboy.com\/","logo":{"@type":"ImageObject","inLanguage":"es","@id":"https:\/\/www.andyboy.com\/#\/schema\/logo\/image\/","url":"https:\/\/andyboy.wpengine.com\/wp-content\/uploads\/2015\/04\/AB-Banner-Logo-high-res.jpg","contentUrl":"https:\/\/andyboy.wpengine.com\/wp-content\/uploads\/2015\/04\/AB-Banner-Logo-high-res.jpg","width":1024,"height":403,"caption":"Andy Boy"},"image":{"@id":"https:\/\/www.andyboy.com\/#\/schema\/logo\/image\/"},"sameAs":["https:\/\/www.facebook.com\/AndyBoyProduce","https:\/\/x.com\/AndyBoyInc","https:\/\/instagram.com\/AndyBoyProduce\/","http:\/\/www.pinterest.com\/andyboyproduce\/"]}]}},"_links":{"self":[{"href":"https:\/\/www.andyboy.com\/es\/wp-json\/wp\/v2\/pages\/12429","targetHints":{"allow":["GET"]}}],"collection":[{"href":"https:\/\/www.andyboy.com\/es\/wp-json\/wp\/v2\/pages"}],"about":[{"href":"https:\/\/www.andyboy.com\/es\/wp-json\/wp\/v2\/types\/page"}],"author":[{"embeddable":true,"href":"https:\/\/www.andyboy.com\/es\/wp-json\/wp\/v2\/users\/12"}],"replies":[{"embeddable":true,"href":"https:\/\/www.andyboy.com\/es\/wp-json\/wp\/v2\/comments?post=12429"}],"version-history":[{"count":0,"href":"https:\/\/www.andyboy.com\/es\/wp-json\/wp\/v2\/pages\/12429\/revisions"}],"up":[{"embeddable":true,"href":"https:\/\/www.andyboy.com\/es\/wp-json\/wp\/v2\/pages\/7649"}],"wp:attachment":[{"href":"https:\/\/www.andyboy.com\/es\/wp-json\/wp\/v2\/media?parent=12429"}],"curies":[{"name":"wp","href":"https:\/\/api.w.org\/{rel}","templated":true}]}}