{"id":12444,"date":"2024-02-12T22:03:07","date_gmt":"2024-02-12T22:03:07","guid":{"rendered":"https:\/\/www.andyboy.com\/?page_id=12444"},"modified":"2024-09-12T15:08:34","modified_gmt":"2024-09-12T15:08:34","slug":"beneficios-para-la-cosecha-2","status":"publish","type":"page","link":"https:\/\/www.andyboy.com\/es\/la-empresa\/oportunidades-de-empleo\/beneficios-para-la-cosecha-2\/","title":{"rendered":"Beneficios Para La Cosecha"},"content":{"rendered":"<p><strong><u>Empleados de CA<\/u><\/strong><\/p>\n<p><em>Beneficios son efectivos cuando se\u00f1or\u00eda sea obtenida. Se\u00f1or\u00eda es obtenida cuando el empleado a completado\u00a0<u>30 d\u00edas trabajado entre 90 d\u00edas<\/u>. Los beneficios son los siguientes:<\/em><\/p>\n<ul>\n<li>La Compa\u00f1\u00eda ofrece planes de vida, salud y bienestar a empleados y dependientes elegibles\u2026. la cobertura mensual es GRATIS PARA EMPLEADOS y sus dependientes!\n<ul>\n<li>Plan Medico: $115 deducible<\/li>\n<li>Dental: No deducible<\/li>\n<li>Visi\u00f3n<\/li>\n<li>CalSavers: programa de ahorro para retiro<\/li>\n<li>Seguro de vida: La compa\u00f1\u00eda contribuye a un plan de seguro de vida para los empleados elegibles.<\/li>\n<\/ul>\n<\/li>\n<li>Ausencias Pagadas: Horas de enfermedad (minimo de 40 horas) y permiso funebre (hasta 3 d\u00edas calendario consecutivos)<\/li>\n<li>Seis Dias Festivos Pagados<\/li>\n<li>Programa de Referencia\n<ul>\n<li>Los empleados que recomienden nuevos empleados y completan la temporada de cosecha pueden calificar para un incentivo monetario hasta $600 por persona referida.<\/li>\n<\/ul>\n<\/li>\n<li>Incentivos de Seguridad\n<ul>\n<li>La compa\u00f1ia brindara una oportunidad para que ganen premios de incentivos de seguridad<\/li>\n<\/ul>\n<\/li>\n<li>Transporte en Autob\u00fas\n<ul>\n<li>La compa\u00f1ia ofrece transporte gratis en autob\u00fas voluntariamente para que los empleados de la cosechan. Estan transportados con su equipo a su lugar de trabajo durante el d\u00eda y de regreso.<\/li>\n<\/ul>\n<\/li>\n<\/ul>\n","protected":false},"excerpt":{"rendered":"<p>Empleados de CA Beneficios son efectivos cuando se\u00f1or\u00eda sea obtenida. Se\u00f1or\u00eda es obtenida cuando el empleado a completado\u00a030 d\u00edas trabajado entre 90 d\u00edas. Los beneficios son los siguientes: La Compa\u00f1\u00eda ofrece planes de vida, salud y bienestar a empleados y dependientes elegibles\u2026. la cobertura mensual es GRATIS PARA EMPLEADOS y sus dependientes! Plan Medico: $115 [&#8230;]<\/p>\n","protected":false},"author":12,"featured_media":0,"parent":7649,"menu_order":5,"comment_status":"closed","ping_status":"closed","template":"","meta":{"_acf_changed":false,"_exactmetrics_skip_tracking":false,"_exactmetrics_sitenote_active":false,"_exactmetrics_sitenote_note":"","_exactmetrics_sitenote_category":0,"footnotes":"","_links_to":"","_links_to_target":""},"class_list":["post-12444","page","type-page","status-publish","hentry"],"acf":[],"yoast_head":"<!-- This site is optimized with the Yoast SEO plugin v27.1.1 - https:\/\/yoast.com\/product\/yoast-seo-wordpress\/ -->\n<title>Beneficios Para La Cosecha - Andy Boy<\/title>\n<meta name=\"robots\" content=\"index, follow, max-snippet:-1, max-image-preview:large, max-video-preview:-1\" \/>\n<link rel=\"canonical\" href=\"https:\/\/www.andyboy.com\/es\/la-empresa\/oportunidades-de-empleo\/beneficios-para-la-cosecha-2\/\" \/>\n<meta property=\"og:locale\" content=\"es_ES\" \/>\n<meta property=\"og:type\" content=\"article\" \/>\n<meta property=\"og:title\" content=\"Beneficios Para La Cosecha - Andy Boy\" \/>\n<meta property=\"og:description\" content=\"Empleados de CA Beneficios son efectivos cuando se\u00f1or\u00eda sea obtenida. Se\u00f1or\u00eda es obtenida cuando el empleado a completado\u00a030 d\u00edas trabajado entre 90 d\u00edas. Los beneficios son los siguientes: La Compa\u00f1\u00eda ofrece planes de vida, salud y bienestar a empleados y dependientes elegibles\u2026. la cobertura mensual es GRATIS PARA EMPLEADOS y sus dependientes! Plan Medico: $115 [...]\" \/>\n<meta property=\"og:url\" content=\"https:\/\/www.andyboy.com\/es\/la-empresa\/oportunidades-de-empleo\/beneficios-para-la-cosecha-2\/\" \/>\n<meta property=\"og:site_name\" content=\"Andy Boy\" \/>\n<meta property=\"article:publisher\" content=\"https:\/\/www.facebook.com\/AndyBoyProduce\" \/>\n<meta property=\"article:modified_time\" content=\"2024-09-12T15:08:34+00:00\" \/>\n<meta name=\"twitter:label1\" content=\"Tiempo de lectura\" \/>\n\t<meta name=\"twitter:data1\" content=\"1 minuto\" \/>\n<script type=\"application\/ld+json\" class=\"yoast-schema-graph\">{\"@context\":\"https:\/\/schema.org\",\"@graph\":[{\"@type\":\"WebPage\",\"@id\":\"https:\/\/www.andyboy.com\/es\/la-empresa\/oportunidades-de-empleo\/beneficios-para-la-cosecha-2\/\",\"url\":\"https:\/\/www.andyboy.com\/es\/la-empresa\/oportunidades-de-empleo\/beneficios-para-la-cosecha-2\/\",\"name\":\"Beneficios Para La Cosecha - Andy Boy\",\"isPartOf\":{\"@id\":\"https:\/\/www.andyboy.com\/#website\"},\"datePublished\":\"2024-02-12T22:03:07+00:00\",\"dateModified\":\"2024-09-12T15:08:34+00:00\",\"breadcrumb\":{\"@id\":\"https:\/\/www.andyboy.com\/es\/la-empresa\/oportunidades-de-empleo\/beneficios-para-la-cosecha-2\/#breadcrumb\"},\"inLanguage\":\"es\",\"potentialAction\":[{\"@type\":\"ReadAction\",\"target\":[\"https:\/\/www.andyboy.com\/es\/la-empresa\/oportunidades-de-empleo\/beneficios-para-la-cosecha-2\/\"]}]},{\"@type\":\"BreadcrumbList\",\"@id\":\"https:\/\/www.andyboy.com\/es\/la-empresa\/oportunidades-de-empleo\/beneficios-para-la-cosecha-2\/#breadcrumb\",\"itemListElement\":[{\"@type\":\"ListItem\",\"position\":1,\"name\":\"Home\",\"item\":\"https:\/\/www.andyboy.com\/es\/\"},{\"@type\":\"ListItem\",\"position\":2,\"name\":\"La Empresa\",\"item\":\"https:\/\/www.andyboy.com\/es\/la-empresa\/\"},{\"@type\":\"ListItem\",\"position\":3,\"name\":\"Oportunidades De Empleo\",\"item\":\"https:\/\/www.andyboy.com\/es\/la-empresa\/oportunidades-de-empleo\/\"},{\"@type\":\"ListItem\",\"position\":4,\"name\":\"Beneficios Para La Cosecha\"}]},{\"@type\":\"WebSite\",\"@id\":\"https:\/\/www.andyboy.com\/#website\",\"url\":\"https:\/\/www.andyboy.com\/\",\"name\":\"Andy Boy\",\"description\":\"\",\"publisher\":{\"@id\":\"https:\/\/www.andyboy.com\/#organization\"},\"potentialAction\":[{\"@type\":\"SearchAction\",\"target\":{\"@type\":\"EntryPoint\",\"urlTemplate\":\"https:\/\/www.andyboy.com\/?s={search_term_string}\"},\"query-input\":{\"@type\":\"PropertyValueSpecification\",\"valueRequired\":true,\"valueName\":\"search_term_string\"}}],\"inLanguage\":\"es\"},{\"@type\":\"Organization\",\"@id\":\"https:\/\/www.andyboy.com\/#organization\",\"name\":\"Andy Boy\",\"url\":\"https:\/\/www.andyboy.com\/\",\"logo\":{\"@type\":\"ImageObject\",\"inLanguage\":\"es\",\"@id\":\"https:\/\/www.andyboy.com\/#\/schema\/logo\/image\/\",\"url\":\"https:\/\/andyboy.wpengine.com\/wp-content\/uploads\/2015\/04\/AB-Banner-Logo-high-res.jpg\",\"contentUrl\":\"https:\/\/andyboy.wpengine.com\/wp-content\/uploads\/2015\/04\/AB-Banner-Logo-high-res.jpg\",\"width\":1024,\"height\":403,\"caption\":\"Andy Boy\"},\"image\":{\"@id\":\"https:\/\/www.andyboy.com\/#\/schema\/logo\/image\/\"},\"sameAs\":[\"https:\/\/www.facebook.com\/AndyBoyProduce\",\"https:\/\/x.com\/AndyBoyInc\",\"https:\/\/instagram.com\/AndyBoyProduce\/\",\"http:\/\/www.pinterest.com\/andyboyproduce\/\"]}]}<\/script>\n<!-- \/ Yoast SEO plugin. -->","yoast_head_json":{"title":"Beneficios Para La Cosecha - Andy Boy","robots":{"index":"index","follow":"follow","max-snippet":"max-snippet:-1","max-image-preview":"max-image-preview:large","max-video-preview":"max-video-preview:-1"},"canonical":"https:\/\/www.andyboy.com\/es\/la-empresa\/oportunidades-de-empleo\/beneficios-para-la-cosecha-2\/","og_locale":"es_ES","og_type":"article","og_title":"Beneficios Para La Cosecha - Andy Boy","og_description":"Empleados de CA Beneficios son efectivos cuando se\u00f1or\u00eda sea obtenida. Se\u00f1or\u00eda es obtenida cuando el empleado a completado\u00a030 d\u00edas trabajado entre 90 d\u00edas. Los beneficios son los siguientes: La Compa\u00f1\u00eda ofrece planes de vida, salud y bienestar a empleados y dependientes elegibles\u2026. la cobertura mensual es GRATIS PARA EMPLEADOS y sus dependientes! Plan Medico: $115 [...]","og_url":"https:\/\/www.andyboy.com\/es\/la-empresa\/oportunidades-de-empleo\/beneficios-para-la-cosecha-2\/","og_site_name":"Andy Boy","article_publisher":"https:\/\/www.facebook.com\/AndyBoyProduce","article_modified_time":"2024-09-12T15:08:34+00:00","twitter_misc":{"Tiempo de lectura":"1 minuto"},"schema":{"@context":"https:\/\/schema.org","@graph":[{"@type":"WebPage","@id":"https:\/\/www.andyboy.com\/es\/la-empresa\/oportunidades-de-empleo\/beneficios-para-la-cosecha-2\/","url":"https:\/\/www.andyboy.com\/es\/la-empresa\/oportunidades-de-empleo\/beneficios-para-la-cosecha-2\/","name":"Beneficios Para La Cosecha - Andy Boy","isPartOf":{"@id":"https:\/\/www.andyboy.com\/#website"},"datePublished":"2024-02-12T22:03:07+00:00","dateModified":"2024-09-12T15:08:34+00:00","breadcrumb":{"@id":"https:\/\/www.andyboy.com\/es\/la-empresa\/oportunidades-de-empleo\/beneficios-para-la-cosecha-2\/#breadcrumb"},"inLanguage":"es","potentialAction":[{"@type":"ReadAction","target":["https:\/\/www.andyboy.com\/es\/la-empresa\/oportunidades-de-empleo\/beneficios-para-la-cosecha-2\/"]}]},{"@type":"BreadcrumbList","@id":"https:\/\/www.andyboy.com\/es\/la-empresa\/oportunidades-de-empleo\/beneficios-para-la-cosecha-2\/#breadcrumb","itemListElement":[{"@type":"ListItem","position":1,"name":"Home","item":"https:\/\/www.andyboy.com\/es\/"},{"@type":"ListItem","position":2,"name":"La Empresa","item":"https:\/\/www.andyboy.com\/es\/la-empresa\/"},{"@type":"ListItem","position":3,"name":"Oportunidades De Empleo","item":"https:\/\/www.andyboy.com\/es\/la-empresa\/oportunidades-de-empleo\/"},{"@type":"ListItem","position":4,"name":"Beneficios Para La Cosecha"}]},{"@type":"WebSite","@id":"https:\/\/www.andyboy.com\/#website","url":"https:\/\/www.andyboy.com\/","name":"Andy Boy","description":"","publisher":{"@id":"https:\/\/www.andyboy.com\/#organization"},"potentialAction":[{"@type":"SearchAction","target":{"@type":"EntryPoint","urlTemplate":"https:\/\/www.andyboy.com\/?s={search_term_string}"},"query-input":{"@type":"PropertyValueSpecification","valueRequired":true,"valueName":"search_term_string"}}],"inLanguage":"es"},{"@type":"Organization","@id":"https:\/\/www.andyboy.com\/#organization","name":"Andy Boy","url":"https:\/\/www.andyboy.com\/","logo":{"@type":"ImageObject","inLanguage":"es","@id":"https:\/\/www.andyboy.com\/#\/schema\/logo\/image\/","url":"https:\/\/andyboy.wpengine.com\/wp-content\/uploads\/2015\/04\/AB-Banner-Logo-high-res.jpg","contentUrl":"https:\/\/andyboy.wpengine.com\/wp-content\/uploads\/2015\/04\/AB-Banner-Logo-high-res.jpg","width":1024,"height":403,"caption":"Andy Boy"},"image":{"@id":"https:\/\/www.andyboy.com\/#\/schema\/logo\/image\/"},"sameAs":["https:\/\/www.facebook.com\/AndyBoyProduce","https:\/\/x.com\/AndyBoyInc","https:\/\/instagram.com\/AndyBoyProduce\/","http:\/\/www.pinterest.com\/andyboyproduce\/"]}]}},"_links":{"self":[{"href":"https:\/\/www.andyboy.com\/es\/wp-json\/wp\/v2\/pages\/12444","targetHints":{"allow":["GET"]}}],"collection":[{"href":"https:\/\/www.andyboy.com\/es\/wp-json\/wp\/v2\/pages"}],"about":[{"href":"https:\/\/www.andyboy.com\/es\/wp-json\/wp\/v2\/types\/page"}],"author":[{"embeddable":true,"href":"https:\/\/www.andyboy.com\/es\/wp-json\/wp\/v2\/users\/12"}],"replies":[{"embeddable":true,"href":"https:\/\/www.andyboy.com\/es\/wp-json\/wp\/v2\/comments?post=12444"}],"version-history":[{"count":0,"href":"https:\/\/www.andyboy.com\/es\/wp-json\/wp\/v2\/pages\/12444\/revisions"}],"up":[{"embeddable":true,"href":"https:\/\/www.andyboy.com\/es\/wp-json\/wp\/v2\/pages\/7649"}],"wp:attachment":[{"href":"https:\/\/www.andyboy.com\/es\/wp-json\/wp\/v2\/media?parent=12444"}],"curies":[{"name":"wp","href":"https:\/\/api.w.org\/{rel}","templated":true}]}}