{"id":7101,"date":"2020-12-24T18:04:37","date_gmt":"2020-12-24T18:04:37","guid":{"rendered":"https:\/\/andyboy.wpengine.com\/la-empresa\/"},"modified":"2021-01-14T18:12:35","modified_gmt":"2021-01-14T18:12:35","slug":"la-empresa","status":"publish","type":"page","link":"https:\/\/www.andyboy.com\/es\/la-empresa\/","title":{"rendered":"La Empresa"},"content":{"rendered":"<p style=\"text-align: center; font-size: 1rem; position: relative; top: -2em;\"><em>John D\u2019Arrigo, Director Ejecutivo y Presidente de la empresa y de la Junta Directiva<\/em><\/p>\n<h2>D&#8217;Arrigo California: Tres Generaciones Calidad Inigualable<\/h2>\n<p>D&#8217;Arrigo California cuenta con un prol\u00edfico historial como creador de tendencias en la industria, no como un seguidor de otros. La innovaci\u00f3n ha sido el sello distintivo desde el d\u00eda en que la empresa fue fundada por Andrea y Stefano D&#8217;Arrigo, dos hermanos inmigrantes provenientes de Messina, Sicilia. Nuestros clientes pueden tener la confianza de que en nosotros encontrar\u00e1n excelencia en todo, desde la investigaci\u00f3n y el desarrollo de semillas hasta innovaci\u00f3n absoluta en m\u00e9todos de embalaje, empaquetado e, incluso, env\u00edos. Busque siempre la etiqueta rosa que distingue a Andy Boy para confirmar que podr\u00e1 recibir la mejor cosecha.<\/p>\n<p>Con la tercera generaci\u00f3n de la familia D&#8217;Arrigo al mando de las operaciones de la Costa Oeste, puede tener la certeza de que las tradiciones de una posici\u00f3n sumamente aventajada en el negocio surgen desde la cima y las aplica nuestra dedicada familia de casi 2.000 empleados. Nuestros clientes minoristas, mayoristas y de los servicios de alimentaci\u00f3n tambi\u00e9n est\u00e1n trabajando con la siguiente generaci\u00f3n en los dem\u00e1s departamentos de la empresa.<\/p>\n<p>El br\u00f3coli, el grelo, la coliflor, el hinojo y los corazones de lechuga romana de Andy Boyson constituyen los pilares de la empresa, pero D&#8217;Arrigo California tambi\u00e9n le puede ofrecer la gama completa de productos que necesite. Adem\u00e1s, ofrecemos servicios de surtido de pedidos directo del muelle, consolidaci\u00f3n, cultivo personalizado y refrigeraci\u00f3n comercial con la meta de mejorar las eficiencias de nuestros valiosos clientes. Haga clic <a href=\"https:\/\/www.andyboy.com\/es\/la-empresa\/nuestra-oficina-de-ventas\/\">aqu\u00ed<\/a> para comunicarse con un integrante de nuestro equipo de ventas.<\/p>\n<h3>De Una Familia a Otra Familia<\/h3>\n<p>Cada d\u00eda, sin excepci\u00f3n, D&#8217;Arrigo California celebra su capacidad de llevar productos saludables a las familias de Am\u00e9rica del Norte y de todo el mundo, a la vez que mantiene esa sensaci\u00f3n local de propiedad familiar que nuestros consumidores y clientes han aceptado y valoran. El br\u00f3coli, el grelo, la coliflor, el hinojo y los corazones de lechuga romana de Andy Boy que se desarrollan, cultivan, empaquetan y env\u00edan desde D&#8217;Arrigo California solo representan algunos de nuestros principales logros. Haga clic <a href=\"https:\/\/www.andyboy.com\/es\/\/products\">aqu\u00ed<\/a> para conocer nuestra lista completa de productos.<\/p>\n<h3>Nuestros Valiosos Empleados<\/h3>\n<p>Nada de esto ser\u00eda posible sin los notables esfuerzos de los empleados de D&#8217;Arrigo California. Un especial agradecimiento a todos y a cada uno de ellos, cuyas actitudes positivas y s\u00f3lida \u00e9tica del trabajo permiten que la empresa avance de manera continua como l\u00edder en productos agr\u00edcolas de calidad superior y en la mejor atenci\u00f3n al cliente en la industria. Todos y cada uno de los empleados siempre usan el reconocible Andy Boy de color rosa con gran orgullo.<\/p>\n<p style=\"text-align: left;\">En D\u2019Arrigo California nuestros empleados realmente se convierten en parte de la familia. Le debemos tanto a quienes han ayudado a levantar esta empresa y lo que hoy disfrutamos que no podemos expresarles suficiente gratitud. Muchas familias ayudaron a forjar este legado pues comparten las creencias y los valores que la familia D&#8217;Arrigo ha practicado durante tres generaciones. El compromiso de Andy Boy con la excelencia permanecer\u00e1 vivo durante muchos a\u00f1os m\u00e1s, traspasando generaciones.<\/p>\n<blockquote>\n<p style=\"text-align: center;\">\u00abNos enorgullece construir relaciones de por vida con nuestros empleados, algunos de los cuales llevan d\u00e9cadas en la empresa\u00bb.<\/p>\n<p style=\"text-align: center;\"><em>&#8211; John D\u2019Arrigo, Director Ejecutivo y Presidente de la empresa y de la Junta Directiva<\/em><\/p>\n<\/blockquote>\n<p>Haga clic en <a title=\"Oportunidades de empleo\" href=\"https:\/\/www.andyboy.com\/es\/\/the-company\/career-opportunities\/\">aqu\u00ed<\/a> para conocer m\u00e1s sobre las actuales oportunidades de trabajo en D&#8217;Arrigo California.<\/p>\n<hr \/>\n<div class=\"row\"><!-- div class=\"col-6\" style=\"text-align: center;\"><a class=\"btn green\" style=\"font-size: 1em;\" href=\"https:\/\/www.andyboy.com\/whats-new\/river-fire-update\/\">RIVER FIRE UPDATE \u00a0 \u00a0<span class=\"icon-chev-right\" style=\"position: relative; top: 0.1em;\" aria-hidden=\"true\"><!-- --><!-- \/span><\/a><\/div -->\n<div class=\"col-12\" style=\"text-align: center;\"><a class=\"btn green\" style=\"font-size: 1em;\" href=\"https:\/\/www.andyboy.com\/whats-new\/coronavirus\/\">ACTUALIZACI\u00d3N SOBRE CORONAVIRUS\u00a0<span class=\"icon-chev-right\" style=\"position: relative; top: 0.1em;\" aria-hidden=\"true\"><!-- --><\/span><\/a><\/div>\n<\/div>\n","protected":false},"excerpt":{"rendered":"<p>John D\u2019Arrigo, Director Ejecutivo y Presidente de la empresa y de la Junta Directiva D&#8217;Arrigo California: Tres Generaciones Calidad Inigualable D&#8217;Arrigo California cuenta con un prol\u00edfico historial como creador de tendencias en la industria, no como un seguidor de otros. La innovaci\u00f3n ha sido el sello distintivo desde el d\u00eda en que la empresa fue [&#8230;]<\/p>\n","protected":false},"author":1,"featured_media":12669,"parent":0,"menu_order":0,"comment_status":"open","ping_status":"closed","template":"","meta":{"_acf_changed":false,"_exactmetrics_skip_tracking":false,"_exactmetrics_sitenote_active":false,"_exactmetrics_sitenote_note":"","_exactmetrics_sitenote_category":0,"footnotes":"","_links_to":"","_links_to_target":""},"class_list":["post-7101","page","type-page","status-publish","has-post-thumbnail","hentry"],"acf":[],"yoast_head":"<!-- This site is optimized with the Yoast SEO plugin v27.1.1 - https:\/\/yoast.com\/product\/yoast-seo-wordpress\/ -->\n<title>La Empresa - Andy Boy<\/title>\n<meta name=\"description\" content=\"Cada d\u00eda, Andy Boy celebra su capacidad de llevar productos saludables a las familias de Am\u00e9rica del Norte y de todo el mundo.\" \/>\n<meta name=\"robots\" content=\"index, follow, max-snippet:-1, max-image-preview:large, max-video-preview:-1\" \/>\n<link rel=\"canonical\" href=\"https:\/\/www.andyboy.com\/es\/la-empresa\/\" \/>\n<meta property=\"og:locale\" content=\"es_ES\" \/>\n<meta property=\"og:type\" content=\"article\" \/>\n<meta property=\"og:title\" content=\"La Empresa - Andy Boy\" \/>\n<meta property=\"og:description\" content=\"Cada d\u00eda, Andy Boy celebra su capacidad de llevar productos saludables a las familias de Am\u00e9rica del Norte y de todo el mundo.\" \/>\n<meta property=\"og:url\" content=\"https:\/\/www.andyboy.com\/es\/la-empresa\/\" \/>\n<meta property=\"og:site_name\" content=\"Andy Boy\" \/>\n<meta property=\"article:publisher\" content=\"https:\/\/www.facebook.com\/AndyBoyProduce\" \/>\n<meta property=\"article:modified_time\" content=\"2021-01-14T18:12:35+00:00\" \/>\n<meta property=\"og:image\" content=\"https:\/\/www.andyboy.com\/wp-content\/uploads\/2020\/07\/John-D-photo-with-romaine.png\" \/>\n\t<meta property=\"og:image:width\" content=\"1000\" \/>\n\t<meta property=\"og:image:height\" content=\"1000\" \/>\n\t<meta property=\"og:image:type\" content=\"image\/png\" \/>\n<meta name=\"twitter:label1\" content=\"Tiempo de lectura\" \/>\n\t<meta name=\"twitter:data1\" content=\"3 minutos\" \/>\n<script type=\"application\/ld+json\" class=\"yoast-schema-graph\">{\"@context\":\"https:\/\/schema.org\",\"@graph\":[{\"@type\":\"WebPage\",\"@id\":\"https:\/\/www.andyboy.com\/es\/la-empresa\/\",\"url\":\"https:\/\/www.andyboy.com\/es\/la-empresa\/\",\"name\":\"La Empresa - Andy Boy\",\"isPartOf\":{\"@id\":\"https:\/\/www.andyboy.com\/#website\"},\"primaryImageOfPage\":{\"@id\":\"https:\/\/www.andyboy.com\/es\/la-empresa\/#primaryimage\"},\"image\":{\"@id\":\"https:\/\/www.andyboy.com\/es\/la-empresa\/#primaryimage\"},\"thumbnailUrl\":\"https:\/\/www.andyboy.com\/wp-content\/uploads\/2025\/08\/WG-John-DArrigo-2023-23-scaled-e1756418347234.jpg\",\"datePublished\":\"2020-12-24T18:04:37+00:00\",\"dateModified\":\"2021-01-14T18:12:35+00:00\",\"description\":\"Cada d\u00eda, Andy Boy celebra su capacidad de llevar productos saludables a las familias de Am\u00e9rica del Norte y de todo el mundo.\",\"breadcrumb\":{\"@id\":\"https:\/\/www.andyboy.com\/es\/la-empresa\/#breadcrumb\"},\"inLanguage\":\"es\",\"potentialAction\":[{\"@type\":\"ReadAction\",\"target\":[\"https:\/\/www.andyboy.com\/es\/la-empresa\/\"]}]},{\"@type\":\"ImageObject\",\"inLanguage\":\"es\",\"@id\":\"https:\/\/www.andyboy.com\/es\/la-empresa\/#primaryimage\",\"url\":\"https:\/\/www.andyboy.com\/wp-content\/uploads\/2025\/08\/WG-John-DArrigo-2023-23-scaled-e1756418347234.jpg\",\"contentUrl\":\"https:\/\/www.andyboy.com\/wp-content\/uploads\/2025\/08\/WG-John-DArrigo-2023-23-scaled-e1756418347234.jpg\",\"width\":1708,\"height\":2560},{\"@type\":\"BreadcrumbList\",\"@id\":\"https:\/\/www.andyboy.com\/es\/la-empresa\/#breadcrumb\",\"itemListElement\":[{\"@type\":\"ListItem\",\"position\":1,\"name\":\"Home\",\"item\":\"https:\/\/www.andyboy.com\/es\/\"},{\"@type\":\"ListItem\",\"position\":2,\"name\":\"La Empresa\"}]},{\"@type\":\"WebSite\",\"@id\":\"https:\/\/www.andyboy.com\/#website\",\"url\":\"https:\/\/www.andyboy.com\/\",\"name\":\"Andy Boy\",\"description\":\"\",\"publisher\":{\"@id\":\"https:\/\/www.andyboy.com\/#organization\"},\"potentialAction\":[{\"@type\":\"SearchAction\",\"target\":{\"@type\":\"EntryPoint\",\"urlTemplate\":\"https:\/\/www.andyboy.com\/?s={search_term_string}\"},\"query-input\":{\"@type\":\"PropertyValueSpecification\",\"valueRequired\":true,\"valueName\":\"search_term_string\"}}],\"inLanguage\":\"es\"},{\"@type\":\"Organization\",\"@id\":\"https:\/\/www.andyboy.com\/#organization\",\"name\":\"Andy Boy\",\"url\":\"https:\/\/www.andyboy.com\/\",\"logo\":{\"@type\":\"ImageObject\",\"inLanguage\":\"es\",\"@id\":\"https:\/\/www.andyboy.com\/#\/schema\/logo\/image\/\",\"url\":\"https:\/\/andyboy.wpengine.com\/wp-content\/uploads\/2015\/04\/AB-Banner-Logo-high-res.jpg\",\"contentUrl\":\"https:\/\/andyboy.wpengine.com\/wp-content\/uploads\/2015\/04\/AB-Banner-Logo-high-res.jpg\",\"width\":1024,\"height\":403,\"caption\":\"Andy Boy\"},\"image\":{\"@id\":\"https:\/\/www.andyboy.com\/#\/schema\/logo\/image\/\"},\"sameAs\":[\"https:\/\/www.facebook.com\/AndyBoyProduce\",\"https:\/\/x.com\/AndyBoyInc\",\"https:\/\/instagram.com\/AndyBoyProduce\/\",\"http:\/\/www.pinterest.com\/andyboyproduce\/\"]}]}<\/script>\n<!-- \/ Yoast SEO plugin. -->","yoast_head_json":{"title":"La Empresa - Andy Boy","description":"Cada d\u00eda, Andy Boy celebra su capacidad de llevar productos saludables a las familias de Am\u00e9rica del Norte y de todo el mundo.","robots":{"index":"index","follow":"follow","max-snippet":"max-snippet:-1","max-image-preview":"max-image-preview:large","max-video-preview":"max-video-preview:-1"},"canonical":"https:\/\/www.andyboy.com\/es\/la-empresa\/","og_locale":"es_ES","og_type":"article","og_title":"La Empresa - Andy Boy","og_description":"Cada d\u00eda, Andy Boy celebra su capacidad de llevar productos saludables a las familias de Am\u00e9rica del Norte y de todo el mundo.","og_url":"https:\/\/www.andyboy.com\/es\/la-empresa\/","og_site_name":"Andy Boy","article_publisher":"https:\/\/www.facebook.com\/AndyBoyProduce","article_modified_time":"2021-01-14T18:12:35+00:00","og_image":[{"width":1000,"height":1000,"url":"https:\/\/www.andyboy.com\/wp-content\/uploads\/2020\/07\/John-D-photo-with-romaine.png","type":"image\/png"}],"twitter_misc":{"Tiempo de lectura":"3 minutos"},"schema":{"@context":"https:\/\/schema.org","@graph":[{"@type":"WebPage","@id":"https:\/\/www.andyboy.com\/es\/la-empresa\/","url":"https:\/\/www.andyboy.com\/es\/la-empresa\/","name":"La Empresa - Andy Boy","isPartOf":{"@id":"https:\/\/www.andyboy.com\/#website"},"primaryImageOfPage":{"@id":"https:\/\/www.andyboy.com\/es\/la-empresa\/#primaryimage"},"image":{"@id":"https:\/\/www.andyboy.com\/es\/la-empresa\/#primaryimage"},"thumbnailUrl":"https:\/\/www.andyboy.com\/wp-content\/uploads\/2025\/08\/WG-John-DArrigo-2023-23-scaled-e1756418347234.jpg","datePublished":"2020-12-24T18:04:37+00:00","dateModified":"2021-01-14T18:12:35+00:00","description":"Cada d\u00eda, Andy Boy celebra su capacidad de llevar productos saludables a las familias de Am\u00e9rica del Norte y de todo el mundo.","breadcrumb":{"@id":"https:\/\/www.andyboy.com\/es\/la-empresa\/#breadcrumb"},"inLanguage":"es","potentialAction":[{"@type":"ReadAction","target":["https:\/\/www.andyboy.com\/es\/la-empresa\/"]}]},{"@type":"ImageObject","inLanguage":"es","@id":"https:\/\/www.andyboy.com\/es\/la-empresa\/#primaryimage","url":"https:\/\/www.andyboy.com\/wp-content\/uploads\/2025\/08\/WG-John-DArrigo-2023-23-scaled-e1756418347234.jpg","contentUrl":"https:\/\/www.andyboy.com\/wp-content\/uploads\/2025\/08\/WG-John-DArrigo-2023-23-scaled-e1756418347234.jpg","width":1708,"height":2560},{"@type":"BreadcrumbList","@id":"https:\/\/www.andyboy.com\/es\/la-empresa\/#breadcrumb","itemListElement":[{"@type":"ListItem","position":1,"name":"Home","item":"https:\/\/www.andyboy.com\/es\/"},{"@type":"ListItem","position":2,"name":"La Empresa"}]},{"@type":"WebSite","@id":"https:\/\/www.andyboy.com\/#website","url":"https:\/\/www.andyboy.com\/","name":"Andy Boy","description":"","publisher":{"@id":"https:\/\/www.andyboy.com\/#organization"},"potentialAction":[{"@type":"SearchAction","target":{"@type":"EntryPoint","urlTemplate":"https:\/\/www.andyboy.com\/?s={search_term_string}"},"query-input":{"@type":"PropertyValueSpecification","valueRequired":true,"valueName":"search_term_string"}}],"inLanguage":"es"},{"@type":"Organization","@id":"https:\/\/www.andyboy.com\/#organization","name":"Andy Boy","url":"https:\/\/www.andyboy.com\/","logo":{"@type":"ImageObject","inLanguage":"es","@id":"https:\/\/www.andyboy.com\/#\/schema\/logo\/image\/","url":"https:\/\/andyboy.wpengine.com\/wp-content\/uploads\/2015\/04\/AB-Banner-Logo-high-res.jpg","contentUrl":"https:\/\/andyboy.wpengine.com\/wp-content\/uploads\/2015\/04\/AB-Banner-Logo-high-res.jpg","width":1024,"height":403,"caption":"Andy Boy"},"image":{"@id":"https:\/\/www.andyboy.com\/#\/schema\/logo\/image\/"},"sameAs":["https:\/\/www.facebook.com\/AndyBoyProduce","https:\/\/x.com\/AndyBoyInc","https:\/\/instagram.com\/AndyBoyProduce\/","http:\/\/www.pinterest.com\/andyboyproduce\/"]}]}},"_links":{"self":[{"href":"https:\/\/www.andyboy.com\/es\/wp-json\/wp\/v2\/pages\/7101","targetHints":{"allow":["GET"]}}],"collection":[{"href":"https:\/\/www.andyboy.com\/es\/wp-json\/wp\/v2\/pages"}],"about":[{"href":"https:\/\/www.andyboy.com\/es\/wp-json\/wp\/v2\/types\/page"}],"author":[{"embeddable":true,"href":"https:\/\/www.andyboy.com\/es\/wp-json\/wp\/v2\/users\/1"}],"replies":[{"embeddable":true,"href":"https:\/\/www.andyboy.com\/es\/wp-json\/wp\/v2\/comments?post=7101"}],"version-history":[{"count":0,"href":"https:\/\/www.andyboy.com\/es\/wp-json\/wp\/v2\/pages\/7101\/revisions"}],"wp:featuredmedia":[{"embeddable":true,"href":"https:\/\/www.andyboy.com\/es\/wp-json\/wp\/v2\/media\/12669"}],"wp:attachment":[{"href":"https:\/\/www.andyboy.com\/es\/wp-json\/wp\/v2\/media?parent=7101"}],"curies":[{"name":"wp","href":"https:\/\/api.w.org\/{rel}","templated":true}]}}