{"id":7116,"date":"2020-12-24T18:04:37","date_gmt":"2020-12-24T18:04:37","guid":{"rendered":"https:\/\/andyboy.wpengine.com\/conservacion-y-proteccion-del-agua-de-las-granjas\/"},"modified":"2021-01-07T01:23:42","modified_gmt":"2021-01-07T01:23:42","slug":"conservacion-y-proteccion-del-agua-de-las-granjas","status":"publish","type":"page","link":"https:\/\/www.andyboy.com\/es\/responsabilidad-social\/conservacion-y-proteccion-del-agua-de-las-granjas\/","title":{"rendered":"Conservaci\u00f3n Y Protecci\u00f3n Del Agua De Las Granjas"},"content":{"rendered":"<div class=\"_3d-flip-book  fb3d-fullscreen-mode full-size\" data-id=\"10436\" data-mode=\"fullscreen\" data-title=\"false\" data-template=\"short-white-book-view\" data-lightbox=\"dark-shadow\" data-urlparam=\"fb3d-page\" data-page-n=\"0\" data-pdf=\"\" data-tax=\"null\" data-thumbnail=\"\" data-cols=\"3\" data-book-template=\"default\" data-trigger=\"\"><\/div><script type=\"text\/javascript\">window.FB3D_CLIENT_DATA = window.FB3D_CLIENT_DATA || [];FB3D_CLIENT_DATA.push('eyJwb3N0cyI6eyIxMDQzNiI6eyJJRCI6MTA0MzYsInRpdGxlIjoiQ09OU0VSVkFDSVx1MDBkM04gWSBQUk9URUNDSVx1MDBkM04gREUgQUdVQSBERSBHUkFOSkEiLCJ0eXBlIjoicGRmIiwicmVhZHlfZnVuY3Rpb24iOiIiLCJib29rX3N0eWxlIjoiZmxhdCIsImJvb2tfdGVtcGxhdGUiOiJub25lIiwib3V0bGluZSI6W10sImRhdGEiOnsicG9zdF9JRCI6IjEwNDM3IiwiZ3VpZCI6Imh0dHBzOlwvXC9hbmR5Ym95LndwZW5naW5lLmNvbVwvd3AtY29udGVudFwvdXBsb2Fkc1wvMjAyMVwvMDFcL0FCLUZhcm0tV2F0ZXItQ29uc2VydmF0aW9uLWFuZC1Qcm90ZWN0aW9uLUNhc2UtU3R1ZHktMS1TUEFOSVNILnBkZiIsInBkZl9wYWdlcyI6IjgiLCJwYWdlc19jdXN0b21pemF0aW9uIjoibm9uZSJ9LCJ0aHVtYm5haWwiOnsiZGF0YSI6eyJwb3N0X0lEIjoiMCJ9LCJ0eXBlIjoiYXV0byJ9LCJwcm9wcyI6eyJjYWNoZWRQYWdlcyI6ImF1dG8iLCJyZW5kZXJJbmFjdGl2ZVBhZ2VzIjoiYXV0byIsInJlbmRlckluYWN0aXZlUGFnZXNPbk1vYmlsZSI6ImF1dG8iLCJyZW5kZXJXaGlsZUZsaXBwaW5nIjoiYXV0byIsInByZWxvYWRQYWdlcyI6ImF1dG8iLCJydGwiOiJhdXRvIiwic2hlZXQiOnsic3RhcnRWZWxvY2l0eSI6ImF1dG8iLCJ3YXZlIjoiYXV0byIsIndpZHRoVGV4ZWxzIjoiYXV0byIsImNvbG9yIjoiYXV0byIsInNpZGUiOiJhdXRvIiwiY29ybmVyRGV2aWF0aW9uIjoiYXV0byIsImZsZXhpYmlsaXR5IjoiYXV0byIsImZsZXhpYmxlQ29ybmVyIjoiYXV0byIsImJlbmRpbmciOiJhdXRvIiwiaGVpZ2h0VGV4ZWxzIjoiYXV0byJ9LCJjb3ZlciI6eyJ3YXZlIjoiYXV0byIsImNvbG9yIjoiYXV0byIsImJpbmRlclRleHR1cmUiOiJhdXRvIiwiZGVwdGgiOiJhdXRvIiwicGFkZGluZyI6ImF1dG8iLCJzdGFydFZlbG9jaXR5IjoiYXV0byIsImZsZXhpYmlsaXR5IjoiYXV0byIsImZsZXhpYmxlQ29ybmVyIjoiYXV0byIsImJlbmRpbmciOiJhdXRvIiwid2lkdGhUZXhlbHMiOiJhdXRvIiwiaGVpZ2h0VGV4ZWxzIjoiYXV0byIsIm1hc3MiOiJhdXRvIiwic2lkZSI6ImF1dG8ifSwicGFnZSI6eyJ3YXZlIjoiYXV0byIsImNvbG9yIjoiYXV0byIsImRlcHRoIjoiYXV0byIsInN0YXJ0VmVsb2NpdHkiOiJhdXRvIiwiZmxleGliaWxpdHkiOiJhdXRvIiwiZmxleGlibGVDb3JuZXIiOiJhdXRvIiwiYmVuZGluZyI6ImF1dG8iLCJ3aWR0aFRleGVscyI6ImF1dG8iLCJoZWlnaHRUZXhlbHMiOiJhdXRvIiwibWFzcyI6ImF1dG8iLCJzaWRlIjoiYXV0byJ9LCJoZWlnaHQiOiJhdXRvIiwid2lkdGgiOiJhdXRvIiwiZ3Jhdml0eSI6ImF1dG8iLCJwYWdlc0ZvclByZWRpY3RpbmciOiJhdXRvIn0sImNvbnRyb2xQcm9wcyI6eyJhY3Rpb25zIjp7ImNtZFNhdmUiOnsiZW5hYmxlZCI6ImF1dG8iLCJlbmFibGVkSW5OYXJyb3ciOiJhdXRvIn0sImNtZFByaW50Ijp7ImVuYWJsZWQiOiJhdXRvIiwiZW5hYmxlZEluTmFycm93IjoiYXV0byJ9LCJjbWRTaW5nbGVQYWdlIjp7ImVuYWJsZWQiOiJhdXRvIiwiZW5hYmxlZEluTmFycm93IjoiYXV0byIsImFjdGl2ZSI6ImF1dG8ifX19LCJhdXRvVGh1bWJuYWlsIjoiaHR0cHM6XC9cL3d3dy5hbmR5Ym95LmNvbVwvd3AtY29udGVudFwvdXBsb2Fkc1wvM2QtZmxpcC1ib29rXC9hdXRvLXRodW1ibmFpbHNcLzEwNDM2LnBuZyIsInBvc3RfbmFtZSI6ImNvbnNlcnZhY2lvbi15LXByb3RlY2Npb24tZGUtYWd1YS1kZS1ncmFuamEiLCJwb3N0X3R5cGUiOiIzZC1mbGlwLWJvb2sifX0sInBhZ2VzIjpbXSwiZmlyc3RQYWdlcyI6W119');window.FB3D_CLIENT_LOCALE && FB3D_CLIENT_LOCALE.render && FB3D_CLIENT_LOCALE.render();<\/script>\n","protected":false},"excerpt":{"rendered":"","protected":false},"author":5,"featured_media":0,"parent":7840,"menu_order":0,"comment_status":"open","ping_status":"closed","template":"","meta":{"_acf_changed":false,"_exactmetrics_skip_tracking":false,"_exactmetrics_sitenote_active":false,"_exactmetrics_sitenote_note":"","_exactmetrics_sitenote_category":0,"footnotes":"","_links_to":"","_links_to_target":""},"class_list":["post-7116","page","type-page","status-publish","hentry"],"acf":[],"yoast_head":"<!-- This site is optimized with the Yoast SEO plugin v27.1.1 - https:\/\/yoast.com\/product\/yoast-seo-wordpress\/ -->\n<title>Conservaci\u00f3n Y Protecci\u00f3n Del Agua De Las Granjas - Andy Boy<\/title>\n<meta name=\"description\" content=\"Un estudio de caso en colaboraci\u00f3n con SureHarvest de las iniciativas de D&#039;Arrigo Bros. para la conservaci\u00f3n y protecci\u00f3n del agua de las granjas.\" \/>\n<meta name=\"robots\" content=\"index, follow, max-snippet:-1, max-image-preview:large, max-video-preview:-1\" \/>\n<link rel=\"canonical\" href=\"https:\/\/www.andyboy.com\/es\/responsabilidad-social\/conservacion-y-proteccion-del-agua-de-las-granjas\/\" \/>\n<meta property=\"og:locale\" content=\"es_ES\" \/>\n<meta property=\"og:type\" content=\"article\" \/>\n<meta property=\"og:title\" content=\"Conservaci\u00f3n Y Protecci\u00f3n Del Agua De Las Granjas - Andy Boy\" \/>\n<meta property=\"og:description\" content=\"Un estudio de caso en colaboraci\u00f3n con SureHarvest de las iniciativas de D&#039;Arrigo Bros. para la conservaci\u00f3n y protecci\u00f3n del agua de las granjas.\" \/>\n<meta property=\"og:url\" content=\"https:\/\/www.andyboy.com\/es\/responsabilidad-social\/conservacion-y-proteccion-del-agua-de-las-granjas\/\" \/>\n<meta property=\"og:site_name\" content=\"Andy Boy\" \/>\n<meta property=\"article:publisher\" content=\"https:\/\/www.facebook.com\/AndyBoyProduce\" \/>\n<meta property=\"article:modified_time\" content=\"2021-01-07T01:23:42+00:00\" \/>\n<script type=\"application\/ld+json\" class=\"yoast-schema-graph\">{\"@context\":\"https:\/\/schema.org\",\"@graph\":[{\"@type\":\"WebPage\",\"@id\":\"https:\/\/www.andyboy.com\/es\/responsabilidad-social\/conservacion-y-proteccion-del-agua-de-las-granjas\/\",\"url\":\"https:\/\/www.andyboy.com\/es\/responsabilidad-social\/conservacion-y-proteccion-del-agua-de-las-granjas\/\",\"name\":\"Conservaci\u00f3n Y Protecci\u00f3n Del Agua De Las Granjas - Andy Boy\",\"isPartOf\":{\"@id\":\"https:\/\/www.andyboy.com\/#website\"},\"datePublished\":\"2020-12-24T18:04:37+00:00\",\"dateModified\":\"2021-01-07T01:23:42+00:00\",\"description\":\"Un estudio de caso en colaboraci\u00f3n con SureHarvest de las iniciativas de D'Arrigo Bros. para la conservaci\u00f3n y protecci\u00f3n del agua de las granjas.\",\"breadcrumb\":{\"@id\":\"https:\/\/www.andyboy.com\/es\/responsabilidad-social\/conservacion-y-proteccion-del-agua-de-las-granjas\/#breadcrumb\"},\"inLanguage\":\"es\",\"potentialAction\":[{\"@type\":\"ReadAction\",\"target\":[\"https:\/\/www.andyboy.com\/es\/responsabilidad-social\/conservacion-y-proteccion-del-agua-de-las-granjas\/\"]}]},{\"@type\":\"BreadcrumbList\",\"@id\":\"https:\/\/www.andyboy.com\/es\/responsabilidad-social\/conservacion-y-proteccion-del-agua-de-las-granjas\/#breadcrumb\",\"itemListElement\":[{\"@type\":\"ListItem\",\"position\":1,\"name\":\"Home\",\"item\":\"https:\/\/www.andyboy.com\/es\/\"},{\"@type\":\"ListItem\",\"position\":2,\"name\":\"Responsabilidad Social\",\"item\":\"https:\/\/www.andyboy.com\/es\/responsabilidad-social\/\"},{\"@type\":\"ListItem\",\"position\":3,\"name\":\"Conservaci\u00f3n Y Protecci\u00f3n Del Agua De Las Granjas\"}]},{\"@type\":\"WebSite\",\"@id\":\"https:\/\/www.andyboy.com\/#website\",\"url\":\"https:\/\/www.andyboy.com\/\",\"name\":\"Andy Boy\",\"description\":\"\",\"publisher\":{\"@id\":\"https:\/\/www.andyboy.com\/#organization\"},\"potentialAction\":[{\"@type\":\"SearchAction\",\"target\":{\"@type\":\"EntryPoint\",\"urlTemplate\":\"https:\/\/www.andyboy.com\/?s={search_term_string}\"},\"query-input\":{\"@type\":\"PropertyValueSpecification\",\"valueRequired\":true,\"valueName\":\"search_term_string\"}}],\"inLanguage\":\"es\"},{\"@type\":\"Organization\",\"@id\":\"https:\/\/www.andyboy.com\/#organization\",\"name\":\"Andy Boy\",\"url\":\"https:\/\/www.andyboy.com\/\",\"logo\":{\"@type\":\"ImageObject\",\"inLanguage\":\"es\",\"@id\":\"https:\/\/www.andyboy.com\/#\/schema\/logo\/image\/\",\"url\":\"https:\/\/andyboy.wpengine.com\/wp-content\/uploads\/2015\/04\/AB-Banner-Logo-high-res.jpg\",\"contentUrl\":\"https:\/\/andyboy.wpengine.com\/wp-content\/uploads\/2015\/04\/AB-Banner-Logo-high-res.jpg\",\"width\":1024,\"height\":403,\"caption\":\"Andy Boy\"},\"image\":{\"@id\":\"https:\/\/www.andyboy.com\/#\/schema\/logo\/image\/\"},\"sameAs\":[\"https:\/\/www.facebook.com\/AndyBoyProduce\",\"https:\/\/x.com\/AndyBoyInc\",\"https:\/\/instagram.com\/AndyBoyProduce\/\",\"http:\/\/www.pinterest.com\/andyboyproduce\/\"]}]}<\/script>\n<!-- \/ Yoast SEO plugin. -->","yoast_head_json":{"title":"Conservaci\u00f3n Y Protecci\u00f3n Del Agua De Las Granjas - Andy Boy","description":"Un estudio de caso en colaboraci\u00f3n con SureHarvest de las iniciativas de D'Arrigo Bros. para la conservaci\u00f3n y protecci\u00f3n del agua de las granjas.","robots":{"index":"index","follow":"follow","max-snippet":"max-snippet:-1","max-image-preview":"max-image-preview:large","max-video-preview":"max-video-preview:-1"},"canonical":"https:\/\/www.andyboy.com\/es\/responsabilidad-social\/conservacion-y-proteccion-del-agua-de-las-granjas\/","og_locale":"es_ES","og_type":"article","og_title":"Conservaci\u00f3n Y Protecci\u00f3n Del Agua De Las Granjas - Andy Boy","og_description":"Un estudio de caso en colaboraci\u00f3n con SureHarvest de las iniciativas de D'Arrigo Bros. para la conservaci\u00f3n y protecci\u00f3n del agua de las granjas.","og_url":"https:\/\/www.andyboy.com\/es\/responsabilidad-social\/conservacion-y-proteccion-del-agua-de-las-granjas\/","og_site_name":"Andy Boy","article_publisher":"https:\/\/www.facebook.com\/AndyBoyProduce","article_modified_time":"2021-01-07T01:23:42+00:00","schema":{"@context":"https:\/\/schema.org","@graph":[{"@type":"WebPage","@id":"https:\/\/www.andyboy.com\/es\/responsabilidad-social\/conservacion-y-proteccion-del-agua-de-las-granjas\/","url":"https:\/\/www.andyboy.com\/es\/responsabilidad-social\/conservacion-y-proteccion-del-agua-de-las-granjas\/","name":"Conservaci\u00f3n Y Protecci\u00f3n Del Agua De Las Granjas - Andy Boy","isPartOf":{"@id":"https:\/\/www.andyboy.com\/#website"},"datePublished":"2020-12-24T18:04:37+00:00","dateModified":"2021-01-07T01:23:42+00:00","description":"Un estudio de caso en colaboraci\u00f3n con SureHarvest de las iniciativas de D'Arrigo Bros. para la conservaci\u00f3n y protecci\u00f3n del agua de las granjas.","breadcrumb":{"@id":"https:\/\/www.andyboy.com\/es\/responsabilidad-social\/conservacion-y-proteccion-del-agua-de-las-granjas\/#breadcrumb"},"inLanguage":"es","potentialAction":[{"@type":"ReadAction","target":["https:\/\/www.andyboy.com\/es\/responsabilidad-social\/conservacion-y-proteccion-del-agua-de-las-granjas\/"]}]},{"@type":"BreadcrumbList","@id":"https:\/\/www.andyboy.com\/es\/responsabilidad-social\/conservacion-y-proteccion-del-agua-de-las-granjas\/#breadcrumb","itemListElement":[{"@type":"ListItem","position":1,"name":"Home","item":"https:\/\/www.andyboy.com\/es\/"},{"@type":"ListItem","position":2,"name":"Responsabilidad Social","item":"https:\/\/www.andyboy.com\/es\/responsabilidad-social\/"},{"@type":"ListItem","position":3,"name":"Conservaci\u00f3n Y Protecci\u00f3n Del Agua De Las Granjas"}]},{"@type":"WebSite","@id":"https:\/\/www.andyboy.com\/#website","url":"https:\/\/www.andyboy.com\/","name":"Andy Boy","description":"","publisher":{"@id":"https:\/\/www.andyboy.com\/#organization"},"potentialAction":[{"@type":"SearchAction","target":{"@type":"EntryPoint","urlTemplate":"https:\/\/www.andyboy.com\/?s={search_term_string}"},"query-input":{"@type":"PropertyValueSpecification","valueRequired":true,"valueName":"search_term_string"}}],"inLanguage":"es"},{"@type":"Organization","@id":"https:\/\/www.andyboy.com\/#organization","name":"Andy Boy","url":"https:\/\/www.andyboy.com\/","logo":{"@type":"ImageObject","inLanguage":"es","@id":"https:\/\/www.andyboy.com\/#\/schema\/logo\/image\/","url":"https:\/\/andyboy.wpengine.com\/wp-content\/uploads\/2015\/04\/AB-Banner-Logo-high-res.jpg","contentUrl":"https:\/\/andyboy.wpengine.com\/wp-content\/uploads\/2015\/04\/AB-Banner-Logo-high-res.jpg","width":1024,"height":403,"caption":"Andy Boy"},"image":{"@id":"https:\/\/www.andyboy.com\/#\/schema\/logo\/image\/"},"sameAs":["https:\/\/www.facebook.com\/AndyBoyProduce","https:\/\/x.com\/AndyBoyInc","https:\/\/instagram.com\/AndyBoyProduce\/","http:\/\/www.pinterest.com\/andyboyproduce\/"]}]}},"_links":{"self":[{"href":"https:\/\/www.andyboy.com\/es\/wp-json\/wp\/v2\/pages\/7116","targetHints":{"allow":["GET"]}}],"collection":[{"href":"https:\/\/www.andyboy.com\/es\/wp-json\/wp\/v2\/pages"}],"about":[{"href":"https:\/\/www.andyboy.com\/es\/wp-json\/wp\/v2\/types\/page"}],"author":[{"embeddable":true,"href":"https:\/\/www.andyboy.com\/es\/wp-json\/wp\/v2\/users\/5"}],"replies":[{"embeddable":true,"href":"https:\/\/www.andyboy.com\/es\/wp-json\/wp\/v2\/comments?post=7116"}],"version-history":[{"count":0,"href":"https:\/\/www.andyboy.com\/es\/wp-json\/wp\/v2\/pages\/7116\/revisions"}],"up":[{"embeddable":true,"href":"https:\/\/www.andyboy.com\/es\/wp-json\/wp\/v2\/pages\/7840"}],"wp:attachment":[{"href":"https:\/\/www.andyboy.com\/es\/wp-json\/wp\/v2\/media?parent=7116"}],"curies":[{"name":"wp","href":"https:\/\/api.w.org\/{rel}","templated":true}]}}