{"id":7401,"date":"2020-12-24T18:04:42","date_gmt":"2020-12-24T18:04:42","guid":{"rendered":"https:\/\/andyboy.wpengine.com\/lechuga-romana\/"},"modified":"2021-01-07T22:31:12","modified_gmt":"2021-01-07T22:31:12","slug":"lechuga-romana","status":"publish","type":"page","link":"https:\/\/www.andyboy.com\/es\/productos\/lechuga-romana\/","title":{"rendered":"Lechuga Romana"},"content":{"rendered":"<h2><img decoding=\"async\" class=\"aligncenter wp-image-7402 size-full\" src=\"https:\/\/www.andyboy.com\/wp-content\/uploads\/2020\/07\/11-AB-Infographic-Romaine.jpg\" alt=\"11-AB-Infograf\u00eda-lechuga-romana\" width=\"960\" height=\"700\" srcset=\"https:\/\/www.andyboy.com\/wp-content\/uploads\/2020\/07\/11-AB-Infographic-Romaine.jpg 960w, https:\/\/www.andyboy.com\/wp-content\/uploads\/2020\/07\/11-AB-Infographic-Romaine-600x438.jpg 600w\" sizes=\"(max-width: 960px) 100vw, 960px\" \/><\/h2>\n<h2>\u00a1Arriba la Romana, la Lechuga que inici\u00f3 la Revoluci\u00f3n de la Ensalada!<\/h2>\n<p><strong>Celebramos los m\u00e1s de 30 a\u00f1os del inicio de la Furia Romana.<\/strong>\u00a0Andy Boy rinde homenaje a la tendencia que convirti\u00f3 a la romana en lo que es hoy en d\u00eda: una lechuga inmensamente popular. Es la verdura m\u00e1s conocida en los Estados Unidos, despu\u00e9s de la papa. Pero fue el inicio de la Era de Acuario lo que inclin\u00f3 la balanza y nos hizo m\u00e1s conscientes sobre nuestros cuerpos. La ensalada romana de Andy Boy ocup\u00f3 su leg\u00edtimo lugar. \u00a1Que entre el sol!<\/p>\n<h3>\u00a1A Comer Como los Egipcios!<\/h3>\n<p>La historia de la lechuga romana de Andy Boy es apasionante y admirable. Las tumbas de los antiguos egipcios revelan pinturas de lechugas con hojas alargadas y puntiagudas. Cleopatra tuvo que haberla usado como un alimento b\u00e1sico para mantener su venerada figura. Ella comparti\u00f3 su secreto con el General Marco Antonio, quien la volvi\u00f3 muy popular en Roma. Se dice que su sobrino, Augusto C\u00e9sar, quien m\u00e1s adelante gobern\u00f3 el Imperio Romano, construy\u00f3 una estatua para homenajear la capacidad de sanaci\u00f3n de la lechuga romana tras curarse de una grave enfermedad. No es sorpresa que esta maravilla de la Madre Naturaleza haya sido designada con el nombre de su propio Imperio.<\/p>\n<p>&nbsp;<\/p>\n<table>\n<tbody>\n<tr>\n<th>PAQUETE<\/th>\n<th>CONFIGURACI\u00d3N DEL PALLET<\/th>\n<th>CAJA: L x A x P<\/th>\n<th>APILADAS\/ALTO<\/th>\n<\/tr>\n<tr>\n<td>Romana 24 unid. \/ 30 unid. \/ revestimiento 4&#215;6 \/ con manga<\/td>\n<td>35 cajas por pallet<\/td>\n<td>59.4 x 39.6 x 30.4<\/td>\n<td>5\/7<\/td>\n<\/tr>\n<tr>\n<td>Romana en caja pl\u00e1stica reutilizable, 15 unid.<\/td>\n<td>35 cajas por pallet<\/td>\n<td>59.9 x 40.1 x 29.2<\/td>\n<td>5\/7<\/td>\n<\/tr>\n<\/tbody>\n<\/table>\n<p>Consulte la hoja de especificaciones de nuestros <a href=\"https:\/\/www.andyboy.com\/wp-content\/uploads\/2016\/01\/Andy-Boy-Romaine-Baby-SweetHearts_spec-sheet.pdf\">minicorazones de lechuga romana<\/a><\/p>\n","protected":false},"excerpt":{"rendered":"<p>\u00a1Arriba la Romana, la Lechuga que inici\u00f3 la Revoluci\u00f3n de la Ensalada! Celebramos los m\u00e1s de 30 a\u00f1os del inicio de la Furia Romana.\u00a0Andy Boy rinde homenaje a la tendencia que convirti\u00f3 a la romana en lo que es hoy en d\u00eda: una lechuga inmensamente popular. Es la verdura m\u00e1s conocida en los Estados Unidos, [&#8230;]<\/p>\n","protected":false},"author":1,"featured_media":0,"parent":7446,"menu_order":0,"comment_status":"open","ping_status":"closed","template":"page-templates\/template-product-single.php","meta":{"_acf_changed":false,"_exactmetrics_skip_tracking":false,"_exactmetrics_sitenote_active":false,"_exactmetrics_sitenote_note":"","_exactmetrics_sitenote_category":0,"footnotes":"","_links_to":"","_links_to_target":""},"class_list":["post-7401","page","type-page","status-publish","hentry"],"acf":[],"yoast_head":"<!-- This site is optimized with the Yoast SEO plugin v27.1.1 - https:\/\/yoast.com\/product\/yoast-seo-wordpress\/ -->\n<title>Lechuga Romana - Andy Boy<\/title>\n<meta name=\"robots\" content=\"index, follow, max-snippet:-1, max-image-preview:large, max-video-preview:-1\" \/>\n<link rel=\"canonical\" href=\"https:\/\/www.andyboy.com\/es\/productos\/lechuga-romana\/\" \/>\n<meta property=\"og:locale\" content=\"es_ES\" \/>\n<meta property=\"og:type\" content=\"article\" \/>\n<meta property=\"og:title\" content=\"Lechuga Romana - Andy Boy\" \/>\n<meta property=\"og:description\" content=\"\u00a1Arriba la Romana, la Lechuga que inici\u00f3 la Revoluci\u00f3n de la Ensalada! Celebramos los m\u00e1s de 30 a\u00f1os del inicio de la Furia Romana.\u00a0Andy Boy rinde homenaje a la tendencia que convirti\u00f3 a la romana en lo que es hoy en d\u00eda: una lechuga inmensamente popular. Es la verdura m\u00e1s conocida en los Estados Unidos, [...]\" \/>\n<meta property=\"og:url\" content=\"https:\/\/www.andyboy.com\/es\/productos\/lechuga-romana\/\" \/>\n<meta property=\"og:site_name\" content=\"Andy Boy\" \/>\n<meta property=\"article:publisher\" content=\"https:\/\/www.facebook.com\/AndyBoyProduce\" \/>\n<meta property=\"article:modified_time\" content=\"2021-01-07T22:31:12+00:00\" \/>\n<meta property=\"og:image\" content=\"https:\/\/andyboy.wpengine.com\/wp-content\/uploads\/2020\/07\/11-AB-Infographic-Romaine.jpg\" \/>\n<meta name=\"twitter:label1\" content=\"Tiempo de lectura\" \/>\n\t<meta name=\"twitter:data1\" content=\"1 minuto\" \/>\n<script type=\"application\/ld+json\" class=\"yoast-schema-graph\">{\"@context\":\"https:\/\/schema.org\",\"@graph\":[{\"@type\":\"WebPage\",\"@id\":\"https:\/\/www.andyboy.com\/es\/productos\/lechuga-romana\/\",\"url\":\"https:\/\/www.andyboy.com\/es\/productos\/lechuga-romana\/\",\"name\":\"Lechuga Romana - Andy Boy\",\"isPartOf\":{\"@id\":\"https:\/\/www.andyboy.com\/#website\"},\"primaryImageOfPage\":{\"@id\":\"https:\/\/www.andyboy.com\/es\/productos\/lechuga-romana\/#primaryimage\"},\"image\":{\"@id\":\"https:\/\/www.andyboy.com\/es\/productos\/lechuga-romana\/#primaryimage\"},\"thumbnailUrl\":\"https:\/\/www.andyboy.com\/wp-content\/uploads\/2020\/07\/11-AB-Infographic-Romaine.jpg\",\"datePublished\":\"2020-12-24T18:04:42+00:00\",\"dateModified\":\"2021-01-07T22:31:12+00:00\",\"breadcrumb\":{\"@id\":\"https:\/\/www.andyboy.com\/es\/productos\/lechuga-romana\/#breadcrumb\"},\"inLanguage\":\"es\",\"potentialAction\":[{\"@type\":\"ReadAction\",\"target\":[\"https:\/\/www.andyboy.com\/es\/productos\/lechuga-romana\/\"]}]},{\"@type\":\"ImageObject\",\"inLanguage\":\"es\",\"@id\":\"https:\/\/www.andyboy.com\/es\/productos\/lechuga-romana\/#primaryimage\",\"url\":\"https:\/\/www.andyboy.com\/wp-content\/uploads\/2020\/07\/11-AB-Infographic-Romaine.jpg\",\"contentUrl\":\"https:\/\/www.andyboy.com\/wp-content\/uploads\/2020\/07\/11-AB-Infographic-Romaine.jpg\"},{\"@type\":\"BreadcrumbList\",\"@id\":\"https:\/\/www.andyboy.com\/es\/productos\/lechuga-romana\/#breadcrumb\",\"itemListElement\":[{\"@type\":\"ListItem\",\"position\":1,\"name\":\"Home\",\"item\":\"https:\/\/www.andyboy.com\/es\/\"},{\"@type\":\"ListItem\",\"position\":2,\"name\":\"Productos\",\"item\":\"https:\/\/www.andyboy.com\/es\/productos\/\"},{\"@type\":\"ListItem\",\"position\":3,\"name\":\"Lechuga Romana\"}]},{\"@type\":\"WebSite\",\"@id\":\"https:\/\/www.andyboy.com\/#website\",\"url\":\"https:\/\/www.andyboy.com\/\",\"name\":\"Andy Boy\",\"description\":\"\",\"publisher\":{\"@id\":\"https:\/\/www.andyboy.com\/#organization\"},\"potentialAction\":[{\"@type\":\"SearchAction\",\"target\":{\"@type\":\"EntryPoint\",\"urlTemplate\":\"https:\/\/www.andyboy.com\/?s={search_term_string}\"},\"query-input\":{\"@type\":\"PropertyValueSpecification\",\"valueRequired\":true,\"valueName\":\"search_term_string\"}}],\"inLanguage\":\"es\"},{\"@type\":\"Organization\",\"@id\":\"https:\/\/www.andyboy.com\/#organization\",\"name\":\"Andy Boy\",\"url\":\"https:\/\/www.andyboy.com\/\",\"logo\":{\"@type\":\"ImageObject\",\"inLanguage\":\"es\",\"@id\":\"https:\/\/www.andyboy.com\/#\/schema\/logo\/image\/\",\"url\":\"https:\/\/andyboy.wpengine.com\/wp-content\/uploads\/2015\/04\/AB-Banner-Logo-high-res.jpg\",\"contentUrl\":\"https:\/\/andyboy.wpengine.com\/wp-content\/uploads\/2015\/04\/AB-Banner-Logo-high-res.jpg\",\"width\":1024,\"height\":403,\"caption\":\"Andy Boy\"},\"image\":{\"@id\":\"https:\/\/www.andyboy.com\/#\/schema\/logo\/image\/\"},\"sameAs\":[\"https:\/\/www.facebook.com\/AndyBoyProduce\",\"https:\/\/x.com\/AndyBoyInc\",\"https:\/\/instagram.com\/AndyBoyProduce\/\",\"http:\/\/www.pinterest.com\/andyboyproduce\/\"]}]}<\/script>\n<!-- \/ Yoast SEO plugin. -->","yoast_head_json":{"title":"Lechuga Romana - Andy Boy","robots":{"index":"index","follow":"follow","max-snippet":"max-snippet:-1","max-image-preview":"max-image-preview:large","max-video-preview":"max-video-preview:-1"},"canonical":"https:\/\/www.andyboy.com\/es\/productos\/lechuga-romana\/","og_locale":"es_ES","og_type":"article","og_title":"Lechuga Romana - Andy Boy","og_description":"\u00a1Arriba la Romana, la Lechuga que inici\u00f3 la Revoluci\u00f3n de la Ensalada! Celebramos los m\u00e1s de 30 a\u00f1os del inicio de la Furia Romana.\u00a0Andy Boy rinde homenaje a la tendencia que convirti\u00f3 a la romana en lo que es hoy en d\u00eda: una lechuga inmensamente popular. Es la verdura m\u00e1s conocida en los Estados Unidos, [...]","og_url":"https:\/\/www.andyboy.com\/es\/productos\/lechuga-romana\/","og_site_name":"Andy Boy","article_publisher":"https:\/\/www.facebook.com\/AndyBoyProduce","article_modified_time":"2021-01-07T22:31:12+00:00","og_image":[{"url":"https:\/\/andyboy.wpengine.com\/wp-content\/uploads\/2020\/07\/11-AB-Infographic-Romaine.jpg","type":"","width":"","height":""}],"twitter_misc":{"Tiempo de lectura":"1 minuto"},"schema":{"@context":"https:\/\/schema.org","@graph":[{"@type":"WebPage","@id":"https:\/\/www.andyboy.com\/es\/productos\/lechuga-romana\/","url":"https:\/\/www.andyboy.com\/es\/productos\/lechuga-romana\/","name":"Lechuga Romana - Andy Boy","isPartOf":{"@id":"https:\/\/www.andyboy.com\/#website"},"primaryImageOfPage":{"@id":"https:\/\/www.andyboy.com\/es\/productos\/lechuga-romana\/#primaryimage"},"image":{"@id":"https:\/\/www.andyboy.com\/es\/productos\/lechuga-romana\/#primaryimage"},"thumbnailUrl":"https:\/\/www.andyboy.com\/wp-content\/uploads\/2020\/07\/11-AB-Infographic-Romaine.jpg","datePublished":"2020-12-24T18:04:42+00:00","dateModified":"2021-01-07T22:31:12+00:00","breadcrumb":{"@id":"https:\/\/www.andyboy.com\/es\/productos\/lechuga-romana\/#breadcrumb"},"inLanguage":"es","potentialAction":[{"@type":"ReadAction","target":["https:\/\/www.andyboy.com\/es\/productos\/lechuga-romana\/"]}]},{"@type":"ImageObject","inLanguage":"es","@id":"https:\/\/www.andyboy.com\/es\/productos\/lechuga-romana\/#primaryimage","url":"https:\/\/www.andyboy.com\/wp-content\/uploads\/2020\/07\/11-AB-Infographic-Romaine.jpg","contentUrl":"https:\/\/www.andyboy.com\/wp-content\/uploads\/2020\/07\/11-AB-Infographic-Romaine.jpg"},{"@type":"BreadcrumbList","@id":"https:\/\/www.andyboy.com\/es\/productos\/lechuga-romana\/#breadcrumb","itemListElement":[{"@type":"ListItem","position":1,"name":"Home","item":"https:\/\/www.andyboy.com\/es\/"},{"@type":"ListItem","position":2,"name":"Productos","item":"https:\/\/www.andyboy.com\/es\/productos\/"},{"@type":"ListItem","position":3,"name":"Lechuga Romana"}]},{"@type":"WebSite","@id":"https:\/\/www.andyboy.com\/#website","url":"https:\/\/www.andyboy.com\/","name":"Andy Boy","description":"","publisher":{"@id":"https:\/\/www.andyboy.com\/#organization"},"potentialAction":[{"@type":"SearchAction","target":{"@type":"EntryPoint","urlTemplate":"https:\/\/www.andyboy.com\/?s={search_term_string}"},"query-input":{"@type":"PropertyValueSpecification","valueRequired":true,"valueName":"search_term_string"}}],"inLanguage":"es"},{"@type":"Organization","@id":"https:\/\/www.andyboy.com\/#organization","name":"Andy Boy","url":"https:\/\/www.andyboy.com\/","logo":{"@type":"ImageObject","inLanguage":"es","@id":"https:\/\/www.andyboy.com\/#\/schema\/logo\/image\/","url":"https:\/\/andyboy.wpengine.com\/wp-content\/uploads\/2015\/04\/AB-Banner-Logo-high-res.jpg","contentUrl":"https:\/\/andyboy.wpengine.com\/wp-content\/uploads\/2015\/04\/AB-Banner-Logo-high-res.jpg","width":1024,"height":403,"caption":"Andy Boy"},"image":{"@id":"https:\/\/www.andyboy.com\/#\/schema\/logo\/image\/"},"sameAs":["https:\/\/www.facebook.com\/AndyBoyProduce","https:\/\/x.com\/AndyBoyInc","https:\/\/instagram.com\/AndyBoyProduce\/","http:\/\/www.pinterest.com\/andyboyproduce\/"]}]}},"_links":{"self":[{"href":"https:\/\/www.andyboy.com\/es\/wp-json\/wp\/v2\/pages\/7401","targetHints":{"allow":["GET"]}}],"collection":[{"href":"https:\/\/www.andyboy.com\/es\/wp-json\/wp\/v2\/pages"}],"about":[{"href":"https:\/\/www.andyboy.com\/es\/wp-json\/wp\/v2\/types\/page"}],"author":[{"embeddable":true,"href":"https:\/\/www.andyboy.com\/es\/wp-json\/wp\/v2\/users\/1"}],"replies":[{"embeddable":true,"href":"https:\/\/www.andyboy.com\/es\/wp-json\/wp\/v2\/comments?post=7401"}],"version-history":[{"count":0,"href":"https:\/\/www.andyboy.com\/es\/wp-json\/wp\/v2\/pages\/7401\/revisions"}],"up":[{"embeddable":true,"href":"https:\/\/www.andyboy.com\/es\/wp-json\/wp\/v2\/pages\/7446"}],"wp:attachment":[{"href":"https:\/\/www.andyboy.com\/es\/wp-json\/wp\/v2\/media?parent=7401"}],"curies":[{"name":"wp","href":"https:\/\/api.w.org\/{rel}","templated":true}]}}