{"id":7606,"date":"2020-12-24T18:04:46","date_gmt":"2020-12-24T18:04:46","guid":{"rendered":"https:\/\/andyboy.wpengine.com\/la-empresa\/regiones-de-cultivo-instalaciones-de-enfriamiento-y-envio\/"},"modified":"2021-01-07T23:36:24","modified_gmt":"2021-01-07T23:36:24","slug":"regiones-de-cultivo-instalaciones-de-enfriamiento-y-envio","status":"publish","type":"page","link":"https:\/\/www.andyboy.com\/es\/la-empresa\/regiones-de-cultivo-instalaciones-de-enfriamiento-y-envio\/","title":{"rendered":"Regiones de Cultivo, Instalaciones de Enfriamiento y Env\u00edo"},"content":{"rendered":"<p>D\u2019Arrigo California utiliza diferentes regiones de cultivo e instalaciones de enfriamiento y env\u00edo durante todo el a\u00f1o. Tenga presente que las temporadas indicadas a continuaci\u00f3n son aproximadas.<\/p>\n<h4>Env\u00edo en Temporada Desde las Siguientes Ubicaciones:<\/h4>\n<h5 style=\"margin-bottom: 0px;\">Salinas Valley, California<\/h5>\n<p style=\"margin: 0 0 0.25em 0;\"><em>Febrero a diciembre<\/em><\/p>\n<p style=\"margin-top: 0;\">Sede central de D\u2019Arrigo California 21777 Harris Road Salinas, CA 93908<br \/>\nTel. principal: 831.455.4500\/ Fax principal: 831.455.4445<br \/>\nVentas: 831.455.4300\/Fax de ventas: 831.455.4301<br \/>\nEnv\u00edos: 831.455.2639\/Fax de env\u00edos: 831.455.4568<\/p>\n<h5 style=\"margin-bottom: 0px;\">Yuma, Arizona<\/h5>\n<p style=\"margin: 0 0 0.25em 0;\"><em>Noviembre a marzo<\/em><\/p>\n<p style=\"margin-top: 0;\">Uni-Kool 2210 East 24th Street Yuma, AZ 85364<br \/>\nEnv\u00edo: 928.726.7607\/Fax de env\u00edos: 928.726.4278<\/p>\n<h5 style=\"margin-bottom: 0px;\">San Luis, M\u00e9xico<\/h5>\n<p style=\"margin: 0 0 0.25em 0;\"><em>Noviembre a marzo<\/em><\/p>\n<p style=\"margin-top: 0;\">Agros Horticultores Carretera San Luis-Riito, Km 30 Lote 30<br \/>\nSan Luis R\u00edo Colorado, Sonora 83513<br \/>\nEnv\u00edos: 52.653.130.6401<\/p>\n<hr \/>\n<h2>D\u2019Arrigo California<\/h2>\n<p>El desarrollo de la instalaci\u00f3n de enfriamiento de \u00faltima generaci\u00f3n parti\u00f3 en julio de 2005, en tanto el env\u00edo del refrigerador comenz\u00f3 en agosto de 2006. La segunda fase de la construcci\u00f3n (oficinas corporativas) se inici\u00f3 en abril de 2007 y empez\u00f3 a funcionar el 20 de octubre de 2008.<\/p>\n<p>El proyecto culmin\u00f3 en octubre de 2008 y fusion\u00f3 varias instalaciones del condado de Monterey, lo cual permiti\u00f3 que todas las facetas del negocio funcionaran desde una sola ubicaci\u00f3n principal.<\/p>\n<p>El estilo de la misi\u00f3n se refleja en el edificio de oficinas, el centro de servicios, ingenier\u00eda mec\u00e1nica, investigaci\u00f3n de semillas y las instalaciones de enfriamiento y env\u00edos, los cuales abarcan 22 hect\u00e1reas.<\/p>\n<p><span style=\"font-size: 1em;\">El enfriador de D&#8217;Arrigo California ubicado en Salinas, California, es un lugar de env\u00edos de importancia en Salinas Valley. Nuestras instalaciones de 14,121 metros cuadrados son un polo de actividad \u00abfresca\u00bb para clientes nacionales e internacionales. Nuestros servicios de consolidaci\u00f3n y surtido de pedidos directo del muelle aspiran a garantizar frescura y eficiencia \u00f3ptimas para atender de mejor forma a nuestros valiosos clientes.<\/span><\/p>\n<p><!-- img class=\"aligncenter size-large wp-image-4380\" src=\"https:\/\/www.andyboy.com\/wp-content\/uploads\/2018\/12\/Untitled-1-1024x310.png\" alt=\"\" \/ --><!-- iframe style=\"border: 0px currentColor;\" src=\"https:\/\/www.google.com\/maps\/embed?pb=!1m14!1m8!1m3!1d3202.1723513639367!2d-121.63144559999999!3d36.6222378!3m2!1i1024!2i768!4f13.1!3m3!1m2!1s0x808df7ff7c86278b%3A0xe1e3834202bb11b2!2s21777+Harris+Rd!5e0!3m2!1sen!2sus!4v1396393491836\" width=\"300\" height=\"150\" frameborder=\"0\"><span data-mce-type=\"bookmark\" style=\"display: inline-block; width: 0px; overflow: hidden; line-height: 0;\" class=\"mce_SELRES_start\"><\/span><\/iframe --><\/p>\n<hr \/>\n","protected":false},"excerpt":{"rendered":"<p>D\u2019Arrigo California utiliza diferentes regiones de cultivo e instalaciones de enfriamiento y env\u00edo durante todo el a\u00f1o. Tenga presente que las temporadas indicadas a continuaci\u00f3n son aproximadas. Env\u00edo en Temporada Desde las Siguientes Ubicaciones: Salinas Valley, California Febrero a diciembre Sede central de D\u2019Arrigo California 21777 Harris Road Salinas, CA 93908 Tel. principal: 831.455.4500\/ Fax [&#8230;]<\/p>\n","protected":false},"author":1,"featured_media":0,"parent":7101,"menu_order":4,"comment_status":"open","ping_status":"closed","template":"","meta":{"_acf_changed":false,"_exactmetrics_skip_tracking":false,"_exactmetrics_sitenote_active":false,"_exactmetrics_sitenote_note":"","_exactmetrics_sitenote_category":0,"footnotes":"","_links_to":"","_links_to_target":""},"class_list":["post-7606","page","type-page","status-publish","hentry"],"acf":[],"yoast_head":"<!-- This site is optimized with the Yoast SEO plugin v27.5 - https:\/\/yoast.com\/product\/yoast-seo-wordpress\/ -->\n<title>Regiones de Cultivo, Instalaciones de Enfriamiento y Env\u00edo - Andy Boy<\/title>\n<meta name=\"description\" content=\"Ubicada en Salinas, CA, nuestra sede central fue inaugurada en 2009. Nuestros recintos incluyen oficinas corporativas y una instalaci\u00f3n de enfriamiento de \u00faltima generaci\u00f3n.\" \/>\n<meta name=\"robots\" content=\"index, follow, max-snippet:-1, max-image-preview:large, max-video-preview:-1\" \/>\n<link rel=\"canonical\" href=\"https:\/\/www.andyboy.com\/es\/la-empresa\/regiones-de-cultivo-instalaciones-de-enfriamiento-y-envio\/\" \/>\n<meta property=\"og:locale\" content=\"es_ES\" \/>\n<meta property=\"og:type\" content=\"article\" \/>\n<meta property=\"og:title\" content=\"Regiones de Cultivo, Instalaciones de Enfriamiento y Env\u00edo - Andy Boy\" \/>\n<meta property=\"og:description\" content=\"Ubicada en Salinas, CA, nuestra sede central fue inaugurada en 2009. Nuestros recintos incluyen oficinas corporativas y una instalaci\u00f3n de enfriamiento de \u00faltima generaci\u00f3n.\" \/>\n<meta property=\"og:url\" content=\"https:\/\/www.andyboy.com\/es\/la-empresa\/regiones-de-cultivo-instalaciones-de-enfriamiento-y-envio\/\" \/>\n<meta property=\"og:site_name\" content=\"Andy Boy\" \/>\n<meta property=\"article:publisher\" content=\"https:\/\/www.facebook.com\/AndyBoyProduce\" \/>\n<meta property=\"article:modified_time\" content=\"2021-01-07T23:36:24+00:00\" \/>\n<meta name=\"twitter:label1\" content=\"Tiempo de lectura\" \/>\n\t<meta name=\"twitter:data1\" content=\"1 minuto\" \/>\n<script type=\"application\/ld+json\" class=\"yoast-schema-graph\">{\"@context\":\"https:\\\/\\\/schema.org\",\"@graph\":[{\"@type\":\"WebPage\",\"@id\":\"https:\\\/\\\/www.andyboy.com\\\/es\\\/la-empresa\\\/regiones-de-cultivo-instalaciones-de-enfriamiento-y-envio\\\/\",\"url\":\"https:\\\/\\\/www.andyboy.com\\\/es\\\/la-empresa\\\/regiones-de-cultivo-instalaciones-de-enfriamiento-y-envio\\\/\",\"name\":\"Regiones de Cultivo, Instalaciones de Enfriamiento y Env\u00edo - Andy Boy\",\"isPartOf\":{\"@id\":\"https:\\\/\\\/www.andyboy.com\\\/#website\"},\"datePublished\":\"2020-12-24T18:04:46+00:00\",\"dateModified\":\"2021-01-07T23:36:24+00:00\",\"description\":\"Ubicada en Salinas, CA, nuestra sede central fue inaugurada en 2009. Nuestros recintos incluyen oficinas corporativas y una instalaci\u00f3n de enfriamiento de \u00faltima generaci\u00f3n.\",\"breadcrumb\":{\"@id\":\"https:\\\/\\\/www.andyboy.com\\\/es\\\/la-empresa\\\/regiones-de-cultivo-instalaciones-de-enfriamiento-y-envio\\\/#breadcrumb\"},\"inLanguage\":\"es\",\"potentialAction\":[{\"@type\":\"ReadAction\",\"target\":[\"https:\\\/\\\/www.andyboy.com\\\/es\\\/la-empresa\\\/regiones-de-cultivo-instalaciones-de-enfriamiento-y-envio\\\/\"]}]},{\"@type\":\"BreadcrumbList\",\"@id\":\"https:\\\/\\\/www.andyboy.com\\\/es\\\/la-empresa\\\/regiones-de-cultivo-instalaciones-de-enfriamiento-y-envio\\\/#breadcrumb\",\"itemListElement\":[{\"@type\":\"ListItem\",\"position\":1,\"name\":\"Home\",\"item\":\"https:\\\/\\\/www.andyboy.com\\\/es\\\/\"},{\"@type\":\"ListItem\",\"position\":2,\"name\":\"La Empresa\",\"item\":\"https:\\\/\\\/www.andyboy.com\\\/es\\\/la-empresa\\\/\"},{\"@type\":\"ListItem\",\"position\":3,\"name\":\"Regiones de Cultivo, Instalaciones de Enfriamiento y Env\u00edo\"}]},{\"@type\":\"WebSite\",\"@id\":\"https:\\\/\\\/www.andyboy.com\\\/#website\",\"url\":\"https:\\\/\\\/www.andyboy.com\\\/\",\"name\":\"Andy Boy\",\"description\":\"\",\"publisher\":{\"@id\":\"https:\\\/\\\/www.andyboy.com\\\/#organization\"},\"potentialAction\":[{\"@type\":\"SearchAction\",\"target\":{\"@type\":\"EntryPoint\",\"urlTemplate\":\"https:\\\/\\\/www.andyboy.com\\\/?s={search_term_string}\"},\"query-input\":{\"@type\":\"PropertyValueSpecification\",\"valueRequired\":true,\"valueName\":\"search_term_string\"}}],\"inLanguage\":\"es\"},{\"@type\":\"Organization\",\"@id\":\"https:\\\/\\\/www.andyboy.com\\\/#organization\",\"name\":\"Andy Boy\",\"url\":\"https:\\\/\\\/www.andyboy.com\\\/\",\"logo\":{\"@type\":\"ImageObject\",\"inLanguage\":\"es\",\"@id\":\"https:\\\/\\\/www.andyboy.com\\\/#\\\/schema\\\/logo\\\/image\\\/\",\"url\":\"https:\\\/\\\/andyboy.wpengine.com\\\/wp-content\\\/uploads\\\/2015\\\/04\\\/AB-Banner-Logo-high-res.jpg\",\"contentUrl\":\"https:\\\/\\\/andyboy.wpengine.com\\\/wp-content\\\/uploads\\\/2015\\\/04\\\/AB-Banner-Logo-high-res.jpg\",\"width\":1024,\"height\":403,\"caption\":\"Andy Boy\"},\"image\":{\"@id\":\"https:\\\/\\\/www.andyboy.com\\\/#\\\/schema\\\/logo\\\/image\\\/\"},\"sameAs\":[\"https:\\\/\\\/www.facebook.com\\\/AndyBoyProduce\",\"https:\\\/\\\/x.com\\\/AndyBoyInc\",\"https:\\\/\\\/instagram.com\\\/AndyBoyProduce\\\/\",\"http:\\\/\\\/www.pinterest.com\\\/andyboyproduce\\\/\"]}]}<\/script>\n<!-- \/ Yoast SEO plugin. -->","yoast_head_json":{"title":"Regiones de Cultivo, Instalaciones de Enfriamiento y Env\u00edo - Andy Boy","description":"Ubicada en Salinas, CA, nuestra sede central fue inaugurada en 2009. Nuestros recintos incluyen oficinas corporativas y una instalaci\u00f3n de enfriamiento de \u00faltima generaci\u00f3n.","robots":{"index":"index","follow":"follow","max-snippet":"max-snippet:-1","max-image-preview":"max-image-preview:large","max-video-preview":"max-video-preview:-1"},"canonical":"https:\/\/www.andyboy.com\/es\/la-empresa\/regiones-de-cultivo-instalaciones-de-enfriamiento-y-envio\/","og_locale":"es_ES","og_type":"article","og_title":"Regiones de Cultivo, Instalaciones de Enfriamiento y Env\u00edo - Andy Boy","og_description":"Ubicada en Salinas, CA, nuestra sede central fue inaugurada en 2009. Nuestros recintos incluyen oficinas corporativas y una instalaci\u00f3n de enfriamiento de \u00faltima generaci\u00f3n.","og_url":"https:\/\/www.andyboy.com\/es\/la-empresa\/regiones-de-cultivo-instalaciones-de-enfriamiento-y-envio\/","og_site_name":"Andy Boy","article_publisher":"https:\/\/www.facebook.com\/AndyBoyProduce","article_modified_time":"2021-01-07T23:36:24+00:00","twitter_misc":{"Tiempo de lectura":"1 minuto"},"schema":{"@context":"https:\/\/schema.org","@graph":[{"@type":"WebPage","@id":"https:\/\/www.andyboy.com\/es\/la-empresa\/regiones-de-cultivo-instalaciones-de-enfriamiento-y-envio\/","url":"https:\/\/www.andyboy.com\/es\/la-empresa\/regiones-de-cultivo-instalaciones-de-enfriamiento-y-envio\/","name":"Regiones de Cultivo, Instalaciones de Enfriamiento y Env\u00edo - Andy Boy","isPartOf":{"@id":"https:\/\/www.andyboy.com\/#website"},"datePublished":"2020-12-24T18:04:46+00:00","dateModified":"2021-01-07T23:36:24+00:00","description":"Ubicada en Salinas, CA, nuestra sede central fue inaugurada en 2009. Nuestros recintos incluyen oficinas corporativas y una instalaci\u00f3n de enfriamiento de \u00faltima generaci\u00f3n.","breadcrumb":{"@id":"https:\/\/www.andyboy.com\/es\/la-empresa\/regiones-de-cultivo-instalaciones-de-enfriamiento-y-envio\/#breadcrumb"},"inLanguage":"es","potentialAction":[{"@type":"ReadAction","target":["https:\/\/www.andyboy.com\/es\/la-empresa\/regiones-de-cultivo-instalaciones-de-enfriamiento-y-envio\/"]}]},{"@type":"BreadcrumbList","@id":"https:\/\/www.andyboy.com\/es\/la-empresa\/regiones-de-cultivo-instalaciones-de-enfriamiento-y-envio\/#breadcrumb","itemListElement":[{"@type":"ListItem","position":1,"name":"Home","item":"https:\/\/www.andyboy.com\/es\/"},{"@type":"ListItem","position":2,"name":"La Empresa","item":"https:\/\/www.andyboy.com\/es\/la-empresa\/"},{"@type":"ListItem","position":3,"name":"Regiones de Cultivo, Instalaciones de Enfriamiento y Env\u00edo"}]},{"@type":"WebSite","@id":"https:\/\/www.andyboy.com\/#website","url":"https:\/\/www.andyboy.com\/","name":"Andy Boy","description":"","publisher":{"@id":"https:\/\/www.andyboy.com\/#organization"},"potentialAction":[{"@type":"SearchAction","target":{"@type":"EntryPoint","urlTemplate":"https:\/\/www.andyboy.com\/?s={search_term_string}"},"query-input":{"@type":"PropertyValueSpecification","valueRequired":true,"valueName":"search_term_string"}}],"inLanguage":"es"},{"@type":"Organization","@id":"https:\/\/www.andyboy.com\/#organization","name":"Andy Boy","url":"https:\/\/www.andyboy.com\/","logo":{"@type":"ImageObject","inLanguage":"es","@id":"https:\/\/www.andyboy.com\/#\/schema\/logo\/image\/","url":"https:\/\/andyboy.wpengine.com\/wp-content\/uploads\/2015\/04\/AB-Banner-Logo-high-res.jpg","contentUrl":"https:\/\/andyboy.wpengine.com\/wp-content\/uploads\/2015\/04\/AB-Banner-Logo-high-res.jpg","width":1024,"height":403,"caption":"Andy Boy"},"image":{"@id":"https:\/\/www.andyboy.com\/#\/schema\/logo\/image\/"},"sameAs":["https:\/\/www.facebook.com\/AndyBoyProduce","https:\/\/x.com\/AndyBoyInc","https:\/\/instagram.com\/AndyBoyProduce\/","http:\/\/www.pinterest.com\/andyboyproduce\/"]}]}},"_links":{"self":[{"href":"https:\/\/www.andyboy.com\/es\/wp-json\/wp\/v2\/pages\/7606","targetHints":{"allow":["GET"]}}],"collection":[{"href":"https:\/\/www.andyboy.com\/es\/wp-json\/wp\/v2\/pages"}],"about":[{"href":"https:\/\/www.andyboy.com\/es\/wp-json\/wp\/v2\/types\/page"}],"author":[{"embeddable":true,"href":"https:\/\/www.andyboy.com\/es\/wp-json\/wp\/v2\/users\/1"}],"replies":[{"embeddable":true,"href":"https:\/\/www.andyboy.com\/es\/wp-json\/wp\/v2\/comments?post=7606"}],"version-history":[{"count":0,"href":"https:\/\/www.andyboy.com\/es\/wp-json\/wp\/v2\/pages\/7606\/revisions"}],"up":[{"embeddable":true,"href":"https:\/\/www.andyboy.com\/es\/wp-json\/wp\/v2\/pages\/7101"}],"wp:attachment":[{"href":"https:\/\/www.andyboy.com\/es\/wp-json\/wp\/v2\/media?parent=7606"}],"curies":[{"name":"wp","href":"https:\/\/api.w.org\/{rel}","templated":true}]}}