{"id":7736,"date":"2020-12-24T18:04:49","date_gmt":"2020-12-24T18:04:49","guid":{"rendered":"https:\/\/andyboy.wpengine.com\/la-empresa\/nuestra-oficina-de-ventas\/"},"modified":"2024-09-19T18:26:23","modified_gmt":"2024-09-19T18:26:23","slug":"nuestra-oficina-de-ventas","status":"publish","type":"page","link":"https:\/\/www.andyboy.com\/es\/la-empresa\/nuestra-oficina-de-ventas\/","title":{"rendered":"Nuestra Oficina De Ventas"},"content":{"rendered":"","protected":false},"excerpt":{"rendered":"","protected":false},"author":1,"featured_media":0,"parent":7101,"menu_order":1,"comment_status":"open","ping_status":"closed","template":"page-templates\/template-sales-team.php","meta":{"_acf_changed":false,"_exactmetrics_skip_tracking":false,"_exactmetrics_sitenote_active":false,"_exactmetrics_sitenote_note":"","_exactmetrics_sitenote_category":0,"footnotes":"","_links_to":"","_links_to_target":""},"class_list":["post-7736","page","type-page","status-publish","hentry"],"acf":[],"yoast_head":"<!-- This site is optimized with the Yoast SEO plugin v27.1.1 - https:\/\/yoast.com\/product\/yoast-seo-wordpress\/ -->\n<title>Nuestra Oficina De Ventas - Andy Boy<\/title>\n<meta name=\"description\" content=\"P\u00f3ngale rostro a esa voz. El equipo de ventas de D&#039;Arrigo est\u00e1 aqu\u00ed para ayudar con cualquier pregunta, comentario o inquietud. Estamos orgullos de la empresa y de la industria.\" \/>\n<meta name=\"robots\" content=\"index, follow, max-snippet:-1, max-image-preview:large, max-video-preview:-1\" \/>\n<link rel=\"canonical\" href=\"https:\/\/www.andyboy.com\/es\/la-empresa\/nuestra-oficina-de-ventas\/\" \/>\n<meta property=\"og:locale\" content=\"es_ES\" \/>\n<meta property=\"og:type\" content=\"article\" \/>\n<meta property=\"og:title\" content=\"Nuestra Oficina De Ventas - Andy Boy\" \/>\n<meta property=\"og:description\" content=\"P\u00f3ngale rostro a esa voz. El equipo de ventas de D&#039;Arrigo est\u00e1 aqu\u00ed para ayudar con cualquier pregunta, comentario o inquietud. Estamos orgullos de la empresa y de la industria.\" \/>\n<meta property=\"og:url\" content=\"https:\/\/www.andyboy.com\/es\/la-empresa\/nuestra-oficina-de-ventas\/\" \/>\n<meta property=\"og:site_name\" content=\"Andy Boy\" \/>\n<meta property=\"article:publisher\" content=\"https:\/\/www.facebook.com\/AndyBoyProduce\" \/>\n<meta property=\"article:modified_time\" content=\"2024-09-19T18:26:23+00:00\" \/>\n<script type=\"application\/ld+json\" class=\"yoast-schema-graph\">{\"@context\":\"https:\/\/schema.org\",\"@graph\":[{\"@type\":\"WebPage\",\"@id\":\"https:\/\/www.andyboy.com\/es\/la-empresa\/nuestra-oficina-de-ventas\/\",\"url\":\"https:\/\/www.andyboy.com\/es\/la-empresa\/nuestra-oficina-de-ventas\/\",\"name\":\"Nuestra Oficina De Ventas - Andy Boy\",\"isPartOf\":{\"@id\":\"https:\/\/www.andyboy.com\/#website\"},\"datePublished\":\"2020-12-24T18:04:49+00:00\",\"dateModified\":\"2024-09-19T18:26:23+00:00\",\"description\":\"P\u00f3ngale rostro a esa voz. El equipo de ventas de D'Arrigo est\u00e1 aqu\u00ed para ayudar con cualquier pregunta, comentario o inquietud. Estamos orgullos de la empresa y de la industria.\",\"breadcrumb\":{\"@id\":\"https:\/\/www.andyboy.com\/es\/la-empresa\/nuestra-oficina-de-ventas\/#breadcrumb\"},\"inLanguage\":\"es\",\"potentialAction\":[{\"@type\":\"ReadAction\",\"target\":[\"https:\/\/www.andyboy.com\/es\/la-empresa\/nuestra-oficina-de-ventas\/\"]}]},{\"@type\":\"BreadcrumbList\",\"@id\":\"https:\/\/www.andyboy.com\/es\/la-empresa\/nuestra-oficina-de-ventas\/#breadcrumb\",\"itemListElement\":[{\"@type\":\"ListItem\",\"position\":1,\"name\":\"Home\",\"item\":\"https:\/\/www.andyboy.com\/es\/\"},{\"@type\":\"ListItem\",\"position\":2,\"name\":\"La Empresa\",\"item\":\"https:\/\/www.andyboy.com\/es\/la-empresa\/\"},{\"@type\":\"ListItem\",\"position\":3,\"name\":\"Nuestra Oficina De Ventas\"}]},{\"@type\":\"WebSite\",\"@id\":\"https:\/\/www.andyboy.com\/#website\",\"url\":\"https:\/\/www.andyboy.com\/\",\"name\":\"Andy Boy\",\"description\":\"\",\"publisher\":{\"@id\":\"https:\/\/www.andyboy.com\/#organization\"},\"potentialAction\":[{\"@type\":\"SearchAction\",\"target\":{\"@type\":\"EntryPoint\",\"urlTemplate\":\"https:\/\/www.andyboy.com\/?s={search_term_string}\"},\"query-input\":{\"@type\":\"PropertyValueSpecification\",\"valueRequired\":true,\"valueName\":\"search_term_string\"}}],\"inLanguage\":\"es\"},{\"@type\":\"Organization\",\"@id\":\"https:\/\/www.andyboy.com\/#organization\",\"name\":\"Andy Boy\",\"url\":\"https:\/\/www.andyboy.com\/\",\"logo\":{\"@type\":\"ImageObject\",\"inLanguage\":\"es\",\"@id\":\"https:\/\/www.andyboy.com\/#\/schema\/logo\/image\/\",\"url\":\"https:\/\/andyboy.wpengine.com\/wp-content\/uploads\/2015\/04\/AB-Banner-Logo-high-res.jpg\",\"contentUrl\":\"https:\/\/andyboy.wpengine.com\/wp-content\/uploads\/2015\/04\/AB-Banner-Logo-high-res.jpg\",\"width\":1024,\"height\":403,\"caption\":\"Andy Boy\"},\"image\":{\"@id\":\"https:\/\/www.andyboy.com\/#\/schema\/logo\/image\/\"},\"sameAs\":[\"https:\/\/www.facebook.com\/AndyBoyProduce\",\"https:\/\/x.com\/AndyBoyInc\",\"https:\/\/instagram.com\/AndyBoyProduce\/\",\"http:\/\/www.pinterest.com\/andyboyproduce\/\"]}]}<\/script>\n<!-- \/ Yoast SEO plugin. -->","yoast_head_json":{"title":"Nuestra Oficina De Ventas - Andy Boy","description":"P\u00f3ngale rostro a esa voz. El equipo de ventas de D'Arrigo est\u00e1 aqu\u00ed para ayudar con cualquier pregunta, comentario o inquietud. Estamos orgullos de la empresa y de la industria.","robots":{"index":"index","follow":"follow","max-snippet":"max-snippet:-1","max-image-preview":"max-image-preview:large","max-video-preview":"max-video-preview:-1"},"canonical":"https:\/\/www.andyboy.com\/es\/la-empresa\/nuestra-oficina-de-ventas\/","og_locale":"es_ES","og_type":"article","og_title":"Nuestra Oficina De Ventas - Andy Boy","og_description":"P\u00f3ngale rostro a esa voz. El equipo de ventas de D'Arrigo est\u00e1 aqu\u00ed para ayudar con cualquier pregunta, comentario o inquietud. Estamos orgullos de la empresa y de la industria.","og_url":"https:\/\/www.andyboy.com\/es\/la-empresa\/nuestra-oficina-de-ventas\/","og_site_name":"Andy Boy","article_publisher":"https:\/\/www.facebook.com\/AndyBoyProduce","article_modified_time":"2024-09-19T18:26:23+00:00","schema":{"@context":"https:\/\/schema.org","@graph":[{"@type":"WebPage","@id":"https:\/\/www.andyboy.com\/es\/la-empresa\/nuestra-oficina-de-ventas\/","url":"https:\/\/www.andyboy.com\/es\/la-empresa\/nuestra-oficina-de-ventas\/","name":"Nuestra Oficina De Ventas - Andy Boy","isPartOf":{"@id":"https:\/\/www.andyboy.com\/#website"},"datePublished":"2020-12-24T18:04:49+00:00","dateModified":"2024-09-19T18:26:23+00:00","description":"P\u00f3ngale rostro a esa voz. El equipo de ventas de D'Arrigo est\u00e1 aqu\u00ed para ayudar con cualquier pregunta, comentario o inquietud. Estamos orgullos de la empresa y de la industria.","breadcrumb":{"@id":"https:\/\/www.andyboy.com\/es\/la-empresa\/nuestra-oficina-de-ventas\/#breadcrumb"},"inLanguage":"es","potentialAction":[{"@type":"ReadAction","target":["https:\/\/www.andyboy.com\/es\/la-empresa\/nuestra-oficina-de-ventas\/"]}]},{"@type":"BreadcrumbList","@id":"https:\/\/www.andyboy.com\/es\/la-empresa\/nuestra-oficina-de-ventas\/#breadcrumb","itemListElement":[{"@type":"ListItem","position":1,"name":"Home","item":"https:\/\/www.andyboy.com\/es\/"},{"@type":"ListItem","position":2,"name":"La Empresa","item":"https:\/\/www.andyboy.com\/es\/la-empresa\/"},{"@type":"ListItem","position":3,"name":"Nuestra Oficina De Ventas"}]},{"@type":"WebSite","@id":"https:\/\/www.andyboy.com\/#website","url":"https:\/\/www.andyboy.com\/","name":"Andy Boy","description":"","publisher":{"@id":"https:\/\/www.andyboy.com\/#organization"},"potentialAction":[{"@type":"SearchAction","target":{"@type":"EntryPoint","urlTemplate":"https:\/\/www.andyboy.com\/?s={search_term_string}"},"query-input":{"@type":"PropertyValueSpecification","valueRequired":true,"valueName":"search_term_string"}}],"inLanguage":"es"},{"@type":"Organization","@id":"https:\/\/www.andyboy.com\/#organization","name":"Andy Boy","url":"https:\/\/www.andyboy.com\/","logo":{"@type":"ImageObject","inLanguage":"es","@id":"https:\/\/www.andyboy.com\/#\/schema\/logo\/image\/","url":"https:\/\/andyboy.wpengine.com\/wp-content\/uploads\/2015\/04\/AB-Banner-Logo-high-res.jpg","contentUrl":"https:\/\/andyboy.wpengine.com\/wp-content\/uploads\/2015\/04\/AB-Banner-Logo-high-res.jpg","width":1024,"height":403,"caption":"Andy Boy"},"image":{"@id":"https:\/\/www.andyboy.com\/#\/schema\/logo\/image\/"},"sameAs":["https:\/\/www.facebook.com\/AndyBoyProduce","https:\/\/x.com\/AndyBoyInc","https:\/\/instagram.com\/AndyBoyProduce\/","http:\/\/www.pinterest.com\/andyboyproduce\/"]}]}},"_links":{"self":[{"href":"https:\/\/www.andyboy.com\/es\/wp-json\/wp\/v2\/pages\/7736","targetHints":{"allow":["GET"]}}],"collection":[{"href":"https:\/\/www.andyboy.com\/es\/wp-json\/wp\/v2\/pages"}],"about":[{"href":"https:\/\/www.andyboy.com\/es\/wp-json\/wp\/v2\/types\/page"}],"author":[{"embeddable":true,"href":"https:\/\/www.andyboy.com\/es\/wp-json\/wp\/v2\/users\/1"}],"replies":[{"embeddable":true,"href":"https:\/\/www.andyboy.com\/es\/wp-json\/wp\/v2\/comments?post=7736"}],"version-history":[{"count":0,"href":"https:\/\/www.andyboy.com\/es\/wp-json\/wp\/v2\/pages\/7736\/revisions"}],"up":[{"embeddable":true,"href":"https:\/\/www.andyboy.com\/es\/wp-json\/wp\/v2\/pages\/7101"}],"wp:attachment":[{"href":"https:\/\/www.andyboy.com\/es\/wp-json\/wp\/v2\/media?parent=7736"}],"curies":[{"name":"wp","href":"https:\/\/api.w.org\/{rel}","templated":true}]}}