{"id":7992,"date":"2020-12-24T18:09:21","date_gmt":"2020-12-24T18:09:21","guid":{"rendered":"https:\/\/andyboy.wpengine.com\/responsabilidad-social\/comunidad\/"},"modified":"2020-12-24T18:09:21","modified_gmt":"2020-12-24T18:09:21","slug":"comunidad","status":"publish","type":"page","link":"https:\/\/www.andyboy.com\/es\/responsabilidad-social\/comunidad\/","title":{"rendered":"Comunidad"},"content":{"rendered":"<p>D\u2019Arrigo California y nuestros empleados apoyan constantemente a organizaciones filantr\u00f3picas para retribuir a la comunidad. Desde 1999, Andy Boy es un orgulloso socio y patrocinador de la Breast Cancer Research Foundation y ha aportado m\u00e1s de $1.85 millones de d\u00f3lares a encontrar una cura. Tenemos una asociaci\u00f3n con Rancho Cielo Youth Campus para ofrecer un ambiente seguro donde llevar a cabo programas y servicios para que j\u00f3venes en riesgo aprendan nuevas habilidades y se conviertan en ciudadanos responsables. Apoyamos a nuestra YMCA local para fomentar los principios cristianos a trav\u00e9s de programas que desarrollen el esp\u00edritu, la mente y el cuerpo saludables. Apoyamos decididamente a las escuelas, colegios comunitarios, universidades locales y a Boys and Girls Clubs of Monterey County. Estas organizaciones inspiran a nuestra juventud para materializar todo su potencial y convertirse en ciudadanos responsables, saludables, productivos y exitosos. La empresa y nuestros empleados apoyan constantemente a United Way de Monterey County y al evento Relay for Life de la American Cancer Society. Monterey County Ag Education es otra organizaci\u00f3n que apoyamos. Se dedica a fomentar el respeto y el aprecio por la agricultura a trav\u00e9s de la educaci\u00f3n. D\u2019Arrigo California ofrece asistencia financiera a Ag Against Hunger cuya misi\u00f3n es aliviar el hambre creando una conexi\u00f3n entre la comunidad agr\u00edcola y los programas de asistencia alimentaria. Financiamos y servimos de manera entusiasta a Kinship Center y a su compromiso de crear y apoyar a familias permanentes de ni\u00f1os mediante programas de adopci\u00f3n y otros programas de tutela. Financiamos con entusiasmo a Natividad Medical Center en su misi\u00f3n de ofrecer acceso a atenci\u00f3n de salud a todos los pacientes, independientemente de su capacidad de pago. En enero de 2010, John D\u2019Arrigo, miembro de tercera generaci\u00f3n, y presidente de D\u2019Arrigo California, cre\u00f3 The Agricultural Leadership Council (TALC) para Natividad Medical Foundation. \u00c9l reuni\u00f3 a las familias rurales para ayudar a los trabajadores agr\u00edcolas. La misi\u00f3n de TALC es mejorar el estado de salud de los trabajadores agr\u00edcolas y sus familias, proporcionando equipos m\u00e9dicos, herramientas de diagn\u00f3stico y servicios de salud. Desde sus comienzos, TALC ha donado m\u00e1s de $3.1 de d\u00f3lares para \u201ccambiar vidas y salvar vidas\u201d.<\/p>\n","protected":false},"excerpt":{"rendered":"<p>D\u2019Arrigo California y nuestros empleados apoyan constantemente a organizaciones filantr\u00f3picas para retribuir a la comunidad. Desde 1999, Andy Boy es un orgulloso socio y patrocinador de la Breast Cancer Research Foundation y ha aportado m\u00e1s de $1.85 millones de d\u00f3lares a encontrar una cura. Tenemos una asociaci\u00f3n con Rancho Cielo Youth Campus para ofrecer un [&#8230;]<\/p>\n","protected":false},"author":1,"featured_media":0,"parent":7840,"menu_order":0,"comment_status":"open","ping_status":"closed","template":"","meta":{"_acf_changed":false,"_exactmetrics_skip_tracking":false,"_exactmetrics_sitenote_active":false,"_exactmetrics_sitenote_note":"","_exactmetrics_sitenote_category":0,"footnotes":"","_links_to":"","_links_to_target":""},"class_list":["post-7992","page","type-page","status-publish","hentry"],"acf":[],"yoast_head":"<!-- This site is optimized with the Yoast SEO plugin v27.5 - https:\/\/yoast.com\/product\/yoast-seo-wordpress\/ -->\n<title>Comunidad - Andy Boy<\/title>\n<meta name=\"description\" content=\"D\u2019Arrigo Bros. empresa de California y nuestros empleados apoyan constantemente a organizaciones filantr\u00f3picas para retribuir a la comunidad.\" \/>\n<meta name=\"robots\" content=\"index, follow, max-snippet:-1, max-image-preview:large, max-video-preview:-1\" \/>\n<link rel=\"canonical\" href=\"https:\/\/www.andyboy.com\/es\/responsabilidad-social\/comunidad\/\" \/>\n<meta property=\"og:locale\" content=\"es_ES\" \/>\n<meta property=\"og:type\" content=\"article\" \/>\n<meta property=\"og:title\" content=\"Comunidad - Andy Boy\" \/>\n<meta property=\"og:description\" content=\"D\u2019Arrigo Bros. empresa de California y nuestros empleados apoyan constantemente a organizaciones filantr\u00f3picas para retribuir a la comunidad.\" \/>\n<meta property=\"og:url\" content=\"https:\/\/www.andyboy.com\/es\/responsabilidad-social\/comunidad\/\" \/>\n<meta property=\"og:site_name\" content=\"Andy Boy\" \/>\n<meta property=\"article:publisher\" content=\"https:\/\/www.facebook.com\/AndyBoyProduce\" \/>\n<meta name=\"twitter:label1\" content=\"Tiempo de lectura\" \/>\n\t<meta name=\"twitter:data1\" content=\"2 minutos\" \/>\n<script type=\"application\/ld+json\" class=\"yoast-schema-graph\">{\"@context\":\"https:\\\/\\\/schema.org\",\"@graph\":[{\"@type\":\"WebPage\",\"@id\":\"https:\\\/\\\/www.andyboy.com\\\/es\\\/responsabilidad-social\\\/comunidad\\\/\",\"url\":\"https:\\\/\\\/www.andyboy.com\\\/es\\\/responsabilidad-social\\\/comunidad\\\/\",\"name\":\"Comunidad - Andy Boy\",\"isPartOf\":{\"@id\":\"https:\\\/\\\/www.andyboy.com\\\/#website\"},\"datePublished\":\"2020-12-24T18:09:21+00:00\",\"description\":\"D\u2019Arrigo Bros. empresa de California y nuestros empleados apoyan constantemente a organizaciones filantr\u00f3picas para retribuir a la comunidad.\",\"breadcrumb\":{\"@id\":\"https:\\\/\\\/www.andyboy.com\\\/es\\\/responsabilidad-social\\\/comunidad\\\/#breadcrumb\"},\"inLanguage\":\"es\",\"potentialAction\":[{\"@type\":\"ReadAction\",\"target\":[\"https:\\\/\\\/www.andyboy.com\\\/es\\\/responsabilidad-social\\\/comunidad\\\/\"]}]},{\"@type\":\"BreadcrumbList\",\"@id\":\"https:\\\/\\\/www.andyboy.com\\\/es\\\/responsabilidad-social\\\/comunidad\\\/#breadcrumb\",\"itemListElement\":[{\"@type\":\"ListItem\",\"position\":1,\"name\":\"Home\",\"item\":\"https:\\\/\\\/www.andyboy.com\\\/es\\\/\"},{\"@type\":\"ListItem\",\"position\":2,\"name\":\"Responsabilidad Social\",\"item\":\"https:\\\/\\\/www.andyboy.com\\\/es\\\/responsabilidad-social\\\/\"},{\"@type\":\"ListItem\",\"position\":3,\"name\":\"Comunidad\"}]},{\"@type\":\"WebSite\",\"@id\":\"https:\\\/\\\/www.andyboy.com\\\/#website\",\"url\":\"https:\\\/\\\/www.andyboy.com\\\/\",\"name\":\"Andy Boy\",\"description\":\"\",\"publisher\":{\"@id\":\"https:\\\/\\\/www.andyboy.com\\\/#organization\"},\"potentialAction\":[{\"@type\":\"SearchAction\",\"target\":{\"@type\":\"EntryPoint\",\"urlTemplate\":\"https:\\\/\\\/www.andyboy.com\\\/?s={search_term_string}\"},\"query-input\":{\"@type\":\"PropertyValueSpecification\",\"valueRequired\":true,\"valueName\":\"search_term_string\"}}],\"inLanguage\":\"es\"},{\"@type\":\"Organization\",\"@id\":\"https:\\\/\\\/www.andyboy.com\\\/#organization\",\"name\":\"Andy Boy\",\"url\":\"https:\\\/\\\/www.andyboy.com\\\/\",\"logo\":{\"@type\":\"ImageObject\",\"inLanguage\":\"es\",\"@id\":\"https:\\\/\\\/www.andyboy.com\\\/#\\\/schema\\\/logo\\\/image\\\/\",\"url\":\"https:\\\/\\\/andyboy.wpengine.com\\\/wp-content\\\/uploads\\\/2015\\\/04\\\/AB-Banner-Logo-high-res.jpg\",\"contentUrl\":\"https:\\\/\\\/andyboy.wpengine.com\\\/wp-content\\\/uploads\\\/2015\\\/04\\\/AB-Banner-Logo-high-res.jpg\",\"width\":1024,\"height\":403,\"caption\":\"Andy Boy\"},\"image\":{\"@id\":\"https:\\\/\\\/www.andyboy.com\\\/#\\\/schema\\\/logo\\\/image\\\/\"},\"sameAs\":[\"https:\\\/\\\/www.facebook.com\\\/AndyBoyProduce\",\"https:\\\/\\\/x.com\\\/AndyBoyInc\",\"https:\\\/\\\/instagram.com\\\/AndyBoyProduce\\\/\",\"http:\\\/\\\/www.pinterest.com\\\/andyboyproduce\\\/\"]}]}<\/script>\n<!-- \/ Yoast SEO plugin. -->","yoast_head_json":{"title":"Comunidad - Andy Boy","description":"D\u2019Arrigo Bros. empresa de California y nuestros empleados apoyan constantemente a organizaciones filantr\u00f3picas para retribuir a la comunidad.","robots":{"index":"index","follow":"follow","max-snippet":"max-snippet:-1","max-image-preview":"max-image-preview:large","max-video-preview":"max-video-preview:-1"},"canonical":"https:\/\/www.andyboy.com\/es\/responsabilidad-social\/comunidad\/","og_locale":"es_ES","og_type":"article","og_title":"Comunidad - Andy Boy","og_description":"D\u2019Arrigo Bros. empresa de California y nuestros empleados apoyan constantemente a organizaciones filantr\u00f3picas para retribuir a la comunidad.","og_url":"https:\/\/www.andyboy.com\/es\/responsabilidad-social\/comunidad\/","og_site_name":"Andy Boy","article_publisher":"https:\/\/www.facebook.com\/AndyBoyProduce","twitter_misc":{"Tiempo de lectura":"2 minutos"},"schema":{"@context":"https:\/\/schema.org","@graph":[{"@type":"WebPage","@id":"https:\/\/www.andyboy.com\/es\/responsabilidad-social\/comunidad\/","url":"https:\/\/www.andyboy.com\/es\/responsabilidad-social\/comunidad\/","name":"Comunidad - Andy Boy","isPartOf":{"@id":"https:\/\/www.andyboy.com\/#website"},"datePublished":"2020-12-24T18:09:21+00:00","description":"D\u2019Arrigo Bros. empresa de California y nuestros empleados apoyan constantemente a organizaciones filantr\u00f3picas para retribuir a la comunidad.","breadcrumb":{"@id":"https:\/\/www.andyboy.com\/es\/responsabilidad-social\/comunidad\/#breadcrumb"},"inLanguage":"es","potentialAction":[{"@type":"ReadAction","target":["https:\/\/www.andyboy.com\/es\/responsabilidad-social\/comunidad\/"]}]},{"@type":"BreadcrumbList","@id":"https:\/\/www.andyboy.com\/es\/responsabilidad-social\/comunidad\/#breadcrumb","itemListElement":[{"@type":"ListItem","position":1,"name":"Home","item":"https:\/\/www.andyboy.com\/es\/"},{"@type":"ListItem","position":2,"name":"Responsabilidad Social","item":"https:\/\/www.andyboy.com\/es\/responsabilidad-social\/"},{"@type":"ListItem","position":3,"name":"Comunidad"}]},{"@type":"WebSite","@id":"https:\/\/www.andyboy.com\/#website","url":"https:\/\/www.andyboy.com\/","name":"Andy Boy","description":"","publisher":{"@id":"https:\/\/www.andyboy.com\/#organization"},"potentialAction":[{"@type":"SearchAction","target":{"@type":"EntryPoint","urlTemplate":"https:\/\/www.andyboy.com\/?s={search_term_string}"},"query-input":{"@type":"PropertyValueSpecification","valueRequired":true,"valueName":"search_term_string"}}],"inLanguage":"es"},{"@type":"Organization","@id":"https:\/\/www.andyboy.com\/#organization","name":"Andy Boy","url":"https:\/\/www.andyboy.com\/","logo":{"@type":"ImageObject","inLanguage":"es","@id":"https:\/\/www.andyboy.com\/#\/schema\/logo\/image\/","url":"https:\/\/andyboy.wpengine.com\/wp-content\/uploads\/2015\/04\/AB-Banner-Logo-high-res.jpg","contentUrl":"https:\/\/andyboy.wpengine.com\/wp-content\/uploads\/2015\/04\/AB-Banner-Logo-high-res.jpg","width":1024,"height":403,"caption":"Andy Boy"},"image":{"@id":"https:\/\/www.andyboy.com\/#\/schema\/logo\/image\/"},"sameAs":["https:\/\/www.facebook.com\/AndyBoyProduce","https:\/\/x.com\/AndyBoyInc","https:\/\/instagram.com\/AndyBoyProduce\/","http:\/\/www.pinterest.com\/andyboyproduce\/"]}]}},"_links":{"self":[{"href":"https:\/\/www.andyboy.com\/es\/wp-json\/wp\/v2\/pages\/7992","targetHints":{"allow":["GET"]}}],"collection":[{"href":"https:\/\/www.andyboy.com\/es\/wp-json\/wp\/v2\/pages"}],"about":[{"href":"https:\/\/www.andyboy.com\/es\/wp-json\/wp\/v2\/types\/page"}],"author":[{"embeddable":true,"href":"https:\/\/www.andyboy.com\/es\/wp-json\/wp\/v2\/users\/1"}],"replies":[{"embeddable":true,"href":"https:\/\/www.andyboy.com\/es\/wp-json\/wp\/v2\/comments?post=7992"}],"version-history":[{"count":0,"href":"https:\/\/www.andyboy.com\/es\/wp-json\/wp\/v2\/pages\/7992\/revisions"}],"up":[{"embeddable":true,"href":"https:\/\/www.andyboy.com\/es\/wp-json\/wp\/v2\/pages\/7840"}],"wp:attachment":[{"href":"https:\/\/www.andyboy.com\/es\/wp-json\/wp\/v2\/media?parent=7992"}],"curies":[{"name":"wp","href":"https:\/\/api.w.org\/{rel}","templated":true}]}}