{"id":8002,"date":"2020-12-24T18:09:48","date_gmt":"2020-12-24T18:09:48","guid":{"rendered":"https:\/\/andyboy.wpengine.com\/productos\/lechuga-iceberg\/"},"modified":"2021-01-07T22:38:51","modified_gmt":"2021-01-07T22:38:51","slug":"lechuga-iceberg","status":"publish","type":"page","link":"https:\/\/www.andyboy.com\/es\/productos\/lechuga-iceberg\/","title":{"rendered":"Lechuga Iceberg"},"content":{"rendered":"<p><img decoding=\"async\" class=\"aligncenter wp-image-8003 size-full\" src=\"https:\/\/www.andyboy.com\/wp-content\/uploads\/2020\/07\/12-AB-Infographic-Iceberg-Lettuce.jpg\" alt=\"AB-Infograf\u00eda-Lechuga-Iceberg\" width=\"960\" height=\"700\" srcset=\"https:\/\/www.andyboy.com\/wp-content\/uploads\/2020\/07\/12-AB-Infographic-Iceberg-Lettuce.jpg 960w, https:\/\/www.andyboy.com\/wp-content\/uploads\/2020\/07\/12-AB-Infographic-Iceberg-Lettuce-600x438.jpg 600w\" sizes=\"(max-width: 960px) 100vw, 960px\" \/><\/p>\n<h3>Datos Crujientes<\/h3>\n<p>La lechuga iceberg recibe ese nombre por el hecho de que los productores de California la enviaban tapada por pilas de hielo picado en la d\u00e9cada de 1920. Antes se la conoc\u00eda como lechuga escarola.<\/p>\n<p>Los estadounidense comen unos 5 kg (11 libras) de lechuga al a\u00f1o por persona.<\/p>\n<p>Todas las lechugas son bajas en calor\u00edas y ricas en calcio, hierro y vitaminas A y C. Recuerde que las hojas de color verde oscuro contienen la mayor cantidad de nutrientes.<\/p>\n<p>La lechuga es una verdura pr\u00e1cticamente inmune a cualquier forma de conservaci\u00f3n. No se puede congelar, secar, enlatar ni encurtir.<\/p>\n<h3>Un Tema Nada Aburrido.<\/h3>\n<p>Los antiguos griegos cre\u00edan que la lechuga induc\u00eda el sue\u00f1o y, por eso, la serv\u00edan al final de las comidas. Los romanos continuaron con esta costumbre. Sin embargo, el dictador Emperador Domiciano (81-96 d.C.) la serv\u00eda al inicio de sus festividades, a fin poder torturar a sus invitados, que estaban obligados a permanecer despiertos en presencia del Emperador.<\/p>\n<h3>No es Solo Comida Para Conejos&#8230; \u00a1Hace bien!<\/h3>\n<p>La lechuga ayuda a la digesti\u00f3n y refuerza la salud del h\u00edgado. Tambi\u00e9n puede disminuir el riesgo de enfermedad card\u00edaca, apoplej\u00eda y cataratas. Otras investigaciones demuestran que ayuda a reducir el riesgo de c\u00e1ncer y que puede aliviar el insomnio de origen nervioso.<\/p>\n<h3>\u00a1A Mantener la Crujencia!<\/h3>\n<p>La lechuga es una verdura delicada y se debe tener mucho cuidado al seleccionarla y almacenarla. Al escoger las hojas, aseg\u00farese de que est\u00e9n frescas y crujientes, sin signos de marchitamiento, delgadez u oscurecimiento en forma de manchas o en los bordes. Recuerde que las hojas exteriores m\u00e1s oscuras de la lechuga son las m\u00e1s nutritivas. La lechuga tiende a conservarse bien en bolsas pl\u00e1sticas en el compartimiento para verduras. La lechuga iceberg se mantiene en forma \u00f3ptima y dura alrededor de dos semanas, en tanto la lechuga romana dura unos diez d\u00edas y la lechuga silvestre, alrededor de cuatro d\u00edas.<\/p>\n<h3>Detalles del Producto<\/h3>\n<ul>\n<li>Al escoger las hojas, aseg\u00farese de que est\u00e9n frescas y crujientes, sin signos de marchitamiento u oscurecimiento en forma de manchas o en los bordes.<\/li>\n<li>Tiene un sabor neutro y cruje, por lo cual es una opci\u00f3n refrescante para cuando hace calor.<\/li>\n<li>La lechuga iceberg se puede adaptar a muchas ensaladas y a otras recetas. Agregue una hoja de lechuga a su emparedado con ensalada de at\u00fan o pollo. Es una forma f\u00e1cil de aumentar un poco el aporte nutricional.<\/li>\n<\/ul>\n<div class=\"row\">\n<div class=\"col-6\">\n<h3>Ventajas<\/h3>\n<ul>\n<li>Producto con hojas de calidad superior<\/li>\n<li>Producto vers\u00e1til para muchas aplicaciones<\/li>\n<li>Disponibilidad durante todo el a\u00f1o<\/li>\n<li>Rico en vitaminas A, K y betacaroteno<\/li>\n<\/ul>\n<\/div>\n<div class=\"col-6\">\n<h3>Cuidado y Manipulaci\u00f3n<\/h3>\n<ul>\n<li>Refrigere de inmediato: 1 &#8211; 2 \u00b0C<\/li>\n<li>Lavar antes de comer<\/li>\n<\/ul>\n<\/div>\n<\/div>\n<table>\n<tbody>\n<tr>\n<th>PAQUETE<\/th>\n<th>CONFIGURACI\u00d3N DEL PALLET<\/th>\n<th>CAJA: L x A x P<\/th>\n<th>APILADAS\/ALTO<\/th>\n<\/tr>\n<tr>\n<td>Lechuga con envasado\/ revestimiento &#8211; 24 unid. \/ 30 unid.<\/td>\n<td>40 cajas por pallet<\/td>\n<td>59.4 x 31.1 x 27.1<\/td>\n<td>5\/8<\/td>\n<\/tr>\n<tr>\n<td>Bolsa gigante &#8211; 24 unid. \/ Export. 30 unid.<\/td>\n<td>35 cajas por pallet<\/td>\n<td>59.4 x 31.1 x 27.1<\/td>\n<td>5\/7<\/td>\n<\/tr>\n<tr>\n<td>Limpie y recorte. 4 bolsas\/ 6 cabezas por bolsa<\/td>\n<td>54 cajas por pallet<\/td>\n<td>49.7 x 39.6 x 24.6<\/td>\n<td>7\/8<\/td>\n<\/tr>\n<tr>\n<td>RPC 24 unid. \/ Revestimiento y envasado disponibles<\/td>\n<td>40 cajas por pallet<\/td>\n<td>59.9 x 40.1 x 29.2<\/td>\n<td>5\/8<\/td>\n<\/tr>\n<\/tbody>\n<\/table>\n<p style=\"text-align: center;\">\n","protected":false},"excerpt":{"rendered":"<p>Datos Crujientes La lechuga iceberg recibe ese nombre por el hecho de que los productores de California la enviaban tapada por pilas de hielo picado en la d\u00e9cada de 1920. Antes se la conoc\u00eda como lechuga escarola. Los estadounidense comen unos 5 kg (11 libras) de lechuga al a\u00f1o por persona. Todas las lechugas son [&#8230;]<\/p>\n","protected":false},"author":1,"featured_media":0,"parent":7446,"menu_order":0,"comment_status":"open","ping_status":"closed","template":"page-templates\/template-product-single.php","meta":{"_acf_changed":false,"_exactmetrics_skip_tracking":false,"_exactmetrics_sitenote_active":false,"_exactmetrics_sitenote_note":"","_exactmetrics_sitenote_category":0,"footnotes":"","_links_to":"","_links_to_target":""},"class_list":["post-8002","page","type-page","status-publish","hentry"],"acf":[],"yoast_head":"<!-- This site is optimized with the Yoast SEO plugin v27.4 - https:\/\/yoast.com\/product\/yoast-seo-wordpress\/ -->\n<title>Lechuga Iceberg - Andy Boy<\/title>\n<meta name=\"description\" content=\"Las lechugas de Andy Boy son bajas en calor\u00edas y ricas en calcio, hierro y vitaminas A y C. Disfrute las crujientes, refrescantes y nutritivas lechugas de Andy Boy.\u00a0\" \/>\n<meta name=\"robots\" content=\"index, follow, max-snippet:-1, max-image-preview:large, max-video-preview:-1\" \/>\n<link rel=\"canonical\" href=\"https:\/\/www.andyboy.com\/es\/productos\/lechuga-iceberg\/\" \/>\n<meta property=\"og:locale\" content=\"es_ES\" \/>\n<meta property=\"og:type\" content=\"article\" \/>\n<meta property=\"og:title\" content=\"Lechuga Iceberg - Andy Boy\" \/>\n<meta property=\"og:description\" content=\"Las lechugas de Andy Boy son bajas en calor\u00edas y ricas en calcio, hierro y vitaminas A y C. Disfrute las crujientes, refrescantes y nutritivas lechugas de Andy Boy.\u00a0\" \/>\n<meta property=\"og:url\" content=\"https:\/\/www.andyboy.com\/es\/productos\/lechuga-iceberg\/\" \/>\n<meta property=\"og:site_name\" content=\"Andy Boy\" \/>\n<meta property=\"article:publisher\" content=\"https:\/\/www.facebook.com\/AndyBoyProduce\" \/>\n<meta property=\"article:modified_time\" content=\"2021-01-07T22:38:51+00:00\" \/>\n<meta property=\"og:image\" content=\"https:\/\/andyboy.wpengine.com\/wp-content\/uploads\/2020\/07\/12-AB-Infographic-Iceberg-Lettuce.jpg\" \/>\n<meta name=\"twitter:label1\" content=\"Tiempo de lectura\" \/>\n\t<meta name=\"twitter:data1\" content=\"3 minutos\" \/>\n<script type=\"application\/ld+json\" class=\"yoast-schema-graph\">{\"@context\":\"https:\\\/\\\/schema.org\",\"@graph\":[{\"@type\":\"WebPage\",\"@id\":\"https:\\\/\\\/www.andyboy.com\\\/es\\\/productos\\\/lechuga-iceberg\\\/\",\"url\":\"https:\\\/\\\/www.andyboy.com\\\/es\\\/productos\\\/lechuga-iceberg\\\/\",\"name\":\"Lechuga Iceberg - Andy Boy\",\"isPartOf\":{\"@id\":\"https:\\\/\\\/www.andyboy.com\\\/#website\"},\"primaryImageOfPage\":{\"@id\":\"https:\\\/\\\/www.andyboy.com\\\/es\\\/productos\\\/lechuga-iceberg\\\/#primaryimage\"},\"image\":{\"@id\":\"https:\\\/\\\/www.andyboy.com\\\/es\\\/productos\\\/lechuga-iceberg\\\/#primaryimage\"},\"thumbnailUrl\":\"https:\\\/\\\/www.andyboy.com\\\/wp-content\\\/uploads\\\/2020\\\/07\\\/12-AB-Infographic-Iceberg-Lettuce.jpg\",\"datePublished\":\"2020-12-24T18:09:48+00:00\",\"dateModified\":\"2021-01-07T22:38:51+00:00\",\"description\":\"Las lechugas de Andy Boy son bajas en calor\u00edas y ricas en calcio, hierro y vitaminas A y C. Disfrute las crujientes, refrescantes y nutritivas lechugas de Andy Boy.\u00a0\",\"breadcrumb\":{\"@id\":\"https:\\\/\\\/www.andyboy.com\\\/es\\\/productos\\\/lechuga-iceberg\\\/#breadcrumb\"},\"inLanguage\":\"es\",\"potentialAction\":[{\"@type\":\"ReadAction\",\"target\":[\"https:\\\/\\\/www.andyboy.com\\\/es\\\/productos\\\/lechuga-iceberg\\\/\"]}]},{\"@type\":\"ImageObject\",\"inLanguage\":\"es\",\"@id\":\"https:\\\/\\\/www.andyboy.com\\\/es\\\/productos\\\/lechuga-iceberg\\\/#primaryimage\",\"url\":\"https:\\\/\\\/www.andyboy.com\\\/wp-content\\\/uploads\\\/2020\\\/07\\\/12-AB-Infographic-Iceberg-Lettuce.jpg\",\"contentUrl\":\"https:\\\/\\\/www.andyboy.com\\\/wp-content\\\/uploads\\\/2020\\\/07\\\/12-AB-Infographic-Iceberg-Lettuce.jpg\"},{\"@type\":\"BreadcrumbList\",\"@id\":\"https:\\\/\\\/www.andyboy.com\\\/es\\\/productos\\\/lechuga-iceberg\\\/#breadcrumb\",\"itemListElement\":[{\"@type\":\"ListItem\",\"position\":1,\"name\":\"Home\",\"item\":\"https:\\\/\\\/www.andyboy.com\\\/es\\\/\"},{\"@type\":\"ListItem\",\"position\":2,\"name\":\"Productos\",\"item\":\"https:\\\/\\\/www.andyboy.com\\\/es\\\/productos\\\/\"},{\"@type\":\"ListItem\",\"position\":3,\"name\":\"Lechuga Iceberg\"}]},{\"@type\":\"WebSite\",\"@id\":\"https:\\\/\\\/www.andyboy.com\\\/#website\",\"url\":\"https:\\\/\\\/www.andyboy.com\\\/\",\"name\":\"Andy Boy\",\"description\":\"\",\"publisher\":{\"@id\":\"https:\\\/\\\/www.andyboy.com\\\/#organization\"},\"potentialAction\":[{\"@type\":\"SearchAction\",\"target\":{\"@type\":\"EntryPoint\",\"urlTemplate\":\"https:\\\/\\\/www.andyboy.com\\\/?s={search_term_string}\"},\"query-input\":{\"@type\":\"PropertyValueSpecification\",\"valueRequired\":true,\"valueName\":\"search_term_string\"}}],\"inLanguage\":\"es\"},{\"@type\":\"Organization\",\"@id\":\"https:\\\/\\\/www.andyboy.com\\\/#organization\",\"name\":\"Andy Boy\",\"url\":\"https:\\\/\\\/www.andyboy.com\\\/\",\"logo\":{\"@type\":\"ImageObject\",\"inLanguage\":\"es\",\"@id\":\"https:\\\/\\\/www.andyboy.com\\\/#\\\/schema\\\/logo\\\/image\\\/\",\"url\":\"https:\\\/\\\/andyboy.wpengine.com\\\/wp-content\\\/uploads\\\/2015\\\/04\\\/AB-Banner-Logo-high-res.jpg\",\"contentUrl\":\"https:\\\/\\\/andyboy.wpengine.com\\\/wp-content\\\/uploads\\\/2015\\\/04\\\/AB-Banner-Logo-high-res.jpg\",\"width\":1024,\"height\":403,\"caption\":\"Andy Boy\"},\"image\":{\"@id\":\"https:\\\/\\\/www.andyboy.com\\\/#\\\/schema\\\/logo\\\/image\\\/\"},\"sameAs\":[\"https:\\\/\\\/www.facebook.com\\\/AndyBoyProduce\",\"https:\\\/\\\/x.com\\\/AndyBoyInc\",\"https:\\\/\\\/instagram.com\\\/AndyBoyProduce\\\/\",\"http:\\\/\\\/www.pinterest.com\\\/andyboyproduce\\\/\"]}]}<\/script>\n<!-- \/ Yoast SEO plugin. -->","yoast_head_json":{"title":"Lechuga Iceberg - Andy Boy","description":"Las lechugas de Andy Boy son bajas en calor\u00edas y ricas en calcio, hierro y vitaminas A y C. Disfrute las crujientes, refrescantes y nutritivas lechugas de Andy Boy.\u00a0","robots":{"index":"index","follow":"follow","max-snippet":"max-snippet:-1","max-image-preview":"max-image-preview:large","max-video-preview":"max-video-preview:-1"},"canonical":"https:\/\/www.andyboy.com\/es\/productos\/lechuga-iceberg\/","og_locale":"es_ES","og_type":"article","og_title":"Lechuga Iceberg - Andy Boy","og_description":"Las lechugas de Andy Boy son bajas en calor\u00edas y ricas en calcio, hierro y vitaminas A y C. Disfrute las crujientes, refrescantes y nutritivas lechugas de Andy Boy.\u00a0","og_url":"https:\/\/www.andyboy.com\/es\/productos\/lechuga-iceberg\/","og_site_name":"Andy Boy","article_publisher":"https:\/\/www.facebook.com\/AndyBoyProduce","article_modified_time":"2021-01-07T22:38:51+00:00","og_image":[{"url":"https:\/\/andyboy.wpengine.com\/wp-content\/uploads\/2020\/07\/12-AB-Infographic-Iceberg-Lettuce.jpg","type":"","width":"","height":""}],"twitter_misc":{"Tiempo de lectura":"3 minutos"},"schema":{"@context":"https:\/\/schema.org","@graph":[{"@type":"WebPage","@id":"https:\/\/www.andyboy.com\/es\/productos\/lechuga-iceberg\/","url":"https:\/\/www.andyboy.com\/es\/productos\/lechuga-iceberg\/","name":"Lechuga Iceberg - Andy Boy","isPartOf":{"@id":"https:\/\/www.andyboy.com\/#website"},"primaryImageOfPage":{"@id":"https:\/\/www.andyboy.com\/es\/productos\/lechuga-iceberg\/#primaryimage"},"image":{"@id":"https:\/\/www.andyboy.com\/es\/productos\/lechuga-iceberg\/#primaryimage"},"thumbnailUrl":"https:\/\/www.andyboy.com\/wp-content\/uploads\/2020\/07\/12-AB-Infographic-Iceberg-Lettuce.jpg","datePublished":"2020-12-24T18:09:48+00:00","dateModified":"2021-01-07T22:38:51+00:00","description":"Las lechugas de Andy Boy son bajas en calor\u00edas y ricas en calcio, hierro y vitaminas A y C. Disfrute las crujientes, refrescantes y nutritivas lechugas de Andy Boy.\u00a0","breadcrumb":{"@id":"https:\/\/www.andyboy.com\/es\/productos\/lechuga-iceberg\/#breadcrumb"},"inLanguage":"es","potentialAction":[{"@type":"ReadAction","target":["https:\/\/www.andyboy.com\/es\/productos\/lechuga-iceberg\/"]}]},{"@type":"ImageObject","inLanguage":"es","@id":"https:\/\/www.andyboy.com\/es\/productos\/lechuga-iceberg\/#primaryimage","url":"https:\/\/www.andyboy.com\/wp-content\/uploads\/2020\/07\/12-AB-Infographic-Iceberg-Lettuce.jpg","contentUrl":"https:\/\/www.andyboy.com\/wp-content\/uploads\/2020\/07\/12-AB-Infographic-Iceberg-Lettuce.jpg"},{"@type":"BreadcrumbList","@id":"https:\/\/www.andyboy.com\/es\/productos\/lechuga-iceberg\/#breadcrumb","itemListElement":[{"@type":"ListItem","position":1,"name":"Home","item":"https:\/\/www.andyboy.com\/es\/"},{"@type":"ListItem","position":2,"name":"Productos","item":"https:\/\/www.andyboy.com\/es\/productos\/"},{"@type":"ListItem","position":3,"name":"Lechuga Iceberg"}]},{"@type":"WebSite","@id":"https:\/\/www.andyboy.com\/#website","url":"https:\/\/www.andyboy.com\/","name":"Andy Boy","description":"","publisher":{"@id":"https:\/\/www.andyboy.com\/#organization"},"potentialAction":[{"@type":"SearchAction","target":{"@type":"EntryPoint","urlTemplate":"https:\/\/www.andyboy.com\/?s={search_term_string}"},"query-input":{"@type":"PropertyValueSpecification","valueRequired":true,"valueName":"search_term_string"}}],"inLanguage":"es"},{"@type":"Organization","@id":"https:\/\/www.andyboy.com\/#organization","name":"Andy Boy","url":"https:\/\/www.andyboy.com\/","logo":{"@type":"ImageObject","inLanguage":"es","@id":"https:\/\/www.andyboy.com\/#\/schema\/logo\/image\/","url":"https:\/\/andyboy.wpengine.com\/wp-content\/uploads\/2015\/04\/AB-Banner-Logo-high-res.jpg","contentUrl":"https:\/\/andyboy.wpengine.com\/wp-content\/uploads\/2015\/04\/AB-Banner-Logo-high-res.jpg","width":1024,"height":403,"caption":"Andy Boy"},"image":{"@id":"https:\/\/www.andyboy.com\/#\/schema\/logo\/image\/"},"sameAs":["https:\/\/www.facebook.com\/AndyBoyProduce","https:\/\/x.com\/AndyBoyInc","https:\/\/instagram.com\/AndyBoyProduce\/","http:\/\/www.pinterest.com\/andyboyproduce\/"]}]}},"_links":{"self":[{"href":"https:\/\/www.andyboy.com\/es\/wp-json\/wp\/v2\/pages\/8002","targetHints":{"allow":["GET"]}}],"collection":[{"href":"https:\/\/www.andyboy.com\/es\/wp-json\/wp\/v2\/pages"}],"about":[{"href":"https:\/\/www.andyboy.com\/es\/wp-json\/wp\/v2\/types\/page"}],"author":[{"embeddable":true,"href":"https:\/\/www.andyboy.com\/es\/wp-json\/wp\/v2\/users\/1"}],"replies":[{"embeddable":true,"href":"https:\/\/www.andyboy.com\/es\/wp-json\/wp\/v2\/comments?post=8002"}],"version-history":[{"count":0,"href":"https:\/\/www.andyboy.com\/es\/wp-json\/wp\/v2\/pages\/8002\/revisions"}],"up":[{"embeddable":true,"href":"https:\/\/www.andyboy.com\/es\/wp-json\/wp\/v2\/pages\/7446"}],"wp:attachment":[{"href":"https:\/\/www.andyboy.com\/es\/wp-json\/wp\/v2\/media?parent=8002"}],"curies":[{"name":"wp","href":"https:\/\/api.w.org\/{rel}","templated":true}]}}