{"id":8035,"date":"2020-12-24T18:11:01","date_gmt":"2020-12-24T18:11:01","guid":{"rendered":"https:\/\/andyboy.wpengine.com\/la-empresa\/bienestar-de-los-empleados\/"},"modified":"2021-02-24T22:29:42","modified_gmt":"2021-02-24T22:29:42","slug":"bienestar-de-los-empleados","status":"publish","type":"page","link":"https:\/\/www.andyboy.com\/es\/la-empresa\/bienestar-de-los-empleados\/","title":{"rendered":"Bienestar De Los Empleados"},"content":{"rendered":"<p><img decoding=\"async\" class=\"wp-image-8036 aligncenter\" src=\"https:\/\/www.andyboy.com\/wp-content\/uploads\/2019\/06\/UFW-Signing-Photo.png\" alt=\"\" width=\"661\" height=\"495\" \/><\/p>\n<p style=\"text-align: center;\"><em>De izquierda a derecha: Arturo S. Rodr\u00edguez, presidente de UFW y John D\u2019Arrigo, director ejecutivo\/presidente de D\u2019Arrigo California y presidente de la Junta Directiva.<\/em><\/p>\n<p><strong>D\u2019Arrigo California firma un nuevo contrato sindical con United Farm Workers<\/strong> <\/p>\n<p>SALINAS, CA (28 de junio de 2018): El presidente de D\u2019Arrigo California John D\u2019Arrigo y el presidente de United Farm Workers (UFW) Arturo S. Rodr\u00edguez firmaron un nuevo contrato sindical que beneficiar\u00e1 a m\u00e1s de 1,500 miembros de UFW. <\/p>\n<p>Rodr\u00edguez afirm\u00f3: \u201cEs otro cap\u00edtulo en la relaci\u00f3n entre UFW y D\u2019Arrigo California. Expres\u00f3 que el plan de seguro de salud, tambi\u00e9n conocido como Robert F. Kennedy (RFK) Medical Plan, proporcionar\u00e1 prestaciones familiares m\u00e9dicas, dentales y oftalmol\u00f3gicas a los trabajadores agr\u00edcolas y es pagado completamente por la empresa. El Plan RFK se cre\u00f3 en 1968 espec\u00edficamente para los trabajadores agr\u00edcolas y sus familias. \u201cCreo que es sumamente importante que ellos puedan tener y saber que tienen ese tipo de seguro\u201d, dijo Rodr\u00edguez. <\/p>\n<p>John D\u2019Arrigo indic\u00f3, \u201cambas partes han iniciado una nueva era en la relaci\u00f3n laboral y saben que los trabajadores agr\u00edcolas necesitan cuidados. Se espera que esa inversi\u00f3n se refleje en personas que quieran trabajar aqu\u00ed la temporada completa\u201d, afirm\u00f3 D\u2019Arrigo. \u201cPaguemos un mayor salario, demostr\u00e9mosles su valor. Atraer y retener, eso es lo esencial. Y el sindicato y yo nos dimos cuenta de que debemos unirnos, que no debemos estar peleando\u201d. <\/p>\n<p>Los empleados tambi\u00e9n recibir\u00e1n aumentos de salario por hora y productividad, lo que los deja entre los trabajadores mejor pagados de la industria agr\u00edcola. La tarifa de pago de incentivo y por caja aumentar\u00e1 en un 3 % en el primer a\u00f1o, 3 % en el segundo a\u00f1o y 2.5 % en el tercer a\u00f1o. <\/p>\n<p>El convenio tambi\u00e9n incluye seis d\u00edas de vacaciones pagadas al a\u00f1o y otras mejoras contractuales. Adem\u00e1s, a los cargadores y operadores de maquinaria que utilizan sus veh\u00edculos personales se les pagar\u00e1 el tiempo de desplazamiento a 50 centavos por milla. <\/p>\n<p>D\u2019Arrigo afirm\u00f3: \u201cCon suerte, las personas van a comenzar a pensar en c\u00f3mo pueden invertir en su fuerza laboral y en la viabilidad de la empresa\u201d. Cree que la mayor\u00eda de las personas piensa en formas de mejorar su empresa, pero la firma del contrato sindical deber\u00eda iniciar una peque\u00f1a ola en la industria agr\u00edcola. \u201cMarca un antes y un despu\u00e9s\u201d, dijo D\u2019Arrigo. <\/p>\n<p>De acuerdo con un comunicado de prensa emitido por RFK Medical Plan, ning\u00fan otro empleador que participa en el negocio del cultivo y procesamiento de verduras ofrece prestaciones tan generosas a sus empleados. Tambi\u00e9n se\u00f1al\u00f3 que D\u2019Arrigo California paga una tarifa mensual muy competitiva por empleado por las prestaciones, que suelen superar los $2,000 d\u00f3lares al mes. <\/p>\n<p>D\u2019Arrigo California tambi\u00e9n da empleo a cerca de 350 personas en Imperial Valley que est\u00e1n incluidas en el contrato y los cosechadores calificar\u00e1n para recibir un bono despu\u00e9s de 500 horas de trabajo en lugar de 700 horas. <\/p>\n<p>\u201cEstar dispuestos a hacer semejante inversi\u00f3n en sus empleados es una verdadera demostraci\u00f3n del valor que John D\u2019Arrigo le asigna a sus empleados\u201d, expres\u00f3 Rodr\u00edguez.<\/p>\n<p>\u00a0<\/p>\n<p style=\"text-align:center;\"><a href=\"https:\/\/www.youtube.com\/watch?v=T6dsgNY7UrM&#038;feature=youtu.be\" data-rel=\"lightbox-video\" class=\"rl-gallery-link\">Firma del contrato con United Farm Workers<img decoding=\"async\" width=\"600\" height=\"338\" src=\"https:\/\/www.andyboy.com\/wp-content\/uploads\/2020\/10\/UFWContract-thumb-600x338.jpg\" alt=\"\" class=\"aligncenter size-medium wp-image-8039\" srcset=\"https:\/\/www.andyboy.com\/wp-content\/uploads\/2020\/10\/UFWContract-thumb-600x338.jpg 600w, https:\/\/www.andyboy.com\/wp-content\/uploads\/2020\/10\/UFWContract-thumb-1024x576.jpg 1024w, https:\/\/www.andyboy.com\/wp-content\/uploads\/2020\/10\/UFWContract-thumb.jpg 1358w\" sizes=\"(max-width: 600px) 100vw, 600px\" \/><\/a><\/p>\n<p><script>jQuery(document).ready(function($) { $(\".togglelist\" ).click(function() { $( \"#list\" ).toggle( \"slow\");}); }); <\/script><\/p>\n<p><span class=\"spec-btn togglelist\" style=\"display: block; max-width: 80%; border-color: #fff; cursor: pointer; margin: 2em auto 0 auto;\" role=\"button\">\u2022 Haga clic aqu\u00ed para ver m\u00e1s organizaciones apoyadas por los empleados de D\u2019Arrigo California y la empresa \u2022<\/span><\/p>\n<div id=\"list\" style=\"display: none; border: 4px solid #00A886; background: #efefef; padding: 0.5em 1em; margin: 1em auto; max-width: 80%;\">\n<ul>\n<li>Alliance on Aging<\/li>\n<li>Boy Scouts of America<\/li>\n<li>Breast Cancer Research Foundation<\/li>\n<li>California Ag Leadership<\/li>\n<li>California International Airshow<\/li>\n<li>California Rodeo Salinas<\/li>\n<li>California Women for Agriculture<\/li>\n<li>Children\u2019s Hospice Care Coalition<\/li>\n<li>Dorothy\u2019s Place<\/li>\n<li>First Tee of Monterey County<\/li>\n<li>Food Bank of Monterey County<\/li>\n<li>Hartnell College Foundation<\/li>\n<li>Kinship Center<\/li>\n<li>Legal Services for Seniors<\/li>\n<li>Meals on Wheels<\/li>\n<li>Monterey County Historical Society<\/li>\n<li>National Steinbeck Center<\/li>\n<li>Salinas Rotary<\/li>\n<li>Salinas Sports Complex<\/li>\n<li>Salinas Valley Memorial Health Care System<\/li>\n<li>Steinbeck House<\/li>\n<li>Sun Street Center<\/li>\n<li>Tatum\u2019s Garden<\/li>\n<li>Voices for Children CASA of Monterey County<\/li>\n<li>Young Life<\/li>\n<\/ul>\n<p>*Lista parcial<\/p>\n<\/div>\n<p>\u00a0<\/p>\n","protected":false},"excerpt":{"rendered":"<p>De izquierda a derecha: Arturo S. Rodr\u00edguez, presidente de UFW y John D\u2019Arrigo, director ejecutivo\/presidente de D\u2019Arrigo California y presidente de la Junta Directiva. D\u2019Arrigo California firma un nuevo contrato sindical con United Farm Workers SALINAS, CA (28 de junio de 2018): El presidente de D\u2019Arrigo California John D\u2019Arrigo y el presidente de United Farm [&#8230;]<\/p>\n","protected":false},"author":7,"featured_media":0,"parent":7101,"menu_order":5,"comment_status":"closed","ping_status":"closed","template":"","meta":{"_acf_changed":false,"_exactmetrics_skip_tracking":false,"_exactmetrics_sitenote_active":false,"_exactmetrics_sitenote_note":"","_exactmetrics_sitenote_category":0,"footnotes":"","_links_to":"","_links_to_target":""},"class_list":["post-8035","page","type-page","status-publish","hentry"],"acf":[],"yoast_head":"<!-- This site is optimized with the Yoast SEO plugin v27.4 - https:\/\/yoast.com\/product\/yoast-seo-wordpress\/ -->\n<title>Bienestar De Los Empleados - Andy Boy<\/title>\n<meta name=\"robots\" content=\"index, follow, max-snippet:-1, max-image-preview:large, max-video-preview:-1\" \/>\n<link rel=\"canonical\" href=\"https:\/\/www.andyboy.com\/es\/la-empresa\/bienestar-de-los-empleados\/\" \/>\n<meta property=\"og:locale\" content=\"es_ES\" \/>\n<meta property=\"og:type\" content=\"article\" \/>\n<meta property=\"og:title\" content=\"Bienestar De Los Empleados - Andy Boy\" \/>\n<meta property=\"og:description\" content=\"De izquierda a derecha: Arturo S. Rodr\u00edguez, presidente de UFW y John D\u2019Arrigo, director ejecutivo\/presidente de D\u2019Arrigo California y presidente de la Junta Directiva. D\u2019Arrigo California firma un nuevo contrato sindical con United Farm Workers SALINAS, CA (28 de junio de 2018): El presidente de D\u2019Arrigo California John D\u2019Arrigo y el presidente de United Farm [...]\" \/>\n<meta property=\"og:url\" content=\"https:\/\/www.andyboy.com\/es\/la-empresa\/bienestar-de-los-empleados\/\" \/>\n<meta property=\"og:site_name\" content=\"Andy Boy\" \/>\n<meta property=\"article:publisher\" content=\"https:\/\/www.facebook.com\/AndyBoyProduce\" \/>\n<meta property=\"article:modified_time\" content=\"2021-02-24T22:29:42+00:00\" \/>\n<meta property=\"og:image\" content=\"https:\/\/andyboy.wpengine.com\/wp-content\/uploads\/2019\/06\/UFW-Signing-Photo.png\" \/>\n<meta name=\"twitter:label1\" content=\"Tiempo de lectura\" \/>\n\t<meta name=\"twitter:data1\" content=\"3 minutos\" \/>\n<script type=\"application\/ld+json\" class=\"yoast-schema-graph\">{\"@context\":\"https:\\\/\\\/schema.org\",\"@graph\":[{\"@type\":\"WebPage\",\"@id\":\"https:\\\/\\\/www.andyboy.com\\\/es\\\/la-empresa\\\/bienestar-de-los-empleados\\\/\",\"url\":\"https:\\\/\\\/www.andyboy.com\\\/es\\\/la-empresa\\\/bienestar-de-los-empleados\\\/\",\"name\":\"Bienestar De Los Empleados - Andy Boy\",\"isPartOf\":{\"@id\":\"https:\\\/\\\/www.andyboy.com\\\/#website\"},\"primaryImageOfPage\":{\"@id\":\"https:\\\/\\\/www.andyboy.com\\\/es\\\/la-empresa\\\/bienestar-de-los-empleados\\\/#primaryimage\"},\"image\":{\"@id\":\"https:\\\/\\\/www.andyboy.com\\\/es\\\/la-empresa\\\/bienestar-de-los-empleados\\\/#primaryimage\"},\"thumbnailUrl\":\"https:\\\/\\\/www.andyboy.com\\\/wp-content\\\/uploads\\\/2019\\\/06\\\/UFW-Signing-Photo.png\",\"datePublished\":\"2020-12-24T18:11:01+00:00\",\"dateModified\":\"2021-02-24T22:29:42+00:00\",\"breadcrumb\":{\"@id\":\"https:\\\/\\\/www.andyboy.com\\\/es\\\/la-empresa\\\/bienestar-de-los-empleados\\\/#breadcrumb\"},\"inLanguage\":\"es\",\"potentialAction\":[{\"@type\":\"ReadAction\",\"target\":[\"https:\\\/\\\/www.andyboy.com\\\/es\\\/la-empresa\\\/bienestar-de-los-empleados\\\/\"]}]},{\"@type\":\"ImageObject\",\"inLanguage\":\"es\",\"@id\":\"https:\\\/\\\/www.andyboy.com\\\/es\\\/la-empresa\\\/bienestar-de-los-empleados\\\/#primaryimage\",\"url\":\"https:\\\/\\\/www.andyboy.com\\\/wp-content\\\/uploads\\\/2019\\\/06\\\/UFW-Signing-Photo.png\",\"contentUrl\":\"https:\\\/\\\/www.andyboy.com\\\/wp-content\\\/uploads\\\/2019\\\/06\\\/UFW-Signing-Photo.png\"},{\"@type\":\"BreadcrumbList\",\"@id\":\"https:\\\/\\\/www.andyboy.com\\\/es\\\/la-empresa\\\/bienestar-de-los-empleados\\\/#breadcrumb\",\"itemListElement\":[{\"@type\":\"ListItem\",\"position\":1,\"name\":\"Home\",\"item\":\"https:\\\/\\\/www.andyboy.com\\\/es\\\/\"},{\"@type\":\"ListItem\",\"position\":2,\"name\":\"La Empresa\",\"item\":\"https:\\\/\\\/www.andyboy.com\\\/es\\\/la-empresa\\\/\"},{\"@type\":\"ListItem\",\"position\":3,\"name\":\"Bienestar De Los Empleados\"}]},{\"@type\":\"WebSite\",\"@id\":\"https:\\\/\\\/www.andyboy.com\\\/#website\",\"url\":\"https:\\\/\\\/www.andyboy.com\\\/\",\"name\":\"Andy Boy\",\"description\":\"\",\"publisher\":{\"@id\":\"https:\\\/\\\/www.andyboy.com\\\/#organization\"},\"potentialAction\":[{\"@type\":\"SearchAction\",\"target\":{\"@type\":\"EntryPoint\",\"urlTemplate\":\"https:\\\/\\\/www.andyboy.com\\\/?s={search_term_string}\"},\"query-input\":{\"@type\":\"PropertyValueSpecification\",\"valueRequired\":true,\"valueName\":\"search_term_string\"}}],\"inLanguage\":\"es\"},{\"@type\":\"Organization\",\"@id\":\"https:\\\/\\\/www.andyboy.com\\\/#organization\",\"name\":\"Andy Boy\",\"url\":\"https:\\\/\\\/www.andyboy.com\\\/\",\"logo\":{\"@type\":\"ImageObject\",\"inLanguage\":\"es\",\"@id\":\"https:\\\/\\\/www.andyboy.com\\\/#\\\/schema\\\/logo\\\/image\\\/\",\"url\":\"https:\\\/\\\/andyboy.wpengine.com\\\/wp-content\\\/uploads\\\/2015\\\/04\\\/AB-Banner-Logo-high-res.jpg\",\"contentUrl\":\"https:\\\/\\\/andyboy.wpengine.com\\\/wp-content\\\/uploads\\\/2015\\\/04\\\/AB-Banner-Logo-high-res.jpg\",\"width\":1024,\"height\":403,\"caption\":\"Andy Boy\"},\"image\":{\"@id\":\"https:\\\/\\\/www.andyboy.com\\\/#\\\/schema\\\/logo\\\/image\\\/\"},\"sameAs\":[\"https:\\\/\\\/www.facebook.com\\\/AndyBoyProduce\",\"https:\\\/\\\/x.com\\\/AndyBoyInc\",\"https:\\\/\\\/instagram.com\\\/AndyBoyProduce\\\/\",\"http:\\\/\\\/www.pinterest.com\\\/andyboyproduce\\\/\"]}]}<\/script>\n<!-- \/ Yoast SEO plugin. -->","yoast_head_json":{"title":"Bienestar De Los Empleados - Andy Boy","robots":{"index":"index","follow":"follow","max-snippet":"max-snippet:-1","max-image-preview":"max-image-preview:large","max-video-preview":"max-video-preview:-1"},"canonical":"https:\/\/www.andyboy.com\/es\/la-empresa\/bienestar-de-los-empleados\/","og_locale":"es_ES","og_type":"article","og_title":"Bienestar De Los Empleados - Andy Boy","og_description":"De izquierda a derecha: Arturo S. Rodr\u00edguez, presidente de UFW y John D\u2019Arrigo, director ejecutivo\/presidente de D\u2019Arrigo California y presidente de la Junta Directiva. D\u2019Arrigo California firma un nuevo contrato sindical con United Farm Workers SALINAS, CA (28 de junio de 2018): El presidente de D\u2019Arrigo California John D\u2019Arrigo y el presidente de United Farm [...]","og_url":"https:\/\/www.andyboy.com\/es\/la-empresa\/bienestar-de-los-empleados\/","og_site_name":"Andy Boy","article_publisher":"https:\/\/www.facebook.com\/AndyBoyProduce","article_modified_time":"2021-02-24T22:29:42+00:00","og_image":[{"url":"https:\/\/andyboy.wpengine.com\/wp-content\/uploads\/2019\/06\/UFW-Signing-Photo.png","type":"","width":"","height":""}],"twitter_misc":{"Tiempo de lectura":"3 minutos"},"schema":{"@context":"https:\/\/schema.org","@graph":[{"@type":"WebPage","@id":"https:\/\/www.andyboy.com\/es\/la-empresa\/bienestar-de-los-empleados\/","url":"https:\/\/www.andyboy.com\/es\/la-empresa\/bienestar-de-los-empleados\/","name":"Bienestar De Los Empleados - Andy Boy","isPartOf":{"@id":"https:\/\/www.andyboy.com\/#website"},"primaryImageOfPage":{"@id":"https:\/\/www.andyboy.com\/es\/la-empresa\/bienestar-de-los-empleados\/#primaryimage"},"image":{"@id":"https:\/\/www.andyboy.com\/es\/la-empresa\/bienestar-de-los-empleados\/#primaryimage"},"thumbnailUrl":"https:\/\/www.andyboy.com\/wp-content\/uploads\/2019\/06\/UFW-Signing-Photo.png","datePublished":"2020-12-24T18:11:01+00:00","dateModified":"2021-02-24T22:29:42+00:00","breadcrumb":{"@id":"https:\/\/www.andyboy.com\/es\/la-empresa\/bienestar-de-los-empleados\/#breadcrumb"},"inLanguage":"es","potentialAction":[{"@type":"ReadAction","target":["https:\/\/www.andyboy.com\/es\/la-empresa\/bienestar-de-los-empleados\/"]}]},{"@type":"ImageObject","inLanguage":"es","@id":"https:\/\/www.andyboy.com\/es\/la-empresa\/bienestar-de-los-empleados\/#primaryimage","url":"https:\/\/www.andyboy.com\/wp-content\/uploads\/2019\/06\/UFW-Signing-Photo.png","contentUrl":"https:\/\/www.andyboy.com\/wp-content\/uploads\/2019\/06\/UFW-Signing-Photo.png"},{"@type":"BreadcrumbList","@id":"https:\/\/www.andyboy.com\/es\/la-empresa\/bienestar-de-los-empleados\/#breadcrumb","itemListElement":[{"@type":"ListItem","position":1,"name":"Home","item":"https:\/\/www.andyboy.com\/es\/"},{"@type":"ListItem","position":2,"name":"La Empresa","item":"https:\/\/www.andyboy.com\/es\/la-empresa\/"},{"@type":"ListItem","position":3,"name":"Bienestar De Los Empleados"}]},{"@type":"WebSite","@id":"https:\/\/www.andyboy.com\/#website","url":"https:\/\/www.andyboy.com\/","name":"Andy Boy","description":"","publisher":{"@id":"https:\/\/www.andyboy.com\/#organization"},"potentialAction":[{"@type":"SearchAction","target":{"@type":"EntryPoint","urlTemplate":"https:\/\/www.andyboy.com\/?s={search_term_string}"},"query-input":{"@type":"PropertyValueSpecification","valueRequired":true,"valueName":"search_term_string"}}],"inLanguage":"es"},{"@type":"Organization","@id":"https:\/\/www.andyboy.com\/#organization","name":"Andy Boy","url":"https:\/\/www.andyboy.com\/","logo":{"@type":"ImageObject","inLanguage":"es","@id":"https:\/\/www.andyboy.com\/#\/schema\/logo\/image\/","url":"https:\/\/andyboy.wpengine.com\/wp-content\/uploads\/2015\/04\/AB-Banner-Logo-high-res.jpg","contentUrl":"https:\/\/andyboy.wpengine.com\/wp-content\/uploads\/2015\/04\/AB-Banner-Logo-high-res.jpg","width":1024,"height":403,"caption":"Andy Boy"},"image":{"@id":"https:\/\/www.andyboy.com\/#\/schema\/logo\/image\/"},"sameAs":["https:\/\/www.facebook.com\/AndyBoyProduce","https:\/\/x.com\/AndyBoyInc","https:\/\/instagram.com\/AndyBoyProduce\/","http:\/\/www.pinterest.com\/andyboyproduce\/"]}]}},"_links":{"self":[{"href":"https:\/\/www.andyboy.com\/es\/wp-json\/wp\/v2\/pages\/8035","targetHints":{"allow":["GET"]}}],"collection":[{"href":"https:\/\/www.andyboy.com\/es\/wp-json\/wp\/v2\/pages"}],"about":[{"href":"https:\/\/www.andyboy.com\/es\/wp-json\/wp\/v2\/types\/page"}],"author":[{"embeddable":true,"href":"https:\/\/www.andyboy.com\/es\/wp-json\/wp\/v2\/users\/7"}],"replies":[{"embeddable":true,"href":"https:\/\/www.andyboy.com\/es\/wp-json\/wp\/v2\/comments?post=8035"}],"version-history":[{"count":0,"href":"https:\/\/www.andyboy.com\/es\/wp-json\/wp\/v2\/pages\/8035\/revisions"}],"up":[{"embeddable":true,"href":"https:\/\/www.andyboy.com\/es\/wp-json\/wp\/v2\/pages\/7101"}],"wp:attachment":[{"href":"https:\/\/www.andyboy.com\/es\/wp-json\/wp\/v2\/media?parent=8035"}],"curies":[{"name":"wp","href":"https:\/\/api.w.org\/{rel}","templated":true}]}}