{"id":8046,"date":"2020-12-24T18:11:36","date_gmt":"2020-12-24T18:11:36","guid":{"rendered":"https:\/\/andyboy.wpengine.com\/responsabilidad-social\/filantropia\/"},"modified":"2021-02-25T16:20:34","modified_gmt":"2021-02-25T16:20:34","slug":"filantropia","status":"publish","type":"page","link":"https:\/\/www.andyboy.com\/es\/responsabilidad-social\/filantropia\/","title":{"rendered":"Filantrop\u00eda"},"content":{"rendered":"<div class=\"row\">\n<div class=\"col-6\">\n<p><strong>D\u2019Arrigo California<\/strong> y nuestros empleados apoyan constantemente a organizaciones filantr\u00f3picas para retribuir a la comunidad. <\/p>\n<p>Desde 1999, D&#8217;Arrigo es un orgulloso socio y patrocinador de la <a href=\"https:\/\/www.bcrf.org\/\" target=\"_blank\" rel=\"noopener noreferrer\"><strong>Breast Cancer Research Foundation<\/strong><\/a> y ha aportado m\u00e1s de $2 millones de d\u00f3lares a encontrar una cura. <\/p>\n<p>Tenemos una asociaci\u00f3n con <a href=\"https:\/\/www.ranchocieloyc.org\/\" target=\"_blank\" rel=\"noopener noreferrer\"><strong>Rancho Cielo Youth Campus<\/strong><\/a> para ofrecer un ambiente seguro donde llevar a cabo programas y servicios para que j\u00f3venes en riesgo aprendan nuevas habilidades y se conviertan en ciudadanos responsables. Apoyamos a nuestra <a href=\"https:\/\/www.ymca.net\/\" target=\"_blank\" rel=\"noopener noreferrer\"><strong>YMCA<\/strong><\/a> local para fomentar los principios cristianos a trav\u00e9s de programas que desarrollan un esp\u00edritu, mente y cuerpo saludables. <\/p>\n<p>Apoyamos decididamente a las escuelas, colegios comunitarios, universidades locales y a <a href=\"https:\/\/www.bgcmc.org\/\" target=\"_blank\" rel=\"noopener noreferrer\"><strong>Boys and Girls Clubs of Monterey County<\/strong><\/a><\/p>\n<\/div>\n<div class=\"col-6\">\n<p><span style=\"font-size: 1em;\">La empresa y nuestros empleados apoyan constantemente a <\/span><a style=\"font-size: 1em;\" href=\"https:\/\/www.unitedwaymcca.org\/\" target=\"_blank\" rel=\"noopener noreferrer\"><strong>United Way de Monterey County<\/strong><\/a><span style=\"font-size: 1em;\"> y al evento <\/span><a style=\"font-size: 1em;\" href=\"https:\/\/secure.acsevents.org\/site\/SPageServer?pagename=relay\" target=\"_blank\" rel=\"noopener noreferrer\"><strong>Relay for Life de la American Cancer Society<\/strong>.<\/p>\n<p><\/a> <a href=\"http:\/\/www.montereycountyageducation.org\/\" target=\"_blank\" rel=\"noopener noreferrer\"><strong>Monterey County Ag Education<\/strong><\/a> es otra organizaci\u00f3n que apoyamos. Se dedica a fomentar el respeto y el aprecio por la agricultura a trav\u00e9s de la educaci\u00f3n. <\/p>\n<p>D\u2019Arrigo California ofrece asistencia financiera a <a href=\"https:\/\/www.agagainsthunger.org\/\" target=\"_blank\" rel=\"noopener noreferrer\"><strong>Ag Against Hunger<\/strong><\/a> cuya misi\u00f3n es aliviar el hambre creando una conexi\u00f3n entre la comunidad agr\u00edcola y los programas de asistencia alimentaria. <\/p>\n<p>Financiamos y servimos a <a href=\"http:\/\/www.kinshipcenter.org\/\" target=\"_blank\" rel=\"noopener noreferrer\"><strong>Kinship Center<\/strong><\/a> que est\u00e1 comprometido a crear y financiar la colocaci\u00f3n permanente de ni\u00f1os mediante programas de adopci\u00f3n y otros programas de tutela.<\/p>\n<\/div>\n<\/div>\n<p>Financiamos con entusiasmo a <a href=\"https:\/\/www.natividad.com\/\" target=\"_blank\" rel=\"noopener noreferrer\"><strong>Natividad Medical Center<\/strong><\/a> en su misi\u00f3n de ofrecer acceso a atenci\u00f3n de salud a todos los pacientes independientemente de su capacidad de pago. En enero de 2010, John D\u2019Arrigo, miembro de tercera generaci\u00f3n, y director ejecutivo\/presidente de D\u2019Arrigo California, cre\u00f3 el <a href=\"https:\/\/natividadfoundation.org\/\" target=\"_blank\" rel=\"noopener noreferrer\"><strong>The Agricultural Leadership Council (TALC)<\/strong><\/a> para Natividad Medical Foundation. Convoc\u00f3 a familias de agricultores para financiar la organizaci\u00f3n sin fines de lucro. <\/p>\n<p>La misi\u00f3n de TALC es mejorar el estado de salud de los trabajadores agr\u00edcolas y sus familias, para lo cual proporciona equipos m\u00e9dicos, herramientas de diagn\u00f3stico y servicios de salud. Desde sus comienzos, TALC ha donado m\u00e1s de $3,149,300 de d\u00f3lares para \u201ccambiar vidas y salvar vidas\u201d.<\/p>\n<hr \/>\n<div class=\"row company-logo\">\n<div class=\"col-3\"><a href=\"https:\/\/www.bcrf.org\/\" target=\"_blank\" rel=\"noopener noreferrer\"><img decoding=\"async\" class=\"alignnone wp-image-8047 size-full\" src=\"https:\/\/www.andyboy.com\/wp-content\/uploads\/2020\/07\/BCRF-Logo.png\" alt=\"Logotipo-de-BCRF\" width=\"500\" height=\"500\" srcset=\"https:\/\/www.andyboy.com\/wp-content\/uploads\/2020\/07\/BCRF-Logo.png 500w, https:\/\/www.andyboy.com\/wp-content\/uploads\/2020\/07\/BCRF-Logo-250x250.png 250w\" sizes=\"(max-width: 500px) 100vw, 500px\" \/><\/a><\/div>\n<div class=\"col-3\"><a href=\"https:\/\/www.ranchocieloyc.org\/\" target=\"_blank\" rel=\"noopener noreferrer\"><img decoding=\"async\" class=\"alignnone wp-image-8050 size-full\" src=\"https:\/\/www.andyboy.com\/wp-content\/uploads\/2020\/07\/RC-Logo.png\" alt=\"Logotipo-de-RC\" width=\"500\" height=\"500\" srcset=\"https:\/\/www.andyboy.com\/wp-content\/uploads\/2020\/07\/RC-Logo.png 500w, https:\/\/www.andyboy.com\/wp-content\/uploads\/2020\/07\/RC-Logo-250x250.png 250w\" sizes=\"(max-width: 500px) 100vw, 500px\" \/><\/a><\/div>\n<div class=\"col-3\"><a href=\"https:\/\/www.ymca.net\/\" target=\"_blank\" rel=\"noopener noreferrer\"><img decoding=\"async\" class=\"alignnone wp-image-8053 size-full\" src=\"https:\/\/www.andyboy.com\/wp-content\/uploads\/2020\/07\/YMCA-Logo.png\" alt=\"Logotipo-de-YMCA\" width=\"500\" height=\"500\" srcset=\"https:\/\/www.andyboy.com\/wp-content\/uploads\/2020\/07\/YMCA-Logo.png 500w, https:\/\/www.andyboy.com\/wp-content\/uploads\/2020\/07\/YMCA-Logo-250x250.png 250w\" sizes=\"(max-width: 500px) 100vw, 500px\" \/><\/a><\/div>\n<div class=\"col-3\"><a href=\"https:\/\/www.bgcmc.org\/\" target=\"_blank\" rel=\"noopener noreferrer\"><img decoding=\"async\" class=\"alignnone wp-image-8056 size-full\" src=\"https:\/\/www.andyboy.com\/wp-content\/uploads\/2020\/07\/BoysGirlsClub-Logo.png\" alt=\"Logotipo-de-Boys&amp;GirlsClub\" width=\"500\" height=\"500\" srcset=\"https:\/\/www.andyboy.com\/wp-content\/uploads\/2020\/07\/BoysGirlsClub-Logo.png 500w, https:\/\/www.andyboy.com\/wp-content\/uploads\/2020\/07\/BoysGirlsClub-Logo-250x250.png 250w\" sizes=\"(max-width: 500px) 100vw, 500px\" \/><\/a><\/div>\n<\/div>\n<div class=\"row company-logo\">\n<div class=\"col-3\"><a href=\"https:\/\/www.unitedwaymcca.org\/\" target=\"_blank\" rel=\"noopener noreferrer\"><img decoding=\"async\" class=\"alignnone wp-image-8059 size-full\" src=\"https:\/\/www.andyboy.com\/wp-content\/uploads\/2020\/07\/United-Way-Monterey-County-Logo.png\" alt=\"Logotipo-de-United-Way-Monterey-County\" width=\"500\" height=\"500\" srcset=\"https:\/\/www.andyboy.com\/wp-content\/uploads\/2020\/07\/United-Way-Monterey-County-Logo.png 500w, https:\/\/www.andyboy.com\/wp-content\/uploads\/2020\/07\/United-Way-Monterey-County-Logo-250x250.png 250w\" sizes=\"(max-width: 500px) 100vw, 500px\" \/><\/a><\/div>\n<div class=\"col-3\"><a href=\"https:\/\/secure.acsevents.org\/site\/SPageServer?pagename=relay\" target=\"_blank\" rel=\"noopener noreferrer\"><img decoding=\"async\" class=\"alignnone wp-image-8062 size-full\" src=\"https:\/\/www.andyboy.com\/wp-content\/uploads\/2020\/07\/RelayForLife-Logo.png\" alt=\"Logotipo-de-RelayForLife\" width=\"500\" height=\"500\" srcset=\"https:\/\/www.andyboy.com\/wp-content\/uploads\/2020\/07\/RelayForLife-Logo.png 500w, https:\/\/www.andyboy.com\/wp-content\/uploads\/2020\/07\/RelayForLife-Logo-250x250.png 250w\" sizes=\"(max-width: 500px) 100vw, 500px\" \/><\/a><\/div>\n<div class=\"col-3\"><a href=\"http:\/\/www.montereycountyageducation.org\/\" target=\"_blank\" rel=\"noopener noreferrer\"><img decoding=\"async\" class=\"alignnone wp-image-8065 size-full\" src=\"https:\/\/www.andyboy.com\/wp-content\/uploads\/2020\/07\/MontereyCountyAgriculturalEduction-Logo.png\" alt=\"Logotipo-de-MontereyCountyAgriculturalEduction\" width=\"500\" height=\"500\" srcset=\"https:\/\/www.andyboy.com\/wp-content\/uploads\/2020\/07\/MontereyCountyAgriculturalEduction-Logo.png 500w, https:\/\/www.andyboy.com\/wp-content\/uploads\/2020\/07\/MontereyCountyAgriculturalEduction-Logo-250x250.png 250w\" sizes=\"(max-width: 500px) 100vw, 500px\" \/><\/a><\/div>\n<div class=\"col-3\"><a href=\"https:\/\/www.agagainsthunger.org\/\" target=\"_blank\" rel=\"noopener noreferrer\"><img decoding=\"async\" class=\"alignnone wp-image-8068 size-full\" src=\"https:\/\/www.andyboy.com\/wp-content\/uploads\/2020\/07\/AG-Hunger-Logo.png\" alt=\"Logotipo-de-AG-Hunger\" width=\"500\" height=\"500\" srcset=\"https:\/\/www.andyboy.com\/wp-content\/uploads\/2020\/07\/AG-Hunger-Logo.png 500w, https:\/\/www.andyboy.com\/wp-content\/uploads\/2020\/07\/AG-Hunger-Logo-250x250.png 250w\" sizes=\"(max-width: 500px) 100vw, 500px\" \/><\/a><\/div>\n<\/div>\n<div class=\"row company-logo center-logo\">\n<div class=\"col-3\"><a href=\"http:\/\/www.kinshipcenter.org\/\" target=\"_blank\" rel=\"noopener noreferrer\"><img decoding=\"async\" class=\"alignnone wp-image-8071 size-full\" src=\"https:\/\/www.andyboy.com\/wp-content\/uploads\/2020\/07\/kinship_hd-Logo.png\" alt=\"Logotipo-de-kinship_hd\" width=\"500\" height=\"500\" srcset=\"https:\/\/www.andyboy.com\/wp-content\/uploads\/2020\/07\/kinship_hd-Logo.png 500w, https:\/\/www.andyboy.com\/wp-content\/uploads\/2020\/07\/kinship_hd-Logo-250x250.png 250w\" sizes=\"(max-width: 500px) 100vw, 500px\" \/><\/a><\/div>\n<div class=\"col-3\"><a href=\"https:\/\/www.natividad.com\/\" target=\"_blank\" rel=\"noopener noreferrer\"><img decoding=\"async\" class=\"alignnone wp-image-8074 size-full\" src=\"https:\/\/www.andyboy.com\/wp-content\/uploads\/2020\/07\/logo_natividad_medical_foundation-Logo.png\" alt=\"Logotipo_de_natividad_medical_foundation\" width=\"500\" height=\"500\" srcset=\"https:\/\/www.andyboy.com\/wp-content\/uploads\/2020\/07\/logo_natividad_medical_foundation-Logo.png 500w, https:\/\/www.andyboy.com\/wp-content\/uploads\/2020\/07\/logo_natividad_medical_foundation-Logo-250x250.png 250w\" sizes=\"(max-width: 500px) 100vw, 500px\" \/><\/a><\/div>\n<div class=\"col-3\"><a href=\"https:\/\/natividadfoundation.org\/\" target=\"_blank\" rel=\"noopener noreferrer\"><img decoding=\"async\" class=\"alignnone wp-image-8077 size-full\" src=\"https:\/\/www.andyboy.com\/wp-content\/uploads\/2020\/07\/TALC-logo.png\" alt=\"Logotipo-de-TALC\" width=\"500\" height=\"500\" srcset=\"https:\/\/www.andyboy.com\/wp-content\/uploads\/2020\/07\/TALC-logo.png 500w, https:\/\/www.andyboy.com\/wp-content\/uploads\/2020\/07\/TALC-logo-250x250.png 250w\" sizes=\"(max-width: 500px) 100vw, 500px\" \/><\/a><\/div>\n<div class=\"col-3\"><\/div>\n<\/div>\n<p><script>jQuery(document).ready(function($) { $(\".togglelist\" ).click(function() { $( \"#list\" ).toggle( \"slow\");}); }); <\/script><\/p>\n<p><span class=\"spec-btn togglelist\" style=\"display: block; max-width: 80%; border-color: #fff; cursor: pointer; margin: 2em auto 0 auto;\" role=\"button\">\u2022 Haga clic aqu\u00ed para ver m\u00e1s organizaciones apoyadas por los empleados de D\u2019Arrigo California y la empresa \u2022<\/span><\/p>\n<div id=\"list\" style=\"display: none; border: 4px solid #00A886; background: #efefef; padding: 0.5em 1em; margin: 1em auto; max-width: 80%;\">\n<div class=\"row\">\n<div class=\"col-4\">\n<ul>\n<li>Alliance on Aging<\/li>\n<li>Boy Scouts of America<\/li>\n<li>Breast Cancer Research Foundation<\/li>\n<li>California Ag Leadership<\/li>\n<li>California International Airshow<\/li>\n<li>California Rodeo Salinas<\/li>\n<li>California Women for Agriculture<\/li>\n<li>Children\u2019s Hospice Care Coalition<\/li>\n<li>Dorothy\u2019s Place<\/li>\n<\/ul><\/div>\n<div class=\"col-4\">\n<ul>\n<li>First Tee of Monterey County<\/li>\n<li>Food Bank of Monterey County<\/li>\n<li>Hartnell College Foundation<\/li>\n<li>Kinship Center<\/li>\n<li>Legal Services for Seniors<\/li>\n<li>Meals on Wheels<\/li>\n<li>Monterey County Historical Society<\/li>\n<li>National Steinbeck Center<\/li>\n<\/ul><\/div>\n<div class=\"col-4\">\n<ul>\n<li>Salinas Rotary<\/li>\n<li>Salinas Sports Complex<\/li>\n<li>Salinas Valley Memorial Health Care System<\/li>\n<li>Steinbeck House<\/li>\n<li>Sun Street Center<\/li>\n<li>Tatum\u2019s Garden<\/li>\n<li>Voices for Children CASA of Monterey County<\/li>\n<li>Young Life<\/li>\n<\/ul><\/div>\n<\/p><\/div>\n<p>*Lista parcial\n<\/p><\/div>\n","protected":false},"excerpt":{"rendered":"<p>D\u2019Arrigo California y nuestros empleados apoyan constantemente a organizaciones filantr\u00f3picas para retribuir a la comunidad. Desde 1999, D&#8217;Arrigo es un orgulloso socio y patrocinador de la Breast Cancer Research Foundation y ha aportado m\u00e1s de $2 millones de d\u00f3lares a encontrar una cura. Tenemos una asociaci\u00f3n con Rancho Cielo Youth Campus para ofrecer un ambiente [&#8230;]<\/p>\n","protected":false},"author":1,"featured_media":0,"parent":7840,"menu_order":0,"comment_status":"closed","ping_status":"closed","template":"","meta":{"_acf_changed":false,"_exactmetrics_skip_tracking":false,"_exactmetrics_sitenote_active":false,"_exactmetrics_sitenote_note":"","_exactmetrics_sitenote_category":0,"footnotes":"","_links_to":"","_links_to_target":""},"class_list":["post-8046","page","type-page","status-publish","hentry"],"acf":[],"yoast_head":"<!-- This site is optimized with the Yoast SEO plugin v27.1.1 - https:\/\/yoast.com\/product\/yoast-seo-wordpress\/ -->\n<title>Filantrop\u00eda - Andy Boy<\/title>\n<meta name=\"robots\" content=\"index, follow, max-snippet:-1, max-image-preview:large, max-video-preview:-1\" \/>\n<link rel=\"canonical\" href=\"https:\/\/www.andyboy.com\/es\/responsabilidad-social\/filantropia\/\" \/>\n<meta property=\"og:locale\" content=\"es_ES\" \/>\n<meta property=\"og:type\" content=\"article\" \/>\n<meta property=\"og:title\" content=\"Filantrop\u00eda - Andy Boy\" \/>\n<meta property=\"og:description\" content=\"D\u2019Arrigo California y nuestros empleados apoyan constantemente a organizaciones filantr\u00f3picas para retribuir a la comunidad. Desde 1999, D&#8217;Arrigo es un orgulloso socio y patrocinador de la Breast Cancer Research Foundation y ha aportado m\u00e1s de $2 millones de d\u00f3lares a encontrar una cura. Tenemos una asociaci\u00f3n con Rancho Cielo Youth Campus para ofrecer un ambiente [...]\" \/>\n<meta property=\"og:url\" content=\"https:\/\/www.andyboy.com\/es\/responsabilidad-social\/filantropia\/\" \/>\n<meta property=\"og:site_name\" content=\"Andy Boy\" \/>\n<meta property=\"article:publisher\" content=\"https:\/\/www.facebook.com\/AndyBoyProduce\" \/>\n<meta property=\"article:modified_time\" content=\"2021-02-25T16:20:34+00:00\" \/>\n<meta property=\"og:image\" content=\"https:\/\/andyboy.wpengine.com\/wp-content\/uploads\/2020\/07\/BCRF-Logo.png\" \/>\n<meta name=\"twitter:label1\" content=\"Tiempo de lectura\" \/>\n\t<meta name=\"twitter:data1\" content=\"2 minutos\" \/>\n<script type=\"application\/ld+json\" class=\"yoast-schema-graph\">{\"@context\":\"https:\/\/schema.org\",\"@graph\":[{\"@type\":\"WebPage\",\"@id\":\"https:\/\/www.andyboy.com\/es\/responsabilidad-social\/filantropia\/\",\"url\":\"https:\/\/www.andyboy.com\/es\/responsabilidad-social\/filantropia\/\",\"name\":\"Filantrop\u00eda - Andy Boy\",\"isPartOf\":{\"@id\":\"https:\/\/www.andyboy.com\/#website\"},\"primaryImageOfPage\":{\"@id\":\"https:\/\/www.andyboy.com\/es\/responsabilidad-social\/filantropia\/#primaryimage\"},\"image\":{\"@id\":\"https:\/\/www.andyboy.com\/es\/responsabilidad-social\/filantropia\/#primaryimage\"},\"thumbnailUrl\":\"https:\/\/www.andyboy.com\/wp-content\/uploads\/2020\/07\/BCRF-Logo.png\",\"datePublished\":\"2020-12-24T18:11:36+00:00\",\"dateModified\":\"2021-02-25T16:20:34+00:00\",\"breadcrumb\":{\"@id\":\"https:\/\/www.andyboy.com\/es\/responsabilidad-social\/filantropia\/#breadcrumb\"},\"inLanguage\":\"es\",\"potentialAction\":[{\"@type\":\"ReadAction\",\"target\":[\"https:\/\/www.andyboy.com\/es\/responsabilidad-social\/filantropia\/\"]}]},{\"@type\":\"ImageObject\",\"inLanguage\":\"es\",\"@id\":\"https:\/\/www.andyboy.com\/es\/responsabilidad-social\/filantropia\/#primaryimage\",\"url\":\"https:\/\/www.andyboy.com\/wp-content\/uploads\/2020\/07\/BCRF-Logo.png\",\"contentUrl\":\"https:\/\/www.andyboy.com\/wp-content\/uploads\/2020\/07\/BCRF-Logo.png\"},{\"@type\":\"BreadcrumbList\",\"@id\":\"https:\/\/www.andyboy.com\/es\/responsabilidad-social\/filantropia\/#breadcrumb\",\"itemListElement\":[{\"@type\":\"ListItem\",\"position\":1,\"name\":\"Home\",\"item\":\"https:\/\/www.andyboy.com\/es\/\"},{\"@type\":\"ListItem\",\"position\":2,\"name\":\"Responsabilidad Social\",\"item\":\"https:\/\/www.andyboy.com\/es\/responsabilidad-social\/\"},{\"@type\":\"ListItem\",\"position\":3,\"name\":\"Filantrop\u00eda\"}]},{\"@type\":\"WebSite\",\"@id\":\"https:\/\/www.andyboy.com\/#website\",\"url\":\"https:\/\/www.andyboy.com\/\",\"name\":\"Andy Boy\",\"description\":\"\",\"publisher\":{\"@id\":\"https:\/\/www.andyboy.com\/#organization\"},\"potentialAction\":[{\"@type\":\"SearchAction\",\"target\":{\"@type\":\"EntryPoint\",\"urlTemplate\":\"https:\/\/www.andyboy.com\/?s={search_term_string}\"},\"query-input\":{\"@type\":\"PropertyValueSpecification\",\"valueRequired\":true,\"valueName\":\"search_term_string\"}}],\"inLanguage\":\"es\"},{\"@type\":\"Organization\",\"@id\":\"https:\/\/www.andyboy.com\/#organization\",\"name\":\"Andy Boy\",\"url\":\"https:\/\/www.andyboy.com\/\",\"logo\":{\"@type\":\"ImageObject\",\"inLanguage\":\"es\",\"@id\":\"https:\/\/www.andyboy.com\/#\/schema\/logo\/image\/\",\"url\":\"https:\/\/andyboy.wpengine.com\/wp-content\/uploads\/2015\/04\/AB-Banner-Logo-high-res.jpg\",\"contentUrl\":\"https:\/\/andyboy.wpengine.com\/wp-content\/uploads\/2015\/04\/AB-Banner-Logo-high-res.jpg\",\"width\":1024,\"height\":403,\"caption\":\"Andy Boy\"},\"image\":{\"@id\":\"https:\/\/www.andyboy.com\/#\/schema\/logo\/image\/\"},\"sameAs\":[\"https:\/\/www.facebook.com\/AndyBoyProduce\",\"https:\/\/x.com\/AndyBoyInc\",\"https:\/\/instagram.com\/AndyBoyProduce\/\",\"http:\/\/www.pinterest.com\/andyboyproduce\/\"]}]}<\/script>\n<!-- \/ Yoast SEO plugin. -->","yoast_head_json":{"title":"Filantrop\u00eda - Andy Boy","robots":{"index":"index","follow":"follow","max-snippet":"max-snippet:-1","max-image-preview":"max-image-preview:large","max-video-preview":"max-video-preview:-1"},"canonical":"https:\/\/www.andyboy.com\/es\/responsabilidad-social\/filantropia\/","og_locale":"es_ES","og_type":"article","og_title":"Filantrop\u00eda - Andy Boy","og_description":"D\u2019Arrigo California y nuestros empleados apoyan constantemente a organizaciones filantr\u00f3picas para retribuir a la comunidad. Desde 1999, D&#8217;Arrigo es un orgulloso socio y patrocinador de la Breast Cancer Research Foundation y ha aportado m\u00e1s de $2 millones de d\u00f3lares a encontrar una cura. Tenemos una asociaci\u00f3n con Rancho Cielo Youth Campus para ofrecer un ambiente [...]","og_url":"https:\/\/www.andyboy.com\/es\/responsabilidad-social\/filantropia\/","og_site_name":"Andy Boy","article_publisher":"https:\/\/www.facebook.com\/AndyBoyProduce","article_modified_time":"2021-02-25T16:20:34+00:00","og_image":[{"url":"https:\/\/andyboy.wpengine.com\/wp-content\/uploads\/2020\/07\/BCRF-Logo.png","type":"","width":"","height":""}],"twitter_misc":{"Tiempo de lectura":"2 minutos"},"schema":{"@context":"https:\/\/schema.org","@graph":[{"@type":"WebPage","@id":"https:\/\/www.andyboy.com\/es\/responsabilidad-social\/filantropia\/","url":"https:\/\/www.andyboy.com\/es\/responsabilidad-social\/filantropia\/","name":"Filantrop\u00eda - Andy Boy","isPartOf":{"@id":"https:\/\/www.andyboy.com\/#website"},"primaryImageOfPage":{"@id":"https:\/\/www.andyboy.com\/es\/responsabilidad-social\/filantropia\/#primaryimage"},"image":{"@id":"https:\/\/www.andyboy.com\/es\/responsabilidad-social\/filantropia\/#primaryimage"},"thumbnailUrl":"https:\/\/www.andyboy.com\/wp-content\/uploads\/2020\/07\/BCRF-Logo.png","datePublished":"2020-12-24T18:11:36+00:00","dateModified":"2021-02-25T16:20:34+00:00","breadcrumb":{"@id":"https:\/\/www.andyboy.com\/es\/responsabilidad-social\/filantropia\/#breadcrumb"},"inLanguage":"es","potentialAction":[{"@type":"ReadAction","target":["https:\/\/www.andyboy.com\/es\/responsabilidad-social\/filantropia\/"]}]},{"@type":"ImageObject","inLanguage":"es","@id":"https:\/\/www.andyboy.com\/es\/responsabilidad-social\/filantropia\/#primaryimage","url":"https:\/\/www.andyboy.com\/wp-content\/uploads\/2020\/07\/BCRF-Logo.png","contentUrl":"https:\/\/www.andyboy.com\/wp-content\/uploads\/2020\/07\/BCRF-Logo.png"},{"@type":"BreadcrumbList","@id":"https:\/\/www.andyboy.com\/es\/responsabilidad-social\/filantropia\/#breadcrumb","itemListElement":[{"@type":"ListItem","position":1,"name":"Home","item":"https:\/\/www.andyboy.com\/es\/"},{"@type":"ListItem","position":2,"name":"Responsabilidad Social","item":"https:\/\/www.andyboy.com\/es\/responsabilidad-social\/"},{"@type":"ListItem","position":3,"name":"Filantrop\u00eda"}]},{"@type":"WebSite","@id":"https:\/\/www.andyboy.com\/#website","url":"https:\/\/www.andyboy.com\/","name":"Andy Boy","description":"","publisher":{"@id":"https:\/\/www.andyboy.com\/#organization"},"potentialAction":[{"@type":"SearchAction","target":{"@type":"EntryPoint","urlTemplate":"https:\/\/www.andyboy.com\/?s={search_term_string}"},"query-input":{"@type":"PropertyValueSpecification","valueRequired":true,"valueName":"search_term_string"}}],"inLanguage":"es"},{"@type":"Organization","@id":"https:\/\/www.andyboy.com\/#organization","name":"Andy Boy","url":"https:\/\/www.andyboy.com\/","logo":{"@type":"ImageObject","inLanguage":"es","@id":"https:\/\/www.andyboy.com\/#\/schema\/logo\/image\/","url":"https:\/\/andyboy.wpengine.com\/wp-content\/uploads\/2015\/04\/AB-Banner-Logo-high-res.jpg","contentUrl":"https:\/\/andyboy.wpengine.com\/wp-content\/uploads\/2015\/04\/AB-Banner-Logo-high-res.jpg","width":1024,"height":403,"caption":"Andy Boy"},"image":{"@id":"https:\/\/www.andyboy.com\/#\/schema\/logo\/image\/"},"sameAs":["https:\/\/www.facebook.com\/AndyBoyProduce","https:\/\/x.com\/AndyBoyInc","https:\/\/instagram.com\/AndyBoyProduce\/","http:\/\/www.pinterest.com\/andyboyproduce\/"]}]}},"_links":{"self":[{"href":"https:\/\/www.andyboy.com\/es\/wp-json\/wp\/v2\/pages\/8046","targetHints":{"allow":["GET"]}}],"collection":[{"href":"https:\/\/www.andyboy.com\/es\/wp-json\/wp\/v2\/pages"}],"about":[{"href":"https:\/\/www.andyboy.com\/es\/wp-json\/wp\/v2\/types\/page"}],"author":[{"embeddable":true,"href":"https:\/\/www.andyboy.com\/es\/wp-json\/wp\/v2\/users\/1"}],"replies":[{"embeddable":true,"href":"https:\/\/www.andyboy.com\/es\/wp-json\/wp\/v2\/comments?post=8046"}],"version-history":[{"count":0,"href":"https:\/\/www.andyboy.com\/es\/wp-json\/wp\/v2\/pages\/8046\/revisions"}],"up":[{"embeddable":true,"href":"https:\/\/www.andyboy.com\/es\/wp-json\/wp\/v2\/pages\/7840"}],"wp:attachment":[{"href":"https:\/\/www.andyboy.com\/es\/wp-json\/wp\/v2\/media?parent=8046"}],"curies":[{"name":"wp","href":"https:\/\/api.w.org\/{rel}","templated":true}]}}