{"id":8137,"date":"2020-12-24T18:12:00","date_gmt":"2020-12-24T18:12:00","guid":{"rendered":"https:\/\/andyboy.wpengine.com\/responsabilidad-social\/reciclaje\/"},"modified":"2021-02-24T22:17:41","modified_gmt":"2021-02-24T22:17:41","slug":"reciclaje","status":"publish","type":"page","link":"https:\/\/www.andyboy.com\/es\/responsabilidad-social\/reciclaje\/","title":{"rendered":"Reciclaje"},"content":{"rendered":"<p><!-- D\u2019Arrigo California is family owned, operated and strives to be the best grower, packer, and shipper of high-quality vegetables. Signature products packed under the Andy Boy label include Artichokes, Broccoli, Broccoli Rabe, Butter Lettuce, Cauliflower, Fennel, Green Leaf, Iceberg Lettuce, Iced Broccoli Rabe, Iceless Broccoli Rabe, Organic Romaine Hearts, Organic Broccoli Rabe, Organic Fennel, Red Leaf, Romaine, Romaine Hearts, and Shrink Wrap Broccoli. Their dedicated family of almost 2000 employees are engaged in making the recycling program a success. <img decoding=\"async\" class=\"alignright wp-image-8138 size-full\" src=\"https:\/\/www.andyboy.com\/wp-content\/uploads\/2020\/07\/cs-recycling-image1.png\" alt=\"\" width=\"250\" height=\"513\" \/><span data-mce-type=\"bookmark\" style=\"display: inline-block; width: 0px; overflow: hidden; line-height: 0;\" class=\"mce_SELRES_end\"><\/span>\n\n\n<h3><em><strong>5 Ps Verified Case Study: Recycling<\/strong><\/em><\/h3>\n\n\nCommitted to efficient use of resources, D\u2019Arrigo California and their employees enthusiastically support and participate in comprehensive recycling. A pilot program began in 2011 at their ranches and shipping\/cooling facility. It proved to be so successful in reducing the amount of waste, it was expanded throughout the company in 2012. SureHarvest documented and verified the Recycling program using the 5Ps of Sustainability.\n\n\n<h3><em><strong>Recycling Sustainability Highlights<\/strong><\/em><\/h3>\n\n\nD\u2019Arrigo California's recognition of the importance of continual improvement in all aspects of food production led to the formation of the recycling program and its management team. A team member is located at the headquarters, shipping\/cooling facility and at each of the company ranches to ensure complete implementation. The team director carries out weekly inspections of the recycling stations at each facility to maintain quality control and program performance.\n\nA total of 480 tons of cardboard and plastic were recycled over a 12 month period starting in April 2014. This resulted in a 75% reduction in waste management costs through fewer trips to the landfill.\n\n480 tons of cardboard and plastic recycled in 2015. Equivalent to taking 4,284 cars off the road each year.\n\nThe recycling contractor provides data on the annual tonnage of recycled materials and the results are compared from one year to the next.\n\n\n\n<hr \/>\n\n\n\nSureHarvest utilizes its 5Ps of Sustainability , a continuous improvement business management methodology, to craft case studies that evaluate the alignment and execution of a company\u2019s sustainability efforts that contribute to financial profitability, environmental stewardship and social progress. Each case study goes through a verification step to confirm that the reported information is accurate, thorough and authentic.\n\n\n<div class=\"row\">\n\n\n<div class=\"col-6\">\n\n\n<h4>Principles<\/h4>\n\n\nThe core values that define the business strategy\n\n\n<h4>Processes<\/h4>\n\n\nThe sets of managed activities that create internal and external value\n\n\n<h4>Practices<\/h4>\n\n\nThe methods used to accomplish the desired operational results\n\n<\/div>\n\n\n\n\n<div class=\"col-6\">\n\n\n<h4>Performance Metrics<\/h4>\n\n\nThe metrics and measurements used to evaluate practice and process results\n\n\n<h4>Progress<\/h4>\n\n\nThe approach used to document, communicate and drive continuous improvement over time\n\n<\/div>\n\n\n<\/div>\n\n\n\n\n\n<hr \/>\n\n\n\n--><img decoding=\"async\" class=\"alignright wp-image-8138 size-full\" src=\"https:\/\/www.andyboy.com\/wp-content\/uploads\/2020\/07\/cs-recycling-image1.png\" alt=\"\" width=\"250\" height=\"513\" \/><\/p>\n<h3><em>Principios de Sostenibilidad del Reciclaje<\/em><\/h3>\n<p>En D\u2019Arrigo California tenemos el compromiso de ser administradores responsables mediante:<\/p>\n<ul>\n<li>Hacer un uso eficiente de los recursos<\/li>\n<li>Sostener la viabilidad econ\u00f3mica de las tierras agr\u00edcolas<\/li>\n<li>Mejorar la calidad del medio ambiente y la calidad de vida<\/li>\n<\/ul>\n<p>La empresa est\u00e1 dedicada a mejorar el medio ambiente y la calidad de vida de sus miembros mediante sus iniciativas de sostenibilidad.<\/p>\n<div style=\"overflow: hidden; max-width: 900px;\">\n<div id=\"attachment_10746\" style=\"width: 196px\" class=\"wp-caption alignright\"><a href=\"https:\/\/www.andyboy.com\/wp-content\/uploads\/2021\/02\/recycling-container-CA-kitchen.png\" data-rel=\"lightbox-gallery-z3886aTj\" data-rl_title=\"\" data-rl_caption=\"Recycling Container Located on D\u2019Arrigo California&#039;s Headquarters Kitchen\" title=\"\"><img decoding=\"async\" aria-describedby=\"caption-attachment-10746\" class=\"wp-image-10748 size-full\" src=\"https:\/\/www.andyboy.com\/wp-content\/uploads\/2021\/02\/recycling-container-CA-kitchen.png\" alt=\"\" width=\"186\" height=\"314\" \/><\/a><p id=\"caption-attachment-10746\" class=\"wp-caption-text\">Contenedor de reciclaje ubicado en la cocina de la sede de D&#8217;Arrigo California<\/p><\/div>\n<div id=\"attachment_5717\" style=\"width: 610px\" class=\"wp-caption alignnone\"><img decoding=\"async\" aria-describedby=\"caption-attachment-5717\" class=\"wp-image-8141 size-medium\" src=\"https:\/\/www.andyboy.com\/wp-content\/uploads\/2020\/07\/cs-recycling-image2-600x314.png\" alt=\"\" width=\"600\" height=\"314\" srcset=\"https:\/\/www.andyboy.com\/wp-content\/uploads\/2020\/07\/cs-recycling-image2-600x314.png 600w, https:\/\/www.andyboy.com\/wp-content\/uploads\/2020\/07\/cs-recycling-image2.png 658w\" sizes=\"(max-width: 600px) 100vw, 600px\" \/><p id=\"caption-attachment-5717\" class=\"wp-caption-text\">Contenedor de reciclaje ubicado en los ranchos D&#8217;Arrigo de California.<\/p><\/div>\n<\/div>\n<h3 style=\"clear: both;\"><img decoding=\"async\" width=\"270\" height=\"328\" class=\"size-full wp-image-8144 alignleft\" src=\"https:\/\/www.andyboy.com\/wp-content\/uploads\/2020\/07\/cs-recycling-image3.png\" alt=\"\" \/><\/h3>\n<h3><em>Procesos de Sostenibilidad del Reciclaje<\/em><\/h3>\n<p>El reciclaje integral de los recursos utilizados en el cultivo, empaque y env\u00edo de productos de alta calidad es un valor fundamental de D\u2019Arrigo California y sustenta sus principios rectores. Demuestra responsabilidad corporativa para reducir los residuos y reutilizar los recursos a la vez que disminuye los gastos y la energ\u00eda consumida en el transporte de residuos a un vertedero. Su dedicaci\u00f3n y compromiso con el reciclaje ofrece un ejemplo positivo a otros en la industria. El programa de reciclaje se dise\u00f1\u00f3 e implement\u00f3 en toda la empresa con el objetivo de acercarse lo m\u00e1s posible a reciclar el 100 % de los materiales reciclables utilizados en sus operaciones de cultivo, empaque y env\u00edo.<\/p>\n<h3><\/h3>\n<h3><em>Pr\u00e1cticas de Sostenibilidad del Reciclaje<\/em><\/h3>\n<p>La implementaci\u00f3n del programa de reciclaje en D\u2019Arrigo California comienza por los altos directivos que comprometen a los empleados de todos los niveles para que participen en las iniciativas de reciclaje. El personal en la instalaci\u00f3n de env\u00edo\/enfriamiento y los ranchos est\u00e1n capacitados para reconocer los elementos reciclables y ponerlos en los contenedores adecuados que est\u00e1n etiquetados y ubicados convenientemente en cada sitio. Cuando los contenedores de reciclaje est\u00e1n llenos, se contrata a una empresa de reciclaje para que los transporte a sus instalaciones donde se ordenan, empaquetan y paletizan. Algunos elementos reciclables, como la cinta de riego por goteo, se reacondicionan y reutilizan. El reciclaje es una actividad cotidiana para los empleados en la sede central. Se les recomienda que utilicen tazas de caf\u00e9 y que traigan sus almuerzos en recipientes reutilizables. Como proyecto piloto, se compraron tazas de caf\u00e9 personalizadas para las \u00e1reas de compra en los ranchos a fin de reducir el uso de vasos de papel. A los empleados tambi\u00e9n se les recomienda que contin\u00faen la tendencia de reciclar en casa.<\/p>\n<div id=\"attachment_5719\" style=\"width: 252px\" class=\"wp-caption alignright\"><img decoding=\"async\" aria-describedby=\"caption-attachment-5719\" class=\"wp-image-8147 size-full\" src=\"https:\/\/www.andyboy.com\/wp-content\/uploads\/2020\/07\/cs-recycling-image4.png\" alt=\"\" width=\"242\" height=\"590\" \/><p id=\"caption-attachment-5719\" class=\"wp-caption-text\">Contenedor de reciclaje ubicado en la cocina de la sede central de D&#8217;Arrigo California<\/p><\/div>\n<h3><em>Mediciones de Rendimiento de Sostenibilidad del Reciclaje<\/em><\/h3>\n<p>El equipo de gesti\u00f3n del programa de reciclaje de D\u2019Arrigo California resume los gastos anuales por transportar los residuos al vertedero y hace un seguimiento de los ahorros econ\u00f3micos que se logran por la menor cantidad de residuos. El contratista de reciclaje proporciona datos sobre el tonelaje anual de materiales reciclados y se comparan los resultados de un a\u00f1o con los del siguiente. Se reportan al equipo de gesti\u00f3n los resultados de las inspecciones de cumplimiento de los protocolos de reciclaje realizadas a las estaciones de reciclaje de cada sede de la empresa.<\/p>\n<h3><em>Progreso de Sostenibilidad del Reciclaje<\/em><\/h3>\n<p>Cada semana, el director del Programa de Reciclaje inspecciona las estaciones de reciclaje en todos los ranchos, el patio de env\u00edo\/enfriamiento y la sede central para asegurarse de que se cumplen los protocolos de reciclaje.<\/p>\n<p>Todo problema y acci\u00f3n observados se corrigen mediante una llamada por tel\u00e9fono de inmediato con el administrador de la estaci\u00f3n de reciclaje. Las inspecciones posteriores verifican que se hayan resuelto, registrado y archivado los problemas de manera oportuna para consulta en el futuro. Toda contaminaci\u00f3n de los contenedores de reciclaje con materiales no reciclables ser\u00e1 reportada al director del Programa por el contratista de reciclaje para se pueda mejorar el control de calidad.<\/p>\n<p>El \u00e9xito del programa se mide por el nivel del control de calidad de los materiales reciclados, as\u00ed como por el seguimiento de la cantidad de materiales reciclados y la reducci\u00f3n del costo de enviar los residuos no reciclados al vertedero.<\/p>\n<p>El entusiasmo de los empleados por el programa de reciclaje se mantiene mediante memorandos peri\u00f3dicos, letreros, anuncios en reuniones, y contenedores de reciclaje con las etiquetas correctas y ubicados convenientemente.<\/p>\n<p>El programa de reciclaje se dise\u00f1\u00f3 e implement\u00f3 en toda la empresa con el objetivo de acercarse lo m\u00e1s posible a reciclar el 100 % de los materiales reciclables.<\/p>\n<div id=\"attachment_5720\" style=\"width: 610px\" class=\"wp-caption aligncenter\"><img decoding=\"async\" aria-describedby=\"caption-attachment-5720\" class=\"wp-image-8150 size-medium\" src=\"https:\/\/www.andyboy.com\/wp-content\/uploads\/2020\/07\/cs-recycling-image5-600x144.png\" alt=\"\" width=\"600\" height=\"144\" srcset=\"https:\/\/www.andyboy.com\/wp-content\/uploads\/2020\/07\/cs-recycling-image5-600x144.png 600w, https:\/\/www.andyboy.com\/wp-content\/uploads\/2020\/07\/cs-recycling-image5.png 790w\" sizes=\"(max-width: 600px) 100vw, 600px\" \/><p id=\"caption-attachment-5720\" class=\"wp-caption-text\">Contenedor de reciclaje ubicado en las instalaciones de enfriamiento y env\u00edo de D&#8217;Arrigo California<\/p><\/div>\n<p>&nbsp;<\/p>\n","protected":false},"excerpt":{"rendered":"<p>Principios de Sostenibilidad del Reciclaje En D\u2019Arrigo California tenemos el compromiso de ser administradores responsables mediante: Hacer un uso eficiente de los recursos Sostener la viabilidad econ\u00f3mica de las tierras agr\u00edcolas Mejorar la calidad del medio ambiente y la calidad de vida La empresa est\u00e1 dedicada a mejorar el medio ambiente y la calidad de [&#8230;]<\/p>\n","protected":false},"author":1,"featured_media":0,"parent":7840,"menu_order":0,"comment_status":"closed","ping_status":"closed","template":"","meta":{"_acf_changed":false,"_exactmetrics_skip_tracking":false,"_exactmetrics_sitenote_active":false,"_exactmetrics_sitenote_note":"","_exactmetrics_sitenote_category":0,"footnotes":"","_links_to":"","_links_to_target":""},"class_list":["post-8137","page","type-page","status-publish","hentry"],"acf":[],"yoast_head":"<!-- This site is optimized with the Yoast SEO plugin v27.5 - https:\/\/yoast.com\/product\/yoast-seo-wordpress\/ -->\n<title>Reciclaje - Andy Boy<\/title>\n<meta name=\"robots\" content=\"index, follow, max-snippet:-1, max-image-preview:large, max-video-preview:-1\" \/>\n<link rel=\"canonical\" href=\"https:\/\/www.andyboy.com\/es\/responsabilidad-social\/reciclaje\/\" \/>\n<meta property=\"og:locale\" content=\"es_ES\" \/>\n<meta property=\"og:type\" content=\"article\" \/>\n<meta property=\"og:title\" content=\"Reciclaje - Andy Boy\" \/>\n<meta property=\"og:description\" content=\"Principios de Sostenibilidad del Reciclaje En D\u2019Arrigo California tenemos el compromiso de ser administradores responsables mediante: Hacer un uso eficiente de los recursos Sostener la viabilidad econ\u00f3mica de las tierras agr\u00edcolas Mejorar la calidad del medio ambiente y la calidad de vida La empresa est\u00e1 dedicada a mejorar el medio ambiente y la calidad de [...]\" \/>\n<meta property=\"og:url\" content=\"https:\/\/www.andyboy.com\/es\/responsabilidad-social\/reciclaje\/\" \/>\n<meta property=\"og:site_name\" content=\"Andy Boy\" \/>\n<meta property=\"article:publisher\" content=\"https:\/\/www.facebook.com\/AndyBoyProduce\" \/>\n<meta property=\"article:modified_time\" content=\"2021-02-24T22:17:41+00:00\" \/>\n<meta property=\"og:image\" content=\"https:\/\/andyboy.wpengine.com\/wp-content\/uploads\/2020\/07\/cs-recycling-image1.png\" \/>\n<meta name=\"twitter:label1\" content=\"Tiempo de lectura\" \/>\n\t<meta name=\"twitter:data1\" content=\"7 minutos\" \/>\n<script type=\"application\/ld+json\" class=\"yoast-schema-graph\">{\"@context\":\"https:\\\/\\\/schema.org\",\"@graph\":[{\"@type\":\"WebPage\",\"@id\":\"https:\\\/\\\/www.andyboy.com\\\/es\\\/responsabilidad-social\\\/reciclaje\\\/\",\"url\":\"https:\\\/\\\/www.andyboy.com\\\/es\\\/responsabilidad-social\\\/reciclaje\\\/\",\"name\":\"Reciclaje - Andy Boy\",\"isPartOf\":{\"@id\":\"https:\\\/\\\/www.andyboy.com\\\/#website\"},\"primaryImageOfPage\":{\"@id\":\"https:\\\/\\\/www.andyboy.com\\\/es\\\/responsabilidad-social\\\/reciclaje\\\/#primaryimage\"},\"image\":{\"@id\":\"https:\\\/\\\/www.andyboy.com\\\/es\\\/responsabilidad-social\\\/reciclaje\\\/#primaryimage\"},\"thumbnailUrl\":\"https:\\\/\\\/www.andyboy.com\\\/wp-content\\\/uploads\\\/2020\\\/07\\\/cs-recycling-image1.png\",\"datePublished\":\"2020-12-24T18:12:00+00:00\",\"dateModified\":\"2021-02-24T22:17:41+00:00\",\"breadcrumb\":{\"@id\":\"https:\\\/\\\/www.andyboy.com\\\/es\\\/responsabilidad-social\\\/reciclaje\\\/#breadcrumb\"},\"inLanguage\":\"es\",\"potentialAction\":[{\"@type\":\"ReadAction\",\"target\":[\"https:\\\/\\\/www.andyboy.com\\\/es\\\/responsabilidad-social\\\/reciclaje\\\/\"]}]},{\"@type\":\"ImageObject\",\"inLanguage\":\"es\",\"@id\":\"https:\\\/\\\/www.andyboy.com\\\/es\\\/responsabilidad-social\\\/reciclaje\\\/#primaryimage\",\"url\":\"https:\\\/\\\/www.andyboy.com\\\/wp-content\\\/uploads\\\/2020\\\/07\\\/cs-recycling-image1.png\",\"contentUrl\":\"https:\\\/\\\/www.andyboy.com\\\/wp-content\\\/uploads\\\/2020\\\/07\\\/cs-recycling-image1.png\"},{\"@type\":\"BreadcrumbList\",\"@id\":\"https:\\\/\\\/www.andyboy.com\\\/es\\\/responsabilidad-social\\\/reciclaje\\\/#breadcrumb\",\"itemListElement\":[{\"@type\":\"ListItem\",\"position\":1,\"name\":\"Home\",\"item\":\"https:\\\/\\\/www.andyboy.com\\\/es\\\/\"},{\"@type\":\"ListItem\",\"position\":2,\"name\":\"Responsabilidad Social\",\"item\":\"https:\\\/\\\/www.andyboy.com\\\/es\\\/responsabilidad-social\\\/\"},{\"@type\":\"ListItem\",\"position\":3,\"name\":\"Reciclaje\"}]},{\"@type\":\"WebSite\",\"@id\":\"https:\\\/\\\/www.andyboy.com\\\/#website\",\"url\":\"https:\\\/\\\/www.andyboy.com\\\/\",\"name\":\"Andy Boy\",\"description\":\"\",\"publisher\":{\"@id\":\"https:\\\/\\\/www.andyboy.com\\\/#organization\"},\"potentialAction\":[{\"@type\":\"SearchAction\",\"target\":{\"@type\":\"EntryPoint\",\"urlTemplate\":\"https:\\\/\\\/www.andyboy.com\\\/?s={search_term_string}\"},\"query-input\":{\"@type\":\"PropertyValueSpecification\",\"valueRequired\":true,\"valueName\":\"search_term_string\"}}],\"inLanguage\":\"es\"},{\"@type\":\"Organization\",\"@id\":\"https:\\\/\\\/www.andyboy.com\\\/#organization\",\"name\":\"Andy Boy\",\"url\":\"https:\\\/\\\/www.andyboy.com\\\/\",\"logo\":{\"@type\":\"ImageObject\",\"inLanguage\":\"es\",\"@id\":\"https:\\\/\\\/www.andyboy.com\\\/#\\\/schema\\\/logo\\\/image\\\/\",\"url\":\"https:\\\/\\\/andyboy.wpengine.com\\\/wp-content\\\/uploads\\\/2015\\\/04\\\/AB-Banner-Logo-high-res.jpg\",\"contentUrl\":\"https:\\\/\\\/andyboy.wpengine.com\\\/wp-content\\\/uploads\\\/2015\\\/04\\\/AB-Banner-Logo-high-res.jpg\",\"width\":1024,\"height\":403,\"caption\":\"Andy Boy\"},\"image\":{\"@id\":\"https:\\\/\\\/www.andyboy.com\\\/#\\\/schema\\\/logo\\\/image\\\/\"},\"sameAs\":[\"https:\\\/\\\/www.facebook.com\\\/AndyBoyProduce\",\"https:\\\/\\\/x.com\\\/AndyBoyInc\",\"https:\\\/\\\/instagram.com\\\/AndyBoyProduce\\\/\",\"http:\\\/\\\/www.pinterest.com\\\/andyboyproduce\\\/\"]}]}<\/script>\n<!-- \/ Yoast SEO plugin. -->","yoast_head_json":{"title":"Reciclaje - Andy Boy","robots":{"index":"index","follow":"follow","max-snippet":"max-snippet:-1","max-image-preview":"max-image-preview:large","max-video-preview":"max-video-preview:-1"},"canonical":"https:\/\/www.andyboy.com\/es\/responsabilidad-social\/reciclaje\/","og_locale":"es_ES","og_type":"article","og_title":"Reciclaje - Andy Boy","og_description":"Principios de Sostenibilidad del Reciclaje En D\u2019Arrigo California tenemos el compromiso de ser administradores responsables mediante: Hacer un uso eficiente de los recursos Sostener la viabilidad econ\u00f3mica de las tierras agr\u00edcolas Mejorar la calidad del medio ambiente y la calidad de vida La empresa est\u00e1 dedicada a mejorar el medio ambiente y la calidad de [...]","og_url":"https:\/\/www.andyboy.com\/es\/responsabilidad-social\/reciclaje\/","og_site_name":"Andy Boy","article_publisher":"https:\/\/www.facebook.com\/AndyBoyProduce","article_modified_time":"2021-02-24T22:17:41+00:00","og_image":[{"url":"https:\/\/andyboy.wpengine.com\/wp-content\/uploads\/2020\/07\/cs-recycling-image1.png","type":"","width":"","height":""}],"twitter_misc":{"Tiempo de lectura":"7 minutos"},"schema":{"@context":"https:\/\/schema.org","@graph":[{"@type":"WebPage","@id":"https:\/\/www.andyboy.com\/es\/responsabilidad-social\/reciclaje\/","url":"https:\/\/www.andyboy.com\/es\/responsabilidad-social\/reciclaje\/","name":"Reciclaje - Andy Boy","isPartOf":{"@id":"https:\/\/www.andyboy.com\/#website"},"primaryImageOfPage":{"@id":"https:\/\/www.andyboy.com\/es\/responsabilidad-social\/reciclaje\/#primaryimage"},"image":{"@id":"https:\/\/www.andyboy.com\/es\/responsabilidad-social\/reciclaje\/#primaryimage"},"thumbnailUrl":"https:\/\/www.andyboy.com\/wp-content\/uploads\/2020\/07\/cs-recycling-image1.png","datePublished":"2020-12-24T18:12:00+00:00","dateModified":"2021-02-24T22:17:41+00:00","breadcrumb":{"@id":"https:\/\/www.andyboy.com\/es\/responsabilidad-social\/reciclaje\/#breadcrumb"},"inLanguage":"es","potentialAction":[{"@type":"ReadAction","target":["https:\/\/www.andyboy.com\/es\/responsabilidad-social\/reciclaje\/"]}]},{"@type":"ImageObject","inLanguage":"es","@id":"https:\/\/www.andyboy.com\/es\/responsabilidad-social\/reciclaje\/#primaryimage","url":"https:\/\/www.andyboy.com\/wp-content\/uploads\/2020\/07\/cs-recycling-image1.png","contentUrl":"https:\/\/www.andyboy.com\/wp-content\/uploads\/2020\/07\/cs-recycling-image1.png"},{"@type":"BreadcrumbList","@id":"https:\/\/www.andyboy.com\/es\/responsabilidad-social\/reciclaje\/#breadcrumb","itemListElement":[{"@type":"ListItem","position":1,"name":"Home","item":"https:\/\/www.andyboy.com\/es\/"},{"@type":"ListItem","position":2,"name":"Responsabilidad Social","item":"https:\/\/www.andyboy.com\/es\/responsabilidad-social\/"},{"@type":"ListItem","position":3,"name":"Reciclaje"}]},{"@type":"WebSite","@id":"https:\/\/www.andyboy.com\/#website","url":"https:\/\/www.andyboy.com\/","name":"Andy Boy","description":"","publisher":{"@id":"https:\/\/www.andyboy.com\/#organization"},"potentialAction":[{"@type":"SearchAction","target":{"@type":"EntryPoint","urlTemplate":"https:\/\/www.andyboy.com\/?s={search_term_string}"},"query-input":{"@type":"PropertyValueSpecification","valueRequired":true,"valueName":"search_term_string"}}],"inLanguage":"es"},{"@type":"Organization","@id":"https:\/\/www.andyboy.com\/#organization","name":"Andy Boy","url":"https:\/\/www.andyboy.com\/","logo":{"@type":"ImageObject","inLanguage":"es","@id":"https:\/\/www.andyboy.com\/#\/schema\/logo\/image\/","url":"https:\/\/andyboy.wpengine.com\/wp-content\/uploads\/2015\/04\/AB-Banner-Logo-high-res.jpg","contentUrl":"https:\/\/andyboy.wpengine.com\/wp-content\/uploads\/2015\/04\/AB-Banner-Logo-high-res.jpg","width":1024,"height":403,"caption":"Andy Boy"},"image":{"@id":"https:\/\/www.andyboy.com\/#\/schema\/logo\/image\/"},"sameAs":["https:\/\/www.facebook.com\/AndyBoyProduce","https:\/\/x.com\/AndyBoyInc","https:\/\/instagram.com\/AndyBoyProduce\/","http:\/\/www.pinterest.com\/andyboyproduce\/"]}]}},"_links":{"self":[{"href":"https:\/\/www.andyboy.com\/es\/wp-json\/wp\/v2\/pages\/8137","targetHints":{"allow":["GET"]}}],"collection":[{"href":"https:\/\/www.andyboy.com\/es\/wp-json\/wp\/v2\/pages"}],"about":[{"href":"https:\/\/www.andyboy.com\/es\/wp-json\/wp\/v2\/types\/page"}],"author":[{"embeddable":true,"href":"https:\/\/www.andyboy.com\/es\/wp-json\/wp\/v2\/users\/1"}],"replies":[{"embeddable":true,"href":"https:\/\/www.andyboy.com\/es\/wp-json\/wp\/v2\/comments?post=8137"}],"version-history":[{"count":0,"href":"https:\/\/www.andyboy.com\/es\/wp-json\/wp\/v2\/pages\/8137\/revisions"}],"up":[{"embeddable":true,"href":"https:\/\/www.andyboy.com\/es\/wp-json\/wp\/v2\/pages\/7840"}],"wp:attachment":[{"href":"https:\/\/www.andyboy.com\/es\/wp-json\/wp\/v2\/media?parent=8137"}],"curies":[{"name":"wp","href":"https:\/\/api.w.org\/{rel}","templated":true}]}}