{"id":8537,"date":"2020-12-28T17:29:19","date_gmt":"2020-12-28T17:29:19","guid":{"rendered":"https:\/\/andyboy.wpengine.com\/la-cocina-con-grelo-de-candice-kumai\/"},"modified":"2020-12-28T17:29:19","modified_gmt":"2020-12-28T17:29:19","slug":"la-cocina-con-grelo-de-candice-kumai","status":"publish","type":"page","link":"https:\/\/www.andyboy.com\/es\/la-cocina-con-grelo-de-candice-kumai\/","title":{"rendered":"La cocina con grelo de Candice Kumai"},"content":{"rendered":"<p>Nos asociamos con la chef de alimentaci\u00f3n limpia y periodista l\u00edder en bienestar, Candice Kumai, para satisfacer todos sus antojos de grelo. Queremos ver el grelo en todas las mesas de EE.UU., y Candice Kumai comparte nuestra pasi\u00f3n por alimentos nutritivos y recetas deliciosas. Candice Kumai es autora de varios libros de cocina, por ejemplo, \u00abCook Yourself Thin\u00bb, \u00e9xito de ventas n.\u00ba 1 del NY Times, y su trabajo m\u00e1s reciente, Clean Green Eats, la \u00fanica gu\u00eda para la alimentaci\u00f3n limpia. Sus libros de cocina presentan una gama diversa de alternativas de recetas nutritivas y frescas que puede dominar sin necesidad de ser un chef profesional. Su carrera profesional de cara al p\u00fablico comenz\u00f3 con gran \u00e9xito, como la concursante m\u00e1s joven en la historia de Top Chef. Tambi\u00e9n es una jueza habitual en Iron Chef America y escribe para casi todas las publicaciones existentes sobre comida y bienestar. Ante todo, Candice pone el acento en tomar decisiones positivas para el cuerpo, y est\u00e1 comprometida a ayudar a las personas a lograr sus metas de vida en salud y bienestar. Estamos encantados con las ideas que Candice puede aportar y tenemos el compromiso de difundir la pasi\u00f3n por cocinar con alimentos de verdad en todo el pa\u00eds.<\/p>\n","protected":false},"excerpt":{"rendered":"<p>Nos asociamos con la chef de alimentaci\u00f3n limpia y periodista l\u00edder en bienestar, Candice Kumai, para satisfacer todos sus antojos de grelo. Queremos ver el grelo en todas las mesas de EE.UU., y Candice Kumai comparte nuestra pasi\u00f3n por alimentos nutritivos y recetas deliciosas. Candice Kumai es autora de varios libros de cocina, por ejemplo, [&#8230;]<\/p>\n","protected":false},"author":2,"featured_media":0,"parent":0,"menu_order":0,"comment_status":"closed","ping_status":"closed","template":"page-templates\/template-candice-kumai.php","meta":{"_acf_changed":false,"_exactmetrics_skip_tracking":false,"_exactmetrics_sitenote_active":false,"_exactmetrics_sitenote_note":"","_exactmetrics_sitenote_category":0,"footnotes":"","_links_to":"","_links_to_target":""},"class_list":["post-8537","page","type-page","status-publish","hentry"],"acf":[],"yoast_head":"<!-- This site is optimized with the Yoast SEO plugin v27.1.1 - https:\/\/yoast.com\/product\/yoast-seo-wordpress\/ -->\n<title>La cocina con grelo de Candice Kumai - Andy Boy<\/title>\n<meta name=\"robots\" content=\"index, follow, max-snippet:-1, max-image-preview:large, max-video-preview:-1\" \/>\n<link rel=\"canonical\" href=\"https:\/\/www.andyboy.com\/es\/la-cocina-con-grelo-de-candice-kumai\/\" \/>\n<meta property=\"og:locale\" content=\"es_ES\" \/>\n<meta property=\"og:type\" content=\"article\" \/>\n<meta property=\"og:title\" content=\"La cocina con grelo de Candice Kumai - Andy Boy\" \/>\n<meta property=\"og:description\" content=\"Nos asociamos con la chef de alimentaci\u00f3n limpia y periodista l\u00edder en bienestar, Candice Kumai, para satisfacer todos sus antojos de grelo. Queremos ver el grelo en todas las mesas de EE.UU., y Candice Kumai comparte nuestra pasi\u00f3n por alimentos nutritivos y recetas deliciosas. Candice Kumai es autora de varios libros de cocina, por ejemplo, [...]\" \/>\n<meta property=\"og:url\" content=\"https:\/\/www.andyboy.com\/es\/la-cocina-con-grelo-de-candice-kumai\/\" \/>\n<meta property=\"og:site_name\" content=\"Andy Boy\" \/>\n<meta property=\"article:publisher\" content=\"https:\/\/www.facebook.com\/AndyBoyProduce\" \/>\n<meta name=\"twitter:label1\" content=\"Tiempo de lectura\" \/>\n\t<meta name=\"twitter:data1\" content=\"1 minuto\" \/>\n<script type=\"application\/ld+json\" class=\"yoast-schema-graph\">{\"@context\":\"https:\/\/schema.org\",\"@graph\":[{\"@type\":\"WebPage\",\"@id\":\"https:\/\/www.andyboy.com\/es\/la-cocina-con-grelo-de-candice-kumai\/\",\"url\":\"https:\/\/www.andyboy.com\/es\/la-cocina-con-grelo-de-candice-kumai\/\",\"name\":\"La cocina con grelo de Candice Kumai - Andy Boy\",\"isPartOf\":{\"@id\":\"https:\/\/www.andyboy.com\/#website\"},\"datePublished\":\"2020-12-28T17:29:19+00:00\",\"breadcrumb\":{\"@id\":\"https:\/\/www.andyboy.com\/es\/la-cocina-con-grelo-de-candice-kumai\/#breadcrumb\"},\"inLanguage\":\"es\",\"potentialAction\":[{\"@type\":\"ReadAction\",\"target\":[\"https:\/\/www.andyboy.com\/es\/la-cocina-con-grelo-de-candice-kumai\/\"]}]},{\"@type\":\"BreadcrumbList\",\"@id\":\"https:\/\/www.andyboy.com\/es\/la-cocina-con-grelo-de-candice-kumai\/#breadcrumb\",\"itemListElement\":[{\"@type\":\"ListItem\",\"position\":1,\"name\":\"Home\",\"item\":\"https:\/\/www.andyboy.com\/es\/\"},{\"@type\":\"ListItem\",\"position\":2,\"name\":\"La cocina con grelo de Candice Kumai\"}]},{\"@type\":\"WebSite\",\"@id\":\"https:\/\/www.andyboy.com\/#website\",\"url\":\"https:\/\/www.andyboy.com\/\",\"name\":\"Andy Boy\",\"description\":\"\",\"publisher\":{\"@id\":\"https:\/\/www.andyboy.com\/#organization\"},\"potentialAction\":[{\"@type\":\"SearchAction\",\"target\":{\"@type\":\"EntryPoint\",\"urlTemplate\":\"https:\/\/www.andyboy.com\/?s={search_term_string}\"},\"query-input\":{\"@type\":\"PropertyValueSpecification\",\"valueRequired\":true,\"valueName\":\"search_term_string\"}}],\"inLanguage\":\"es\"},{\"@type\":\"Organization\",\"@id\":\"https:\/\/www.andyboy.com\/#organization\",\"name\":\"Andy Boy\",\"url\":\"https:\/\/www.andyboy.com\/\",\"logo\":{\"@type\":\"ImageObject\",\"inLanguage\":\"es\",\"@id\":\"https:\/\/www.andyboy.com\/#\/schema\/logo\/image\/\",\"url\":\"https:\/\/andyboy.wpengine.com\/wp-content\/uploads\/2015\/04\/AB-Banner-Logo-high-res.jpg\",\"contentUrl\":\"https:\/\/andyboy.wpengine.com\/wp-content\/uploads\/2015\/04\/AB-Banner-Logo-high-res.jpg\",\"width\":1024,\"height\":403,\"caption\":\"Andy Boy\"},\"image\":{\"@id\":\"https:\/\/www.andyboy.com\/#\/schema\/logo\/image\/\"},\"sameAs\":[\"https:\/\/www.facebook.com\/AndyBoyProduce\",\"https:\/\/x.com\/AndyBoyInc\",\"https:\/\/instagram.com\/AndyBoyProduce\/\",\"http:\/\/www.pinterest.com\/andyboyproduce\/\"]}]}<\/script>\n<!-- \/ Yoast SEO plugin. -->","yoast_head_json":{"title":"La cocina con grelo de Candice Kumai - Andy Boy","robots":{"index":"index","follow":"follow","max-snippet":"max-snippet:-1","max-image-preview":"max-image-preview:large","max-video-preview":"max-video-preview:-1"},"canonical":"https:\/\/www.andyboy.com\/es\/la-cocina-con-grelo-de-candice-kumai\/","og_locale":"es_ES","og_type":"article","og_title":"La cocina con grelo de Candice Kumai - Andy Boy","og_description":"Nos asociamos con la chef de alimentaci\u00f3n limpia y periodista l\u00edder en bienestar, Candice Kumai, para satisfacer todos sus antojos de grelo. Queremos ver el grelo en todas las mesas de EE.UU., y Candice Kumai comparte nuestra pasi\u00f3n por alimentos nutritivos y recetas deliciosas. Candice Kumai es autora de varios libros de cocina, por ejemplo, [...]","og_url":"https:\/\/www.andyboy.com\/es\/la-cocina-con-grelo-de-candice-kumai\/","og_site_name":"Andy Boy","article_publisher":"https:\/\/www.facebook.com\/AndyBoyProduce","twitter_misc":{"Tiempo de lectura":"1 minuto"},"schema":{"@context":"https:\/\/schema.org","@graph":[{"@type":"WebPage","@id":"https:\/\/www.andyboy.com\/es\/la-cocina-con-grelo-de-candice-kumai\/","url":"https:\/\/www.andyboy.com\/es\/la-cocina-con-grelo-de-candice-kumai\/","name":"La cocina con grelo de Candice Kumai - Andy Boy","isPartOf":{"@id":"https:\/\/www.andyboy.com\/#website"},"datePublished":"2020-12-28T17:29:19+00:00","breadcrumb":{"@id":"https:\/\/www.andyboy.com\/es\/la-cocina-con-grelo-de-candice-kumai\/#breadcrumb"},"inLanguage":"es","potentialAction":[{"@type":"ReadAction","target":["https:\/\/www.andyboy.com\/es\/la-cocina-con-grelo-de-candice-kumai\/"]}]},{"@type":"BreadcrumbList","@id":"https:\/\/www.andyboy.com\/es\/la-cocina-con-grelo-de-candice-kumai\/#breadcrumb","itemListElement":[{"@type":"ListItem","position":1,"name":"Home","item":"https:\/\/www.andyboy.com\/es\/"},{"@type":"ListItem","position":2,"name":"La cocina con grelo de Candice Kumai"}]},{"@type":"WebSite","@id":"https:\/\/www.andyboy.com\/#website","url":"https:\/\/www.andyboy.com\/","name":"Andy Boy","description":"","publisher":{"@id":"https:\/\/www.andyboy.com\/#organization"},"potentialAction":[{"@type":"SearchAction","target":{"@type":"EntryPoint","urlTemplate":"https:\/\/www.andyboy.com\/?s={search_term_string}"},"query-input":{"@type":"PropertyValueSpecification","valueRequired":true,"valueName":"search_term_string"}}],"inLanguage":"es"},{"@type":"Organization","@id":"https:\/\/www.andyboy.com\/#organization","name":"Andy Boy","url":"https:\/\/www.andyboy.com\/","logo":{"@type":"ImageObject","inLanguage":"es","@id":"https:\/\/www.andyboy.com\/#\/schema\/logo\/image\/","url":"https:\/\/andyboy.wpengine.com\/wp-content\/uploads\/2015\/04\/AB-Banner-Logo-high-res.jpg","contentUrl":"https:\/\/andyboy.wpengine.com\/wp-content\/uploads\/2015\/04\/AB-Banner-Logo-high-res.jpg","width":1024,"height":403,"caption":"Andy Boy"},"image":{"@id":"https:\/\/www.andyboy.com\/#\/schema\/logo\/image\/"},"sameAs":["https:\/\/www.facebook.com\/AndyBoyProduce","https:\/\/x.com\/AndyBoyInc","https:\/\/instagram.com\/AndyBoyProduce\/","http:\/\/www.pinterest.com\/andyboyproduce\/"]}]}},"_links":{"self":[{"href":"https:\/\/www.andyboy.com\/es\/wp-json\/wp\/v2\/pages\/8537","targetHints":{"allow":["GET"]}}],"collection":[{"href":"https:\/\/www.andyboy.com\/es\/wp-json\/wp\/v2\/pages"}],"about":[{"href":"https:\/\/www.andyboy.com\/es\/wp-json\/wp\/v2\/types\/page"}],"author":[{"embeddable":true,"href":"https:\/\/www.andyboy.com\/es\/wp-json\/wp\/v2\/users\/2"}],"replies":[{"embeddable":true,"href":"https:\/\/www.andyboy.com\/es\/wp-json\/wp\/v2\/comments?post=8537"}],"version-history":[{"count":0,"href":"https:\/\/www.andyboy.com\/es\/wp-json\/wp\/v2\/pages\/8537\/revisions"}],"wp:attachment":[{"href":"https:\/\/www.andyboy.com\/es\/wp-json\/wp\/v2\/media?parent=8537"}],"curies":[{"name":"wp","href":"https:\/\/api.w.org\/{rel}","templated":true}]}}