{"id":1013,"date":"2014-04-02T00:24:05","date_gmt":"2014-04-02T00:24:05","guid":{"rendered":"http:\/\/65.99.237.157\/~andyboyc\/?page_id=1013"},"modified":"2020-12-31T01:08:43","modified_gmt":"2020-12-31T01:08:43","slug":"brocoli","status":"publish","type":"page","link":"https:\/\/www.andyboy.com\/fr\/produits\/brocoli\/","title":{"rendered":"Brocoli"},"content":{"rendered":"<p><img decoding=\"async\" class=\"aligncenter wp-image-7105 size-full\" src=\"https:\/\/www.andyboy.com\/wp-content\/uploads\/2020\/07\/02-AB-Infographic-Broccoli.jpg\" alt=\"Image de brocoli-AB\" width=\"960\" height=\"700\" srcset=\"https:\/\/www.andyboy.com\/wp-content\/uploads\/2020\/07\/02-AB-Infographic-Broccoli.jpg 960w, https:\/\/www.andyboy.com\/wp-content\/uploads\/2020\/07\/02-AB-Infographic-Broccoli-600x438.jpg 600w\" sizes=\"(max-width: 960px) 100vw, 960px\" \/><\/p>\n<h2>La nouvelle assiette am\u00e9ricaine<\/h2>\n<p>Pour votre souper, remplissez votre assiette aux deux tiers de d\u00e9licieux brocolis Andy Boy ou d\u2019autres l\u00e9gumes et d\u2019autres fruits, comme le conseille la nouvelle strat\u00e9gie pour pr\u00e9venir le cancer et survivre \u00e0 un cancer. Selon l\u2019Institut am\u00e9ricain pour la recherche sur le cancer, cette tactique permet de combattre les cancers r\u00e9currents et les cancers secondaires chez les personnes qui survivent au cancer. Le brocoli Andy Boy contient du <em>Sulforaphane<\/em>, un agent de protection des cellules qui d\u00e9sintoxique des substances canc\u00e9rig\u00e8nes et leur montre qui commande!<\/p>\n<h3>\u00c7a c\u2019est de l\u2019amour!<\/h3>\n<p>Depuis bien av. J.-C., les Romains vivaient une histoire d\u2019amour avec le brocoli. Le fils de l\u2019empereur romain Tib\u00e8re \u00e9tait tellement entich\u00e9 de brocoli qu\u2019il abandonna tous les autres aliments, sauf le brocoli \u00e0 la fa\u00e7on Apicius (avec un m\u00e9lange de cumin, de graines de coriandre, d\u2019oignon hach\u00e9, d\u2019huile et de vin rempli de soleil fait) pendant un mois entier. Comme le veut la l\u00e9gende, sa fr\u00e9n\u00e9sie de brocoli a rendu son urine vert vif, et en a fait une star parmi tous les gladiateurs.<\/p>\n<h3>D\u2019o\u00f9 le brocoli tire-t-il son nom<\/h3>\n<p>Ces petits arbustes avec des tiges et des branches tirent leur nom du mot latin \u00ab\u00a0brachium\u00a0\u00bb, ce qui signifie bras fort ou branche forte.<\/p>\n<h3>Un pr\u00e9sident qui aimait le brocoli<\/h3>\n<p>Il est dit dans son journal quotidien de mai\u00a01767 que le pr\u00e9sident Thomas Jefferson qui \u00e9tait un fervent jardinier et collectionneur de graines cultivait le brocoli dans sa maison de Monticello en Virginie.<\/p>\n<h3>D\u00e9tails sur le produit<\/h3>\n<ul>\n<li>Le brocoli Andy Boy contient du Sulforaphane, un agent de protection des cellules qui d\u00e9sintoxique des substances canc\u00e9rig\u00e8nes et leur montre qui commande.<\/li>\n<li>Une seule tasse de brocoli r\u00e9pond \u00e0 plus de 100\u00a0% de vos besoins quotidiens en vitamines\u00a0C et K.<\/li>\n<li>Excellente source de vitamine\u00a0A, d\u2019acide folique et de potassium.<\/li>\n<\/ul>\n<div class=\"row\">\n<div class=\"col-6\">\n<h3>Avantages<\/h3>\n<ul>\n<li>Brocoli de qualit\u00e9 sup\u00e9rieure<\/li>\n<li>Produit polyvalent adapt\u00e9 \u00e0 de nombreuses applications<\/li>\n<li>Disponible tout au long de l\u2019ann\u00e9e<\/li>\n<li>Excellente source de vitamines<\/li>\n<\/ul>\n<\/div>\n<div class=\"col-6\">\n<h3>Entretien et manipulation<\/h3>\n<ul>\n<li>R\u00e9frig\u00e9rez imm\u00e9diatement\u00a0: 34 \u00e0 36\u00a0\u00b0F<\/li>\n<li>Lavez avant de manger<\/li>\n<\/ul>\n<\/div>\n<\/div>\n<table>\n<tbody>\n<tr>\n<th>PAQUET<\/th>\n<th>CONFIGURATION DE LA PALETTE<\/th>\n<th>CAISSE\u00a0: L\u00a0x\u00a0l\u00a0x\u00a0P<\/th>\n<th>\u00c9TAGE\/HAUTEUR<\/th>\n<\/tr>\n<tr>\n<td>Bouquet &#8211; Refroidi, paquet de 14\/paquet de 18<\/td>\n<td>56\u00a0caisses par palette<\/td>\n<td>19,8\u00a0x\u00a011,6\u00a0x\u00a011,4<\/td>\n<td>8\/7<\/td>\n<\/tr>\n<tr>\n<td>Bouquet &#8211; non refroidi, paquet de 14\/paquet de 18<\/td>\n<td>56\u00a0caisses par palette<\/td>\n<td>19,8\u00a0x\u00a011,6\u00a0x\u00a011,4<\/td>\n<td>8\/7<\/td>\n<\/tr>\n<tr>\n<td>Couronnes- refroidies, 9,07\u00a0kg<\/td>\n<td>56\u00a0caisses par palette<\/td>\n<td>19,8\u00a0x\u00a011,6\u00a0x\u00a010,12<\/td>\n<td>8\/7<\/td>\n<\/tr>\n<tr>\n<td>Couronnes &#8211; non refroidies, 9,07\u00a0kg<\/td>\n<td>56\u00a0caisses par palette<\/td>\n<td>19,8\u00a0x\u00a011,6\u00a0x\u00a010,12<\/td>\n<td>8\/7<\/td>\n<\/tr>\n<tr>\n<td>Emballage r\u00e9tr\u00e9cissable &#8211; non refroidi\/emballage- paquet de 14\/paquet de 18.<\/td>\n<td>56\u00a0caisses par palette<\/td>\n<td>19,8\u00a0x\u00a011,6\u00a0x\u00a011,4<\/td>\n<td>8\/7<\/td>\n<\/tr>\n<tr>\n<td>Petites couronnes- refroidies, 9,07\u00a0kg<\/td>\n<td>56\u00a0caisses par palette<\/td>\n<td>19,8\u00a0x\u00a011,6\u00a0x\u00a011,4<\/td>\n<td>8\/7<\/td>\n<\/tr>\n<tr>\n<td>Petites couronnes- non refroidies, 9,07\u00a0kg<\/td>\n<td>56\u00a0caisses par palette<\/td>\n<td>19,8\u00a0x\u00a011,6\u00a0x\u00a011,4<\/td>\n<td>8\/7<\/td>\n<\/tr>\n<tr>\n<td>Couronnes RPC &#8211; non refroidies, 9,07\u00a0kg<\/td>\n<td>40\u00a0caisses par palette<\/td>\n<td>23,6\u00a0x\u00a015,8\u00a0x\u00a09,7<\/td>\n<td>5\/8<\/td>\n<\/tr>\n<tr>\n<td>Emballage r\u00e9tr\u00e9cissable RPC &#8211; non refroidi\/Emballage- paquet de16\/paquet de 14.<\/td>\n<td>40\u00a0caisses par palette<\/td>\n<td>23,6\u00a0x\u00a015,8\u00a0x\u00a011,5<\/td>\n<td>5\/8<\/td>\n<\/tr>\n<tr>\n<td>Couronnes d\u2019exportation &#8211; refroidies, 9,07\u00a0kg<\/td>\n<td>56\u00a0caisses par palette<\/td>\n<td>19,8\u00a0x\u00a011,6\u00a0x\u00a011,4<\/td>\n<td>8\/7<\/td>\n<\/tr>\n<\/tbody>\n<\/table>\n<p style=\"text-align: center;\">\n","protected":false},"excerpt":{"rendered":"<p>La nouvelle assiette am\u00e9ricaine Pour votre souper, remplissez votre assiette aux deux tiers de d\u00e9licieux brocolis Andy Boy ou d\u2019autres l\u00e9gumes et d\u2019autres fruits, comme le conseille la nouvelle strat\u00e9gie pour pr\u00e9venir le cancer et survivre \u00e0 un cancer. Selon l\u2019Institut am\u00e9ricain pour la recherche sur le cancer, cette tactique permet de combattre les cancers [&#8230;]<\/p>\n","protected":false},"author":1,"featured_media":12067,"parent":1037,"menu_order":0,"comment_status":"open","ping_status":"closed","template":"page-templates\/template-product-single.php","meta":{"_acf_changed":false,"_exactmetrics_skip_tracking":false,"_exactmetrics_sitenote_active":false,"_exactmetrics_sitenote_note":"","_exactmetrics_sitenote_category":0,"footnotes":"","_links_to":"","_links_to_target":""},"class_list":["post-1013","page","type-page","status-publish","has-post-thumbnail","hentry"],"acf":[],"yoast_head":"<!-- This site is optimized with the Yoast SEO plugin v27.4 - https:\/\/yoast.com\/product\/yoast-seo-wordpress\/ -->\n<title>Brocoli - Andy Boy<\/title>\n<meta name=\"robots\" content=\"index, follow, max-snippet:-1, max-image-preview:large, max-video-preview:-1\" \/>\n<link rel=\"canonical\" href=\"https:\/\/www.andyboy.com\/fr\/produits\/brocoli\/\" \/>\n<meta property=\"og:locale\" content=\"fr_FR\" \/>\n<meta property=\"og:type\" content=\"article\" \/>\n<meta property=\"og:title\" content=\"Brocoli - Andy Boy\" \/>\n<meta property=\"og:description\" content=\"La nouvelle assiette am\u00e9ricaine Pour votre souper, remplissez votre assiette aux deux tiers de d\u00e9licieux brocolis Andy Boy ou d\u2019autres l\u00e9gumes et d\u2019autres fruits, comme le conseille la nouvelle strat\u00e9gie pour pr\u00e9venir le cancer et survivre \u00e0 un cancer. Selon l\u2019Institut am\u00e9ricain pour la recherche sur le cancer, cette tactique permet de combattre les cancers [...]\" \/>\n<meta property=\"og:url\" content=\"https:\/\/www.andyboy.com\/fr\/produits\/brocoli\/\" \/>\n<meta property=\"og:site_name\" content=\"Andy Boy\" \/>\n<meta property=\"article:publisher\" content=\"https:\/\/www.facebook.com\/AndyBoyProduce\" \/>\n<meta property=\"article:modified_time\" content=\"2020-12-31T01:08:43+00:00\" \/>\n<meta property=\"og:image\" content=\"https:\/\/www.andyboy.com\/wp-content\/uploads\/2023\/03\/Broccoli.png\" \/>\n\t<meta property=\"og:image:width\" content=\"900\" \/>\n\t<meta property=\"og:image:height\" content=\"900\" \/>\n\t<meta property=\"og:image:type\" content=\"image\/png\" \/>\n<meta name=\"twitter:label1\" content=\"Dur\u00e9e de lecture estim\u00e9e\" \/>\n\t<meta name=\"twitter:data1\" content=\"3 minutes\" \/>\n<script type=\"application\/ld+json\" class=\"yoast-schema-graph\">{\"@context\":\"https:\\\/\\\/schema.org\",\"@graph\":[{\"@type\":\"WebPage\",\"@id\":\"https:\\\/\\\/www.andyboy.com\\\/fr\\\/produits\\\/brocoli\\\/\",\"url\":\"https:\\\/\\\/www.andyboy.com\\\/fr\\\/produits\\\/brocoli\\\/\",\"name\":\"Brocoli - Andy Boy\",\"isPartOf\":{\"@id\":\"https:\\\/\\\/www.andyboy.com\\\/#website\"},\"primaryImageOfPage\":{\"@id\":\"https:\\\/\\\/www.andyboy.com\\\/fr\\\/produits\\\/brocoli\\\/#primaryimage\"},\"image\":{\"@id\":\"https:\\\/\\\/www.andyboy.com\\\/fr\\\/produits\\\/brocoli\\\/#primaryimage\"},\"thumbnailUrl\":\"https:\\\/\\\/www.andyboy.com\\\/wp-content\\\/uploads\\\/2023\\\/03\\\/Broccoli.png\",\"datePublished\":\"2014-04-02T00:24:05+00:00\",\"dateModified\":\"2020-12-31T01:08:43+00:00\",\"breadcrumb\":{\"@id\":\"https:\\\/\\\/www.andyboy.com\\\/fr\\\/produits\\\/brocoli\\\/#breadcrumb\"},\"inLanguage\":\"fr-FR\",\"potentialAction\":[{\"@type\":\"ReadAction\",\"target\":[\"https:\\\/\\\/www.andyboy.com\\\/fr\\\/produits\\\/brocoli\\\/\"]}]},{\"@type\":\"ImageObject\",\"inLanguage\":\"fr-FR\",\"@id\":\"https:\\\/\\\/www.andyboy.com\\\/fr\\\/produits\\\/brocoli\\\/#primaryimage\",\"url\":\"https:\\\/\\\/www.andyboy.com\\\/wp-content\\\/uploads\\\/2023\\\/03\\\/Broccoli.png\",\"contentUrl\":\"https:\\\/\\\/www.andyboy.com\\\/wp-content\\\/uploads\\\/2023\\\/03\\\/Broccoli.png\",\"width\":900,\"height\":900,\"caption\":\"Broccoli\"},{\"@type\":\"BreadcrumbList\",\"@id\":\"https:\\\/\\\/www.andyboy.com\\\/fr\\\/produits\\\/brocoli\\\/#breadcrumb\",\"itemListElement\":[{\"@type\":\"ListItem\",\"position\":1,\"name\":\"Home\",\"item\":\"https:\\\/\\\/www.andyboy.com\\\/fr\\\/\"},{\"@type\":\"ListItem\",\"position\":2,\"name\":\"Produits\",\"item\":\"https:\\\/\\\/www.andyboy.com\\\/fr\\\/produits\\\/\"},{\"@type\":\"ListItem\",\"position\":3,\"name\":\"Brocoli\"}]},{\"@type\":\"WebSite\",\"@id\":\"https:\\\/\\\/www.andyboy.com\\\/#website\",\"url\":\"https:\\\/\\\/www.andyboy.com\\\/\",\"name\":\"Andy Boy\",\"description\":\"\",\"publisher\":{\"@id\":\"https:\\\/\\\/www.andyboy.com\\\/#organization\"},\"potentialAction\":[{\"@type\":\"SearchAction\",\"target\":{\"@type\":\"EntryPoint\",\"urlTemplate\":\"https:\\\/\\\/www.andyboy.com\\\/?s={search_term_string}\"},\"query-input\":{\"@type\":\"PropertyValueSpecification\",\"valueRequired\":true,\"valueName\":\"search_term_string\"}}],\"inLanguage\":\"fr-FR\"},{\"@type\":\"Organization\",\"@id\":\"https:\\\/\\\/www.andyboy.com\\\/#organization\",\"name\":\"Andy Boy\",\"url\":\"https:\\\/\\\/www.andyboy.com\\\/\",\"logo\":{\"@type\":\"ImageObject\",\"inLanguage\":\"fr-FR\",\"@id\":\"https:\\\/\\\/www.andyboy.com\\\/#\\\/schema\\\/logo\\\/image\\\/\",\"url\":\"https:\\\/\\\/andyboy.wpengine.com\\\/wp-content\\\/uploads\\\/2015\\\/04\\\/AB-Banner-Logo-high-res.jpg\",\"contentUrl\":\"https:\\\/\\\/andyboy.wpengine.com\\\/wp-content\\\/uploads\\\/2015\\\/04\\\/AB-Banner-Logo-high-res.jpg\",\"width\":1024,\"height\":403,\"caption\":\"Andy Boy\"},\"image\":{\"@id\":\"https:\\\/\\\/www.andyboy.com\\\/#\\\/schema\\\/logo\\\/image\\\/\"},\"sameAs\":[\"https:\\\/\\\/www.facebook.com\\\/AndyBoyProduce\",\"https:\\\/\\\/x.com\\\/AndyBoyInc\",\"https:\\\/\\\/instagram.com\\\/AndyBoyProduce\\\/\",\"http:\\\/\\\/www.pinterest.com\\\/andyboyproduce\\\/\"]}]}<\/script>\n<!-- \/ Yoast SEO plugin. -->","yoast_head_json":{"title":"Brocoli - Andy Boy","robots":{"index":"index","follow":"follow","max-snippet":"max-snippet:-1","max-image-preview":"max-image-preview:large","max-video-preview":"max-video-preview:-1"},"canonical":"https:\/\/www.andyboy.com\/fr\/produits\/brocoli\/","og_locale":"fr_FR","og_type":"article","og_title":"Brocoli - Andy Boy","og_description":"La nouvelle assiette am\u00e9ricaine Pour votre souper, remplissez votre assiette aux deux tiers de d\u00e9licieux brocolis Andy Boy ou d\u2019autres l\u00e9gumes et d\u2019autres fruits, comme le conseille la nouvelle strat\u00e9gie pour pr\u00e9venir le cancer et survivre \u00e0 un cancer. Selon l\u2019Institut am\u00e9ricain pour la recherche sur le cancer, cette tactique permet de combattre les cancers [...]","og_url":"https:\/\/www.andyboy.com\/fr\/produits\/brocoli\/","og_site_name":"Andy Boy","article_publisher":"https:\/\/www.facebook.com\/AndyBoyProduce","article_modified_time":"2020-12-31T01:08:43+00:00","og_image":[{"width":900,"height":900,"url":"https:\/\/www.andyboy.com\/wp-content\/uploads\/2023\/03\/Broccoli.png","type":"image\/png"}],"twitter_misc":{"Dur\u00e9e de lecture estim\u00e9e":"3 minutes"},"schema":{"@context":"https:\/\/schema.org","@graph":[{"@type":"WebPage","@id":"https:\/\/www.andyboy.com\/fr\/produits\/brocoli\/","url":"https:\/\/www.andyboy.com\/fr\/produits\/brocoli\/","name":"Brocoli - Andy Boy","isPartOf":{"@id":"https:\/\/www.andyboy.com\/#website"},"primaryImageOfPage":{"@id":"https:\/\/www.andyboy.com\/fr\/produits\/brocoli\/#primaryimage"},"image":{"@id":"https:\/\/www.andyboy.com\/fr\/produits\/brocoli\/#primaryimage"},"thumbnailUrl":"https:\/\/www.andyboy.com\/wp-content\/uploads\/2023\/03\/Broccoli.png","datePublished":"2014-04-02T00:24:05+00:00","dateModified":"2020-12-31T01:08:43+00:00","breadcrumb":{"@id":"https:\/\/www.andyboy.com\/fr\/produits\/brocoli\/#breadcrumb"},"inLanguage":"fr-FR","potentialAction":[{"@type":"ReadAction","target":["https:\/\/www.andyboy.com\/fr\/produits\/brocoli\/"]}]},{"@type":"ImageObject","inLanguage":"fr-FR","@id":"https:\/\/www.andyboy.com\/fr\/produits\/brocoli\/#primaryimage","url":"https:\/\/www.andyboy.com\/wp-content\/uploads\/2023\/03\/Broccoli.png","contentUrl":"https:\/\/www.andyboy.com\/wp-content\/uploads\/2023\/03\/Broccoli.png","width":900,"height":900,"caption":"Broccoli"},{"@type":"BreadcrumbList","@id":"https:\/\/www.andyboy.com\/fr\/produits\/brocoli\/#breadcrumb","itemListElement":[{"@type":"ListItem","position":1,"name":"Home","item":"https:\/\/www.andyboy.com\/fr\/"},{"@type":"ListItem","position":2,"name":"Produits","item":"https:\/\/www.andyboy.com\/fr\/produits\/"},{"@type":"ListItem","position":3,"name":"Brocoli"}]},{"@type":"WebSite","@id":"https:\/\/www.andyboy.com\/#website","url":"https:\/\/www.andyboy.com\/","name":"Andy Boy","description":"","publisher":{"@id":"https:\/\/www.andyboy.com\/#organization"},"potentialAction":[{"@type":"SearchAction","target":{"@type":"EntryPoint","urlTemplate":"https:\/\/www.andyboy.com\/?s={search_term_string}"},"query-input":{"@type":"PropertyValueSpecification","valueRequired":true,"valueName":"search_term_string"}}],"inLanguage":"fr-FR"},{"@type":"Organization","@id":"https:\/\/www.andyboy.com\/#organization","name":"Andy Boy","url":"https:\/\/www.andyboy.com\/","logo":{"@type":"ImageObject","inLanguage":"fr-FR","@id":"https:\/\/www.andyboy.com\/#\/schema\/logo\/image\/","url":"https:\/\/andyboy.wpengine.com\/wp-content\/uploads\/2015\/04\/AB-Banner-Logo-high-res.jpg","contentUrl":"https:\/\/andyboy.wpengine.com\/wp-content\/uploads\/2015\/04\/AB-Banner-Logo-high-res.jpg","width":1024,"height":403,"caption":"Andy Boy"},"image":{"@id":"https:\/\/www.andyboy.com\/#\/schema\/logo\/image\/"},"sameAs":["https:\/\/www.facebook.com\/AndyBoyProduce","https:\/\/x.com\/AndyBoyInc","https:\/\/instagram.com\/AndyBoyProduce\/","http:\/\/www.pinterest.com\/andyboyproduce\/"]}]}},"_links":{"self":[{"href":"https:\/\/www.andyboy.com\/fr\/wp-json\/wp\/v2\/pages\/1013","targetHints":{"allow":["GET"]}}],"collection":[{"href":"https:\/\/www.andyboy.com\/fr\/wp-json\/wp\/v2\/pages"}],"about":[{"href":"https:\/\/www.andyboy.com\/fr\/wp-json\/wp\/v2\/types\/page"}],"author":[{"embeddable":true,"href":"https:\/\/www.andyboy.com\/fr\/wp-json\/wp\/v2\/users\/1"}],"replies":[{"embeddable":true,"href":"https:\/\/www.andyboy.com\/fr\/wp-json\/wp\/v2\/comments?post=1013"}],"version-history":[{"count":0,"href":"https:\/\/www.andyboy.com\/fr\/wp-json\/wp\/v2\/pages\/1013\/revisions"}],"up":[{"embeddable":true,"href":"https:\/\/www.andyboy.com\/fr\/wp-json\/wp\/v2\/pages\/1037"}],"wp:featuredmedia":[{"embeddable":true,"href":"https:\/\/www.andyboy.com\/fr\/wp-json\/wp\/v2\/media\/12067"}],"wp:attachment":[{"href":"https:\/\/www.andyboy.com\/fr\/wp-json\/wp\/v2\/media?parent=1013"}],"curies":[{"name":"wp","href":"https:\/\/api.w.org\/{rel}","templated":true}]}}