{"id":1015,"date":"2014-04-02T00:25:38","date_gmt":"2014-04-02T00:25:38","guid":{"rendered":"http:\/\/65.99.237.157\/~andyboyc\/?page_id=1015"},"modified":"2020-12-31T01:11:11","modified_gmt":"2020-12-31T01:11:11","slug":"artichauts","status":"publish","type":"page","link":"https:\/\/www.andyboy.com\/fr\/produits\/artichauts\/","title":{"rendered":"Artichauts"},"content":{"rendered":"<p><img decoding=\"async\" class=\"aligncenter wp-image-8334 size-full\" src=\"https:\/\/www.andyboy.com\/wp-content\/uploads\/2020\/07\/01-AB-Infographic-Artichokes.jpg\" alt=\"AB-Image-Artichauts\" width=\"960\" height=\"700\" srcset=\"https:\/\/www.andyboy.com\/wp-content\/uploads\/2020\/07\/01-AB-Infographic-Artichokes.jpg 960w, https:\/\/www.andyboy.com\/wp-content\/uploads\/2020\/07\/01-AB-Infographic-Artichokes-600x438.jpg 600w\" sizes=\"(max-width: 960px) 100vw, 960px\" \/> L\u00e9gume unique, l\u2019artichaut poss\u00e8de un c\u0153ur et c\u2019est ce que nous appelons aujourd\u2019hui le \u00ab\u00a0foin\u00a0\u00bb \u00e0 l\u2019int\u00e9rieur de ses p\u00e9tales protecteurs et \u00e9pineux. En effet, le foin constitue le fond plurigerme du chardon bleu violet. Form\u00e9s comme un casque, les p\u00e9tales de l\u2019artichaut sont uniques en ce qu\u2019ils sont comestibles et prot\u00e8gent l\u2019int\u00e9rieur de la plante. Chaque plant d\u2019artichaut donne plusieurs artichauts de tailles diff\u00e9rentes selon la vari\u00e9t\u00e9 des semences et peut \u00eatre r\u00e9colt\u00e9 plusieurs fois.<\/p>\n<h3>La Mafia revendique l\u2019artichaut<\/h3>\n<p>Recherch\u00e9 par les Am\u00e9ricains d\u2019origine italienne vivant dans la ville de New York au climat froid et de plus en plus d\u00e9favorable, Ciro Terranova, le roi du monde interlope, monopolisa l\u2019artichaut. \u00c0 ce moment, le maire Fiorello La Guardia essayait de d\u00e9barrasser les rues de New York des gangsters et des charrettes \u00e0 bras. Il a ouvert le march\u00e9 de gros qui allait devenir le centre d\u2019approvisionnement alimentaire de New York, et ne voulait pas que des gangsters monopolisent ce produit. En 1935, La Guardia d\u00e9clara \u00ab\u00a0une situation d\u2019urgence majeure et mena\u00e7ante\u00a0\u00bb, et bannit la vente, l\u2019exposition et la possession des artichauts. Au cours de la m\u00eame ann\u00e9e, la demande de l\u2019artichaut \u00e9tait si forte que La Guardia r\u00e9tablit les artichauts.<\/p>\n<h3>Marilyn Monroe et l\u2019artichaut<\/h3>\n<p>Le moment le plus important des artichauts et du cin\u00e9ma serait arriv\u00e9 en 1947 lors du Festival de l\u2019artichaut \u00e0 Castroville en Californie. Une jeune femme a \u00e9t\u00e9 couronn\u00e9e la \u00ab\u00a0Reine des artichauts de Californie\u00a0\u00bb. Cette couronne en artichaut marqua un tournant d\u00e9cisif dans la jeune carri\u00e8re de Mademoiselle Norma Jean Baker, qui est \u00e9videmment devenue la grande vedette Marilyn Monroe.<\/p>\n<h3>D\u00e9tails sur le produit<\/h3>\n<ul>\n<li>Les artichauts ne sont pas utilis\u00e9s uniquement pour les sauces. Les artichauts bouillis, cuits \u00e0 la vapeur, frits ou farcis constituent une excellente entr\u00e9e ou un tr\u00e8s bon plat d\u2019accompagnement.<\/li>\n<li>Chaque plant d\u2019artichaut donne plusieurs artichauts de tailles diff\u00e9rentes selon la vari\u00e9t\u00e9 des semences et peut \u00eatre r\u00e9colt\u00e9 plusieurs fois.<\/li>\n<\/ul>\n<div class=\"row\">\n<div class=\"col-6\">\n<h3>Avantages<\/h3>\n<ul>\n<li>Artichauts de qualit\u00e9 sup\u00e9rieure<\/li>\n<li>Produit polyvalent adapt\u00e9 \u00e0 de nombreuses applications<\/li>\n<li>Disponible tout au long de l\u2019ann\u00e9e<\/li>\n<li>Riche en fibres, en vitamine\u00a0C et en acide folique<\/li>\n<\/ul>\n<\/div>\n<div class=\"col-6\">\n<h3>Entretien et manipulation<\/h3>\n<ul>\n<li>R\u00e9frig\u00e9rez imm\u00e9diatement\u00a0: 34 \u00e0 36\u00a0\u00b0F<\/li>\n<li>Lavez avant de manger<\/li>\n<\/ul>\n<\/div>\n<\/div>\n<table>\n<tbody>\n<tr>\n<th>PAQUET<\/th>\n<th>CONFIGURATION DE LA PALETTE<\/th>\n<th>CAISSE\u00a0: L\u00a0x\u00a0l\u00a0x\u00a0P<\/th>\n<th>\u00c9TAGE\/HAUTEUR<\/th>\n<\/tr>\n<tr>\n<td>Paquet de 12<\/td>\n<td>88\u00a0caisses par palette<\/td>\n<td>19,1\u00a0x\u00a011,6\u00a0x\u00a06,11<\/td>\n<td>8\/11<\/td>\n<\/tr>\n<tr>\n<td>Paquet de 18\/scan<\/td>\n<td>88\u00a0caisses par palette<\/td>\n<td>19,1\u00a0x\u00a011,6\u00a0x\u00a06,11<\/td>\n<td>8\/11<\/td>\n<\/tr>\n<tr>\n<td>Paquet de 24<\/td>\n<td>88\u00a0caisses par palette<\/td>\n<td>19,1\u00a0x\u00a011,6\u00a0x\u00a06,11<\/td>\n<td>8\/11<\/td>\n<\/tr>\n<tr>\n<td>Paquet de 30<\/td>\n<td>88\u00a0caisses par palette<\/td>\n<td>19,1\u00a0x\u00a011,6\u00a0x\u00a06,11<\/td>\n<td>8\/11<\/td>\n<\/tr>\n<tr>\n<td>Paquet de 36<\/td>\n<td>88\u00a0caisses par palette<\/td>\n<td>19,1\u00a0x\u00a011,6\u00a0x\u00a06,11<\/td>\n<td>8\/11<\/td>\n<\/tr>\n<tr>\n<td>Paquet de 48<\/td>\n<td>88\u00a0caisses par palette<\/td>\n<td>19,1\u00a0x\u00a011,6\u00a0x\u00a06,11<\/td>\n<td>8\/11<\/td>\n<\/tr>\n<tr>\n<td>Petite pi\u00e8ce<\/td>\n<td>88\u00a0caisses par palette<\/td>\n<td>19,1\u00a0x\u00a011,6\u00a0x\u00a06,11<\/td>\n<td>8\/11<\/td>\n<\/tr>\n<tr>\n<td>Grande pi\u00e8ce<\/td>\n<td>88\u00a0caisses par palette<\/td>\n<td>19,1\u00a0x\u00a011,6\u00a0x\u00a06,11<\/td>\n<td>8\/11<\/td>\n<\/tr>\n<tr>\n<td>RPC, paquet de 14\/taille\u00a012<\/td>\n<td>70\u00a0caisses par palette<\/td>\n<td>23,6\u00a0x\u00a015,8\u00a0x\u00a05,5<\/td>\n<td>5\/14<\/td>\n<\/tr>\n<tr>\n<td>RPC, paquet de 18\/taille\u00a018<\/td>\n<td>70\u00a0caisses par palette<\/td>\n<td>23,6\u00a0x\u00a015,8\u00a0x\u00a05,5<\/td>\n<td>5\/14<\/td>\n<\/tr>\n<\/tbody>\n<\/table>\n","protected":false},"excerpt":{"rendered":"<p>L\u00e9gume unique, l\u2019artichaut poss\u00e8de un c\u0153ur et c\u2019est ce que nous appelons aujourd\u2019hui le \u00ab\u00a0foin\u00a0\u00bb \u00e0 l\u2019int\u00e9rieur de ses p\u00e9tales protecteurs et \u00e9pineux. En effet, le foin constitue le fond plurigerme du chardon bleu violet. Form\u00e9s comme un casque, les p\u00e9tales de l\u2019artichaut sont uniques en ce qu\u2019ils sont comestibles et prot\u00e8gent l\u2019int\u00e9rieur de la [&#8230;]<\/p>\n","protected":false},"author":1,"featured_media":895,"parent":1037,"menu_order":0,"comment_status":"open","ping_status":"closed","template":"page-templates\/template-product-single.php","meta":{"_acf_changed":false,"_exactmetrics_skip_tracking":false,"_exactmetrics_sitenote_active":false,"_exactmetrics_sitenote_note":"","_exactmetrics_sitenote_category":0,"footnotes":"","_links_to":"","_links_to_target":""},"class_list":["post-1015","page","type-page","status-publish","has-post-thumbnail","hentry"],"acf":[],"yoast_head":"<!-- This site is optimized with the Yoast SEO plugin v27.4 - https:\/\/yoast.com\/product\/yoast-seo-wordpress\/ -->\n<title>Artichauts - Andy Boy<\/title>\n<meta name=\"description\" content=\"Artichauts Andy-Boy L\u00e9gume unique, l\u2019artichaut poss\u00e8de un c\u0153ur et c\u2019est ce que nous appelons aujourd\u2019hui le \u00ab\u00a0foin\u00a0\u00bb \u00e0 l\u2019int\u00e9rieur de ses p\u00e9tales protecteurs et \u00e9pineux.\" \/>\n<meta name=\"robots\" content=\"index, follow, max-snippet:-1, max-image-preview:large, max-video-preview:-1\" \/>\n<link rel=\"canonical\" href=\"https:\/\/www.andyboy.com\/fr\/produits\/artichauts\/\" \/>\n<meta property=\"og:locale\" content=\"fr_FR\" \/>\n<meta property=\"og:type\" content=\"article\" \/>\n<meta property=\"og:title\" content=\"Artichauts - Andy Boy\" \/>\n<meta property=\"og:description\" content=\"Artichauts Andy-Boy L\u00e9gume unique, l\u2019artichaut poss\u00e8de un c\u0153ur et c\u2019est ce que nous appelons aujourd\u2019hui le \u00ab\u00a0foin\u00a0\u00bb \u00e0 l\u2019int\u00e9rieur de ses p\u00e9tales protecteurs et \u00e9pineux.\" \/>\n<meta property=\"og:url\" content=\"https:\/\/www.andyboy.com\/fr\/produits\/artichauts\/\" \/>\n<meta property=\"og:site_name\" content=\"Andy Boy\" \/>\n<meta property=\"article:publisher\" content=\"https:\/\/www.facebook.com\/AndyBoyProduce\" \/>\n<meta property=\"article:modified_time\" content=\"2020-12-31T01:11:11+00:00\" \/>\n<meta property=\"og:image\" content=\"https:\/\/www.andyboy.com\/wp-content\/uploads\/2014\/03\/artichokes1.jpg\" \/>\n\t<meta property=\"og:image:width\" content=\"1000\" \/>\n\t<meta property=\"og:image:height\" content=\"1000\" \/>\n\t<meta property=\"og:image:type\" content=\"image\/jpeg\" \/>\n<meta name=\"twitter:label1\" content=\"Dur\u00e9e de lecture estim\u00e9e\" \/>\n\t<meta name=\"twitter:data1\" content=\"2 minutes\" \/>\n<script type=\"application\/ld+json\" class=\"yoast-schema-graph\">{\"@context\":\"https:\\\/\\\/schema.org\",\"@graph\":[{\"@type\":\"WebPage\",\"@id\":\"https:\\\/\\\/www.andyboy.com\\\/fr\\\/produits\\\/artichauts\\\/\",\"url\":\"https:\\\/\\\/www.andyboy.com\\\/fr\\\/produits\\\/artichauts\\\/\",\"name\":\"Artichauts - Andy Boy\",\"isPartOf\":{\"@id\":\"https:\\\/\\\/www.andyboy.com\\\/#website\"},\"primaryImageOfPage\":{\"@id\":\"https:\\\/\\\/www.andyboy.com\\\/fr\\\/produits\\\/artichauts\\\/#primaryimage\"},\"image\":{\"@id\":\"https:\\\/\\\/www.andyboy.com\\\/fr\\\/produits\\\/artichauts\\\/#primaryimage\"},\"thumbnailUrl\":\"https:\\\/\\\/www.andyboy.com\\\/wp-content\\\/uploads\\\/2014\\\/03\\\/artichokes1.jpg\",\"datePublished\":\"2014-04-02T00:25:38+00:00\",\"dateModified\":\"2020-12-31T01:11:11+00:00\",\"description\":\"Artichauts Andy-Boy L\u00e9gume unique, l\u2019artichaut poss\u00e8de un c\u0153ur et c\u2019est ce que nous appelons aujourd\u2019hui le \u00ab\u00a0foin\u00a0\u00bb \u00e0 l\u2019int\u00e9rieur de ses p\u00e9tales protecteurs et \u00e9pineux.\",\"breadcrumb\":{\"@id\":\"https:\\\/\\\/www.andyboy.com\\\/fr\\\/produits\\\/artichauts\\\/#breadcrumb\"},\"inLanguage\":\"fr-FR\",\"potentialAction\":[{\"@type\":\"ReadAction\",\"target\":[\"https:\\\/\\\/www.andyboy.com\\\/fr\\\/produits\\\/artichauts\\\/\"]}]},{\"@type\":\"ImageObject\",\"inLanguage\":\"fr-FR\",\"@id\":\"https:\\\/\\\/www.andyboy.com\\\/fr\\\/produits\\\/artichauts\\\/#primaryimage\",\"url\":\"https:\\\/\\\/www.andyboy.com\\\/wp-content\\\/uploads\\\/2014\\\/03\\\/artichokes1.jpg\",\"contentUrl\":\"https:\\\/\\\/www.andyboy.com\\\/wp-content\\\/uploads\\\/2014\\\/03\\\/artichokes1.jpg\",\"width\":1000,\"height\":1000,\"caption\":\"artichoke-andy-boy\"},{\"@type\":\"BreadcrumbList\",\"@id\":\"https:\\\/\\\/www.andyboy.com\\\/fr\\\/produits\\\/artichauts\\\/#breadcrumb\",\"itemListElement\":[{\"@type\":\"ListItem\",\"position\":1,\"name\":\"Home\",\"item\":\"https:\\\/\\\/www.andyboy.com\\\/fr\\\/\"},{\"@type\":\"ListItem\",\"position\":2,\"name\":\"Produits\",\"item\":\"https:\\\/\\\/www.andyboy.com\\\/fr\\\/produits\\\/\"},{\"@type\":\"ListItem\",\"position\":3,\"name\":\"Artichauts\"}]},{\"@type\":\"WebSite\",\"@id\":\"https:\\\/\\\/www.andyboy.com\\\/#website\",\"url\":\"https:\\\/\\\/www.andyboy.com\\\/\",\"name\":\"Andy Boy\",\"description\":\"\",\"publisher\":{\"@id\":\"https:\\\/\\\/www.andyboy.com\\\/#organization\"},\"potentialAction\":[{\"@type\":\"SearchAction\",\"target\":{\"@type\":\"EntryPoint\",\"urlTemplate\":\"https:\\\/\\\/www.andyboy.com\\\/?s={search_term_string}\"},\"query-input\":{\"@type\":\"PropertyValueSpecification\",\"valueRequired\":true,\"valueName\":\"search_term_string\"}}],\"inLanguage\":\"fr-FR\"},{\"@type\":\"Organization\",\"@id\":\"https:\\\/\\\/www.andyboy.com\\\/#organization\",\"name\":\"Andy Boy\",\"url\":\"https:\\\/\\\/www.andyboy.com\\\/\",\"logo\":{\"@type\":\"ImageObject\",\"inLanguage\":\"fr-FR\",\"@id\":\"https:\\\/\\\/www.andyboy.com\\\/#\\\/schema\\\/logo\\\/image\\\/\",\"url\":\"https:\\\/\\\/andyboy.wpengine.com\\\/wp-content\\\/uploads\\\/2015\\\/04\\\/AB-Banner-Logo-high-res.jpg\",\"contentUrl\":\"https:\\\/\\\/andyboy.wpengine.com\\\/wp-content\\\/uploads\\\/2015\\\/04\\\/AB-Banner-Logo-high-res.jpg\",\"width\":1024,\"height\":403,\"caption\":\"Andy Boy\"},\"image\":{\"@id\":\"https:\\\/\\\/www.andyboy.com\\\/#\\\/schema\\\/logo\\\/image\\\/\"},\"sameAs\":[\"https:\\\/\\\/www.facebook.com\\\/AndyBoyProduce\",\"https:\\\/\\\/x.com\\\/AndyBoyInc\",\"https:\\\/\\\/instagram.com\\\/AndyBoyProduce\\\/\",\"http:\\\/\\\/www.pinterest.com\\\/andyboyproduce\\\/\"]}]}<\/script>\n<!-- \/ Yoast SEO plugin. -->","yoast_head_json":{"title":"Artichauts - Andy Boy","description":"Artichauts Andy-Boy L\u00e9gume unique, l\u2019artichaut poss\u00e8de un c\u0153ur et c\u2019est ce que nous appelons aujourd\u2019hui le \u00ab\u00a0foin\u00a0\u00bb \u00e0 l\u2019int\u00e9rieur de ses p\u00e9tales protecteurs et \u00e9pineux.","robots":{"index":"index","follow":"follow","max-snippet":"max-snippet:-1","max-image-preview":"max-image-preview:large","max-video-preview":"max-video-preview:-1"},"canonical":"https:\/\/www.andyboy.com\/fr\/produits\/artichauts\/","og_locale":"fr_FR","og_type":"article","og_title":"Artichauts - Andy Boy","og_description":"Artichauts Andy-Boy L\u00e9gume unique, l\u2019artichaut poss\u00e8de un c\u0153ur et c\u2019est ce que nous appelons aujourd\u2019hui le \u00ab\u00a0foin\u00a0\u00bb \u00e0 l\u2019int\u00e9rieur de ses p\u00e9tales protecteurs et \u00e9pineux.","og_url":"https:\/\/www.andyboy.com\/fr\/produits\/artichauts\/","og_site_name":"Andy Boy","article_publisher":"https:\/\/www.facebook.com\/AndyBoyProduce","article_modified_time":"2020-12-31T01:11:11+00:00","og_image":[{"width":1000,"height":1000,"url":"https:\/\/www.andyboy.com\/wp-content\/uploads\/2014\/03\/artichokes1.jpg","type":"image\/jpeg"}],"twitter_misc":{"Dur\u00e9e de lecture estim\u00e9e":"2 minutes"},"schema":{"@context":"https:\/\/schema.org","@graph":[{"@type":"WebPage","@id":"https:\/\/www.andyboy.com\/fr\/produits\/artichauts\/","url":"https:\/\/www.andyboy.com\/fr\/produits\/artichauts\/","name":"Artichauts - Andy Boy","isPartOf":{"@id":"https:\/\/www.andyboy.com\/#website"},"primaryImageOfPage":{"@id":"https:\/\/www.andyboy.com\/fr\/produits\/artichauts\/#primaryimage"},"image":{"@id":"https:\/\/www.andyboy.com\/fr\/produits\/artichauts\/#primaryimage"},"thumbnailUrl":"https:\/\/www.andyboy.com\/wp-content\/uploads\/2014\/03\/artichokes1.jpg","datePublished":"2014-04-02T00:25:38+00:00","dateModified":"2020-12-31T01:11:11+00:00","description":"Artichauts Andy-Boy L\u00e9gume unique, l\u2019artichaut poss\u00e8de un c\u0153ur et c\u2019est ce que nous appelons aujourd\u2019hui le \u00ab\u00a0foin\u00a0\u00bb \u00e0 l\u2019int\u00e9rieur de ses p\u00e9tales protecteurs et \u00e9pineux.","breadcrumb":{"@id":"https:\/\/www.andyboy.com\/fr\/produits\/artichauts\/#breadcrumb"},"inLanguage":"fr-FR","potentialAction":[{"@type":"ReadAction","target":["https:\/\/www.andyboy.com\/fr\/produits\/artichauts\/"]}]},{"@type":"ImageObject","inLanguage":"fr-FR","@id":"https:\/\/www.andyboy.com\/fr\/produits\/artichauts\/#primaryimage","url":"https:\/\/www.andyboy.com\/wp-content\/uploads\/2014\/03\/artichokes1.jpg","contentUrl":"https:\/\/www.andyboy.com\/wp-content\/uploads\/2014\/03\/artichokes1.jpg","width":1000,"height":1000,"caption":"artichoke-andy-boy"},{"@type":"BreadcrumbList","@id":"https:\/\/www.andyboy.com\/fr\/produits\/artichauts\/#breadcrumb","itemListElement":[{"@type":"ListItem","position":1,"name":"Home","item":"https:\/\/www.andyboy.com\/fr\/"},{"@type":"ListItem","position":2,"name":"Produits","item":"https:\/\/www.andyboy.com\/fr\/produits\/"},{"@type":"ListItem","position":3,"name":"Artichauts"}]},{"@type":"WebSite","@id":"https:\/\/www.andyboy.com\/#website","url":"https:\/\/www.andyboy.com\/","name":"Andy Boy","description":"","publisher":{"@id":"https:\/\/www.andyboy.com\/#organization"},"potentialAction":[{"@type":"SearchAction","target":{"@type":"EntryPoint","urlTemplate":"https:\/\/www.andyboy.com\/?s={search_term_string}"},"query-input":{"@type":"PropertyValueSpecification","valueRequired":true,"valueName":"search_term_string"}}],"inLanguage":"fr-FR"},{"@type":"Organization","@id":"https:\/\/www.andyboy.com\/#organization","name":"Andy Boy","url":"https:\/\/www.andyboy.com\/","logo":{"@type":"ImageObject","inLanguage":"fr-FR","@id":"https:\/\/www.andyboy.com\/#\/schema\/logo\/image\/","url":"https:\/\/andyboy.wpengine.com\/wp-content\/uploads\/2015\/04\/AB-Banner-Logo-high-res.jpg","contentUrl":"https:\/\/andyboy.wpengine.com\/wp-content\/uploads\/2015\/04\/AB-Banner-Logo-high-res.jpg","width":1024,"height":403,"caption":"Andy Boy"},"image":{"@id":"https:\/\/www.andyboy.com\/#\/schema\/logo\/image\/"},"sameAs":["https:\/\/www.facebook.com\/AndyBoyProduce","https:\/\/x.com\/AndyBoyInc","https:\/\/instagram.com\/AndyBoyProduce\/","http:\/\/www.pinterest.com\/andyboyproduce\/"]}]}},"_links":{"self":[{"href":"https:\/\/www.andyboy.com\/fr\/wp-json\/wp\/v2\/pages\/1015","targetHints":{"allow":["GET"]}}],"collection":[{"href":"https:\/\/www.andyboy.com\/fr\/wp-json\/wp\/v2\/pages"}],"about":[{"href":"https:\/\/www.andyboy.com\/fr\/wp-json\/wp\/v2\/types\/page"}],"author":[{"embeddable":true,"href":"https:\/\/www.andyboy.com\/fr\/wp-json\/wp\/v2\/users\/1"}],"replies":[{"embeddable":true,"href":"https:\/\/www.andyboy.com\/fr\/wp-json\/wp\/v2\/comments?post=1015"}],"version-history":[{"count":0,"href":"https:\/\/www.andyboy.com\/fr\/wp-json\/wp\/v2\/pages\/1015\/revisions"}],"up":[{"embeddable":true,"href":"https:\/\/www.andyboy.com\/fr\/wp-json\/wp\/v2\/pages\/1037"}],"wp:featuredmedia":[{"embeddable":true,"href":"https:\/\/www.andyboy.com\/fr\/wp-json\/wp\/v2\/media\/895"}],"wp:attachment":[{"href":"https:\/\/www.andyboy.com\/fr\/wp-json\/wp\/v2\/media?parent=1015"}],"curies":[{"name":"wp","href":"https:\/\/api.w.org\/{rel}","templated":true}]}}