{"id":1023,"date":"2014-04-02T02:48:48","date_gmt":"2014-04-02T02:48:48","guid":{"rendered":"http:\/\/65.99.237.157\/~andyboyc\/?page_id=1023"},"modified":"2021-01-14T18:13:31","modified_gmt":"2021-01-14T18:13:31","slug":"lentreprise","status":"publish","type":"page","link":"https:\/\/www.andyboy.com\/fr\/lentreprise\/","title":{"rendered":"L\u2019Entreprise"},"content":{"rendered":"<p style=\"text-align: center; font-size: 1rem; position: relative; top: -2em;\"><em> John D\u2019Arrigo, Pr\u00e9sident-Directeur g\u00e9n\u00e9ral, Pr\u00e9sident du Conseil d\u2019administration<\/em><\/p>\n<h2>D\u2019Arrigo California &#8211; trois g\u00e9n\u00e9rations. Qualit\u00e9 in\u00e9gal\u00e9e.<\/h2>\n<p>D\u2019Arrigo California a une riche histoire en tant que cr\u00e9ateur de tendances de l\u2019industrie, et non de suiveur. Depuis le jour o\u00f9 la soci\u00e9t\u00e9 a \u00e9t\u00e9 fond\u00e9e par Andrea et Stefano D\u2019Arrigo, deux immigrants de Messine, en Sicile, l\u2019innovation a \u00e9t\u00e9 sa marque de fabrique. Nos clients peuvent en toute confiance se tourner vers nous lorsqu\u2019il s\u2019agit d\u2019excellence depuis la recherche et le d\u00e9veloppement de semences jusqu\u2019aux approches compl\u00e8tement nouvelles en mati\u00e8re de conditionnement, d\u2019emballage, et m\u00eame d\u2019exp\u00e9dition. Il faut toujours chercher l\u2019\u00e9tiquette distinctive rose Andy Boy pour savoir que vous pouvez obtenir de mani\u00e8re fiable le meilleur choix en mati\u00e8re de culture.<\/p>\n<p>Avec la troisi\u00e8me g\u00e9n\u00e9ration des membres de la famille D\u2019Arrigo \u00e0 la t\u00eate de nos op\u00e9rations de la c\u00f4te Ouest, vous pouvez \u00eatre s\u00fbr que la culture de l\u2019excellence dans ce secteur \u00e9mane de la haute direction et est perp\u00e9tu\u00e9e par notre famille d\u00e9di\u00e9e comptant pratiquement 2\u00a0000\u00a0employ\u00e9s. Nos clients des commerces de d\u00e9tail, de la restauration et de la vente en gros travaillent \u00e9galement avec la prochaine g\u00e9n\u00e9ration dans d\u2019autres services de l\u2019entreprise.<\/p>\n<p>Le succ\u00e8s de l\u2019entreprise repose sur le brocoli Andy Boy, le brocoli-rave, le chou-fleur, le fenouil et les c\u0153urs de Romaine, mais D\u2019Arrigo Bros. Co., de la Californie est \u00e9galement en mesure de r\u00e9pondre \u00e0 tous vos besoins en mati\u00e8re de produit. De plus, nous offrons des services de transbordement, de regroupement, de culture sur mesure et de refroidissement commercial dans le but d\u2019am\u00e9liorer l\u2019efficacit\u00e9 pour nos pr\u00e9cieux clients. Cliquez <a href=\"https:\/\/www.andyboy.com\/fr\/lentreprise\/equipe-des-ventes\/\">ici<\/a> pour contacter un membre de notre \u00e9quipe de vente.<\/p>\n<h3>De notre famille \u00e0 la v\u00f4tre\u2026<\/h3>\n<p>Chaque jour, D\u2019Arrigo Bros. Co., de la Californie c\u00e9l\u00e8bre sa capacit\u00e9 \u00e0 apporter des produits sains pour les familles \u00e0 travers l\u2019Am\u00e9rique du Nord et partout dans le monde, tout en maintenant cette ambiance familiale et locale que nos consommateurs et clients recherchent et appr\u00e9cient. Le brocoli, le brocoli-rave, le chou-fleur, le fenouil, les c\u0153urs de romaine Andy Boy d\u00e9velopp\u00e9s, cultiv\u00e9s, emball\u00e9s et exp\u00e9di\u00e9s de D\u2019Arrigo Bros. Co., de la Californie repr\u00e9sentent quelques-unes de nos plus grandes r\u00e9alisations. Cliquez <a href=\"https:\/\/www.andyboy.com\/fr\/\/products\">ici<\/a> pour obtenir notre liste compl\u00e8te de produits.<\/p>\n<h3>Nos pr\u00e9cieux employ\u00e9s<\/h3>\n<p>Cela ne serait pas possible sans les efforts remarquables des employ\u00e9s de D\u2019Arrigo Bros. Co., de la Californie. Un merci tout sp\u00e9cial \u00e0 chacun et chacune dont les attitudes et la forte \u00e9thique de travail permettront \u00e0 l\u2019entreprise de continuellement progresser, comme le chef de file des produits de la plus haute qualit\u00e9, et le meilleur service \u00e0 la client\u00e8le dans l\u2019industrie. Tous les employ\u00e9s portent avec une grande fiert\u00e9 le rose Andy Boy toujours reconnaissable.<\/p>\n<p style=\"text-align: left;\">Chez D\u2019Arrigo Bros. Co., de la Californie nos employ\u00e9s deviennent vraiment une partie de notre famille. Nous devons beaucoup \u00e0 ceux qui nous ont aid\u00e9s \u00e0 b\u00e2tir cette entreprise et \u00e0 la mener jusqu\u2019\u00e0 ce qu\u2019elle est devenue aujourd\u2019hui, et nous ne pouvons exprimer suffisamment notre gratitude. Beaucoup de familles ont aid\u00e9 \u00e0 construire cet h\u00e9ritage en partageant les m\u00eames croyances et les m\u00eames valeurs que la famille D\u2019Arrigo pratique depuis trois g\u00e9n\u00e9rations. D\u2019un membre de la g\u00e9n\u00e9ration \u00e0 l\u2019autre, l\u2019engagement de Andy Boy \u00e0 l\u2019excellence continuera \u00e0 vivre pendant de nombreuses ann\u00e9es \u00e0 venir.<\/p>\n<blockquote>\n<p style=\"text-align: center;\">\u00ab\u00a0Nous sommes fiers de b\u00e2tir des relations \u00e0 vie avec nos employ\u00e9s, dont certains sont rest\u00e9s dans la compagnie pendant des d\u00e9cennies.\u00a0\u00bb \u2013 <em>John D\u2019Arrigo, Pr\u00e9sident-Directeur g\u00e9n\u00e9ral, Pr\u00e9sident du Conseil d\u2019administration<\/em><\/p>\n<\/blockquote>\n<p>Cliquez sur <a title=\"Possibilit\u00e9s de Carri\u00e8re\" href=\"https:\/\/www.andyboy.com\/fr\/\/the-company\/career-opportunities\/\">ici<\/a> pour en apprendre davantage au sujet des possibilit\u00e9s d\u2019emploi actuelles chez D\u2019Arrigo Bros. Co., de la Californie.<\/p>\n<hr \/>\n<div class=\"row\"><!-- div class=\"col-6\" style=\"text-align: center;\"><a class=\"btn green\" style=\"font-size: 1em;\" href=\"https:\/\/www.andyboy.com\/?page_id=6508\">RIVER FIRE UPDATE \u00a0 \u00a0<span class=\"icon-chev-right\" style=\"position: relative; top: 0.1em;\" aria-hidden=\"true\"><!-- --><!-- \/span><\/a><\/div -->\n<div class=\"col-12\" style=\"text-align: center;\"><a class=\"btn green\" style=\"font-size: 1em;\" href=\"https:\/\/www.andyboy.com\/fr\/quoi-de-neuf\/coronavirus\/\">POINT SUR LE CORONAVIRUS <span class=\"icon-chev-right\" style=\"position: relative; top: 0.1em;\" aria-hidden=\"true\"><!-- --><\/span><\/a><\/div>\n<\/div>\n","protected":false},"excerpt":{"rendered":"<p>John D\u2019Arrigo, Pr\u00e9sident-Directeur g\u00e9n\u00e9ral, Pr\u00e9sident du Conseil d\u2019administration D\u2019Arrigo California &#8211; trois g\u00e9n\u00e9rations. Qualit\u00e9 in\u00e9gal\u00e9e. D\u2019Arrigo California a une riche histoire en tant que cr\u00e9ateur de tendances de l\u2019industrie, et non de suiveur. Depuis le jour o\u00f9 la soci\u00e9t\u00e9 a \u00e9t\u00e9 fond\u00e9e par Andrea et Stefano D\u2019Arrigo, deux immigrants de Messine, en Sicile, l\u2019innovation a [&#8230;]<\/p>\n","protected":false},"author":1,"featured_media":12668,"parent":0,"menu_order":0,"comment_status":"open","ping_status":"closed","template":"","meta":{"_acf_changed":false,"_exactmetrics_skip_tracking":false,"_exactmetrics_sitenote_active":false,"_exactmetrics_sitenote_note":"","_exactmetrics_sitenote_category":0,"footnotes":"","_links_to":"","_links_to_target":""},"class_list":["post-1023","page","type-page","status-publish","has-post-thumbnail","hentry"],"acf":[],"yoast_head":"<!-- This site is optimized with the Yoast SEO plugin v27.1.1 - https:\/\/yoast.com\/product\/yoast-seo-wordpress\/ -->\n<title>L\u2019Entreprise - Andy Boy<\/title>\n<meta name=\"description\" content=\"Chaque jour, Andy Boy c\u00e9l\u00e8bre sa capacit\u00e9 \u00e0 apporter des produits sains pour les familles \u00e0 travers l\u2019Am\u00e9rique du Nord et partout dans le monde.\" \/>\n<meta name=\"robots\" content=\"index, follow, max-snippet:-1, max-image-preview:large, max-video-preview:-1\" \/>\n<link rel=\"canonical\" href=\"https:\/\/www.andyboy.com\/fr\/lentreprise\/\" \/>\n<meta property=\"og:locale\" content=\"fr_FR\" \/>\n<meta property=\"og:type\" content=\"article\" \/>\n<meta property=\"og:title\" content=\"L\u2019Entreprise - Andy Boy\" \/>\n<meta property=\"og:description\" content=\"Chaque jour, Andy Boy c\u00e9l\u00e8bre sa capacit\u00e9 \u00e0 apporter des produits sains pour les familles \u00e0 travers l\u2019Am\u00e9rique du Nord et partout dans le monde.\" \/>\n<meta property=\"og:url\" content=\"https:\/\/www.andyboy.com\/fr\/lentreprise\/\" \/>\n<meta property=\"og:site_name\" content=\"Andy Boy\" \/>\n<meta property=\"article:publisher\" content=\"https:\/\/www.facebook.com\/AndyBoyProduce\" \/>\n<meta property=\"article:modified_time\" content=\"2021-01-14T18:13:31+00:00\" \/>\n<meta property=\"og:image\" content=\"https:\/\/www.andyboy.com\/wp-content\/uploads\/2020\/07\/John-D-photo-with-romaine.png\" \/>\n\t<meta property=\"og:image:width\" content=\"1000\" \/>\n\t<meta property=\"og:image:height\" content=\"1000\" \/>\n\t<meta property=\"og:image:type\" content=\"image\/png\" \/>\n<meta name=\"twitter:label1\" content=\"Dur\u00e9e de lecture estim\u00e9e\" \/>\n\t<meta name=\"twitter:data1\" content=\"3 minutes\" \/>\n<script type=\"application\/ld+json\" class=\"yoast-schema-graph\">{\"@context\":\"https:\/\/schema.org\",\"@graph\":[{\"@type\":\"WebPage\",\"@id\":\"https:\/\/www.andyboy.com\/fr\/lentreprise\/\",\"url\":\"https:\/\/www.andyboy.com\/fr\/lentreprise\/\",\"name\":\"L\u2019Entreprise - Andy Boy\",\"isPartOf\":{\"@id\":\"https:\/\/www.andyboy.com\/#website\"},\"primaryImageOfPage\":{\"@id\":\"https:\/\/www.andyboy.com\/fr\/lentreprise\/#primaryimage\"},\"image\":{\"@id\":\"https:\/\/www.andyboy.com\/fr\/lentreprise\/#primaryimage\"},\"thumbnailUrl\":\"https:\/\/www.andyboy.com\/wp-content\/uploads\/2025\/08\/WG-John-DArrigo-2023-23-scaled-e1756418347234.jpg\",\"datePublished\":\"2014-04-02T02:48:48+00:00\",\"dateModified\":\"2021-01-14T18:13:31+00:00\",\"description\":\"Chaque jour, Andy Boy c\u00e9l\u00e8bre sa capacit\u00e9 \u00e0 apporter des produits sains pour les familles \u00e0 travers l\u2019Am\u00e9rique du Nord et partout dans le monde.\",\"breadcrumb\":{\"@id\":\"https:\/\/www.andyboy.com\/fr\/lentreprise\/#breadcrumb\"},\"inLanguage\":\"fr-FR\",\"potentialAction\":[{\"@type\":\"ReadAction\",\"target\":[\"https:\/\/www.andyboy.com\/fr\/lentreprise\/\"]}]},{\"@type\":\"ImageObject\",\"inLanguage\":\"fr-FR\",\"@id\":\"https:\/\/www.andyboy.com\/fr\/lentreprise\/#primaryimage\",\"url\":\"https:\/\/www.andyboy.com\/wp-content\/uploads\/2025\/08\/WG-John-DArrigo-2023-23-scaled-e1756418347234.jpg\",\"contentUrl\":\"https:\/\/www.andyboy.com\/wp-content\/uploads\/2025\/08\/WG-John-DArrigo-2023-23-scaled-e1756418347234.jpg\",\"width\":1708,\"height\":2560},{\"@type\":\"BreadcrumbList\",\"@id\":\"https:\/\/www.andyboy.com\/fr\/lentreprise\/#breadcrumb\",\"itemListElement\":[{\"@type\":\"ListItem\",\"position\":1,\"name\":\"Home\",\"item\":\"https:\/\/www.andyboy.com\/fr\/\"},{\"@type\":\"ListItem\",\"position\":2,\"name\":\"L\u2019Entreprise\"}]},{\"@type\":\"WebSite\",\"@id\":\"https:\/\/www.andyboy.com\/#website\",\"url\":\"https:\/\/www.andyboy.com\/\",\"name\":\"Andy Boy\",\"description\":\"\",\"publisher\":{\"@id\":\"https:\/\/www.andyboy.com\/#organization\"},\"potentialAction\":[{\"@type\":\"SearchAction\",\"target\":{\"@type\":\"EntryPoint\",\"urlTemplate\":\"https:\/\/www.andyboy.com\/?s={search_term_string}\"},\"query-input\":{\"@type\":\"PropertyValueSpecification\",\"valueRequired\":true,\"valueName\":\"search_term_string\"}}],\"inLanguage\":\"fr-FR\"},{\"@type\":\"Organization\",\"@id\":\"https:\/\/www.andyboy.com\/#organization\",\"name\":\"Andy Boy\",\"url\":\"https:\/\/www.andyboy.com\/\",\"logo\":{\"@type\":\"ImageObject\",\"inLanguage\":\"fr-FR\",\"@id\":\"https:\/\/www.andyboy.com\/#\/schema\/logo\/image\/\",\"url\":\"https:\/\/andyboy.wpengine.com\/wp-content\/uploads\/2015\/04\/AB-Banner-Logo-high-res.jpg\",\"contentUrl\":\"https:\/\/andyboy.wpengine.com\/wp-content\/uploads\/2015\/04\/AB-Banner-Logo-high-res.jpg\",\"width\":1024,\"height\":403,\"caption\":\"Andy Boy\"},\"image\":{\"@id\":\"https:\/\/www.andyboy.com\/#\/schema\/logo\/image\/\"},\"sameAs\":[\"https:\/\/www.facebook.com\/AndyBoyProduce\",\"https:\/\/x.com\/AndyBoyInc\",\"https:\/\/instagram.com\/AndyBoyProduce\/\",\"http:\/\/www.pinterest.com\/andyboyproduce\/\"]}]}<\/script>\n<!-- \/ Yoast SEO plugin. -->","yoast_head_json":{"title":"L\u2019Entreprise - Andy Boy","description":"Chaque jour, Andy Boy c\u00e9l\u00e8bre sa capacit\u00e9 \u00e0 apporter des produits sains pour les familles \u00e0 travers l\u2019Am\u00e9rique du Nord et partout dans le monde.","robots":{"index":"index","follow":"follow","max-snippet":"max-snippet:-1","max-image-preview":"max-image-preview:large","max-video-preview":"max-video-preview:-1"},"canonical":"https:\/\/www.andyboy.com\/fr\/lentreprise\/","og_locale":"fr_FR","og_type":"article","og_title":"L\u2019Entreprise - Andy Boy","og_description":"Chaque jour, Andy Boy c\u00e9l\u00e8bre sa capacit\u00e9 \u00e0 apporter des produits sains pour les familles \u00e0 travers l\u2019Am\u00e9rique du Nord et partout dans le monde.","og_url":"https:\/\/www.andyboy.com\/fr\/lentreprise\/","og_site_name":"Andy Boy","article_publisher":"https:\/\/www.facebook.com\/AndyBoyProduce","article_modified_time":"2021-01-14T18:13:31+00:00","og_image":[{"width":1000,"height":1000,"url":"https:\/\/www.andyboy.com\/wp-content\/uploads\/2020\/07\/John-D-photo-with-romaine.png","type":"image\/png"}],"twitter_misc":{"Dur\u00e9e de lecture estim\u00e9e":"3 minutes"},"schema":{"@context":"https:\/\/schema.org","@graph":[{"@type":"WebPage","@id":"https:\/\/www.andyboy.com\/fr\/lentreprise\/","url":"https:\/\/www.andyboy.com\/fr\/lentreprise\/","name":"L\u2019Entreprise - Andy Boy","isPartOf":{"@id":"https:\/\/www.andyboy.com\/#website"},"primaryImageOfPage":{"@id":"https:\/\/www.andyboy.com\/fr\/lentreprise\/#primaryimage"},"image":{"@id":"https:\/\/www.andyboy.com\/fr\/lentreprise\/#primaryimage"},"thumbnailUrl":"https:\/\/www.andyboy.com\/wp-content\/uploads\/2025\/08\/WG-John-DArrigo-2023-23-scaled-e1756418347234.jpg","datePublished":"2014-04-02T02:48:48+00:00","dateModified":"2021-01-14T18:13:31+00:00","description":"Chaque jour, Andy Boy c\u00e9l\u00e8bre sa capacit\u00e9 \u00e0 apporter des produits sains pour les familles \u00e0 travers l\u2019Am\u00e9rique du Nord et partout dans le monde.","breadcrumb":{"@id":"https:\/\/www.andyboy.com\/fr\/lentreprise\/#breadcrumb"},"inLanguage":"fr-FR","potentialAction":[{"@type":"ReadAction","target":["https:\/\/www.andyboy.com\/fr\/lentreprise\/"]}]},{"@type":"ImageObject","inLanguage":"fr-FR","@id":"https:\/\/www.andyboy.com\/fr\/lentreprise\/#primaryimage","url":"https:\/\/www.andyboy.com\/wp-content\/uploads\/2025\/08\/WG-John-DArrigo-2023-23-scaled-e1756418347234.jpg","contentUrl":"https:\/\/www.andyboy.com\/wp-content\/uploads\/2025\/08\/WG-John-DArrigo-2023-23-scaled-e1756418347234.jpg","width":1708,"height":2560},{"@type":"BreadcrumbList","@id":"https:\/\/www.andyboy.com\/fr\/lentreprise\/#breadcrumb","itemListElement":[{"@type":"ListItem","position":1,"name":"Home","item":"https:\/\/www.andyboy.com\/fr\/"},{"@type":"ListItem","position":2,"name":"L\u2019Entreprise"}]},{"@type":"WebSite","@id":"https:\/\/www.andyboy.com\/#website","url":"https:\/\/www.andyboy.com\/","name":"Andy Boy","description":"","publisher":{"@id":"https:\/\/www.andyboy.com\/#organization"},"potentialAction":[{"@type":"SearchAction","target":{"@type":"EntryPoint","urlTemplate":"https:\/\/www.andyboy.com\/?s={search_term_string}"},"query-input":{"@type":"PropertyValueSpecification","valueRequired":true,"valueName":"search_term_string"}}],"inLanguage":"fr-FR"},{"@type":"Organization","@id":"https:\/\/www.andyboy.com\/#organization","name":"Andy Boy","url":"https:\/\/www.andyboy.com\/","logo":{"@type":"ImageObject","inLanguage":"fr-FR","@id":"https:\/\/www.andyboy.com\/#\/schema\/logo\/image\/","url":"https:\/\/andyboy.wpengine.com\/wp-content\/uploads\/2015\/04\/AB-Banner-Logo-high-res.jpg","contentUrl":"https:\/\/andyboy.wpengine.com\/wp-content\/uploads\/2015\/04\/AB-Banner-Logo-high-res.jpg","width":1024,"height":403,"caption":"Andy Boy"},"image":{"@id":"https:\/\/www.andyboy.com\/#\/schema\/logo\/image\/"},"sameAs":["https:\/\/www.facebook.com\/AndyBoyProduce","https:\/\/x.com\/AndyBoyInc","https:\/\/instagram.com\/AndyBoyProduce\/","http:\/\/www.pinterest.com\/andyboyproduce\/"]}]}},"_links":{"self":[{"href":"https:\/\/www.andyboy.com\/fr\/wp-json\/wp\/v2\/pages\/1023","targetHints":{"allow":["GET"]}}],"collection":[{"href":"https:\/\/www.andyboy.com\/fr\/wp-json\/wp\/v2\/pages"}],"about":[{"href":"https:\/\/www.andyboy.com\/fr\/wp-json\/wp\/v2\/types\/page"}],"author":[{"embeddable":true,"href":"https:\/\/www.andyboy.com\/fr\/wp-json\/wp\/v2\/users\/1"}],"replies":[{"embeddable":true,"href":"https:\/\/www.andyboy.com\/fr\/wp-json\/wp\/v2\/comments?post=1023"}],"version-history":[{"count":0,"href":"https:\/\/www.andyboy.com\/fr\/wp-json\/wp\/v2\/pages\/1023\/revisions"}],"wp:featuredmedia":[{"embeddable":true,"href":"https:\/\/www.andyboy.com\/fr\/wp-json\/wp\/v2\/media\/12668"}],"wp:attachment":[{"href":"https:\/\/www.andyboy.com\/fr\/wp-json\/wp\/v2\/media?parent=1023"}],"curies":[{"name":"wp","href":"https:\/\/api.w.org\/{rel}","templated":true}]}}