{"id":1027,"date":"2014-04-02T14:41:19","date_gmt":"2014-04-02T14:41:19","guid":{"rendered":"http:\/\/65.99.237.157\/~andyboyc\/?page_id=1027"},"modified":"2020-12-31T00:35:24","modified_gmt":"2020-12-31T00:35:24","slug":"coeurs-de-romaine","status":"publish","type":"page","link":"https:\/\/www.andyboy.com\/fr\/produits\/coeurs-de-romaine\/","title":{"rendered":"C\u0153urs de Romaine"},"content":{"rendered":"<p><img decoding=\"async\" class=\"aligncenter wp-image-7630 size-full\" src=\"https:\/\/www.andyboy.com\/wp-content\/uploads\/2020\/07\/11-AB-Infographic-Romaine.jpg\" alt=\"11-AB-Image de-Romaine\" width=\"960\" height=\"700\" srcset=\"https:\/\/www.andyboy.com\/wp-content\/uploads\/2020\/07\/11-AB-Infographic-Romaine.jpg 960w, https:\/\/www.andyboy.com\/wp-content\/uploads\/2020\/07\/11-AB-Infographic-Romaine-600x438.jpg 600w\" sizes=\"(max-width: 960px) 100vw, 960px\" \/><\/p>\n<h2>Tous avec la Romaine, le c\u0153ur d\u2019Andy Boy<\/h2>\n<p>Les c\u0153urs de Romaine sont les feuilles du centre des laitues Romaine. Plus petites, plus jaunes et plus douces, ces feuilles ont un go\u00fbt d\u00e9licieux et la texture parfaite pour les salades C\u00e9sar.\u00a0 Recherchez des feuilles non fl\u00e9tries qui semblent croquantes, sans taches brunes ou de nervure f\u00eal\u00e9e. \u00c9vitez les t\u00eates brunies ou d\u00e9color\u00e9es.\u00a0 Les c\u0153urs de Romaine peuvent rester dans leur sac en plastique et aller droit dans le bac \u00e0 l\u00e9gumes, et y rester pendant cinq \u00e0 sept jours. La laitue est synonyme de salades car elles sont faites principalement avec des feuilles de laitues vertes et croquantes. La plupart des vari\u00e9t\u00e9s de laitue d\u00e9gagent une petite quantit\u00e9 d\u2019un liquide blanc laiteux lorsque leurs feuilles sont bris\u00e9es. Ce \u00ab\u00a0lait\u00a0\u00bb donne \u00e0 la laitue sa saveur l\u00e9g\u00e8rement am\u00e8re et son nom scientifique, Lactuca sativa d\u00e9riv\u00e9 du mot latin pour le lait.<\/p>\n<h3>Moins de 10\u00a0calories par tasse!<\/h3>\n<p>Profitez des bienfaits des l\u00e9gumes verts avec les c\u0153urs de Romaine Andy Boy.<\/p>\n<h3>D\u00e9tails sur le produit<\/h3>\n<ul>\n<li>Les petits c\u0153urs ont un aspect vert plus clair tout en conservant les caract\u00e9ristiques de v\u00e9ritables c\u0153urs parfaites pour des grillades et des salades de quartier. Si vous recherchez une laitue de couleur claire et croquante, alors ce c\u0153ur est parfait pour vous!<\/li>\n<li>Les c\u0153urs \u00e9normes ont des feuilles plus vert fonc\u00e9 qui donnent des r\u00e9sultats exceptionnels, ce qui les rend parfaites dans les salades C\u00e9sar et les salades hach\u00e9es. Exploitez au maximum les portions par caisse en ajoutant des c\u0153urs \u00e9normes dans votre cuisine.<\/li>\n<li>Pi\u00e8ce \u00e9norme, paquet de 48 Les c\u0153urs offrent \u00e9galement d\u2019int\u00e9ressantes combinaisons de couleurs vives et sombres avec de meilleurs services.<\/li>\n<\/ul>\n<div class=\"row\">\n<div class=\"col-6\">\n<h3>Avantages<\/h3>\n<ul>\n<li>Champ s\u00e9lectionn\u00e9 pour sa qualit\u00e9 exceptionnelle<\/li>\n<li>Produit polyvalent adapt\u00e9 \u00e0 de nombreuses applications<\/li>\n<li>Disponible tout au long de l\u2019ann\u00e9e<\/li>\n<li>Riche en vitamines\u00a0A et K ainsi qu\u2019en acide folique<\/li>\n<li>Qualit\u00e9 sup\u00e9rieure\u00a0+\u00a0 production accrue<\/li>\n<\/ul>\n<\/div>\n<div class=\"col-6\">\n<h3>Entretien et manipulation<\/h3>\n<ul>\n<li>R\u00e9frig\u00e9rez imm\u00e9diatement\u00a0: 34 \u00e0 36\u00a0\u00b0F<\/li>\n<li>Lavez avant de manger<\/li>\n<\/ul>\n<\/div>\n<\/div>\n<table>\n<tbody>\n<tr>\n<th>PAQUET<\/th>\n<th>CONFIGURATION DE LA PALETTE<\/th>\n<th>CAISSE\u00a0: L\u00a0x\u00a0l\u00a0x\u00a0P<\/th>\n<th>\u00c9TAGE\/HAUTEUR<\/th>\n<th>POIDS PAR PAQUET<\/th>\n<th>SP\u00c9C<\/th>\n<\/tr>\n<tr>\n<td>Petite, paquet de 48<\/td>\n<td>84\u00a0caisses par palette<\/td>\n<td>19,375\u00a0x\u00a05,375\u00a0x\u00a05,75<\/td>\n<td>7\/12<\/td>\n<td>aucune exigence relative au poids<\/td>\n<td>90\u00a0% d\u00e9fraichi, 10\u00a0% vert p\u00e2le<\/td>\n<\/tr>\n<tr>\n<td>\u00c9norme, paquet de 48<\/td>\n<td>54\u00a0caisses par palette<\/td>\n<td>19,4\u00a0x\u00a015,2\u00a0x\u00a09,05<\/td>\n<td>6\/9<\/td>\n<td>Environ 12 \u00e0 13\u00a0kilogrammes<\/td>\n<td>50\u00a0% d\u00e9fraichi, 50\u00a0% vert p\u00e2le<\/td>\n<\/tr>\n<tr>\n<td>C\u0153urs de Romaine \u00e9normes, paquet de 40<\/td>\n<td>35\u00a0caisses par palette<\/td>\n<td>23,4\u00a0x\u00a015,6\u00a0x\u00a012,0<\/td>\n<td>5\/7<\/td>\n<td>Environ 16 \u00e0 18\u00a0kilogrammes<\/td>\n<td>80\u00a0% vert fonc\u00e9, 20\u00a0% vert p\u00e2le<\/td>\n<\/tr>\n<\/tbody>\n<\/table>\n<p style=\"text-align: center;\">\n","protected":false},"excerpt":{"rendered":"<p>Tous avec la Romaine, le c\u0153ur d\u2019Andy Boy Les c\u0153urs de Romaine sont les feuilles du centre des laitues Romaine. Plus petites, plus jaunes et plus douces, ces feuilles ont un go\u00fbt d\u00e9licieux et la texture parfaite pour les salades C\u00e9sar.\u00a0 Recherchez des feuilles non fl\u00e9tries qui semblent croquantes, sans taches brunes ou de nervure [&#8230;]<\/p>\n","protected":false},"author":1,"featured_media":907,"parent":1037,"menu_order":0,"comment_status":"open","ping_status":"closed","template":"page-templates\/template-product-single.php","meta":{"_acf_changed":false,"_exactmetrics_skip_tracking":false,"_exactmetrics_sitenote_active":false,"_exactmetrics_sitenote_note":"","_exactmetrics_sitenote_category":0,"footnotes":"","_links_to":"","_links_to_target":""},"class_list":["post-1027","page","type-page","status-publish","has-post-thumbnail","hentry"],"acf":[],"yoast_head":"<!-- This site is optimized with the Yoast SEO plugin v27.5 - https:\/\/yoast.com\/product\/yoast-seo-wordpress\/ -->\n<title>C\u0153urs de Romaine - Andy Boy<\/title>\n<meta name=\"robots\" content=\"index, follow, max-snippet:-1, max-image-preview:large, max-video-preview:-1\" \/>\n<link rel=\"canonical\" href=\"https:\/\/www.andyboy.com\/fr\/produits\/coeurs-de-romaine\/\" \/>\n<meta property=\"og:locale\" content=\"fr_FR\" \/>\n<meta property=\"og:type\" content=\"article\" \/>\n<meta property=\"og:title\" content=\"C\u0153urs de Romaine - Andy Boy\" \/>\n<meta property=\"og:description\" content=\"Tous avec la Romaine, le c\u0153ur d\u2019Andy Boy Les c\u0153urs de Romaine sont les feuilles du centre des laitues Romaine. Plus petites, plus jaunes et plus douces, ces feuilles ont un go\u00fbt d\u00e9licieux et la texture parfaite pour les salades C\u00e9sar.\u00a0 Recherchez des feuilles non fl\u00e9tries qui semblent croquantes, sans taches brunes ou de nervure [...]\" \/>\n<meta property=\"og:url\" content=\"https:\/\/www.andyboy.com\/fr\/produits\/coeurs-de-romaine\/\" \/>\n<meta property=\"og:site_name\" content=\"Andy Boy\" \/>\n<meta property=\"article:publisher\" content=\"https:\/\/www.facebook.com\/AndyBoyProduce\" \/>\n<meta property=\"article:modified_time\" content=\"2020-12-31T00:35:24+00:00\" \/>\n<meta property=\"og:image\" content=\"https:\/\/www.andyboy.com\/wp-content\/uploads\/2014\/03\/romaine-hearts1.jpg\" \/>\n\t<meta property=\"og:image:width\" content=\"1000\" \/>\n\t<meta property=\"og:image:height\" content=\"1000\" \/>\n\t<meta property=\"og:image:type\" content=\"image\/jpeg\" \/>\n<meta name=\"twitter:label1\" content=\"Dur\u00e9e de lecture estim\u00e9e\" \/>\n\t<meta name=\"twitter:data1\" content=\"2 minutes\" \/>\n<script type=\"application\/ld+json\" class=\"yoast-schema-graph\">{\"@context\":\"https:\\\/\\\/schema.org\",\"@graph\":[{\"@type\":\"WebPage\",\"@id\":\"https:\\\/\\\/www.andyboy.com\\\/fr\\\/produits\\\/coeurs-de-romaine\\\/\",\"url\":\"https:\\\/\\\/www.andyboy.com\\\/fr\\\/produits\\\/coeurs-de-romaine\\\/\",\"name\":\"C\u0153urs de Romaine - Andy Boy\",\"isPartOf\":{\"@id\":\"https:\\\/\\\/www.andyboy.com\\\/#website\"},\"primaryImageOfPage\":{\"@id\":\"https:\\\/\\\/www.andyboy.com\\\/fr\\\/produits\\\/coeurs-de-romaine\\\/#primaryimage\"},\"image\":{\"@id\":\"https:\\\/\\\/www.andyboy.com\\\/fr\\\/produits\\\/coeurs-de-romaine\\\/#primaryimage\"},\"thumbnailUrl\":\"https:\\\/\\\/www.andyboy.com\\\/wp-content\\\/uploads\\\/2014\\\/03\\\/romaine-hearts1.jpg\",\"datePublished\":\"2014-04-02T14:41:19+00:00\",\"dateModified\":\"2020-12-31T00:35:24+00:00\",\"breadcrumb\":{\"@id\":\"https:\\\/\\\/www.andyboy.com\\\/fr\\\/produits\\\/coeurs-de-romaine\\\/#breadcrumb\"},\"inLanguage\":\"fr-FR\",\"potentialAction\":[{\"@type\":\"ReadAction\",\"target\":[\"https:\\\/\\\/www.andyboy.com\\\/fr\\\/produits\\\/coeurs-de-romaine\\\/\"]}]},{\"@type\":\"ImageObject\",\"inLanguage\":\"fr-FR\",\"@id\":\"https:\\\/\\\/www.andyboy.com\\\/fr\\\/produits\\\/coeurs-de-romaine\\\/#primaryimage\",\"url\":\"https:\\\/\\\/www.andyboy.com\\\/wp-content\\\/uploads\\\/2014\\\/03\\\/romaine-hearts1.jpg\",\"contentUrl\":\"https:\\\/\\\/www.andyboy.com\\\/wp-content\\\/uploads\\\/2014\\\/03\\\/romaine-hearts1.jpg\",\"width\":1000,\"height\":1000,\"caption\":\"jumbo-romaine-hearts-andy-boy\"},{\"@type\":\"BreadcrumbList\",\"@id\":\"https:\\\/\\\/www.andyboy.com\\\/fr\\\/produits\\\/coeurs-de-romaine\\\/#breadcrumb\",\"itemListElement\":[{\"@type\":\"ListItem\",\"position\":1,\"name\":\"Home\",\"item\":\"https:\\\/\\\/www.andyboy.com\\\/fr\\\/\"},{\"@type\":\"ListItem\",\"position\":2,\"name\":\"Produits\",\"item\":\"https:\\\/\\\/www.andyboy.com\\\/fr\\\/produits\\\/\"},{\"@type\":\"ListItem\",\"position\":3,\"name\":\"C\u0153urs de Romaine\"}]},{\"@type\":\"WebSite\",\"@id\":\"https:\\\/\\\/www.andyboy.com\\\/#website\",\"url\":\"https:\\\/\\\/www.andyboy.com\\\/\",\"name\":\"Andy Boy\",\"description\":\"\",\"publisher\":{\"@id\":\"https:\\\/\\\/www.andyboy.com\\\/#organization\"},\"potentialAction\":[{\"@type\":\"SearchAction\",\"target\":{\"@type\":\"EntryPoint\",\"urlTemplate\":\"https:\\\/\\\/www.andyboy.com\\\/?s={search_term_string}\"},\"query-input\":{\"@type\":\"PropertyValueSpecification\",\"valueRequired\":true,\"valueName\":\"search_term_string\"}}],\"inLanguage\":\"fr-FR\"},{\"@type\":\"Organization\",\"@id\":\"https:\\\/\\\/www.andyboy.com\\\/#organization\",\"name\":\"Andy Boy\",\"url\":\"https:\\\/\\\/www.andyboy.com\\\/\",\"logo\":{\"@type\":\"ImageObject\",\"inLanguage\":\"fr-FR\",\"@id\":\"https:\\\/\\\/www.andyboy.com\\\/#\\\/schema\\\/logo\\\/image\\\/\",\"url\":\"https:\\\/\\\/andyboy.wpengine.com\\\/wp-content\\\/uploads\\\/2015\\\/04\\\/AB-Banner-Logo-high-res.jpg\",\"contentUrl\":\"https:\\\/\\\/andyboy.wpengine.com\\\/wp-content\\\/uploads\\\/2015\\\/04\\\/AB-Banner-Logo-high-res.jpg\",\"width\":1024,\"height\":403,\"caption\":\"Andy Boy\"},\"image\":{\"@id\":\"https:\\\/\\\/www.andyboy.com\\\/#\\\/schema\\\/logo\\\/image\\\/\"},\"sameAs\":[\"https:\\\/\\\/www.facebook.com\\\/AndyBoyProduce\",\"https:\\\/\\\/x.com\\\/AndyBoyInc\",\"https:\\\/\\\/instagram.com\\\/AndyBoyProduce\\\/\",\"http:\\\/\\\/www.pinterest.com\\\/andyboyproduce\\\/\"]}]}<\/script>\n<!-- \/ Yoast SEO plugin. -->","yoast_head_json":{"title":"C\u0153urs de Romaine - Andy Boy","robots":{"index":"index","follow":"follow","max-snippet":"max-snippet:-1","max-image-preview":"max-image-preview:large","max-video-preview":"max-video-preview:-1"},"canonical":"https:\/\/www.andyboy.com\/fr\/produits\/coeurs-de-romaine\/","og_locale":"fr_FR","og_type":"article","og_title":"C\u0153urs de Romaine - Andy Boy","og_description":"Tous avec la Romaine, le c\u0153ur d\u2019Andy Boy Les c\u0153urs de Romaine sont les feuilles du centre des laitues Romaine. Plus petites, plus jaunes et plus douces, ces feuilles ont un go\u00fbt d\u00e9licieux et la texture parfaite pour les salades C\u00e9sar.\u00a0 Recherchez des feuilles non fl\u00e9tries qui semblent croquantes, sans taches brunes ou de nervure [...]","og_url":"https:\/\/www.andyboy.com\/fr\/produits\/coeurs-de-romaine\/","og_site_name":"Andy Boy","article_publisher":"https:\/\/www.facebook.com\/AndyBoyProduce","article_modified_time":"2020-12-31T00:35:24+00:00","og_image":[{"width":1000,"height":1000,"url":"https:\/\/www.andyboy.com\/wp-content\/uploads\/2014\/03\/romaine-hearts1.jpg","type":"image\/jpeg"}],"twitter_misc":{"Dur\u00e9e de lecture estim\u00e9e":"2 minutes"},"schema":{"@context":"https:\/\/schema.org","@graph":[{"@type":"WebPage","@id":"https:\/\/www.andyboy.com\/fr\/produits\/coeurs-de-romaine\/","url":"https:\/\/www.andyboy.com\/fr\/produits\/coeurs-de-romaine\/","name":"C\u0153urs de Romaine - Andy Boy","isPartOf":{"@id":"https:\/\/www.andyboy.com\/#website"},"primaryImageOfPage":{"@id":"https:\/\/www.andyboy.com\/fr\/produits\/coeurs-de-romaine\/#primaryimage"},"image":{"@id":"https:\/\/www.andyboy.com\/fr\/produits\/coeurs-de-romaine\/#primaryimage"},"thumbnailUrl":"https:\/\/www.andyboy.com\/wp-content\/uploads\/2014\/03\/romaine-hearts1.jpg","datePublished":"2014-04-02T14:41:19+00:00","dateModified":"2020-12-31T00:35:24+00:00","breadcrumb":{"@id":"https:\/\/www.andyboy.com\/fr\/produits\/coeurs-de-romaine\/#breadcrumb"},"inLanguage":"fr-FR","potentialAction":[{"@type":"ReadAction","target":["https:\/\/www.andyboy.com\/fr\/produits\/coeurs-de-romaine\/"]}]},{"@type":"ImageObject","inLanguage":"fr-FR","@id":"https:\/\/www.andyboy.com\/fr\/produits\/coeurs-de-romaine\/#primaryimage","url":"https:\/\/www.andyboy.com\/wp-content\/uploads\/2014\/03\/romaine-hearts1.jpg","contentUrl":"https:\/\/www.andyboy.com\/wp-content\/uploads\/2014\/03\/romaine-hearts1.jpg","width":1000,"height":1000,"caption":"jumbo-romaine-hearts-andy-boy"},{"@type":"BreadcrumbList","@id":"https:\/\/www.andyboy.com\/fr\/produits\/coeurs-de-romaine\/#breadcrumb","itemListElement":[{"@type":"ListItem","position":1,"name":"Home","item":"https:\/\/www.andyboy.com\/fr\/"},{"@type":"ListItem","position":2,"name":"Produits","item":"https:\/\/www.andyboy.com\/fr\/produits\/"},{"@type":"ListItem","position":3,"name":"C\u0153urs de Romaine"}]},{"@type":"WebSite","@id":"https:\/\/www.andyboy.com\/#website","url":"https:\/\/www.andyboy.com\/","name":"Andy Boy","description":"","publisher":{"@id":"https:\/\/www.andyboy.com\/#organization"},"potentialAction":[{"@type":"SearchAction","target":{"@type":"EntryPoint","urlTemplate":"https:\/\/www.andyboy.com\/?s={search_term_string}"},"query-input":{"@type":"PropertyValueSpecification","valueRequired":true,"valueName":"search_term_string"}}],"inLanguage":"fr-FR"},{"@type":"Organization","@id":"https:\/\/www.andyboy.com\/#organization","name":"Andy Boy","url":"https:\/\/www.andyboy.com\/","logo":{"@type":"ImageObject","inLanguage":"fr-FR","@id":"https:\/\/www.andyboy.com\/#\/schema\/logo\/image\/","url":"https:\/\/andyboy.wpengine.com\/wp-content\/uploads\/2015\/04\/AB-Banner-Logo-high-res.jpg","contentUrl":"https:\/\/andyboy.wpengine.com\/wp-content\/uploads\/2015\/04\/AB-Banner-Logo-high-res.jpg","width":1024,"height":403,"caption":"Andy Boy"},"image":{"@id":"https:\/\/www.andyboy.com\/#\/schema\/logo\/image\/"},"sameAs":["https:\/\/www.facebook.com\/AndyBoyProduce","https:\/\/x.com\/AndyBoyInc","https:\/\/instagram.com\/AndyBoyProduce\/","http:\/\/www.pinterest.com\/andyboyproduce\/"]}]}},"_links":{"self":[{"href":"https:\/\/www.andyboy.com\/fr\/wp-json\/wp\/v2\/pages\/1027","targetHints":{"allow":["GET"]}}],"collection":[{"href":"https:\/\/www.andyboy.com\/fr\/wp-json\/wp\/v2\/pages"}],"about":[{"href":"https:\/\/www.andyboy.com\/fr\/wp-json\/wp\/v2\/types\/page"}],"author":[{"embeddable":true,"href":"https:\/\/www.andyboy.com\/fr\/wp-json\/wp\/v2\/users\/1"}],"replies":[{"embeddable":true,"href":"https:\/\/www.andyboy.com\/fr\/wp-json\/wp\/v2\/comments?post=1027"}],"version-history":[{"count":0,"href":"https:\/\/www.andyboy.com\/fr\/wp-json\/wp\/v2\/pages\/1027\/revisions"}],"up":[{"embeddable":true,"href":"https:\/\/www.andyboy.com\/fr\/wp-json\/wp\/v2\/pages\/1037"}],"wp:featuredmedia":[{"embeddable":true,"href":"https:\/\/www.andyboy.com\/fr\/wp-json\/wp\/v2\/media\/907"}],"wp:attachment":[{"href":"https:\/\/www.andyboy.com\/fr\/wp-json\/wp\/v2\/media?parent=1027"}],"curies":[{"name":"wp","href":"https:\/\/api.w.org\/{rel}","templated":true}]}}