{"id":1029,"date":"2014-04-02T14:42:56","date_gmt":"2014-04-02T14:42:56","guid":{"rendered":"http:\/\/65.99.237.157\/~andyboyc\/?page_id=1029"},"modified":"2020-12-31T00:53:09","modified_gmt":"2020-12-31T00:53:09","slug":"laitue-romaine","status":"publish","type":"page","link":"https:\/\/www.andyboy.com\/fr\/produits\/laitue-romaine\/","title":{"rendered":"Laitue Romaine"},"content":{"rendered":"<h2><img decoding=\"async\" class=\"aligncenter wp-image-7630 size-full\" src=\"https:\/\/www.andyboy.com\/wp-content\/uploads\/2020\/07\/11-AB-Infographic-Romaine.jpg\" alt=\"11-AB-Image de-Romaine\" width=\"960\" height=\"700\" srcset=\"https:\/\/www.andyboy.com\/wp-content\/uploads\/2020\/07\/11-AB-Infographic-Romaine.jpg 960w, https:\/\/www.andyboy.com\/wp-content\/uploads\/2020\/07\/11-AB-Infographic-Romaine-600x438.jpg 600w\" sizes=\"(max-width: 960px) 100vw, 960px\" \/><\/h2>\n<h2>Tous avec la Romaine, la laitue qui a r\u00e9volutionn\u00e9 la salade<\/h2>\n<p><strong>C\u00e9l\u00e9brez le 30e anniversaire de la Rage Romaine!<\/strong>\u00a0Andy Boy salue la tendance qui a fait de la Romaine ce qu\u2019elle est aujourd\u2019hui, c\u2019est-\u00e0-dire extr\u00eamement populaire. C\u2019est le l\u00e9gume le plus populaire en Am\u00e9rique, apr\u00e8s la pomme de terre. Mais c\u2019\u00e9tait l\u2019aube de l\u2019\u00e8re du Verseau qui a fait pencher la balance et nous a rendus plus conscients de notre corps. La salade Romaine Andy Boy a trouv\u00e9 la place qui lui revient sur la table. Laissez entrer le soleil!<\/p>\n<h3>Mangez comme un \u00c9gyptien!<\/h3>\n<p>La Romaine Andy Boy a une histoire passionnante et populaire. Les tombes \u00e9gyptiennes sont d\u00e9cor\u00e9es de peintures de laitue \u00e0 feuilles allong\u00e9es et pointues. La reine Cl\u00e9op\u00e2tre doit l\u2019avoir utilis\u00e9e comme un aliment de base pour garder sa silhouette adul\u00e9e. Elle a partag\u00e9 son secret avec le g\u00e9n\u00e9ral Mark Anthony qui a fait conna\u00eetre la laitue \u00e0 Rome o\u00f9 elle est devenue tr\u00e8s populaire. Son neveu, C\u00e9sar Auguste, qui plus tard a r\u00e9gn\u00e9 sur l\u2019Empire romain, aurait construit une statue de laitue romaine pour honorer ses propri\u00e9t\u00e9s de gu\u00e9rison apr\u00e8s avoir \u00e9t\u00e9 gu\u00e9ri d\u2019une maladie grave. Ce n\u2019est pas \u00e9tonnant qu\u2019ils aient donn\u00e9 \u00e0 une telle merveille de la nature le nom de leur empire!<\/p>\n<p>&nbsp;<\/p>\n<table>\n<tbody>\n<tr>\n<th>PAQUET<\/th>\n<th>CONFIGURATION DE LA PALETTE<\/th>\n<th>CAISSE\u00a0: L\u00a0x\u00a0l\u00a0x\u00a0P<\/th>\n<th>\u00c9TAGE\/HAUTEUR<\/th>\n<\/tr>\n<tr>\n<td>C\u0153urs de Romaine paquet de 24\/paquet de 30 \/ doublure\u00a04&#215;6\/chemis\u00e9<\/td>\n<td>35\u00a0cartons par palette<\/td>\n<td>23,4\u00a0x\u00a015,6\u00a0x\u00a012,0<\/td>\n<td>5\/7<\/td>\n<\/tr>\n<tr>\n<td>C\u0153urs de Romaine RPC paquet de 15<\/td>\n<td>35\u00a0cartons par palette<\/td>\n<td>23,6\u00a0x\u00a015,8\u00a0x\u00a011,5<\/td>\n<td>5\/7<\/td>\n<\/tr>\n<\/tbody>\n<\/table>\n<p>Veuillez cliquer pour lire les sp\u00e9cificit\u00e9s de nos <a href=\"https:\/\/www.andyboy.com\/wp-content\/uploads\/2016\/01\/Andy-Boy-Romaine-Baby-SweetHearts_spec-sheet.pdf\">petits c\u0153urs de romaine ch\u00e9ris<\/a><\/p>\n","protected":false},"excerpt":{"rendered":"<p>Tous avec la Romaine, la laitue qui a r\u00e9volutionn\u00e9 la salade C\u00e9l\u00e9brez le 30e anniversaire de la Rage Romaine!\u00a0Andy Boy salue la tendance qui a fait de la Romaine ce qu\u2019elle est aujourd\u2019hui, c\u2019est-\u00e0-dire extr\u00eamement populaire. C\u2019est le l\u00e9gume le plus populaire en Am\u00e9rique, apr\u00e8s la pomme de terre. Mais c\u2019\u00e9tait l\u2019aube de l\u2019\u00e8re du [&#8230;]<\/p>\n","protected":false},"author":1,"featured_media":908,"parent":1037,"menu_order":0,"comment_status":"open","ping_status":"closed","template":"page-templates\/template-product-single.php","meta":{"_acf_changed":false,"_exactmetrics_skip_tracking":false,"_exactmetrics_sitenote_active":false,"_exactmetrics_sitenote_note":"","_exactmetrics_sitenote_category":0,"footnotes":"","_links_to":"","_links_to_target":""},"class_list":["post-1029","page","type-page","status-publish","has-post-thumbnail","hentry"],"acf":[],"yoast_head":"<!-- This site is optimized with the Yoast SEO plugin v27.4 - https:\/\/yoast.com\/product\/yoast-seo-wordpress\/ -->\n<title>Laitue Romaine - Andy Boy<\/title>\n<meta name=\"robots\" content=\"index, follow, max-snippet:-1, max-image-preview:large, max-video-preview:-1\" \/>\n<link rel=\"canonical\" href=\"https:\/\/www.andyboy.com\/fr\/produits\/laitue-romaine\/\" \/>\n<meta property=\"og:locale\" content=\"fr_FR\" \/>\n<meta property=\"og:type\" content=\"article\" \/>\n<meta property=\"og:title\" content=\"Laitue Romaine - Andy Boy\" \/>\n<meta property=\"og:description\" content=\"Tous avec la Romaine, la laitue qui a r\u00e9volutionn\u00e9 la salade C\u00e9l\u00e9brez le 30e anniversaire de la Rage Romaine!\u00a0Andy Boy salue la tendance qui a fait de la Romaine ce qu\u2019elle est aujourd\u2019hui, c\u2019est-\u00e0-dire extr\u00eamement populaire. C\u2019est le l\u00e9gume le plus populaire en Am\u00e9rique, apr\u00e8s la pomme de terre. Mais c\u2019\u00e9tait l\u2019aube de l\u2019\u00e8re du [...]\" \/>\n<meta property=\"og:url\" content=\"https:\/\/www.andyboy.com\/fr\/produits\/laitue-romaine\/\" \/>\n<meta property=\"og:site_name\" content=\"Andy Boy\" \/>\n<meta property=\"article:publisher\" content=\"https:\/\/www.facebook.com\/AndyBoyProduce\" \/>\n<meta property=\"article:modified_time\" content=\"2020-12-31T00:53:09+00:00\" \/>\n<meta property=\"og:image\" content=\"https:\/\/www.andyboy.com\/wp-content\/uploads\/2014\/03\/romaine-lettuce1.jpg\" \/>\n\t<meta property=\"og:image:width\" content=\"1000\" \/>\n\t<meta property=\"og:image:height\" content=\"1000\" \/>\n\t<meta property=\"og:image:type\" content=\"image\/jpeg\" \/>\n<meta name=\"twitter:label1\" content=\"Dur\u00e9e de lecture estim\u00e9e\" \/>\n\t<meta name=\"twitter:data1\" content=\"2 minutes\" \/>\n<script type=\"application\/ld+json\" class=\"yoast-schema-graph\">{\"@context\":\"https:\\\/\\\/schema.org\",\"@graph\":[{\"@type\":\"WebPage\",\"@id\":\"https:\\\/\\\/www.andyboy.com\\\/fr\\\/produits\\\/laitue-romaine\\\/\",\"url\":\"https:\\\/\\\/www.andyboy.com\\\/fr\\\/produits\\\/laitue-romaine\\\/\",\"name\":\"Laitue Romaine - Andy Boy\",\"isPartOf\":{\"@id\":\"https:\\\/\\\/www.andyboy.com\\\/#website\"},\"primaryImageOfPage\":{\"@id\":\"https:\\\/\\\/www.andyboy.com\\\/fr\\\/produits\\\/laitue-romaine\\\/#primaryimage\"},\"image\":{\"@id\":\"https:\\\/\\\/www.andyboy.com\\\/fr\\\/produits\\\/laitue-romaine\\\/#primaryimage\"},\"thumbnailUrl\":\"https:\\\/\\\/www.andyboy.com\\\/wp-content\\\/uploads\\\/2014\\\/03\\\/romaine-lettuce1.jpg\",\"datePublished\":\"2014-04-02T14:42:56+00:00\",\"dateModified\":\"2020-12-31T00:53:09+00:00\",\"breadcrumb\":{\"@id\":\"https:\\\/\\\/www.andyboy.com\\\/fr\\\/produits\\\/laitue-romaine\\\/#breadcrumb\"},\"inLanguage\":\"fr-FR\",\"potentialAction\":[{\"@type\":\"ReadAction\",\"target\":[\"https:\\\/\\\/www.andyboy.com\\\/fr\\\/produits\\\/laitue-romaine\\\/\"]}]},{\"@type\":\"ImageObject\",\"inLanguage\":\"fr-FR\",\"@id\":\"https:\\\/\\\/www.andyboy.com\\\/fr\\\/produits\\\/laitue-romaine\\\/#primaryimage\",\"url\":\"https:\\\/\\\/www.andyboy.com\\\/wp-content\\\/uploads\\\/2014\\\/03\\\/romaine-lettuce1.jpg\",\"contentUrl\":\"https:\\\/\\\/www.andyboy.com\\\/wp-content\\\/uploads\\\/2014\\\/03\\\/romaine-lettuce1.jpg\",\"width\":1000,\"height\":1000,\"caption\":\"romaine-letttuce-andy-boy\"},{\"@type\":\"BreadcrumbList\",\"@id\":\"https:\\\/\\\/www.andyboy.com\\\/fr\\\/produits\\\/laitue-romaine\\\/#breadcrumb\",\"itemListElement\":[{\"@type\":\"ListItem\",\"position\":1,\"name\":\"Home\",\"item\":\"https:\\\/\\\/www.andyboy.com\\\/fr\\\/\"},{\"@type\":\"ListItem\",\"position\":2,\"name\":\"Produits\",\"item\":\"https:\\\/\\\/www.andyboy.com\\\/fr\\\/produits\\\/\"},{\"@type\":\"ListItem\",\"position\":3,\"name\":\"Laitue Romaine\"}]},{\"@type\":\"WebSite\",\"@id\":\"https:\\\/\\\/www.andyboy.com\\\/#website\",\"url\":\"https:\\\/\\\/www.andyboy.com\\\/\",\"name\":\"Andy Boy\",\"description\":\"\",\"publisher\":{\"@id\":\"https:\\\/\\\/www.andyboy.com\\\/#organization\"},\"potentialAction\":[{\"@type\":\"SearchAction\",\"target\":{\"@type\":\"EntryPoint\",\"urlTemplate\":\"https:\\\/\\\/www.andyboy.com\\\/?s={search_term_string}\"},\"query-input\":{\"@type\":\"PropertyValueSpecification\",\"valueRequired\":true,\"valueName\":\"search_term_string\"}}],\"inLanguage\":\"fr-FR\"},{\"@type\":\"Organization\",\"@id\":\"https:\\\/\\\/www.andyboy.com\\\/#organization\",\"name\":\"Andy Boy\",\"url\":\"https:\\\/\\\/www.andyboy.com\\\/\",\"logo\":{\"@type\":\"ImageObject\",\"inLanguage\":\"fr-FR\",\"@id\":\"https:\\\/\\\/www.andyboy.com\\\/#\\\/schema\\\/logo\\\/image\\\/\",\"url\":\"https:\\\/\\\/andyboy.wpengine.com\\\/wp-content\\\/uploads\\\/2015\\\/04\\\/AB-Banner-Logo-high-res.jpg\",\"contentUrl\":\"https:\\\/\\\/andyboy.wpengine.com\\\/wp-content\\\/uploads\\\/2015\\\/04\\\/AB-Banner-Logo-high-res.jpg\",\"width\":1024,\"height\":403,\"caption\":\"Andy Boy\"},\"image\":{\"@id\":\"https:\\\/\\\/www.andyboy.com\\\/#\\\/schema\\\/logo\\\/image\\\/\"},\"sameAs\":[\"https:\\\/\\\/www.facebook.com\\\/AndyBoyProduce\",\"https:\\\/\\\/x.com\\\/AndyBoyInc\",\"https:\\\/\\\/instagram.com\\\/AndyBoyProduce\\\/\",\"http:\\\/\\\/www.pinterest.com\\\/andyboyproduce\\\/\"]}]}<\/script>\n<!-- \/ Yoast SEO plugin. -->","yoast_head_json":{"title":"Laitue Romaine - Andy Boy","robots":{"index":"index","follow":"follow","max-snippet":"max-snippet:-1","max-image-preview":"max-image-preview:large","max-video-preview":"max-video-preview:-1"},"canonical":"https:\/\/www.andyboy.com\/fr\/produits\/laitue-romaine\/","og_locale":"fr_FR","og_type":"article","og_title":"Laitue Romaine - Andy Boy","og_description":"Tous avec la Romaine, la laitue qui a r\u00e9volutionn\u00e9 la salade C\u00e9l\u00e9brez le 30e anniversaire de la Rage Romaine!\u00a0Andy Boy salue la tendance qui a fait de la Romaine ce qu\u2019elle est aujourd\u2019hui, c\u2019est-\u00e0-dire extr\u00eamement populaire. C\u2019est le l\u00e9gume le plus populaire en Am\u00e9rique, apr\u00e8s la pomme de terre. Mais c\u2019\u00e9tait l\u2019aube de l\u2019\u00e8re du [...]","og_url":"https:\/\/www.andyboy.com\/fr\/produits\/laitue-romaine\/","og_site_name":"Andy Boy","article_publisher":"https:\/\/www.facebook.com\/AndyBoyProduce","article_modified_time":"2020-12-31T00:53:09+00:00","og_image":[{"width":1000,"height":1000,"url":"https:\/\/www.andyboy.com\/wp-content\/uploads\/2014\/03\/romaine-lettuce1.jpg","type":"image\/jpeg"}],"twitter_misc":{"Dur\u00e9e de lecture estim\u00e9e":"2 minutes"},"schema":{"@context":"https:\/\/schema.org","@graph":[{"@type":"WebPage","@id":"https:\/\/www.andyboy.com\/fr\/produits\/laitue-romaine\/","url":"https:\/\/www.andyboy.com\/fr\/produits\/laitue-romaine\/","name":"Laitue Romaine - Andy Boy","isPartOf":{"@id":"https:\/\/www.andyboy.com\/#website"},"primaryImageOfPage":{"@id":"https:\/\/www.andyboy.com\/fr\/produits\/laitue-romaine\/#primaryimage"},"image":{"@id":"https:\/\/www.andyboy.com\/fr\/produits\/laitue-romaine\/#primaryimage"},"thumbnailUrl":"https:\/\/www.andyboy.com\/wp-content\/uploads\/2014\/03\/romaine-lettuce1.jpg","datePublished":"2014-04-02T14:42:56+00:00","dateModified":"2020-12-31T00:53:09+00:00","breadcrumb":{"@id":"https:\/\/www.andyboy.com\/fr\/produits\/laitue-romaine\/#breadcrumb"},"inLanguage":"fr-FR","potentialAction":[{"@type":"ReadAction","target":["https:\/\/www.andyboy.com\/fr\/produits\/laitue-romaine\/"]}]},{"@type":"ImageObject","inLanguage":"fr-FR","@id":"https:\/\/www.andyboy.com\/fr\/produits\/laitue-romaine\/#primaryimage","url":"https:\/\/www.andyboy.com\/wp-content\/uploads\/2014\/03\/romaine-lettuce1.jpg","contentUrl":"https:\/\/www.andyboy.com\/wp-content\/uploads\/2014\/03\/romaine-lettuce1.jpg","width":1000,"height":1000,"caption":"romaine-letttuce-andy-boy"},{"@type":"BreadcrumbList","@id":"https:\/\/www.andyboy.com\/fr\/produits\/laitue-romaine\/#breadcrumb","itemListElement":[{"@type":"ListItem","position":1,"name":"Home","item":"https:\/\/www.andyboy.com\/fr\/"},{"@type":"ListItem","position":2,"name":"Produits","item":"https:\/\/www.andyboy.com\/fr\/produits\/"},{"@type":"ListItem","position":3,"name":"Laitue Romaine"}]},{"@type":"WebSite","@id":"https:\/\/www.andyboy.com\/#website","url":"https:\/\/www.andyboy.com\/","name":"Andy Boy","description":"","publisher":{"@id":"https:\/\/www.andyboy.com\/#organization"},"potentialAction":[{"@type":"SearchAction","target":{"@type":"EntryPoint","urlTemplate":"https:\/\/www.andyboy.com\/?s={search_term_string}"},"query-input":{"@type":"PropertyValueSpecification","valueRequired":true,"valueName":"search_term_string"}}],"inLanguage":"fr-FR"},{"@type":"Organization","@id":"https:\/\/www.andyboy.com\/#organization","name":"Andy Boy","url":"https:\/\/www.andyboy.com\/","logo":{"@type":"ImageObject","inLanguage":"fr-FR","@id":"https:\/\/www.andyboy.com\/#\/schema\/logo\/image\/","url":"https:\/\/andyboy.wpengine.com\/wp-content\/uploads\/2015\/04\/AB-Banner-Logo-high-res.jpg","contentUrl":"https:\/\/andyboy.wpengine.com\/wp-content\/uploads\/2015\/04\/AB-Banner-Logo-high-res.jpg","width":1024,"height":403,"caption":"Andy Boy"},"image":{"@id":"https:\/\/www.andyboy.com\/#\/schema\/logo\/image\/"},"sameAs":["https:\/\/www.facebook.com\/AndyBoyProduce","https:\/\/x.com\/AndyBoyInc","https:\/\/instagram.com\/AndyBoyProduce\/","http:\/\/www.pinterest.com\/andyboyproduce\/"]}]}},"_links":{"self":[{"href":"https:\/\/www.andyboy.com\/fr\/wp-json\/wp\/v2\/pages\/1029","targetHints":{"allow":["GET"]}}],"collection":[{"href":"https:\/\/www.andyboy.com\/fr\/wp-json\/wp\/v2\/pages"}],"about":[{"href":"https:\/\/www.andyboy.com\/fr\/wp-json\/wp\/v2\/types\/page"}],"author":[{"embeddable":true,"href":"https:\/\/www.andyboy.com\/fr\/wp-json\/wp\/v2\/users\/1"}],"replies":[{"embeddable":true,"href":"https:\/\/www.andyboy.com\/fr\/wp-json\/wp\/v2\/comments?post=1029"}],"version-history":[{"count":0,"href":"https:\/\/www.andyboy.com\/fr\/wp-json\/wp\/v2\/pages\/1029\/revisions"}],"up":[{"embeddable":true,"href":"https:\/\/www.andyboy.com\/fr\/wp-json\/wp\/v2\/pages\/1037"}],"wp:featuredmedia":[{"embeddable":true,"href":"https:\/\/www.andyboy.com\/fr\/wp-json\/wp\/v2\/media\/908"}],"wp:attachment":[{"href":"https:\/\/www.andyboy.com\/fr\/wp-json\/wp\/v2\/media?parent=1029"}],"curies":[{"name":"wp","href":"https:\/\/api.w.org\/{rel}","templated":true}]}}