{"id":1039,"date":"2014-04-02T14:53:00","date_gmt":"2014-04-02T14:53:00","guid":{"rendered":"http:\/\/65.99.237.157\/~andyboyc\/?page_id=1039"},"modified":"2021-02-04T20:56:25","modified_gmt":"2021-02-04T20:56:25","slug":"salubrite-alimentaire","status":"publish","type":"page","link":"https:\/\/www.andyboy.com\/fr\/salubrite-alimentaire\/","title":{"rendered":"Salubrit\u00e9 Alimentaire"},"content":{"rendered":"<h2>La salubrit\u00e9 alimentaire \u2013 toujours notre principale priorit\u00e9!<\/h2>\n<p>Chez D\u2019Arrigo Bros. Co., de la Californie, nous prenons la salubrit\u00e9 alimentaire tr\u00e8s au s\u00e9rieux. Puisque nous sommes compl\u00e8tement int\u00e9gr\u00e9s verticalement, nous avons le contr\u00f4le \u00e0 partir du moment o\u00f9 la graine est plant\u00e9e, jusqu\u2019\u00e0 ce que notre produit soit charg\u00e9 dans les camions de nos clients et que les portes aient \u00e9t\u00e9 ferm\u00e9es. L\u2019un des meilleurs avantages d\u2019avoir ce contr\u00f4le complet tout au long du processus de croissance et de r\u00e9colte, c\u2019est que nous connaissons l\u2019histoire de la terre et que nous savons ce qui a \u00e9t\u00e9 n\u00e9cessaire pour produire la r\u00e9colte. Nous savons quelles sont les \u00e9quipes qui effectuent les r\u00e9coltes sur chacun de nos ranchs. Par cons\u00e9quent, nous savons qui fait la r\u00e9colte, quelle est la formation qu\u2019ils ont suivie et \u00e0 qui la r\u00e9colte est exp\u00e9di\u00e9e.<\/p>\n<p>Tous les produits que nous r\u00e9coltons sont v\u00e9rifi\u00e9s par des groupes d\u2019audit tiers ind\u00e9pendants, conform\u00e9ment aux normes de la Global Foods Safety Initiative (GFSI). Les produits qui entrent dans la cat\u00e9gorie des l\u00e9gumes-feuilles sont v\u00e9rifi\u00e9s plusieurs fois par ann\u00e9e par le <a title=\"\" href=\"http:\/\/www.cdfa.ca.gov\/\">California Department of Food and Agriculture<\/a> et par le <a title=\"\" href=\"http:\/\/www.usda.gov\/wps\/portal\/usdahome\">United States Department of Agriculture<\/a> (USDA) sous la coordination de<a href=\"https:\/\/lgma.ca.gov\/\">CA Leafy Greens Marketing Association<\/a> (CA LGMA) et les <a href=\"https:\/\/www.ams.usda.gov\/services\/auditing\/gap-ghp\/AZ-lgma\">Programmes de la AZ Leafy Greens Marketing Association<\/a> (AZ LGMA).<\/p>\n<p>Avez-vous une question au sujet de notre programme de salubrit\u00e9 alimentaire?\u00a0<a href=\"mailto:food.safety@darrigo.com\">Cliquez ici<\/a> pour envoyer un courriel \u00e0 notre directeur de la salubrit\u00e9 alimentaire. Ou n\u2019h\u00e9sitez pas \u00e0 communiquer avec lui\u00a0:<\/p>\n<p><strong>Jose Ortiz <\/strong><br \/>\nDirecteur, Salubrit\u00e9 alimentaire<br \/>\nT\u00e9l\u00e9phone\u00a0: (831)\u00a0455-4500<br \/>\nT\u00e9l\u00e9copieur\u00a0: (831)\u00a0455-4420<br \/>\nCourriel\u00a0:\u00a0<a href=\"mailto:food.safety@darrigo.com\">food.safety@darrigo.com<\/a><\/p>\n<p>D\u2019Arrigo California a un programme de s\u00e9curit\u00e9 alimentaire bien \u00e9tabli <a href=\"https:\/\/www.andyboy.com\/files\/Overview%20of%20D'Arrigo's%20Food%20Safety%20Program%202010%20for%20Sales.pdf\"> bas\u00e9 sur les \u00e9l\u00e9ments suivants:<\/a><\/p>\n<ul>\n<li><a href=\"http:\/\/en.wikipedia.org\/wiki\/Good_Agricultural_Practices\">Good Agricultural Practices<\/a> (GAPs)<\/li>\n<li><a href=\"http:\/\/en.wikipedia.org\/wiki\/Good_Manufacturing_Practices\">Good Manufacturing Practices<\/a> (GMPs)<\/li>\n<li><a href=\"http:\/\/en.wikipedia.org\/wiki\/Hazard_analysis_and_critical_control_points\">Hazard Analysis Critical Control Point<\/a> (HACCP)<\/li>\n<li><a href=\"http:\/\/www.azlgma.gov\/\">Arizona Leafy Greens Marketing Agreement<\/a><\/li>\n<li><a href=\"http:\/\/www.caleafygreens.ca.gov\/\">California Leafy Greens Marketing Agreement<\/a><\/li>\n<\/ul>\n<p>&nbsp;<\/p>\n","protected":false},"excerpt":{"rendered":"<p>La salubrit\u00e9 alimentaire \u2013 toujours notre principale priorit\u00e9! Chez D\u2019Arrigo Bros. Co., de la Californie, nous prenons la salubrit\u00e9 alimentaire tr\u00e8s au s\u00e9rieux. Puisque nous sommes compl\u00e8tement int\u00e9gr\u00e9s verticalement, nous avons le contr\u00f4le \u00e0 partir du moment o\u00f9 la graine est plant\u00e9e, jusqu\u2019\u00e0 ce que notre produit soit charg\u00e9 dans les camions de nos clients [&#8230;]<\/p>\n","protected":false},"author":1,"featured_media":10739,"parent":0,"menu_order":0,"comment_status":"open","ping_status":"closed","template":"","meta":{"_acf_changed":false,"_exactmetrics_skip_tracking":false,"_exactmetrics_sitenote_active":false,"_exactmetrics_sitenote_note":"","_exactmetrics_sitenote_category":0,"footnotes":"","_links_to":"","_links_to_target":""},"class_list":["post-1039","page","type-page","status-publish","has-post-thumbnail","hentry"],"acf":[],"yoast_head":"<!-- This site is optimized with the Yoast SEO plugin v27.4 - https:\/\/yoast.com\/product\/yoast-seo-wordpress\/ -->\n<title>Salubrit\u00e9 Alimentaire - Andy Boy<\/title>\n<meta name=\"robots\" content=\"index, follow, max-snippet:-1, max-image-preview:large, max-video-preview:-1\" \/>\n<link rel=\"canonical\" href=\"https:\/\/www.andyboy.com\/fr\/salubrite-alimentaire\/\" \/>\n<meta property=\"og:locale\" content=\"fr_FR\" \/>\n<meta property=\"og:type\" content=\"article\" \/>\n<meta property=\"og:title\" content=\"Salubrit\u00e9 Alimentaire - Andy Boy\" \/>\n<meta property=\"og:description\" content=\"La salubrit\u00e9 alimentaire \u2013 toujours notre principale priorit\u00e9! Chez D\u2019Arrigo Bros. Co., de la Californie, nous prenons la salubrit\u00e9 alimentaire tr\u00e8s au s\u00e9rieux. Puisque nous sommes compl\u00e8tement int\u00e9gr\u00e9s verticalement, nous avons le contr\u00f4le \u00e0 partir du moment o\u00f9 la graine est plant\u00e9e, jusqu\u2019\u00e0 ce que notre produit soit charg\u00e9 dans les camions de nos clients [...]\" \/>\n<meta property=\"og:url\" content=\"https:\/\/www.andyboy.com\/fr\/salubrite-alimentaire\/\" \/>\n<meta property=\"og:site_name\" content=\"Andy Boy\" \/>\n<meta property=\"article:publisher\" content=\"https:\/\/www.facebook.com\/AndyBoyProduce\" \/>\n<meta property=\"article:modified_time\" content=\"2021-02-04T20:56:25+00:00\" \/>\n<meta property=\"og:image\" content=\"https:\/\/www.andyboy.com\/wp-content\/uploads\/2021\/02\/LGMA-CA-AZ.jpg\" \/>\n\t<meta property=\"og:image:width\" content=\"952\" \/>\n\t<meta property=\"og:image:height\" content=\"422\" \/>\n\t<meta property=\"og:image:type\" content=\"image\/jpeg\" \/>\n<meta name=\"twitter:label1\" content=\"Dur\u00e9e de lecture estim\u00e9e\" \/>\n\t<meta name=\"twitter:data1\" content=\"2 minutes\" \/>\n<script type=\"application\/ld+json\" class=\"yoast-schema-graph\">{\"@context\":\"https:\\\/\\\/schema.org\",\"@graph\":[{\"@type\":\"WebPage\",\"@id\":\"https:\\\/\\\/www.andyboy.com\\\/fr\\\/salubrite-alimentaire\\\/\",\"url\":\"https:\\\/\\\/www.andyboy.com\\\/fr\\\/salubrite-alimentaire\\\/\",\"name\":\"Salubrit\u00e9 Alimentaire - Andy Boy\",\"isPartOf\":{\"@id\":\"https:\\\/\\\/www.andyboy.com\\\/#website\"},\"primaryImageOfPage\":{\"@id\":\"https:\\\/\\\/www.andyboy.com\\\/fr\\\/salubrite-alimentaire\\\/#primaryimage\"},\"image\":{\"@id\":\"https:\\\/\\\/www.andyboy.com\\\/fr\\\/salubrite-alimentaire\\\/#primaryimage\"},\"thumbnailUrl\":\"https:\\\/\\\/www.andyboy.com\\\/wp-content\\\/uploads\\\/2021\\\/02\\\/LGMA-CA-AZ.jpg\",\"datePublished\":\"2014-04-02T14:53:00+00:00\",\"dateModified\":\"2021-02-04T20:56:25+00:00\",\"breadcrumb\":{\"@id\":\"https:\\\/\\\/www.andyboy.com\\\/fr\\\/salubrite-alimentaire\\\/#breadcrumb\"},\"inLanguage\":\"fr-FR\",\"potentialAction\":[{\"@type\":\"ReadAction\",\"target\":[\"https:\\\/\\\/www.andyboy.com\\\/fr\\\/salubrite-alimentaire\\\/\"]}]},{\"@type\":\"ImageObject\",\"inLanguage\":\"fr-FR\",\"@id\":\"https:\\\/\\\/www.andyboy.com\\\/fr\\\/salubrite-alimentaire\\\/#primaryimage\",\"url\":\"https:\\\/\\\/www.andyboy.com\\\/wp-content\\\/uploads\\\/2021\\\/02\\\/LGMA-CA-AZ.jpg\",\"contentUrl\":\"https:\\\/\\\/www.andyboy.com\\\/wp-content\\\/uploads\\\/2021\\\/02\\\/LGMA-CA-AZ.jpg\",\"width\":952,\"height\":422},{\"@type\":\"BreadcrumbList\",\"@id\":\"https:\\\/\\\/www.andyboy.com\\\/fr\\\/salubrite-alimentaire\\\/#breadcrumb\",\"itemListElement\":[{\"@type\":\"ListItem\",\"position\":1,\"name\":\"Home\",\"item\":\"https:\\\/\\\/www.andyboy.com\\\/fr\\\/\"},{\"@type\":\"ListItem\",\"position\":2,\"name\":\"Salubrit\u00e9 Alimentaire\"}]},{\"@type\":\"WebSite\",\"@id\":\"https:\\\/\\\/www.andyboy.com\\\/#website\",\"url\":\"https:\\\/\\\/www.andyboy.com\\\/\",\"name\":\"Andy Boy\",\"description\":\"\",\"publisher\":{\"@id\":\"https:\\\/\\\/www.andyboy.com\\\/#organization\"},\"potentialAction\":[{\"@type\":\"SearchAction\",\"target\":{\"@type\":\"EntryPoint\",\"urlTemplate\":\"https:\\\/\\\/www.andyboy.com\\\/?s={search_term_string}\"},\"query-input\":{\"@type\":\"PropertyValueSpecification\",\"valueRequired\":true,\"valueName\":\"search_term_string\"}}],\"inLanguage\":\"fr-FR\"},{\"@type\":\"Organization\",\"@id\":\"https:\\\/\\\/www.andyboy.com\\\/#organization\",\"name\":\"Andy Boy\",\"url\":\"https:\\\/\\\/www.andyboy.com\\\/\",\"logo\":{\"@type\":\"ImageObject\",\"inLanguage\":\"fr-FR\",\"@id\":\"https:\\\/\\\/www.andyboy.com\\\/#\\\/schema\\\/logo\\\/image\\\/\",\"url\":\"https:\\\/\\\/andyboy.wpengine.com\\\/wp-content\\\/uploads\\\/2015\\\/04\\\/AB-Banner-Logo-high-res.jpg\",\"contentUrl\":\"https:\\\/\\\/andyboy.wpengine.com\\\/wp-content\\\/uploads\\\/2015\\\/04\\\/AB-Banner-Logo-high-res.jpg\",\"width\":1024,\"height\":403,\"caption\":\"Andy Boy\"},\"image\":{\"@id\":\"https:\\\/\\\/www.andyboy.com\\\/#\\\/schema\\\/logo\\\/image\\\/\"},\"sameAs\":[\"https:\\\/\\\/www.facebook.com\\\/AndyBoyProduce\",\"https:\\\/\\\/x.com\\\/AndyBoyInc\",\"https:\\\/\\\/instagram.com\\\/AndyBoyProduce\\\/\",\"http:\\\/\\\/www.pinterest.com\\\/andyboyproduce\\\/\"]}]}<\/script>\n<!-- \/ Yoast SEO plugin. -->","yoast_head_json":{"title":"Salubrit\u00e9 Alimentaire - Andy Boy","robots":{"index":"index","follow":"follow","max-snippet":"max-snippet:-1","max-image-preview":"max-image-preview:large","max-video-preview":"max-video-preview:-1"},"canonical":"https:\/\/www.andyboy.com\/fr\/salubrite-alimentaire\/","og_locale":"fr_FR","og_type":"article","og_title":"Salubrit\u00e9 Alimentaire - Andy Boy","og_description":"La salubrit\u00e9 alimentaire \u2013 toujours notre principale priorit\u00e9! Chez D\u2019Arrigo Bros. Co., de la Californie, nous prenons la salubrit\u00e9 alimentaire tr\u00e8s au s\u00e9rieux. Puisque nous sommes compl\u00e8tement int\u00e9gr\u00e9s verticalement, nous avons le contr\u00f4le \u00e0 partir du moment o\u00f9 la graine est plant\u00e9e, jusqu\u2019\u00e0 ce que notre produit soit charg\u00e9 dans les camions de nos clients [...]","og_url":"https:\/\/www.andyboy.com\/fr\/salubrite-alimentaire\/","og_site_name":"Andy Boy","article_publisher":"https:\/\/www.facebook.com\/AndyBoyProduce","article_modified_time":"2021-02-04T20:56:25+00:00","og_image":[{"width":952,"height":422,"url":"https:\/\/www.andyboy.com\/wp-content\/uploads\/2021\/02\/LGMA-CA-AZ.jpg","type":"image\/jpeg"}],"twitter_misc":{"Dur\u00e9e de lecture estim\u00e9e":"2 minutes"},"schema":{"@context":"https:\/\/schema.org","@graph":[{"@type":"WebPage","@id":"https:\/\/www.andyboy.com\/fr\/salubrite-alimentaire\/","url":"https:\/\/www.andyboy.com\/fr\/salubrite-alimentaire\/","name":"Salubrit\u00e9 Alimentaire - Andy Boy","isPartOf":{"@id":"https:\/\/www.andyboy.com\/#website"},"primaryImageOfPage":{"@id":"https:\/\/www.andyboy.com\/fr\/salubrite-alimentaire\/#primaryimage"},"image":{"@id":"https:\/\/www.andyboy.com\/fr\/salubrite-alimentaire\/#primaryimage"},"thumbnailUrl":"https:\/\/www.andyboy.com\/wp-content\/uploads\/2021\/02\/LGMA-CA-AZ.jpg","datePublished":"2014-04-02T14:53:00+00:00","dateModified":"2021-02-04T20:56:25+00:00","breadcrumb":{"@id":"https:\/\/www.andyboy.com\/fr\/salubrite-alimentaire\/#breadcrumb"},"inLanguage":"fr-FR","potentialAction":[{"@type":"ReadAction","target":["https:\/\/www.andyboy.com\/fr\/salubrite-alimentaire\/"]}]},{"@type":"ImageObject","inLanguage":"fr-FR","@id":"https:\/\/www.andyboy.com\/fr\/salubrite-alimentaire\/#primaryimage","url":"https:\/\/www.andyboy.com\/wp-content\/uploads\/2021\/02\/LGMA-CA-AZ.jpg","contentUrl":"https:\/\/www.andyboy.com\/wp-content\/uploads\/2021\/02\/LGMA-CA-AZ.jpg","width":952,"height":422},{"@type":"BreadcrumbList","@id":"https:\/\/www.andyboy.com\/fr\/salubrite-alimentaire\/#breadcrumb","itemListElement":[{"@type":"ListItem","position":1,"name":"Home","item":"https:\/\/www.andyboy.com\/fr\/"},{"@type":"ListItem","position":2,"name":"Salubrit\u00e9 Alimentaire"}]},{"@type":"WebSite","@id":"https:\/\/www.andyboy.com\/#website","url":"https:\/\/www.andyboy.com\/","name":"Andy Boy","description":"","publisher":{"@id":"https:\/\/www.andyboy.com\/#organization"},"potentialAction":[{"@type":"SearchAction","target":{"@type":"EntryPoint","urlTemplate":"https:\/\/www.andyboy.com\/?s={search_term_string}"},"query-input":{"@type":"PropertyValueSpecification","valueRequired":true,"valueName":"search_term_string"}}],"inLanguage":"fr-FR"},{"@type":"Organization","@id":"https:\/\/www.andyboy.com\/#organization","name":"Andy Boy","url":"https:\/\/www.andyboy.com\/","logo":{"@type":"ImageObject","inLanguage":"fr-FR","@id":"https:\/\/www.andyboy.com\/#\/schema\/logo\/image\/","url":"https:\/\/andyboy.wpengine.com\/wp-content\/uploads\/2015\/04\/AB-Banner-Logo-high-res.jpg","contentUrl":"https:\/\/andyboy.wpengine.com\/wp-content\/uploads\/2015\/04\/AB-Banner-Logo-high-res.jpg","width":1024,"height":403,"caption":"Andy Boy"},"image":{"@id":"https:\/\/www.andyboy.com\/#\/schema\/logo\/image\/"},"sameAs":["https:\/\/www.facebook.com\/AndyBoyProduce","https:\/\/x.com\/AndyBoyInc","https:\/\/instagram.com\/AndyBoyProduce\/","http:\/\/www.pinterest.com\/andyboyproduce\/"]}]}},"_links":{"self":[{"href":"https:\/\/www.andyboy.com\/fr\/wp-json\/wp\/v2\/pages\/1039","targetHints":{"allow":["GET"]}}],"collection":[{"href":"https:\/\/www.andyboy.com\/fr\/wp-json\/wp\/v2\/pages"}],"about":[{"href":"https:\/\/www.andyboy.com\/fr\/wp-json\/wp\/v2\/types\/page"}],"author":[{"embeddable":true,"href":"https:\/\/www.andyboy.com\/fr\/wp-json\/wp\/v2\/users\/1"}],"replies":[{"embeddable":true,"href":"https:\/\/www.andyboy.com\/fr\/wp-json\/wp\/v2\/comments?post=1039"}],"version-history":[{"count":0,"href":"https:\/\/www.andyboy.com\/fr\/wp-json\/wp\/v2\/pages\/1039\/revisions"}],"wp:featuredmedia":[{"embeddable":true,"href":"https:\/\/www.andyboy.com\/fr\/wp-json\/wp\/v2\/media\/10739"}],"wp:attachment":[{"href":"https:\/\/www.andyboy.com\/fr\/wp-json\/wp\/v2\/media?parent=1039"}],"curies":[{"name":"wp","href":"https:\/\/api.w.org\/{rel}","templated":true}]}}