{"id":1045,"date":"2014-04-02T15:11:24","date_gmt":"2014-04-02T15:11:24","guid":{"rendered":"http:\/\/65.99.237.157\/~andyboyc\/?page_id=1045"},"modified":"2020-12-31T01:02:38","modified_gmt":"2020-12-31T01:02:38","slug":"laitue-iceberg","status":"publish","type":"page","link":"https:\/\/www.andyboy.com\/fr\/produits\/laitue-iceberg\/","title":{"rendered":"Laitue Iceberg"},"content":{"rendered":"<p><img decoding=\"async\" class=\"aligncenter wp-image-8414 size-full\" src=\"https:\/\/www.andyboy.com\/wp-content\/uploads\/2020\/07\/12-AB-Infographic-Iceberg-Lettuce.jpg\" alt=\"Image-de laitue-Iceberg-AB\" width=\"960\" height=\"700\" srcset=\"https:\/\/www.andyboy.com\/wp-content\/uploads\/2020\/07\/12-AB-Infographic-Iceberg-Lettuce.jpg 960w, https:\/\/www.andyboy.com\/wp-content\/uploads\/2020\/07\/12-AB-Infographic-Iceberg-Lettuce-600x438.jpg 600w\" sizes=\"(max-width: 960px) 100vw, 960px\" \/><\/p>\n<h3>Faits croustillants<\/h3>\n<p>La laitue Iceberg a obtenu son nom du fait que les producteurs de Californie les avaient exp\u00e9di\u00e9es couvertes d\u2019un tas de glace pil\u00e9e dans les ann\u00e9es\u00a01920. Elle s\u2019appelait auparavant la laitue pomm\u00e9e. Les Am\u00e9ricains mangent environ 5\u00a0kilos de laitue par an et par personne. Toutes les laitues ont une faible teneur en calories et sont riches en calcium, en fer et en vitamines A et C. Gardez \u00e0 l\u2019esprit que les feuilles vert fonc\u00e9 contiennent le plus de nutriments. La laitue est un l\u00e9gume qui est r\u00e9fractaire \u00e0 pratiquement toute forme de conservation. Vous ne pouvez pas la congeler, la faire s\u00e9cher, la mettre en conserve ou la faire mariner.<\/p>\n<h3>Il n\u2019est PAS question de s\u2019endormir<\/h3>\n<p>Les Grecs anciens croyaient que la laitue provoquait le sommeil, de sorte qu\u2019ils la servaient \u00e0 la fin du repas. Les Romains ont perp\u00e9tu\u00e9 cette coutume. Cependant, l\u2019empereur dictatorial Domitian (81-96 apr. J.-C.) la servait au d\u00e9but de ses f\u00eates, de sorte qu\u2019il pouvait torturer ses invit\u00e9s en les for\u00e7ant \u00e0 rester \u00e9veill\u00e9 en pr\u00e9sence de l\u2019empereur.<\/p>\n<h3>Ce n\u2019est pas seulement de la nourriture pour lapins\u2026 C\u2019est tr\u00e8s bon pour vous!<\/h3>\n<p>La laitue facilite la digestion et favorise la sant\u00e9 du foie. Elle peut \u00e9galement r\u00e9duire le risque de maladie cardiaque, d\u2019AVC et de cataractes. D\u2019autres recherches montrent qu\u2019elle contribue \u00e0 r\u00e9duire le risque de cancer et peut soulager l\u2019insomnie nerveuse.<\/p>\n<h3>La maintenir CROQUANTE!<\/h3>\n<p>La laitue est un l\u00e9gume d\u00e9licat et il faut la s\u00e9lectionner et la stocker avec le plus grand soin. Lorsque vous choisissez les feuilles, assurez-vous qu\u2019elles sont fra\u00eeches et croquantes, sans signe de taches ou de bords fl\u00e9tris minces, ou sombres. Rappelez-vous lorsque vous choisissez votre laitue que les feuilles ext\u00e9rieures les plus sombres sont les plus nutritives. La laitue a tendance \u00e0 bien se conserver dans les sacs en plastique plac\u00e9s dans le bac \u00e0 l\u00e9gumes du r\u00e9frig\u00e9rateur. La laitue Iceberg conserve ses meilleures caract\u00e9ristiques pendant environ deux semaines contre seulement dix jours pour la laitue romaine et environ quatre jours pour les laitues beurre.<\/p>\n<h3>D\u00e9tails sur le produit<\/h3>\n<ul>\n<li>Lorsque vous choisissez les feuilles, assurez-vous qu\u2019elles sont fra\u00eeches et croquantes, sans signe de taches ou de bords fl\u00e9tris ou sombres.<\/li>\n<li>Elle a un go\u00fbt neutre et est croquante, ce qui en fait un aliment rafraichissant de choix par temps chaud.<\/li>\n<li>La Iceberg convient \u00e0 de nombreuses salades et autres recettes\u00a0: ajoutez simplement une feuille \u00e0 votre sandwich \u00e0 la salade de thon ou de poulet pour qu\u2019il gagne en valeur nutritionnelle.<\/li>\n<\/ul>\n<div class=\"row\">\n<div class=\"col-6\">\n<h3>Avantages<\/h3>\n<ul>\n<li>Feuilles de qualit\u00e9 sup\u00e9rieure<\/li>\n<li>Produit polyvalent adapt\u00e9 \u00e0 de nombreuses applications<\/li>\n<li>Disponible tout au long de l\u2019ann\u00e9e<\/li>\n<li>Riche en vitamines\u00a0A et K ainsi qu\u2019en b\u00eata-carot\u00e8ne<\/li>\n<\/ul>\n<\/div>\n<div class=\"col-6\">\n<h3>Entretien et manipulation<\/h3>\n<ul>\n<li>R\u00e9frig\u00e9rez imm\u00e9diatement\u00a0: 34 \u00e0 36\u00a0\u00b0F<\/li>\n<li>Lavez avant de manger<\/li>\n<\/ul>\n<\/div>\n<\/div>\n<table>\n<tbody>\n<tr>\n<th>PAQUET<\/th>\n<th>CONFIGURATION DE LA PALETTE<\/th>\n<th>CAISSE\u00a0: L\u00a0x\u00a0l\u00a0x\u00a0P<\/th>\n<th>\u00c9TAGE\/HAUTEUR<\/th>\n<\/tr>\n<tr>\n<td>Emballage\/doublure de laitue &#8211; paquet de 24 \/ paquet de 30<\/td>\n<td>40\u00a0caisses par palette<\/td>\n<td>23,4\u00a0x\u00a015,4\u00a0x\u00a010,7<\/td>\n<td>5\/8<\/td>\n<\/tr>\n<tr>\n<td>Sac \u00e9norme &#8211; paquet de 24\/Exportation, paquet de 30<\/td>\n<td>35\u00a0caisses par palette<\/td>\n<td>23,4\u00a0x\u00a015,4\u00a0x\u00a010,7<\/td>\n<td>5\/7<\/td>\n<\/tr>\n<tr>\n<td>Nettoyez et coupez &#8211; 4\u00a0sacs\/6\u00a0t\u00eates par sac<\/td>\n<td>54\u00a0caisses par palette<\/td>\n<td>19,6\u00a0x\u00a015,6\u00a0x\u00a09,7<\/td>\n<td>7\/8<\/td>\n<\/tr>\n<tr>\n<td>RPC paquet de 24\/doublure et emballage disponibles<\/td>\n<td>40\u00a0caisses par palette<\/td>\n<td>23,6\u00a0x\u00a015,8\u00a0x\u00a011,5<\/td>\n<td>5\/8<\/td>\n<\/tr>\n<\/tbody>\n<\/table>\n<p style=\"text-align: center;\">\n","protected":false},"excerpt":{"rendered":"<p>Faits croustillants La laitue Iceberg a obtenu son nom du fait que les producteurs de Californie les avaient exp\u00e9di\u00e9es couvertes d\u2019un tas de glace pil\u00e9e dans les ann\u00e9es\u00a01920. Elle s\u2019appelait auparavant la laitue pomm\u00e9e. Les Am\u00e9ricains mangent environ 5\u00a0kilos de laitue par an et par personne. Toutes les laitues ont une faible teneur en calories [&#8230;]<\/p>\n","protected":false},"author":1,"featured_media":903,"parent":1037,"menu_order":0,"comment_status":"open","ping_status":"closed","template":"page-templates\/template-product-single.php","meta":{"_acf_changed":false,"_exactmetrics_skip_tracking":false,"_exactmetrics_sitenote_active":false,"_exactmetrics_sitenote_note":"","_exactmetrics_sitenote_category":0,"footnotes":"","_links_to":"","_links_to_target":""},"class_list":["post-1045","page","type-page","status-publish","has-post-thumbnail","hentry"],"acf":[],"yoast_head":"<!-- This site is optimized with the Yoast SEO plugin v27.5 - https:\/\/yoast.com\/product\/yoast-seo-wordpress\/ -->\n<title>Laitue Iceberg - Andy Boy<\/title>\n<meta name=\"description\" content=\"La laitue Andy Boy a une faible teneur en calories et est riche en calcium, en fer et en vitamines\u00a0A et C. Faites l\u2019exp\u00e9rience d\u2019une laitue Andy Boy croquante, rafraichissante et hautement nutritive.\u00a0\" \/>\n<meta name=\"robots\" content=\"index, follow, max-snippet:-1, max-image-preview:large, max-video-preview:-1\" \/>\n<link rel=\"canonical\" href=\"https:\/\/www.andyboy.com\/fr\/produits\/laitue-iceberg\/\" \/>\n<meta property=\"og:locale\" content=\"fr_FR\" \/>\n<meta property=\"og:type\" content=\"article\" \/>\n<meta property=\"og:title\" content=\"Laitue Iceberg - Andy Boy\" \/>\n<meta property=\"og:description\" content=\"La laitue Andy Boy a une faible teneur en calories et est riche en calcium, en fer et en vitamines\u00a0A et C. Faites l\u2019exp\u00e9rience d\u2019une laitue Andy Boy croquante, rafraichissante et hautement nutritive.\u00a0\" \/>\n<meta property=\"og:url\" content=\"https:\/\/www.andyboy.com\/fr\/produits\/laitue-iceberg\/\" \/>\n<meta property=\"og:site_name\" content=\"Andy Boy\" \/>\n<meta property=\"article:publisher\" content=\"https:\/\/www.facebook.com\/AndyBoyProduce\" \/>\n<meta property=\"article:modified_time\" content=\"2020-12-31T01:02:38+00:00\" \/>\n<meta property=\"og:image\" content=\"https:\/\/www.andyboy.com\/wp-content\/uploads\/2014\/03\/iceberg1.jpg\" \/>\n\t<meta property=\"og:image:width\" content=\"1000\" \/>\n\t<meta property=\"og:image:height\" content=\"1000\" \/>\n\t<meta property=\"og:image:type\" content=\"image\/jpeg\" \/>\n<meta name=\"twitter:label1\" content=\"Dur\u00e9e de lecture estim\u00e9e\" \/>\n\t<meta name=\"twitter:data1\" content=\"3 minutes\" \/>\n<script type=\"application\/ld+json\" class=\"yoast-schema-graph\">{\"@context\":\"https:\\\/\\\/schema.org\",\"@graph\":[{\"@type\":\"WebPage\",\"@id\":\"https:\\\/\\\/www.andyboy.com\\\/fr\\\/produits\\\/laitue-iceberg\\\/\",\"url\":\"https:\\\/\\\/www.andyboy.com\\\/fr\\\/produits\\\/laitue-iceberg\\\/\",\"name\":\"Laitue Iceberg - Andy Boy\",\"isPartOf\":{\"@id\":\"https:\\\/\\\/www.andyboy.com\\\/#website\"},\"primaryImageOfPage\":{\"@id\":\"https:\\\/\\\/www.andyboy.com\\\/fr\\\/produits\\\/laitue-iceberg\\\/#primaryimage\"},\"image\":{\"@id\":\"https:\\\/\\\/www.andyboy.com\\\/fr\\\/produits\\\/laitue-iceberg\\\/#primaryimage\"},\"thumbnailUrl\":\"https:\\\/\\\/www.andyboy.com\\\/wp-content\\\/uploads\\\/2014\\\/03\\\/iceberg1.jpg\",\"datePublished\":\"2014-04-02T15:11:24+00:00\",\"dateModified\":\"2020-12-31T01:02:38+00:00\",\"description\":\"La laitue Andy Boy a une faible teneur en calories et est riche en calcium, en fer et en vitamines\u00a0A et C. Faites l\u2019exp\u00e9rience d\u2019une laitue Andy Boy croquante, rafraichissante et hautement nutritive.\u00a0\",\"breadcrumb\":{\"@id\":\"https:\\\/\\\/www.andyboy.com\\\/fr\\\/produits\\\/laitue-iceberg\\\/#breadcrumb\"},\"inLanguage\":\"fr-FR\",\"potentialAction\":[{\"@type\":\"ReadAction\",\"target\":[\"https:\\\/\\\/www.andyboy.com\\\/fr\\\/produits\\\/laitue-iceberg\\\/\"]}]},{\"@type\":\"ImageObject\",\"inLanguage\":\"fr-FR\",\"@id\":\"https:\\\/\\\/www.andyboy.com\\\/fr\\\/produits\\\/laitue-iceberg\\\/#primaryimage\",\"url\":\"https:\\\/\\\/www.andyboy.com\\\/wp-content\\\/uploads\\\/2014\\\/03\\\/iceberg1.jpg\",\"contentUrl\":\"https:\\\/\\\/www.andyboy.com\\\/wp-content\\\/uploads\\\/2014\\\/03\\\/iceberg1.jpg\",\"width\":1000,\"height\":1000,\"caption\":\"iceberg-head-andyboy\"},{\"@type\":\"BreadcrumbList\",\"@id\":\"https:\\\/\\\/www.andyboy.com\\\/fr\\\/produits\\\/laitue-iceberg\\\/#breadcrumb\",\"itemListElement\":[{\"@type\":\"ListItem\",\"position\":1,\"name\":\"Home\",\"item\":\"https:\\\/\\\/www.andyboy.com\\\/fr\\\/\"},{\"@type\":\"ListItem\",\"position\":2,\"name\":\"Produits\",\"item\":\"https:\\\/\\\/www.andyboy.com\\\/fr\\\/produits\\\/\"},{\"@type\":\"ListItem\",\"position\":3,\"name\":\"Laitue Iceberg\"}]},{\"@type\":\"WebSite\",\"@id\":\"https:\\\/\\\/www.andyboy.com\\\/#website\",\"url\":\"https:\\\/\\\/www.andyboy.com\\\/\",\"name\":\"Andy Boy\",\"description\":\"\",\"publisher\":{\"@id\":\"https:\\\/\\\/www.andyboy.com\\\/#organization\"},\"potentialAction\":[{\"@type\":\"SearchAction\",\"target\":{\"@type\":\"EntryPoint\",\"urlTemplate\":\"https:\\\/\\\/www.andyboy.com\\\/?s={search_term_string}\"},\"query-input\":{\"@type\":\"PropertyValueSpecification\",\"valueRequired\":true,\"valueName\":\"search_term_string\"}}],\"inLanguage\":\"fr-FR\"},{\"@type\":\"Organization\",\"@id\":\"https:\\\/\\\/www.andyboy.com\\\/#organization\",\"name\":\"Andy Boy\",\"url\":\"https:\\\/\\\/www.andyboy.com\\\/\",\"logo\":{\"@type\":\"ImageObject\",\"inLanguage\":\"fr-FR\",\"@id\":\"https:\\\/\\\/www.andyboy.com\\\/#\\\/schema\\\/logo\\\/image\\\/\",\"url\":\"https:\\\/\\\/andyboy.wpengine.com\\\/wp-content\\\/uploads\\\/2015\\\/04\\\/AB-Banner-Logo-high-res.jpg\",\"contentUrl\":\"https:\\\/\\\/andyboy.wpengine.com\\\/wp-content\\\/uploads\\\/2015\\\/04\\\/AB-Banner-Logo-high-res.jpg\",\"width\":1024,\"height\":403,\"caption\":\"Andy Boy\"},\"image\":{\"@id\":\"https:\\\/\\\/www.andyboy.com\\\/#\\\/schema\\\/logo\\\/image\\\/\"},\"sameAs\":[\"https:\\\/\\\/www.facebook.com\\\/AndyBoyProduce\",\"https:\\\/\\\/x.com\\\/AndyBoyInc\",\"https:\\\/\\\/instagram.com\\\/AndyBoyProduce\\\/\",\"http:\\\/\\\/www.pinterest.com\\\/andyboyproduce\\\/\"]}]}<\/script>\n<!-- \/ Yoast SEO plugin. -->","yoast_head_json":{"title":"Laitue Iceberg - Andy Boy","description":"La laitue Andy Boy a une faible teneur en calories et est riche en calcium, en fer et en vitamines\u00a0A et C. Faites l\u2019exp\u00e9rience d\u2019une laitue Andy Boy croquante, rafraichissante et hautement nutritive.\u00a0","robots":{"index":"index","follow":"follow","max-snippet":"max-snippet:-1","max-image-preview":"max-image-preview:large","max-video-preview":"max-video-preview:-1"},"canonical":"https:\/\/www.andyboy.com\/fr\/produits\/laitue-iceberg\/","og_locale":"fr_FR","og_type":"article","og_title":"Laitue Iceberg - Andy Boy","og_description":"La laitue Andy Boy a une faible teneur en calories et est riche en calcium, en fer et en vitamines\u00a0A et C. Faites l\u2019exp\u00e9rience d\u2019une laitue Andy Boy croquante, rafraichissante et hautement nutritive.\u00a0","og_url":"https:\/\/www.andyboy.com\/fr\/produits\/laitue-iceberg\/","og_site_name":"Andy Boy","article_publisher":"https:\/\/www.facebook.com\/AndyBoyProduce","article_modified_time":"2020-12-31T01:02:38+00:00","og_image":[{"width":1000,"height":1000,"url":"https:\/\/www.andyboy.com\/wp-content\/uploads\/2014\/03\/iceberg1.jpg","type":"image\/jpeg"}],"twitter_misc":{"Dur\u00e9e de lecture estim\u00e9e":"3 minutes"},"schema":{"@context":"https:\/\/schema.org","@graph":[{"@type":"WebPage","@id":"https:\/\/www.andyboy.com\/fr\/produits\/laitue-iceberg\/","url":"https:\/\/www.andyboy.com\/fr\/produits\/laitue-iceberg\/","name":"Laitue Iceberg - Andy Boy","isPartOf":{"@id":"https:\/\/www.andyboy.com\/#website"},"primaryImageOfPage":{"@id":"https:\/\/www.andyboy.com\/fr\/produits\/laitue-iceberg\/#primaryimage"},"image":{"@id":"https:\/\/www.andyboy.com\/fr\/produits\/laitue-iceberg\/#primaryimage"},"thumbnailUrl":"https:\/\/www.andyboy.com\/wp-content\/uploads\/2014\/03\/iceberg1.jpg","datePublished":"2014-04-02T15:11:24+00:00","dateModified":"2020-12-31T01:02:38+00:00","description":"La laitue Andy Boy a une faible teneur en calories et est riche en calcium, en fer et en vitamines\u00a0A et C. Faites l\u2019exp\u00e9rience d\u2019une laitue Andy Boy croquante, rafraichissante et hautement nutritive.\u00a0","breadcrumb":{"@id":"https:\/\/www.andyboy.com\/fr\/produits\/laitue-iceberg\/#breadcrumb"},"inLanguage":"fr-FR","potentialAction":[{"@type":"ReadAction","target":["https:\/\/www.andyboy.com\/fr\/produits\/laitue-iceberg\/"]}]},{"@type":"ImageObject","inLanguage":"fr-FR","@id":"https:\/\/www.andyboy.com\/fr\/produits\/laitue-iceberg\/#primaryimage","url":"https:\/\/www.andyboy.com\/wp-content\/uploads\/2014\/03\/iceberg1.jpg","contentUrl":"https:\/\/www.andyboy.com\/wp-content\/uploads\/2014\/03\/iceberg1.jpg","width":1000,"height":1000,"caption":"iceberg-head-andyboy"},{"@type":"BreadcrumbList","@id":"https:\/\/www.andyboy.com\/fr\/produits\/laitue-iceberg\/#breadcrumb","itemListElement":[{"@type":"ListItem","position":1,"name":"Home","item":"https:\/\/www.andyboy.com\/fr\/"},{"@type":"ListItem","position":2,"name":"Produits","item":"https:\/\/www.andyboy.com\/fr\/produits\/"},{"@type":"ListItem","position":3,"name":"Laitue Iceberg"}]},{"@type":"WebSite","@id":"https:\/\/www.andyboy.com\/#website","url":"https:\/\/www.andyboy.com\/","name":"Andy Boy","description":"","publisher":{"@id":"https:\/\/www.andyboy.com\/#organization"},"potentialAction":[{"@type":"SearchAction","target":{"@type":"EntryPoint","urlTemplate":"https:\/\/www.andyboy.com\/?s={search_term_string}"},"query-input":{"@type":"PropertyValueSpecification","valueRequired":true,"valueName":"search_term_string"}}],"inLanguage":"fr-FR"},{"@type":"Organization","@id":"https:\/\/www.andyboy.com\/#organization","name":"Andy Boy","url":"https:\/\/www.andyboy.com\/","logo":{"@type":"ImageObject","inLanguage":"fr-FR","@id":"https:\/\/www.andyboy.com\/#\/schema\/logo\/image\/","url":"https:\/\/andyboy.wpengine.com\/wp-content\/uploads\/2015\/04\/AB-Banner-Logo-high-res.jpg","contentUrl":"https:\/\/andyboy.wpengine.com\/wp-content\/uploads\/2015\/04\/AB-Banner-Logo-high-res.jpg","width":1024,"height":403,"caption":"Andy Boy"},"image":{"@id":"https:\/\/www.andyboy.com\/#\/schema\/logo\/image\/"},"sameAs":["https:\/\/www.facebook.com\/AndyBoyProduce","https:\/\/x.com\/AndyBoyInc","https:\/\/instagram.com\/AndyBoyProduce\/","http:\/\/www.pinterest.com\/andyboyproduce\/"]}]}},"_links":{"self":[{"href":"https:\/\/www.andyboy.com\/fr\/wp-json\/wp\/v2\/pages\/1045","targetHints":{"allow":["GET"]}}],"collection":[{"href":"https:\/\/www.andyboy.com\/fr\/wp-json\/wp\/v2\/pages"}],"about":[{"href":"https:\/\/www.andyboy.com\/fr\/wp-json\/wp\/v2\/types\/page"}],"author":[{"embeddable":true,"href":"https:\/\/www.andyboy.com\/fr\/wp-json\/wp\/v2\/users\/1"}],"replies":[{"embeddable":true,"href":"https:\/\/www.andyboy.com\/fr\/wp-json\/wp\/v2\/comments?post=1045"}],"version-history":[{"count":0,"href":"https:\/\/www.andyboy.com\/fr\/wp-json\/wp\/v2\/pages\/1045\/revisions"}],"up":[{"embeddable":true,"href":"https:\/\/www.andyboy.com\/fr\/wp-json\/wp\/v2\/pages\/1037"}],"wp:featuredmedia":[{"embeddable":true,"href":"https:\/\/www.andyboy.com\/fr\/wp-json\/wp\/v2\/media\/903"}],"wp:attachment":[{"href":"https:\/\/www.andyboy.com\/fr\/wp-json\/wp\/v2\/media?parent=1045"}],"curies":[{"name":"wp","href":"https:\/\/api.w.org\/{rel}","templated":true}]}}