{"id":1070,"date":"2014-04-02T16:04:15","date_gmt":"2014-04-02T16:04:15","guid":{"rendered":"http:\/\/65.99.237.157\/~andyboyc\/?page_id=1070"},"modified":"2020-12-24T18:04:43","modified_gmt":"2020-12-24T18:04:43","slug":"fenouil","status":"publish","type":"page","link":"https:\/\/www.andyboy.com\/fr\/fenouil\/","title":{"rendered":"Fenouil"},"content":{"rendered":"<h2>Le fenouil Andy Boy Le l\u00e9gume\u00a0<em>avec une pointe de r\u00e9glisse.<\/em><\/h2>\n<p><a href=\"https:\/\/www.andyboy.com\/wp-content\/uploads\/2013\/04\/fennel-graphic.jpg\" data-rel=\"lightbox-gallery-5rL0rzEM\" data-rl_title=\"\" data-rl_caption=\"\" title=\"\"><img decoding=\"async\" width=\"960\" height=\"700\" class=\"aligncenter size-full wp-image-7448\" src=\"https:\/\/www.andyboy.com\/wp-content\/uploads\/2013\/04\/fennel-graphic.jpg\" alt=\"\" srcset=\"https:\/\/www.andyboy.com\/wp-content\/uploads\/2013\/04\/fennel-graphic.jpg 960w, https:\/\/www.andyboy.com\/wp-content\/uploads\/2013\/04\/fennel-graphic-600x438.jpg 600w\" sizes=\"(max-width: 960px) 100vw, 960px\" \/><\/a> Il ressemble \u00e0 un croisement entre le c\u00e9leri et l\u2019aneth, avec son feuillage d\u00e9licat et ses tiges et bulbes nervur\u00e9s vert p\u00e2le. Toutefois, cet ingr\u00e9dient essentiel de la cuisine italienne appara\u00eet d\u00e9sormais r\u00e9guli\u00e8rement sur les tables \u00e0 travers l\u2019Am\u00e9rique. Le fenouil Andy Boy a un go\u00fbt de r\u00e9glisse sucr\u00e9 caract\u00e9ristique qui se marie admirablement \u00e0 de nombreux plats.<\/p>\n<h3>Froid ou chaud, le fenouil Andy Boy poss\u00e8de une saveur que vous voudrez conna\u00eetre.<\/h3>\n<p>Prenez le temps d\u2019exp\u00e9rimenter le fenouil Andy Boy. Essayez quelques-unes de nos nouvelles recettes pr\u00e9f\u00e9r\u00e9es pour vous faire une id\u00e9e de ce qu\u2019est le fenouil Andy Boy. Le chef Ricardo Castano, cr\u00e9ateur de bon nombre des recettes disponibles sur ce site, a un secret pour cuisiner parfaitement le fenouil \u00e0 chaque fois\u00a0:\u00a0<em> commencer par le faire blanchir<\/em>. La cuisson adoucit la saveur de la r\u00e9glisse pour la rendre subtile et d\u00e9licieuse. Il suffit tout simplement d\u2019ajouter une tasse d\u2019eau bouillante sur le fenouil, de laisser reposer pendant 60\u00a0secondes, de l\u2019\u00e9goutter, puis de commencer la cuisson. Il est id\u00e9al dans de succulentes salades, de magnifiques plats principaux et des desserts exquis.<\/p>\n<h3>Baissez la lumi\u00e8re, mettez de la musique douce et\u2026 ajoutez le fenouil Andy Boy<\/h3>\n<p>L\u2019histoire du fenouil est provocante. Les anciens Hindous l\u2019utilisaient comme stimulant sexuel. En M\u00e9diterran\u00e9e, on pensait que la soupe de fenouil augmentait le d\u00e9sir sexuel. Excitez votre libido avec cette chaudr\u00e9e \u00e0 base de fenouil Andy Boy qui n\u2019est pas si chaste.<\/p>\n<h3>Jeu de noms<\/h3>\n<p>Le fenouil voyage parfois sous une fausse identit\u00e9. Il peut vous arriver de voir des enseignes qui disent \u00ab\u00a0Anis doux\u00a0\u00bb ou \u00ab\u00a0Finocchio\u00a0\u00bb, le nom italien. Mais pour nous, c\u2019est l\u2019un des l\u00e9gumes italiens les plus g\u00e9niaux. Peu importe le nom qui lui est donn\u00e9, c\u2019est un r\u00e9gal que vous reconnaitrez chaque fois que vous verrez ces gros bulbes aromatiques appel\u00e9s fenouil Andy Boy.<\/p>\n","protected":false},"excerpt":{"rendered":"<p>Le fenouil Andy Boy Le l\u00e9gume\u00a0avec une pointe de r\u00e9glisse. Il ressemble \u00e0 un croisement entre le c\u00e9leri et l\u2019aneth, avec son feuillage d\u00e9licat et ses tiges et bulbes nervur\u00e9s vert p\u00e2le. Toutefois, cet ingr\u00e9dient essentiel de la cuisine italienne appara\u00eet d\u00e9sormais r\u00e9guli\u00e8rement sur les tables \u00e0 travers l\u2019Am\u00e9rique. Le fenouil Andy Boy a un [&#8230;]<\/p>\n","protected":false},"author":1,"featured_media":901,"parent":0,"menu_order":0,"comment_status":"open","ping_status":"closed","template":"page-templates\/template-product-single.php","meta":{"_acf_changed":false,"_exactmetrics_skip_tracking":false,"_exactmetrics_sitenote_active":false,"_exactmetrics_sitenote_note":"","_exactmetrics_sitenote_category":0,"footnotes":"","_links_to":"","_links_to_target":""},"class_list":["post-1070","page","type-page","status-publish","has-post-thumbnail","hentry"],"acf":[],"yoast_head":"<!-- This site is optimized with the Yoast SEO plugin v27.1.1 - https:\/\/yoast.com\/product\/yoast-seo-wordpress\/ -->\n<title>Fenouil - Andy Boy<\/title>\n<meta name=\"description\" content=\"Le fenouil Andy Boy a un go\u00fbt de r\u00e9glisse sucr\u00e9 caract\u00e9ristique qui se marie admirablement \u00e0 de nombreux plats.\" \/>\n<meta name=\"robots\" content=\"index, follow, max-snippet:-1, max-image-preview:large, max-video-preview:-1\" \/>\n<link rel=\"canonical\" href=\"https:\/\/www.andyboy.com\/fr\/fenouil\/\" \/>\n<meta property=\"og:locale\" content=\"fr_FR\" \/>\n<meta property=\"og:type\" content=\"article\" \/>\n<meta property=\"og:title\" content=\"Fenouil - Andy Boy\" \/>\n<meta property=\"og:description\" content=\"Le fenouil Andy Boy a un go\u00fbt de r\u00e9glisse sucr\u00e9 caract\u00e9ristique qui se marie admirablement \u00e0 de nombreux plats.\" \/>\n<meta property=\"og:url\" content=\"https:\/\/www.andyboy.com\/fr\/fenouil\/\" \/>\n<meta property=\"og:site_name\" content=\"Andy Boy\" \/>\n<meta property=\"article:publisher\" content=\"https:\/\/www.facebook.com\/AndyBoyProduce\" \/>\n<meta property=\"article:modified_time\" content=\"2020-12-24T18:04:43+00:00\" \/>\n<meta property=\"og:image\" content=\"https:\/\/www.andyboy.com\/wp-content\/uploads\/2014\/03\/fennel1.jpg\" \/>\n\t<meta property=\"og:image:width\" content=\"1000\" \/>\n\t<meta property=\"og:image:height\" content=\"1000\" \/>\n\t<meta property=\"og:image:type\" content=\"image\/jpeg\" \/>\n<meta name=\"twitter:label1\" content=\"Dur\u00e9e de lecture estim\u00e9e\" \/>\n\t<meta name=\"twitter:data1\" content=\"2 minutes\" \/>\n<script type=\"application\/ld+json\" class=\"yoast-schema-graph\">{\"@context\":\"https:\/\/schema.org\",\"@graph\":[{\"@type\":\"WebPage\",\"@id\":\"https:\/\/www.andyboy.com\/fr\/fenouil\/\",\"url\":\"https:\/\/www.andyboy.com\/fr\/fenouil\/\",\"name\":\"Fenouil - Andy Boy\",\"isPartOf\":{\"@id\":\"https:\/\/www.andyboy.com\/#website\"},\"primaryImageOfPage\":{\"@id\":\"https:\/\/www.andyboy.com\/fr\/fenouil\/#primaryimage\"},\"image\":{\"@id\":\"https:\/\/www.andyboy.com\/fr\/fenouil\/#primaryimage\"},\"thumbnailUrl\":\"https:\/\/www.andyboy.com\/wp-content\/uploads\/2014\/03\/fennel1.jpg\",\"datePublished\":\"2014-04-02T16:04:15+00:00\",\"dateModified\":\"2020-12-24T18:04:43+00:00\",\"description\":\"Le fenouil Andy Boy a un go\u00fbt de r\u00e9glisse sucr\u00e9 caract\u00e9ristique qui se marie admirablement \u00e0 de nombreux plats.\",\"breadcrumb\":{\"@id\":\"https:\/\/www.andyboy.com\/fr\/fenouil\/#breadcrumb\"},\"inLanguage\":\"fr-FR\",\"potentialAction\":[{\"@type\":\"ReadAction\",\"target\":[\"https:\/\/www.andyboy.com\/fr\/fenouil\/\"]}]},{\"@type\":\"ImageObject\",\"inLanguage\":\"fr-FR\",\"@id\":\"https:\/\/www.andyboy.com\/fr\/fenouil\/#primaryimage\",\"url\":\"https:\/\/www.andyboy.com\/wp-content\/uploads\/2014\/03\/fennel1.jpg\",\"contentUrl\":\"https:\/\/www.andyboy.com\/wp-content\/uploads\/2014\/03\/fennel1.jpg\",\"width\":1000,\"height\":1000,\"caption\":\"fennel-andy-boy\"},{\"@type\":\"BreadcrumbList\",\"@id\":\"https:\/\/www.andyboy.com\/fr\/fenouil\/#breadcrumb\",\"itemListElement\":[{\"@type\":\"ListItem\",\"position\":1,\"name\":\"Home\",\"item\":\"https:\/\/www.andyboy.com\/fr\/\"},{\"@type\":\"ListItem\",\"position\":2,\"name\":\"Fenouil\"}]},{\"@type\":\"WebSite\",\"@id\":\"https:\/\/www.andyboy.com\/#website\",\"url\":\"https:\/\/www.andyboy.com\/\",\"name\":\"Andy Boy\",\"description\":\"\",\"publisher\":{\"@id\":\"https:\/\/www.andyboy.com\/#organization\"},\"potentialAction\":[{\"@type\":\"SearchAction\",\"target\":{\"@type\":\"EntryPoint\",\"urlTemplate\":\"https:\/\/www.andyboy.com\/?s={search_term_string}\"},\"query-input\":{\"@type\":\"PropertyValueSpecification\",\"valueRequired\":true,\"valueName\":\"search_term_string\"}}],\"inLanguage\":\"fr-FR\"},{\"@type\":\"Organization\",\"@id\":\"https:\/\/www.andyboy.com\/#organization\",\"name\":\"Andy Boy\",\"url\":\"https:\/\/www.andyboy.com\/\",\"logo\":{\"@type\":\"ImageObject\",\"inLanguage\":\"fr-FR\",\"@id\":\"https:\/\/www.andyboy.com\/#\/schema\/logo\/image\/\",\"url\":\"https:\/\/andyboy.wpengine.com\/wp-content\/uploads\/2015\/04\/AB-Banner-Logo-high-res.jpg\",\"contentUrl\":\"https:\/\/andyboy.wpengine.com\/wp-content\/uploads\/2015\/04\/AB-Banner-Logo-high-res.jpg\",\"width\":1024,\"height\":403,\"caption\":\"Andy Boy\"},\"image\":{\"@id\":\"https:\/\/www.andyboy.com\/#\/schema\/logo\/image\/\"},\"sameAs\":[\"https:\/\/www.facebook.com\/AndyBoyProduce\",\"https:\/\/x.com\/AndyBoyInc\",\"https:\/\/instagram.com\/AndyBoyProduce\/\",\"http:\/\/www.pinterest.com\/andyboyproduce\/\"]}]}<\/script>\n<!-- \/ Yoast SEO plugin. -->","yoast_head_json":{"title":"Fenouil - Andy Boy","description":"Le fenouil Andy Boy a un go\u00fbt de r\u00e9glisse sucr\u00e9 caract\u00e9ristique qui se marie admirablement \u00e0 de nombreux plats.","robots":{"index":"index","follow":"follow","max-snippet":"max-snippet:-1","max-image-preview":"max-image-preview:large","max-video-preview":"max-video-preview:-1"},"canonical":"https:\/\/www.andyboy.com\/fr\/fenouil\/","og_locale":"fr_FR","og_type":"article","og_title":"Fenouil - Andy Boy","og_description":"Le fenouil Andy Boy a un go\u00fbt de r\u00e9glisse sucr\u00e9 caract\u00e9ristique qui se marie admirablement \u00e0 de nombreux plats.","og_url":"https:\/\/www.andyboy.com\/fr\/fenouil\/","og_site_name":"Andy Boy","article_publisher":"https:\/\/www.facebook.com\/AndyBoyProduce","article_modified_time":"2020-12-24T18:04:43+00:00","og_image":[{"width":1000,"height":1000,"url":"https:\/\/www.andyboy.com\/wp-content\/uploads\/2014\/03\/fennel1.jpg","type":"image\/jpeg"}],"twitter_misc":{"Dur\u00e9e de lecture estim\u00e9e":"2 minutes"},"schema":{"@context":"https:\/\/schema.org","@graph":[{"@type":"WebPage","@id":"https:\/\/www.andyboy.com\/fr\/fenouil\/","url":"https:\/\/www.andyboy.com\/fr\/fenouil\/","name":"Fenouil - Andy Boy","isPartOf":{"@id":"https:\/\/www.andyboy.com\/#website"},"primaryImageOfPage":{"@id":"https:\/\/www.andyboy.com\/fr\/fenouil\/#primaryimage"},"image":{"@id":"https:\/\/www.andyboy.com\/fr\/fenouil\/#primaryimage"},"thumbnailUrl":"https:\/\/www.andyboy.com\/wp-content\/uploads\/2014\/03\/fennel1.jpg","datePublished":"2014-04-02T16:04:15+00:00","dateModified":"2020-12-24T18:04:43+00:00","description":"Le fenouil Andy Boy a un go\u00fbt de r\u00e9glisse sucr\u00e9 caract\u00e9ristique qui se marie admirablement \u00e0 de nombreux plats.","breadcrumb":{"@id":"https:\/\/www.andyboy.com\/fr\/fenouil\/#breadcrumb"},"inLanguage":"fr-FR","potentialAction":[{"@type":"ReadAction","target":["https:\/\/www.andyboy.com\/fr\/fenouil\/"]}]},{"@type":"ImageObject","inLanguage":"fr-FR","@id":"https:\/\/www.andyboy.com\/fr\/fenouil\/#primaryimage","url":"https:\/\/www.andyboy.com\/wp-content\/uploads\/2014\/03\/fennel1.jpg","contentUrl":"https:\/\/www.andyboy.com\/wp-content\/uploads\/2014\/03\/fennel1.jpg","width":1000,"height":1000,"caption":"fennel-andy-boy"},{"@type":"BreadcrumbList","@id":"https:\/\/www.andyboy.com\/fr\/fenouil\/#breadcrumb","itemListElement":[{"@type":"ListItem","position":1,"name":"Home","item":"https:\/\/www.andyboy.com\/fr\/"},{"@type":"ListItem","position":2,"name":"Fenouil"}]},{"@type":"WebSite","@id":"https:\/\/www.andyboy.com\/#website","url":"https:\/\/www.andyboy.com\/","name":"Andy Boy","description":"","publisher":{"@id":"https:\/\/www.andyboy.com\/#organization"},"potentialAction":[{"@type":"SearchAction","target":{"@type":"EntryPoint","urlTemplate":"https:\/\/www.andyboy.com\/?s={search_term_string}"},"query-input":{"@type":"PropertyValueSpecification","valueRequired":true,"valueName":"search_term_string"}}],"inLanguage":"fr-FR"},{"@type":"Organization","@id":"https:\/\/www.andyboy.com\/#organization","name":"Andy Boy","url":"https:\/\/www.andyboy.com\/","logo":{"@type":"ImageObject","inLanguage":"fr-FR","@id":"https:\/\/www.andyboy.com\/#\/schema\/logo\/image\/","url":"https:\/\/andyboy.wpengine.com\/wp-content\/uploads\/2015\/04\/AB-Banner-Logo-high-res.jpg","contentUrl":"https:\/\/andyboy.wpengine.com\/wp-content\/uploads\/2015\/04\/AB-Banner-Logo-high-res.jpg","width":1024,"height":403,"caption":"Andy Boy"},"image":{"@id":"https:\/\/www.andyboy.com\/#\/schema\/logo\/image\/"},"sameAs":["https:\/\/www.facebook.com\/AndyBoyProduce","https:\/\/x.com\/AndyBoyInc","https:\/\/instagram.com\/AndyBoyProduce\/","http:\/\/www.pinterest.com\/andyboyproduce\/"]}]}},"_links":{"self":[{"href":"https:\/\/www.andyboy.com\/fr\/wp-json\/wp\/v2\/pages\/1070","targetHints":{"allow":["GET"]}}],"collection":[{"href":"https:\/\/www.andyboy.com\/fr\/wp-json\/wp\/v2\/pages"}],"about":[{"href":"https:\/\/www.andyboy.com\/fr\/wp-json\/wp\/v2\/types\/page"}],"author":[{"embeddable":true,"href":"https:\/\/www.andyboy.com\/fr\/wp-json\/wp\/v2\/users\/1"}],"replies":[{"embeddable":true,"href":"https:\/\/www.andyboy.com\/fr\/wp-json\/wp\/v2\/comments?post=1070"}],"version-history":[{"count":0,"href":"https:\/\/www.andyboy.com\/fr\/wp-json\/wp\/v2\/pages\/1070\/revisions"}],"wp:featuredmedia":[{"embeddable":true,"href":"https:\/\/www.andyboy.com\/fr\/wp-json\/wp\/v2\/media\/901"}],"wp:attachment":[{"href":"https:\/\/www.andyboy.com\/fr\/wp-json\/wp\/v2\/media?parent=1070"}],"curies":[{"name":"wp","href":"https:\/\/api.w.org\/{rel}","templated":true}]}}