{"id":6871,"date":"2020-12-24T18:04:30","date_gmt":"2020-12-24T18:04:30","guid":{"rendered":"https:\/\/andyboy.wpengine.com\/lentreprise\/regions-de-culture-installations-de-refroidissement-et-dexpedition\/"},"modified":"2021-01-14T18:22:37","modified_gmt":"2021-01-14T18:22:37","slug":"regions-de-culture-installations-de-refroidissement-et-dexpedition","status":"publish","type":"page","link":"https:\/\/www.andyboy.com\/fr\/lentreprise\/regions-de-culture-installations-de-refroidissement-et-dexpedition\/","title":{"rendered":"R\u00e9gions de Culture, Installations de Refroidissement et D\u2019exp\u00e9dition"},"content":{"rendered":"<p>D\u2019Arrigo Bros. Co., de la Californie pratique ses cultures dans diff\u00e9rentes r\u00e9gions et utilise nombre d\u2019infrastructures de refroidissement et d&rsquo;exp\u00e9dition tout au long de l\u2019ann\u00e9e. Veuillez noter que les saisons \u00e9num\u00e9r\u00e9es ci-dessous sont approximatives.<\/p>\n<h4>Exp\u00e9dition au cours de la saison \u00e0 partir des endroits suivants\u00a0:<\/h4>\n<h5 style=\"margin-bottom: 0px;\">Vall\u00e9e de la Salinas, Californie<\/h5>\n<p style=\"margin: 0 0 0.25em 0;\"><em>F\u00e9vrier \u00e0 D\u00e9cembre<\/em><\/p>\n<p style=\"margin-top: 0;\">Si\u00e8ge social de D\u2019Arrigo California<\/p>\n<p style=\"margin-top: 0;\">21777 Harris Road Salinas, CA\u00a093908<br \/>\nMain\u00a0: (831)\u00a0455-4500\/T\u00e9l\u00e9copieur<br \/>\nPrincipal : (831) 455-4445<br \/>\nVentes\u00a0: (831)\u00a0455-4300\/Vente<br \/>\nT\u00e9l\u00e9copieur : (831) 455-4301<br \/>\nExp\u00e9dition\u00a0: (831)\u00a0455-2639\/Exp\u00e9dition t\u00e9l\u00e9copieur\u00a0: (831)\u00a0455-4568<\/p>\n<h5 style=\"margin-bottom: 0px;\">Yuma, Arizona<\/h5>\n<p style=\"margin: 0 0 0.25em 0;\"><em>Novembre \u00e0 Mars<\/em><\/p>\n<p style=\"margin-top: 0;\">Uni-Kool<br \/>\n2210 East 24th Street<br \/>\nYuma, AZ\u00a085364<br \/>\nExp\u00e9dition\u00a0: 928\u00a0726\u00a07607\/Exp\u00e9dition t\u00e9l\u00e9copieur\u00a0: 928\u00a0726\u00a04278<\/p>\n<h5 style=\"margin-bottom: 0px;\">San Luis, Mexique<\/h5>\n<p style=\"margin: 0 0 0.25em 0;\"><em>Novembre \u00e0 Mars<\/em><\/p>\n<p style=\"margin-top: 0;\">Agros Horticultores Carretera San Luis-Riito, Km\u00a030 Lote\u00a030<br \/>\nSan Luis Rio Colorado, Sonora\u00a083513<br \/>\nExp\u00e9dition\u00a0: 52\u00a0653\u00a0130\u00a06401<\/p>\n<hr \/>\n<h2>D\u2019Arrigo Bros. Co., de la Californie<\/h2>\n<p>Le d\u00e9veloppement de l\u2019installation de refroidissement \u00e0 la fine pointe de la technologie a d\u00e9but\u00e9 en Juillet 2005, et l\u2019exp\u00e9dition du refroidisseur a d\u00e9but\u00e9 en Ao\u00fbt 2006. La deuxi\u00e8me phase de construction (les bureaux de copropri\u00e9t\u00e9) a d\u00e9but\u00e9 en avril 2007 et les activit\u00e9s ont d\u00e9marr\u00e9 le 20 Octobre 2008.<\/p>\n<p>Le projet, qui a abouti en Octobre 2008, a conduit \u00e0 la fusion de plusieurs installations du comt\u00e9 de Monterey, ce qui a permis \u00e0 toutes les facettes de l\u2019entreprise de fonctionner \u00e0 partir d\u2019un seul emplacement principal.<\/p>\n<p>L\u2019immeuble de bureaux d\u00e9di\u00e9s aux missions, le centre de service, le g\u00e9nie m\u00e9canique, la recherche sur les semences, le refroidissement et les installations d\u2019exp\u00e9dition s\u2019\u00e9tendent sur 222\u00a0577 m\u00b2.<\/p>\n<p><span style=\"font-size: 1em;\">Le refroidisseur utilis\u00e9 chez D\u2019Arrigo Bros. Co., de la Californie \u00e0 Salinas, est un important site de navigation dans la vall\u00e9e de Salinas. Notre installation qui s\u2019\u00e9tend sur 14\u00a0121,26 m\u00b2 est un carrefour d\u2019activit\u00e9s \u00ab\u00a0fra\u00eeches\u00a0\u00bb \u00e0 la fois pour les clients nationaux et internationaux. Nos services de consolidation et de transbordement visent \u00e0 assurer une fra\u00eecheur et une efficacit\u00e9 optimales pour mieux servir nos pr\u00e9cieux clients. <\/span><\/p>\n<p><!-- img class=\"aligncenter size-large wp-image-4380\" src=\"https:\/\/www.andyboy.com\/wp-content\/uploads\/2018\/12\/Untitled-1-1024x310.png\" alt=\"\" \/ --><!-- iframe style=\"border: 0px currentColor;\" src=\"https:\/\/www.google.com\/maps\/embed?pb=!1m14!1m8!1m3!1d3202.1723513639367!2d-121.63144559999999!3d36.6222378!3m2!1i1024!2i768!4f13.1!3m3!1m2!1s0x808df7ff7c86278b%3A0xe1e3834202bb11b2!2s21777+Harris+Rd!5e0!3m2!1sen!2sus!4v1396393491836\" width=\"300\" height=\"150\" frameborder=\"0\"><span data-mce-type=\"bookmark\" style=\"display: inline-block; width: 0px; overflow: hidden; line-height: 0;\" class=\"mce_SELRES_start\"><\/span><\/iframe --><\/p>\n<hr \/>\n","protected":false},"excerpt":{"rendered":"<p>D\u2019Arrigo Bros. Co., de la Californie pratique ses cultures dans diff\u00e9rentes r\u00e9gions et utilise nombre d\u2019infrastructures de refroidissement et d&rsquo;exp\u00e9dition tout au long de l\u2019ann\u00e9e. Veuillez noter que les saisons \u00e9num\u00e9r\u00e9es ci-dessous sont approximatives. Exp\u00e9dition au cours de la saison \u00e0 partir des endroits suivants\u00a0: Vall\u00e9e de la Salinas, Californie F\u00e9vrier \u00e0 D\u00e9cembre Si\u00e8ge social [&#8230;]<\/p>\n","protected":false},"author":1,"featured_media":0,"parent":1023,"menu_order":4,"comment_status":"open","ping_status":"closed","template":"","meta":{"_acf_changed":false,"_exactmetrics_skip_tracking":false,"_exactmetrics_sitenote_active":false,"_exactmetrics_sitenote_note":"","_exactmetrics_sitenote_category":0,"footnotes":"","_links_to":"","_links_to_target":""},"class_list":["post-6871","page","type-page","status-publish","hentry"],"acf":[],"yoast_head":"<!-- This site is optimized with the Yoast SEO plugin v27.1.1 - https:\/\/yoast.com\/product\/yoast-seo-wordpress\/ -->\n<title>R\u00e9gions de Culture, Installations de Refroidissement et D\u2019exp\u00e9dition - Andy Boy<\/title>\n<meta name=\"description\" content=\"Notre si\u00e8ge social, situ\u00e9 \u00e0 Salinas, en Californie, a ouvert ses portes en 2009. Nos installations comprennent des bureaux de copropri\u00e9t\u00e9 et une installation de refroidissement \u00e0 la fine pointe de la technologie.\" \/>\n<meta name=\"robots\" content=\"index, follow, max-snippet:-1, max-image-preview:large, max-video-preview:-1\" \/>\n<link rel=\"canonical\" href=\"https:\/\/www.andyboy.com\/fr\/lentreprise\/regions-de-culture-installations-de-refroidissement-et-dexpedition\/\" \/>\n<meta property=\"og:locale\" content=\"fr_FR\" \/>\n<meta property=\"og:type\" content=\"article\" \/>\n<meta property=\"og:title\" content=\"R\u00e9gions de Culture, Installations de Refroidissement et D\u2019exp\u00e9dition - Andy Boy\" \/>\n<meta property=\"og:description\" content=\"Notre si\u00e8ge social, situ\u00e9 \u00e0 Salinas, en Californie, a ouvert ses portes en 2009. Nos installations comprennent des bureaux de copropri\u00e9t\u00e9 et une installation de refroidissement \u00e0 la fine pointe de la technologie.\" \/>\n<meta property=\"og:url\" content=\"https:\/\/www.andyboy.com\/fr\/lentreprise\/regions-de-culture-installations-de-refroidissement-et-dexpedition\/\" \/>\n<meta property=\"og:site_name\" content=\"Andy Boy\" \/>\n<meta property=\"article:publisher\" content=\"https:\/\/www.facebook.com\/AndyBoyProduce\" \/>\n<meta property=\"article:modified_time\" content=\"2021-01-14T18:22:37+00:00\" \/>\n<meta name=\"twitter:label1\" content=\"Dur\u00e9e de lecture estim\u00e9e\" \/>\n\t<meta name=\"twitter:data1\" content=\"2 minutes\" \/>\n<script type=\"application\/ld+json\" class=\"yoast-schema-graph\">{\"@context\":\"https:\/\/schema.org\",\"@graph\":[{\"@type\":\"WebPage\",\"@id\":\"https:\/\/www.andyboy.com\/fr\/lentreprise\/regions-de-culture-installations-de-refroidissement-et-dexpedition\/\",\"url\":\"https:\/\/www.andyboy.com\/fr\/lentreprise\/regions-de-culture-installations-de-refroidissement-et-dexpedition\/\",\"name\":\"R\u00e9gions de Culture, Installations de Refroidissement et D\u2019exp\u00e9dition - Andy Boy\",\"isPartOf\":{\"@id\":\"https:\/\/www.andyboy.com\/#website\"},\"datePublished\":\"2020-12-24T18:04:30+00:00\",\"dateModified\":\"2021-01-14T18:22:37+00:00\",\"description\":\"Notre si\u00e8ge social, situ\u00e9 \u00e0 Salinas, en Californie, a ouvert ses portes en 2009. Nos installations comprennent des bureaux de copropri\u00e9t\u00e9 et une installation de refroidissement \u00e0 la fine pointe de la technologie.\",\"breadcrumb\":{\"@id\":\"https:\/\/www.andyboy.com\/fr\/lentreprise\/regions-de-culture-installations-de-refroidissement-et-dexpedition\/#breadcrumb\"},\"inLanguage\":\"fr-FR\",\"potentialAction\":[{\"@type\":\"ReadAction\",\"target\":[\"https:\/\/www.andyboy.com\/fr\/lentreprise\/regions-de-culture-installations-de-refroidissement-et-dexpedition\/\"]}]},{\"@type\":\"BreadcrumbList\",\"@id\":\"https:\/\/www.andyboy.com\/fr\/lentreprise\/regions-de-culture-installations-de-refroidissement-et-dexpedition\/#breadcrumb\",\"itemListElement\":[{\"@type\":\"ListItem\",\"position\":1,\"name\":\"Home\",\"item\":\"https:\/\/www.andyboy.com\/fr\/\"},{\"@type\":\"ListItem\",\"position\":2,\"name\":\"L\u2019Entreprise\",\"item\":\"https:\/\/www.andyboy.com\/fr\/lentreprise\/\"},{\"@type\":\"ListItem\",\"position\":3,\"name\":\"R\u00e9gions de Culture, Installations de Refroidissement et D\u2019exp\u00e9dition\"}]},{\"@type\":\"WebSite\",\"@id\":\"https:\/\/www.andyboy.com\/#website\",\"url\":\"https:\/\/www.andyboy.com\/\",\"name\":\"Andy Boy\",\"description\":\"\",\"publisher\":{\"@id\":\"https:\/\/www.andyboy.com\/#organization\"},\"potentialAction\":[{\"@type\":\"SearchAction\",\"target\":{\"@type\":\"EntryPoint\",\"urlTemplate\":\"https:\/\/www.andyboy.com\/?s={search_term_string}\"},\"query-input\":{\"@type\":\"PropertyValueSpecification\",\"valueRequired\":true,\"valueName\":\"search_term_string\"}}],\"inLanguage\":\"fr-FR\"},{\"@type\":\"Organization\",\"@id\":\"https:\/\/www.andyboy.com\/#organization\",\"name\":\"Andy Boy\",\"url\":\"https:\/\/www.andyboy.com\/\",\"logo\":{\"@type\":\"ImageObject\",\"inLanguage\":\"fr-FR\",\"@id\":\"https:\/\/www.andyboy.com\/#\/schema\/logo\/image\/\",\"url\":\"https:\/\/andyboy.wpengine.com\/wp-content\/uploads\/2015\/04\/AB-Banner-Logo-high-res.jpg\",\"contentUrl\":\"https:\/\/andyboy.wpengine.com\/wp-content\/uploads\/2015\/04\/AB-Banner-Logo-high-res.jpg\",\"width\":1024,\"height\":403,\"caption\":\"Andy Boy\"},\"image\":{\"@id\":\"https:\/\/www.andyboy.com\/#\/schema\/logo\/image\/\"},\"sameAs\":[\"https:\/\/www.facebook.com\/AndyBoyProduce\",\"https:\/\/x.com\/AndyBoyInc\",\"https:\/\/instagram.com\/AndyBoyProduce\/\",\"http:\/\/www.pinterest.com\/andyboyproduce\/\"]}]}<\/script>\n<!-- \/ Yoast SEO plugin. -->","yoast_head_json":{"title":"R\u00e9gions de Culture, Installations de Refroidissement et D\u2019exp\u00e9dition - Andy Boy","description":"Notre si\u00e8ge social, situ\u00e9 \u00e0 Salinas, en Californie, a ouvert ses portes en 2009. Nos installations comprennent des bureaux de copropri\u00e9t\u00e9 et une installation de refroidissement \u00e0 la fine pointe de la technologie.","robots":{"index":"index","follow":"follow","max-snippet":"max-snippet:-1","max-image-preview":"max-image-preview:large","max-video-preview":"max-video-preview:-1"},"canonical":"https:\/\/www.andyboy.com\/fr\/lentreprise\/regions-de-culture-installations-de-refroidissement-et-dexpedition\/","og_locale":"fr_FR","og_type":"article","og_title":"R\u00e9gions de Culture, Installations de Refroidissement et D\u2019exp\u00e9dition - Andy Boy","og_description":"Notre si\u00e8ge social, situ\u00e9 \u00e0 Salinas, en Californie, a ouvert ses portes en 2009. Nos installations comprennent des bureaux de copropri\u00e9t\u00e9 et une installation de refroidissement \u00e0 la fine pointe de la technologie.","og_url":"https:\/\/www.andyboy.com\/fr\/lentreprise\/regions-de-culture-installations-de-refroidissement-et-dexpedition\/","og_site_name":"Andy Boy","article_publisher":"https:\/\/www.facebook.com\/AndyBoyProduce","article_modified_time":"2021-01-14T18:22:37+00:00","twitter_misc":{"Dur\u00e9e de lecture estim\u00e9e":"2 minutes"},"schema":{"@context":"https:\/\/schema.org","@graph":[{"@type":"WebPage","@id":"https:\/\/www.andyboy.com\/fr\/lentreprise\/regions-de-culture-installations-de-refroidissement-et-dexpedition\/","url":"https:\/\/www.andyboy.com\/fr\/lentreprise\/regions-de-culture-installations-de-refroidissement-et-dexpedition\/","name":"R\u00e9gions de Culture, Installations de Refroidissement et D\u2019exp\u00e9dition - Andy Boy","isPartOf":{"@id":"https:\/\/www.andyboy.com\/#website"},"datePublished":"2020-12-24T18:04:30+00:00","dateModified":"2021-01-14T18:22:37+00:00","description":"Notre si\u00e8ge social, situ\u00e9 \u00e0 Salinas, en Californie, a ouvert ses portes en 2009. Nos installations comprennent des bureaux de copropri\u00e9t\u00e9 et une installation de refroidissement \u00e0 la fine pointe de la technologie.","breadcrumb":{"@id":"https:\/\/www.andyboy.com\/fr\/lentreprise\/regions-de-culture-installations-de-refroidissement-et-dexpedition\/#breadcrumb"},"inLanguage":"fr-FR","potentialAction":[{"@type":"ReadAction","target":["https:\/\/www.andyboy.com\/fr\/lentreprise\/regions-de-culture-installations-de-refroidissement-et-dexpedition\/"]}]},{"@type":"BreadcrumbList","@id":"https:\/\/www.andyboy.com\/fr\/lentreprise\/regions-de-culture-installations-de-refroidissement-et-dexpedition\/#breadcrumb","itemListElement":[{"@type":"ListItem","position":1,"name":"Home","item":"https:\/\/www.andyboy.com\/fr\/"},{"@type":"ListItem","position":2,"name":"L\u2019Entreprise","item":"https:\/\/www.andyboy.com\/fr\/lentreprise\/"},{"@type":"ListItem","position":3,"name":"R\u00e9gions de Culture, Installations de Refroidissement et D\u2019exp\u00e9dition"}]},{"@type":"WebSite","@id":"https:\/\/www.andyboy.com\/#website","url":"https:\/\/www.andyboy.com\/","name":"Andy Boy","description":"","publisher":{"@id":"https:\/\/www.andyboy.com\/#organization"},"potentialAction":[{"@type":"SearchAction","target":{"@type":"EntryPoint","urlTemplate":"https:\/\/www.andyboy.com\/?s={search_term_string}"},"query-input":{"@type":"PropertyValueSpecification","valueRequired":true,"valueName":"search_term_string"}}],"inLanguage":"fr-FR"},{"@type":"Organization","@id":"https:\/\/www.andyboy.com\/#organization","name":"Andy Boy","url":"https:\/\/www.andyboy.com\/","logo":{"@type":"ImageObject","inLanguage":"fr-FR","@id":"https:\/\/www.andyboy.com\/#\/schema\/logo\/image\/","url":"https:\/\/andyboy.wpengine.com\/wp-content\/uploads\/2015\/04\/AB-Banner-Logo-high-res.jpg","contentUrl":"https:\/\/andyboy.wpengine.com\/wp-content\/uploads\/2015\/04\/AB-Banner-Logo-high-res.jpg","width":1024,"height":403,"caption":"Andy Boy"},"image":{"@id":"https:\/\/www.andyboy.com\/#\/schema\/logo\/image\/"},"sameAs":["https:\/\/www.facebook.com\/AndyBoyProduce","https:\/\/x.com\/AndyBoyInc","https:\/\/instagram.com\/AndyBoyProduce\/","http:\/\/www.pinterest.com\/andyboyproduce\/"]}]}},"_links":{"self":[{"href":"https:\/\/www.andyboy.com\/fr\/wp-json\/wp\/v2\/pages\/6871","targetHints":{"allow":["GET"]}}],"collection":[{"href":"https:\/\/www.andyboy.com\/fr\/wp-json\/wp\/v2\/pages"}],"about":[{"href":"https:\/\/www.andyboy.com\/fr\/wp-json\/wp\/v2\/types\/page"}],"author":[{"embeddable":true,"href":"https:\/\/www.andyboy.com\/fr\/wp-json\/wp\/v2\/users\/1"}],"replies":[{"embeddable":true,"href":"https:\/\/www.andyboy.com\/fr\/wp-json\/wp\/v2\/comments?post=6871"}],"version-history":[{"count":0,"href":"https:\/\/www.andyboy.com\/fr\/wp-json\/wp\/v2\/pages\/6871\/revisions"}],"up":[{"embeddable":true,"href":"https:\/\/www.andyboy.com\/fr\/wp-json\/wp\/v2\/pages\/1023"}],"wp:attachment":[{"href":"https:\/\/www.andyboy.com\/fr\/wp-json\/wp\/v2\/media?parent=6871"}],"curies":[{"name":"wp","href":"https:\/\/api.w.org\/{rel}","templated":true}]}}