{"id":7371,"date":"2020-12-24T18:04:41","date_gmt":"2020-12-24T18:04:41","guid":{"rendered":"https:\/\/andyboy.wpengine.com\/quoi-de-neuf\/coronavirus\/"},"modified":"2021-01-07T16:08:36","modified_gmt":"2021-01-07T16:08:36","slug":"coronavirus","status":"publish","type":"page","link":"https:\/\/www.andyboy.com\/fr\/quoi-de-neuf\/coronavirus\/","title":{"rendered":"Coronavirus"},"content":{"rendered":"<p style=\"font-weight: 400;\">Chers consommateurs, ch\u00e8res consommatrices,<\/p>\n<p style=\"font-weight: 400;\">Depuis le d\u00e9but de l&rsquo;\u00e9pid\u00e9mie de coronavirus 2019 (COVID-19), D\u2019Arrigo Bros. Co., de la Californie suit la situation de pr\u00e8s, tant \u00e0 l\u2019\u00e9chelle nationale qu&rsquo;internationale.\u00a0 Au vu de son impact sur la plan\u00e8te, la COVID-19 a \u00e9t\u00e9 qualifi\u00e9e de \u00ab\u00a0pand\u00e9mie\u00a0\u00bb par l&rsquo;Organisation mondiale de la sant\u00e9 (OMS) et nous prenons des mesures pr\u00e9ventives pour prot\u00e9ger la s\u00e9curit\u00e9 de nos pr\u00e9cieux associ\u00e9s, nos pr\u00e9cieux\/pr\u00e9cieuses clients\/clientes, consommateurs\/consommatrices.\u00a0 Vous trouverez ci-dessous les points cl\u00e9s que nos employ\u00e9s sont pri\u00e9s de respecter au vu de la situation sanitaire qui pr\u00e9vaut.<\/p>\n<ol>\n<li style=\"list-style-type: none;\">\n<ol>\n<li>Mettez un accent sur l\u2019hygi\u00e8ne des employ\u00e9s.\n<ol type=\"a\">\n<li>Invitez les employ\u00e9s \u00e0 se laver\/d\u00e9sinfecter les mains r\u00e9guli\u00e8rement au cours de la journ\u00e9e.<\/li>\n<li>Limitez les r\u00e9unions et les rassemblements de groupes au strict n\u00e9cessaire.<\/li>\n<li>Les contacts physiques au sein de l\u2019installation sont d\u00e9conseill\u00e9s.<\/li>\n<li>Assurez-vous de la disponibilit\u00e9 des flacons de d\u00e9sinfectants pour les mains dans l\u2019ensemble de l\u2019installation.<\/li>\n<\/ol>\n<\/li>\n<li>Demandez aux employ\u00e9s malades de rester chez eux.\n<ol type=\"a\">\n<li>Toute personne ayant un proche malade doit rester \u00e0 la maison.<\/li>\n<li>Les employ\u00e9s sur le lieu de travail qui manifestent des sympt\u00f4mes de maladie seront renvoy\u00e9s chez eux.<\/li>\n<li>Les contacts physiques au sein de l\u2019installation sont d\u00e9conseill\u00e9s.<\/li>\n<\/ol>\n<\/li>\n<li>Effectuez r\u00e9guli\u00e8rement un nettoyage des surfaces dans toutes les zones tr\u00e8s fr\u00e9quent\u00e9es.\n<ol type=\"a\">\n<li>Les locaux de la direction g\u00e9n\u00e9rale et les installations d&rsquo;exp\u00e9dition doivent \u00eatre d\u00e9sinfect\u00e9s plusieurs fois par jour\u00a0:\n<ol type=\"i\">\n<li>Poign\u00e9es de porte<\/li>\n<li>Toilettes<\/li>\n<li>Tables et chaises des coins-repas<\/li>\n<li>Cuisines<\/li>\n<li>Horloges enregistreuses<\/li>\n<\/ol>\n<\/li>\n<\/ol>\n<\/li>\n<li>Profitez du temps libre pour effectuer un nettoyage complet des espaces publics en faisant appel \u00e0 des \u00e9quipes de nettoyage ou des \u00e9quipes sanitaires.\n<ol type=\"a\">\n<li>Utilisez quotidiennement un d\u00e9sinfectant pour un nettoyage en profondeur\u00a0:\n<ol type=\"i\">\n<li>Coins-repas<\/li>\n<li>Salles de r\u00e9unions<\/li>\n<li>Horloges enregistreuses<\/li>\n<li>Bureaux<\/li>\n<li>Installation d\u2019exp\u00e9dition<\/li>\n<\/ol>\n<\/li>\n<\/ol>\n<\/li>\n<li>Nous formerons les employ\u00e9s \u00e0 ces PON en mati\u00e8re de mesures prises pour assurer leur s\u00e9curit\u00e9.<\/li>\n<li>Chez D\u2019Arrigo Bros. Co., les d\u00e9placements non n\u00e9cessaires sont interdits.<\/li>\n<\/ol>\n<\/li>\n<\/ol>\n<ol>\n<li style=\"list-style-type: none;\">\n<ol>\n<li style=\"list-style-type: none;\">\n<ol>\n<li style=\"list-style-type: none;\"><\/li>\n<\/ol>\n<\/li>\n<\/ol>\n<\/li>\n<\/ol>\n<p style=\"font-weight: 400;\"><strong>Documents informatifs\u00a0:<\/strong><\/p>\n<p style=\"font-weight: 400;\"><strong>COVID\u00a019 Pr\u00e9vention du Coronavirus\u00a0: Quelques renseignements sur les l\u00e9gumes-feuilles\u00a0<\/strong><\/p>\n<p style=\"font-weight: 400;\"><a href=\"https:\/\/lgma.ca.gov\/news\/coronavirus-leafy-greens\" data-saferedirecturl=\"https:\/\/www.google.com\/url?q=https:\/\/lgma.ca.gov\/news\/coronavirus-leafy-greens&amp;source=gmail&amp;ust=1584570299273000&amp;usg=AFQjCNFyeqVXVQkW1KVvgKpPZFhaBfq74Q\">https:\/\/lgma.ca.gov\/news\/coronavirus-leafy-greens<\/a><\/p>\n<p style=\"font-weight: 400;\"><strong>Universit\u00e9 Purdue\u00a0: Consommez vos fruits et l\u00e9gumes sans aucune crainte, car le virus n\u2019est pas d\u2019origine alimentaire et ne se transmet pas par les aliments.<\/strong><\/p>\n<p style=\"font-weight: 400;\"><a href=\"https:\/\/www.purdue.edu\/newsroom\/releases\/2020\/Q1\/dont-fear-eating-your-fruits-and-veggies-as-virus-concerns-grip-nation.html?_ga=2.191411629.667216967.1584463693-1530924182.1584463693\" data-saferedirecturl=\"https:\/\/www.google.com\/url?q=https:\/\/www.purdue.edu\/newsroom\/releases\/2020\/Q1\/dont-fear-eating-your-fruits-and-veggies-as-virus-concerns-grip-nation.html?_ga%3D2.191411629.667216967.1584463693-1530924182.1584463693&amp;source=gmail&amp;ust=1584570299273000&amp;usg=AFQjCNFwU-BpI1YK7Pu_RoxBqVV7U6MLbQ\">https:\/\/www.purdue.edu\/newsroom\/releases\/2020\/Q1\/dont-fear-eating-your-fruits-and-veggies-as-virus-concerns-grip-nation.html?_ga=2.191411629.667216967.1584463693-1530924182.1584463693<\/a><\/p>\n<p style=\"font-weight: 400;\"><strong>S\u00e9lectionner et Servir des fruits et l\u00e9gumes en toute s\u00e9curit\u00e9<\/strong><\/p>\n<p style=\"font-weight: 400;\"><a href=\"https:\/\/www.fda.gov\/food\/buy-store-serve-safe-food\/selecting-and-serving-produce-safely\" data-saferedirecturl=\"https:\/\/www.google.com\/url?q=https:\/\/www.fda.gov\/food\/buy-store-serve-safe-food\/selecting-and-serving-produce-safely&amp;source=gmail&amp;ust=1584570299273000&amp;usg=AFQjCNERPVVZDYzZO6AP2nhiBih4ANnnVw\">https:\/\/www.fda.gov\/food\/buy-store-serve-safe-food\/selecting-and-serving-produce-safely<\/a><\/p>\n<p style=\"font-weight: 400;\">D\u2019Arrigo Bros. Co., de la Californie est infiniment reconnaissant pour votre coop\u00e9ration pendant cette p\u00e9riode difficile.\u00a0 Nous vous tiendrons inform\u00e9 \u00e0 mesure que les informations seront disponibles.<\/p>\n<p style=\"font-weight: 400;\">Je vous remercie.<\/p>\n","protected":false},"excerpt":{"rendered":"<p>Chers consommateurs, ch\u00e8res consommatrices, Depuis le d\u00e9but de l&rsquo;\u00e9pid\u00e9mie de coronavirus 2019 (COVID-19), D\u2019Arrigo Bros. Co., de la Californie suit la situation de pr\u00e8s, tant \u00e0 l\u2019\u00e9chelle nationale qu&rsquo;internationale.\u00a0 Au vu de son impact sur la plan\u00e8te, la COVID-19 a \u00e9t\u00e9 qualifi\u00e9e de \u00ab\u00a0pand\u00e9mie\u00a0\u00bb par l&rsquo;Organisation mondiale de la sant\u00e9 (OMS) et nous prenons des [&#8230;]<\/p>\n","protected":false},"author":1,"featured_media":0,"parent":6731,"menu_order":0,"comment_status":"closed","ping_status":"closed","template":"","meta":{"_acf_changed":false,"_exactmetrics_skip_tracking":false,"_exactmetrics_sitenote_active":false,"_exactmetrics_sitenote_note":"","_exactmetrics_sitenote_category":0,"footnotes":"","_links_to":"","_links_to_target":""},"class_list":["post-7371","page","type-page","status-publish","hentry"],"acf":[],"yoast_head":"<!-- This site is optimized with the Yoast SEO plugin v27.1.1 - https:\/\/yoast.com\/product\/yoast-seo-wordpress\/ -->\n<title>Coronavirus - Andy Boy<\/title>\n<meta name=\"robots\" content=\"index, follow, max-snippet:-1, max-image-preview:large, max-video-preview:-1\" \/>\n<link rel=\"canonical\" href=\"https:\/\/www.andyboy.com\/fr\/quoi-de-neuf\/coronavirus\/\" \/>\n<meta property=\"og:locale\" content=\"fr_FR\" \/>\n<meta property=\"og:type\" content=\"article\" \/>\n<meta property=\"og:title\" content=\"Coronavirus - Andy Boy\" \/>\n<meta property=\"og:description\" content=\"Chers consommateurs, ch\u00e8res consommatrices, Depuis le d\u00e9but de l&rsquo;\u00e9pid\u00e9mie de coronavirus 2019 (COVID-19), D\u2019Arrigo Bros. Co., de la Californie suit la situation de pr\u00e8s, tant \u00e0 l\u2019\u00e9chelle nationale qu&rsquo;internationale.\u00a0 Au vu de son impact sur la plan\u00e8te, la COVID-19 a \u00e9t\u00e9 qualifi\u00e9e de \u00ab\u00a0pand\u00e9mie\u00a0\u00bb par l&rsquo;Organisation mondiale de la sant\u00e9 (OMS) et nous prenons des [...]\" \/>\n<meta property=\"og:url\" content=\"https:\/\/www.andyboy.com\/fr\/quoi-de-neuf\/coronavirus\/\" \/>\n<meta property=\"og:site_name\" content=\"Andy Boy\" \/>\n<meta property=\"article:publisher\" content=\"https:\/\/www.facebook.com\/AndyBoyProduce\" \/>\n<meta property=\"article:modified_time\" content=\"2021-01-07T16:08:36+00:00\" \/>\n<meta name=\"twitter:label1\" content=\"Dur\u00e9e de lecture estim\u00e9e\" \/>\n\t<meta name=\"twitter:data1\" content=\"2 minutes\" \/>\n<script type=\"application\/ld+json\" class=\"yoast-schema-graph\">{\"@context\":\"https:\/\/schema.org\",\"@graph\":[{\"@type\":\"WebPage\",\"@id\":\"https:\/\/www.andyboy.com\/fr\/quoi-de-neuf\/coronavirus\/\",\"url\":\"https:\/\/www.andyboy.com\/fr\/quoi-de-neuf\/coronavirus\/\",\"name\":\"Coronavirus - Andy Boy\",\"isPartOf\":{\"@id\":\"https:\/\/www.andyboy.com\/#website\"},\"datePublished\":\"2020-12-24T18:04:41+00:00\",\"dateModified\":\"2021-01-07T16:08:36+00:00\",\"breadcrumb\":{\"@id\":\"https:\/\/www.andyboy.com\/fr\/quoi-de-neuf\/coronavirus\/#breadcrumb\"},\"inLanguage\":\"fr-FR\",\"potentialAction\":[{\"@type\":\"ReadAction\",\"target\":[\"https:\/\/www.andyboy.com\/fr\/quoi-de-neuf\/coronavirus\/\"]}]},{\"@type\":\"BreadcrumbList\",\"@id\":\"https:\/\/www.andyboy.com\/fr\/quoi-de-neuf\/coronavirus\/#breadcrumb\",\"itemListElement\":[{\"@type\":\"ListItem\",\"position\":1,\"name\":\"Home\",\"item\":\"https:\/\/www.andyboy.com\/fr\/\"},{\"@type\":\"ListItem\",\"position\":2,\"name\":\"Quoi De Neuf?\",\"item\":\"https:\/\/www.andyboy.com\/fr\/quoi-de-neuf\/\"},{\"@type\":\"ListItem\",\"position\":3,\"name\":\"Coronavirus\"}]},{\"@type\":\"WebSite\",\"@id\":\"https:\/\/www.andyboy.com\/#website\",\"url\":\"https:\/\/www.andyboy.com\/\",\"name\":\"Andy Boy\",\"description\":\"\",\"publisher\":{\"@id\":\"https:\/\/www.andyboy.com\/#organization\"},\"potentialAction\":[{\"@type\":\"SearchAction\",\"target\":{\"@type\":\"EntryPoint\",\"urlTemplate\":\"https:\/\/www.andyboy.com\/?s={search_term_string}\"},\"query-input\":{\"@type\":\"PropertyValueSpecification\",\"valueRequired\":true,\"valueName\":\"search_term_string\"}}],\"inLanguage\":\"fr-FR\"},{\"@type\":\"Organization\",\"@id\":\"https:\/\/www.andyboy.com\/#organization\",\"name\":\"Andy Boy\",\"url\":\"https:\/\/www.andyboy.com\/\",\"logo\":{\"@type\":\"ImageObject\",\"inLanguage\":\"fr-FR\",\"@id\":\"https:\/\/www.andyboy.com\/#\/schema\/logo\/image\/\",\"url\":\"https:\/\/andyboy.wpengine.com\/wp-content\/uploads\/2015\/04\/AB-Banner-Logo-high-res.jpg\",\"contentUrl\":\"https:\/\/andyboy.wpengine.com\/wp-content\/uploads\/2015\/04\/AB-Banner-Logo-high-res.jpg\",\"width\":1024,\"height\":403,\"caption\":\"Andy Boy\"},\"image\":{\"@id\":\"https:\/\/www.andyboy.com\/#\/schema\/logo\/image\/\"},\"sameAs\":[\"https:\/\/www.facebook.com\/AndyBoyProduce\",\"https:\/\/x.com\/AndyBoyInc\",\"https:\/\/instagram.com\/AndyBoyProduce\/\",\"http:\/\/www.pinterest.com\/andyboyproduce\/\"]}]}<\/script>\n<!-- \/ Yoast SEO plugin. -->","yoast_head_json":{"title":"Coronavirus - Andy Boy","robots":{"index":"index","follow":"follow","max-snippet":"max-snippet:-1","max-image-preview":"max-image-preview:large","max-video-preview":"max-video-preview:-1"},"canonical":"https:\/\/www.andyboy.com\/fr\/quoi-de-neuf\/coronavirus\/","og_locale":"fr_FR","og_type":"article","og_title":"Coronavirus - Andy Boy","og_description":"Chers consommateurs, ch\u00e8res consommatrices, Depuis le d\u00e9but de l&rsquo;\u00e9pid\u00e9mie de coronavirus 2019 (COVID-19), D\u2019Arrigo Bros. Co., de la Californie suit la situation de pr\u00e8s, tant \u00e0 l\u2019\u00e9chelle nationale qu&rsquo;internationale.\u00a0 Au vu de son impact sur la plan\u00e8te, la COVID-19 a \u00e9t\u00e9 qualifi\u00e9e de \u00ab\u00a0pand\u00e9mie\u00a0\u00bb par l&rsquo;Organisation mondiale de la sant\u00e9 (OMS) et nous prenons des [...]","og_url":"https:\/\/www.andyboy.com\/fr\/quoi-de-neuf\/coronavirus\/","og_site_name":"Andy Boy","article_publisher":"https:\/\/www.facebook.com\/AndyBoyProduce","article_modified_time":"2021-01-07T16:08:36+00:00","twitter_misc":{"Dur\u00e9e de lecture estim\u00e9e":"2 minutes"},"schema":{"@context":"https:\/\/schema.org","@graph":[{"@type":"WebPage","@id":"https:\/\/www.andyboy.com\/fr\/quoi-de-neuf\/coronavirus\/","url":"https:\/\/www.andyboy.com\/fr\/quoi-de-neuf\/coronavirus\/","name":"Coronavirus - Andy Boy","isPartOf":{"@id":"https:\/\/www.andyboy.com\/#website"},"datePublished":"2020-12-24T18:04:41+00:00","dateModified":"2021-01-07T16:08:36+00:00","breadcrumb":{"@id":"https:\/\/www.andyboy.com\/fr\/quoi-de-neuf\/coronavirus\/#breadcrumb"},"inLanguage":"fr-FR","potentialAction":[{"@type":"ReadAction","target":["https:\/\/www.andyboy.com\/fr\/quoi-de-neuf\/coronavirus\/"]}]},{"@type":"BreadcrumbList","@id":"https:\/\/www.andyboy.com\/fr\/quoi-de-neuf\/coronavirus\/#breadcrumb","itemListElement":[{"@type":"ListItem","position":1,"name":"Home","item":"https:\/\/www.andyboy.com\/fr\/"},{"@type":"ListItem","position":2,"name":"Quoi De Neuf?","item":"https:\/\/www.andyboy.com\/fr\/quoi-de-neuf\/"},{"@type":"ListItem","position":3,"name":"Coronavirus"}]},{"@type":"WebSite","@id":"https:\/\/www.andyboy.com\/#website","url":"https:\/\/www.andyboy.com\/","name":"Andy Boy","description":"","publisher":{"@id":"https:\/\/www.andyboy.com\/#organization"},"potentialAction":[{"@type":"SearchAction","target":{"@type":"EntryPoint","urlTemplate":"https:\/\/www.andyboy.com\/?s={search_term_string}"},"query-input":{"@type":"PropertyValueSpecification","valueRequired":true,"valueName":"search_term_string"}}],"inLanguage":"fr-FR"},{"@type":"Organization","@id":"https:\/\/www.andyboy.com\/#organization","name":"Andy Boy","url":"https:\/\/www.andyboy.com\/","logo":{"@type":"ImageObject","inLanguage":"fr-FR","@id":"https:\/\/www.andyboy.com\/#\/schema\/logo\/image\/","url":"https:\/\/andyboy.wpengine.com\/wp-content\/uploads\/2015\/04\/AB-Banner-Logo-high-res.jpg","contentUrl":"https:\/\/andyboy.wpengine.com\/wp-content\/uploads\/2015\/04\/AB-Banner-Logo-high-res.jpg","width":1024,"height":403,"caption":"Andy Boy"},"image":{"@id":"https:\/\/www.andyboy.com\/#\/schema\/logo\/image\/"},"sameAs":["https:\/\/www.facebook.com\/AndyBoyProduce","https:\/\/x.com\/AndyBoyInc","https:\/\/instagram.com\/AndyBoyProduce\/","http:\/\/www.pinterest.com\/andyboyproduce\/"]}]}},"_links":{"self":[{"href":"https:\/\/www.andyboy.com\/fr\/wp-json\/wp\/v2\/pages\/7371","targetHints":{"allow":["GET"]}}],"collection":[{"href":"https:\/\/www.andyboy.com\/fr\/wp-json\/wp\/v2\/pages"}],"about":[{"href":"https:\/\/www.andyboy.com\/fr\/wp-json\/wp\/v2\/types\/page"}],"author":[{"embeddable":true,"href":"https:\/\/www.andyboy.com\/fr\/wp-json\/wp\/v2\/users\/1"}],"replies":[{"embeddable":true,"href":"https:\/\/www.andyboy.com\/fr\/wp-json\/wp\/v2\/comments?post=7371"}],"version-history":[{"count":0,"href":"https:\/\/www.andyboy.com\/fr\/wp-json\/wp\/v2\/pages\/7371\/revisions"}],"up":[{"embeddable":true,"href":"https:\/\/www.andyboy.com\/fr\/wp-json\/wp\/v2\/pages\/6731"}],"wp:attachment":[{"href":"https:\/\/www.andyboy.com\/fr\/wp-json\/wp\/v2\/media?parent=7371"}],"curies":[{"name":"wp","href":"https:\/\/api.w.org\/{rel}","templated":true}]}}