{"id":7515,"date":"2020-12-24T18:04:44","date_gmt":"2020-12-24T18:04:44","guid":{"rendered":"https:\/\/andyboy.wpengine.com\/responsabilite-sociale\/oeuvres-caritatives\/"},"modified":"2021-02-25T16:17:22","modified_gmt":"2021-02-25T16:17:22","slug":"oeuvres-caritatives","status":"publish","type":"page","link":"https:\/\/www.andyboy.com\/fr\/responsabilite-sociale\/oeuvres-caritatives\/","title":{"rendered":"\u0152uvres caritatives"},"content":{"rendered":"<div class=\"row\">\n<div class=\"col-6\">\n<p><strong>D\u2019Arrigo Bros. Co., de la Californie<\/strong> et ses employ\u00e9s apportent un soutien ind\u00e9fectible aux organismes philanthropiques afin que ceux-ci \u00e0 leur tour servent au mieux notre communaut\u00e9. <\/p>\n<p>Depuis 1999, D\u2019Arrigo est fier d\u2019\u00eatre \u00e0 la fois partenaire et parrain de <a href=\"https:\/\/www.bcrf.org\/\" target=\"_blank\" rel=\"noopener noreferrer\"><strong>Breast Cancer Research Foundation<\/strong><\/a> et a investi plus de 2\u00a0millions de dollars dans les travaux de recherche d\u2019un traitement. <\/p>\n<p>Nous collaborons avec <a href=\"https:\/\/www.ranchocieloyc.org\/\" target=\"_blank\" rel=\"noopener noreferrer\"><strong>Rancho Cielo Youth Campus<\/strong><\/a> dans le but de cr\u00e9er un environnement s\u00fbr \u00e0 travers l\u2019offre de programmes et de services aux jeunes \u00e0 risque afin de leur enseigner de nouvelles comp\u00e9tences qui feront d\u2019eux des citoyens responsables. <\/p>\n<p>De plus, nous accompagnons notre <a href=\"https:\/\/www.ymca.net\/\" target=\"_blank\" rel=\"noopener noreferrer\"><strong>YMCA<\/strong><\/a> local dans la promotion des valeurs chr\u00e9tiennes au moyen de programmes qui forgent un esprit, une conscience et un corps sains. Par ailleurs, nous offrons un soutien consid\u00e9rable aux \u00e9coles, coll\u00e8ges communautaires, universit\u00e9s de notre collectivit\u00e9 et aux <a href=\"https:\/\/www.bgcmc.org\/\" target=\"_blank\" rel=\"noopener noreferrer\"><strong>Clubs Gar\u00e7ons et Filles du comt\u00e9 de Monterey.<\/strong><\/a><\/p>\n<\/div>\n<div class=\"col-6\">\n<p><span style=\"font-size: 1em;\">L\u2019entreprise et ses employ\u00e9s apportent constamment du soutien au <\/span><a style=\"font-size: 1em;\" href=\"https:\/\/www.unitedwaymcca.org\/\" target=\"_blank\" rel=\"noopener noreferrer\"><strong>United Way of Monterey County<\/strong><\/a><span style=\"font-size: 1em;\"> et au <\/span><a style=\"font-size: 1em;\" href=\"https:\/\/secure.acsevents.org\/site\/SPageServer?pagename=relay\" target=\"_blank\" rel=\"noopener noreferrer\"><strong>Relais pour la vie de la Soci\u00e9t\u00e9 am\u00e9ricaine du cancer<\/strong>.<\/a> <\/p>\n<p>Nous offrons \u00e9galement notre soutien \u00e0 l\u2019organisme <a href=\"http:\/\/www.montereycountyageducation.org\/\" target=\"_blank\" rel=\"noopener noreferrer\"><strong>Monterey County Ag Education<\/strong><\/a>. Il a pour vocation de favoriser le respect et l\u2019appr\u00e9ciation de l\u2019agriculture par l\u2019\u00e9ducation. <\/p>\n<p>En outre, D\u2019Arrigo Bros. Co., de la Californie apporte une aide financi\u00e8re \u00e0 l\u2019organisation <a href=\"https:\/\/www.agagainsthunger.org\/\" target=\"_blank\" rel=\"noopener noreferrer\"><strong>Ag Against Hunger<\/strong><\/a> dont la mission est de lutter contre la faim en impliquant la communaut\u00e9 agricole dans les programmes d&rsquo;aide alimentaire. <\/p>\n<p>Nous sommes des donateurs et b\u00e9n\u00e9voles passionn\u00e9s du <a href=\"http:\/\/www.kinshipcenter.org\/\" target=\"_blank\" rel=\"noopener noreferrer\"><strong>Kinship Center<\/strong><\/a>, une agence d\u2019aide sociale \u00e0 l\u2019enfance qui s&rsquo;engage \u00e0 initier et \u00e0 accompagner le placement permanent des enfants par le biais de l&rsquo;adoption ou d&rsquo;autres programmes de tutelle.<\/p>\n<\/div>\n<\/div>\n<p>Nous apportons un soutien financier ind\u00e9fectible au <a href=\"https:\/\/www.natividad.com\/\" target=\"_blank\" rel=\"noopener noreferrer\"><strong>Natividad Medical Center<\/strong><\/a> dans sa mission qui est de permettre \u00e0 tous les patients d\u2019avoir acc\u00e8s aux soins de sant\u00e9, ind\u00e9pendamment de leurs moyens financiers. En janvier\u00a02010, John D&rsquo;Arrigo, membre de la troisi\u00e8me g\u00e9n\u00e9ration de la famille D\u2019Arrigo et PDG\/pr\u00e9sident de D&rsquo;Arrigo Bros. Co., de la Californie, a cr\u00e9\u00e9 le <a href=\"https:\/\/natividadfoundation.org\/\" target=\"_blank\" rel=\"noopener noreferrer\"><strong>Agricultural Leadership Council (TALC)<\/strong><\/a>, association au service de la Natividad Medical Foundation. Il a ainsi rassembl\u00e9 des familles d\u2019agriculteurs autour d\u2019un projet\u00a0: financer cet organisme sans but lucratif. Le TALC a pour mission l\u2019am\u00e9lioration des conditions de sant\u00e9 des travailleurs agricoles et de leurs familles en fournissant des \u00e9quipements m\u00e9dicaux, des outils de diagnostic et des services de sant\u00e9. Depuis sa cr\u00e9ation, le TALC a fait don de plus de 3\u00a0149\u00a0300\u00a0$ pour \u00ab\u00a0transformer et sauver des vies\u00a0\u00bb.<\/p>\n<hr \/>\n<div class=\"row company-logo\">\n<div class=\"col-3\"><a href=\"https:\/\/www.bcrf.org\/\" target=\"_blank\" rel=\"noopener noreferrer\"><img decoding=\"async\" class=\"alignnone wp-image-7516 size-full\" src=\"https:\/\/www.andyboy.com\/wp-content\/uploads\/2020\/07\/BCRF-Logo.png\" alt=\"BCRF-Logo\" width=\"500\" height=\"500\" srcset=\"https:\/\/www.andyboy.com\/wp-content\/uploads\/2020\/07\/BCRF-Logo.png 500w, https:\/\/www.andyboy.com\/wp-content\/uploads\/2020\/07\/BCRF-Logo-250x250.png 250w\" sizes=\"(max-width: 500px) 100vw, 500px\" \/><\/a><\/div>\n<div class=\"col-3\"><a href=\"https:\/\/www.ranchocieloyc.org\/\" target=\"_blank\" rel=\"noopener noreferrer\"><img decoding=\"async\" class=\"alignnone wp-image-7519 size-full\" src=\"https:\/\/www.andyboy.com\/wp-content\/uploads\/2020\/07\/RC-Logo.png\" alt=\"RC-Logo\" width=\"500\" height=\"500\" srcset=\"https:\/\/www.andyboy.com\/wp-content\/uploads\/2020\/07\/RC-Logo.png 500w, https:\/\/www.andyboy.com\/wp-content\/uploads\/2020\/07\/RC-Logo-250x250.png 250w\" sizes=\"(max-width: 500px) 100vw, 500px\" \/><\/a><\/div>\n<div class=\"col-3\"><a href=\"https:\/\/www.ymca.net\/\" target=\"_blank\" rel=\"noopener noreferrer\"><img decoding=\"async\" class=\"alignnone wp-image-7522 size-full\" src=\"https:\/\/www.andyboy.com\/wp-content\/uploads\/2020\/07\/YMCA-Logo.png\" alt=\"UCJG-Logo\" width=\"500\" height=\"500\" srcset=\"https:\/\/www.andyboy.com\/wp-content\/uploads\/2020\/07\/YMCA-Logo.png 500w, https:\/\/www.andyboy.com\/wp-content\/uploads\/2020\/07\/YMCA-Logo-250x250.png 250w\" sizes=\"(max-width: 500px) 100vw, 500px\" \/><\/a><\/div>\n<div class=\"col-3\"><a href=\"https:\/\/www.bgcmc.org\/\" target=\"_blank\" rel=\"noopener noreferrer\"><img decoding=\"async\" class=\"alignnone wp-image-7525 size-full\" src=\"https:\/\/www.andyboy.com\/wp-content\/uploads\/2020\/07\/BoysGirlsClub-Logo.png\" alt=\"ClubGar\u00e7onsetFilles-Logo\" width=\"500\" height=\"500\" srcset=\"https:\/\/www.andyboy.com\/wp-content\/uploads\/2020\/07\/BoysGirlsClub-Logo.png 500w, https:\/\/www.andyboy.com\/wp-content\/uploads\/2020\/07\/BoysGirlsClub-Logo-250x250.png 250w\" sizes=\"(max-width: 500px) 100vw, 500px\" \/><\/a><\/div>\n<\/div>\n<div class=\"row company-logo\">\n<div class=\"col-3\"><a href=\"https:\/\/www.unitedwaymcca.org\/\" target=\"_blank\" rel=\"noopener noreferrer\"><img decoding=\"async\" class=\"alignnone wp-image-7528 size-full\" src=\"https:\/\/www.andyboy.com\/wp-content\/uploads\/2020\/07\/United-Way-Monterey-County-Logo.png\" alt=\"United-Way-Monterey-County-Logo\" width=\"500\" height=\"500\" srcset=\"https:\/\/www.andyboy.com\/wp-content\/uploads\/2020\/07\/United-Way-Monterey-County-Logo.png 500w, https:\/\/www.andyboy.com\/wp-content\/uploads\/2020\/07\/United-Way-Monterey-County-Logo-250x250.png 250w\" sizes=\"(max-width: 500px) 100vw, 500px\" \/><\/a><\/div>\n<div class=\"col-3\"><a href=\"https:\/\/secure.acsevents.org\/site\/SPageServer?pagename=relay\" target=\"_blank\" rel=\"noopener noreferrer\"><img decoding=\"async\" class=\"alignnone wp-image-7531 size-full\" src=\"https:\/\/www.andyboy.com\/wp-content\/uploads\/2020\/07\/RelayForLife-Logo.png\" alt=\"Relaispourlavie -Logo\" width=\"500\" height=\"500\" srcset=\"https:\/\/www.andyboy.com\/wp-content\/uploads\/2020\/07\/RelayForLife-Logo.png 500w, https:\/\/www.andyboy.com\/wp-content\/uploads\/2020\/07\/RelayForLife-Logo-250x250.png 250w\" sizes=\"(max-width: 500px) 100vw, 500px\" \/><\/a><\/div>\n<div class=\"col-3\"><a href=\"http:\/\/www.montereycountyageducation.org\/\" target=\"_blank\" rel=\"noopener noreferrer\"><img decoding=\"async\" class=\"alignnone wp-image-7534 size-full\" src=\"https:\/\/www.andyboy.com\/wp-content\/uploads\/2020\/07\/MontereyCountyAgriculturalEduction-Logo.png\" alt=\"MontereyCountyAgriculturalEduction-Logo\" width=\"500\" height=\"500\" srcset=\"https:\/\/www.andyboy.com\/wp-content\/uploads\/2020\/07\/MontereyCountyAgriculturalEduction-Logo.png 500w, https:\/\/www.andyboy.com\/wp-content\/uploads\/2020\/07\/MontereyCountyAgriculturalEduction-Logo-250x250.png 250w\" sizes=\"(max-width: 500px) 100vw, 500px\" \/><\/a><\/div>\n<div class=\"col-3\"><a href=\"https:\/\/www.agagainsthunger.org\/\" target=\"_blank\" rel=\"noopener noreferrer\"><img decoding=\"async\" class=\"alignnone wp-image-7537 size-full\" src=\"https:\/\/www.andyboy.com\/wp-content\/uploads\/2020\/07\/AG-Hunger-Logo.png\" alt=\"AG-Hunger-Logo\" width=\"500\" height=\"500\" srcset=\"https:\/\/www.andyboy.com\/wp-content\/uploads\/2020\/07\/AG-Hunger-Logo.png 500w, https:\/\/www.andyboy.com\/wp-content\/uploads\/2020\/07\/AG-Hunger-Logo-250x250.png 250w\" sizes=\"(max-width: 500px) 100vw, 500px\" \/><\/a><\/div>\n<\/div>\n<div class=\"row company-logo center-logo\">\n<div class=\"col-3\"><a href=\"http:\/\/www.kinshipcenter.org\/\" target=\"_blank\" rel=\"noopener noreferrer\"><img decoding=\"async\" class=\"alignnone wp-image-7540 size-full\" src=\"https:\/\/www.andyboy.com\/wp-content\/uploads\/2020\/07\/kinship_hd-Logo.png\" alt=\"kinship_hd-Logo\" width=\"500\" height=\"500\" srcset=\"https:\/\/www.andyboy.com\/wp-content\/uploads\/2020\/07\/kinship_hd-Logo.png 500w, https:\/\/www.andyboy.com\/wp-content\/uploads\/2020\/07\/kinship_hd-Logo-250x250.png 250w\" sizes=\"(max-width: 500px) 100vw, 500px\" \/><\/a><\/div>\n<div class=\"col-3\"><a href=\"https:\/\/www.natividad.com\/\" target=\"_blank\" rel=\"noopener noreferrer\"><img decoding=\"async\" class=\"alignnone wp-image-7543 size-full\" src=\"https:\/\/www.andyboy.com\/wp-content\/uploads\/2020\/07\/logo_natividad_medical_foundation-Logo.png\" alt=\"logo_natividad_medical_foundation-Logo\" width=\"500\" height=\"500\" srcset=\"https:\/\/www.andyboy.com\/wp-content\/uploads\/2020\/07\/logo_natividad_medical_foundation-Logo.png 500w, https:\/\/www.andyboy.com\/wp-content\/uploads\/2020\/07\/logo_natividad_medical_foundation-Logo-250x250.png 250w\" sizes=\"(max-width: 500px) 100vw, 500px\" \/><\/a><\/div>\n<div class=\"col-3\"><a href=\"https:\/\/natividadfoundation.org\/\" target=\"_blank\" rel=\"noopener noreferrer\"><img decoding=\"async\" class=\"alignnone wp-image-7546 size-full\" src=\"https:\/\/www.andyboy.com\/wp-content\/uploads\/2020\/07\/TALC-logo.png\" alt=\"TALC-logo\" width=\"500\" height=\"500\" srcset=\"https:\/\/www.andyboy.com\/wp-content\/uploads\/2020\/07\/TALC-logo.png 500w, https:\/\/www.andyboy.com\/wp-content\/uploads\/2020\/07\/TALC-logo-250x250.png 250w\" sizes=\"(max-width: 500px) 100vw, 500px\" \/><\/a><\/div>\n<div class=\"col-3\"><\/div>\n<\/div>\n<p><script>jQuery(document).ready(function($) { $(\".togglelist\" ).click(function() { $( \"#list\" ).toggle( \"slow\");}); }); <\/script><\/p>\n<p><span class=\"spec-btn togglelist\" style=\"display: block; max-width: 80%; border-color: #fff; cursor: pointer; margin: 2em auto 0 auto;\" role=\"button\">\u2022 Cliquez ici pour voir plus d\u2019organisations soutenues par les employ\u00e9s d\u2019Arrigo California et la soci\u00e9t\u00e9 \u2022<\/span><\/p>\n<div id=\"list\" style=\"display: none; border: 4px solid #00A886; background: #efefef; padding: 0.5em 1em; margin: 1em auto; max-width: 80%;\">\n<div class=\"row\">\n<div class=\"col-4\">\n<ul>\n<li>Alliance on Aging<\/li>\n<li>Boy Scouts of America<\/li>\n<li>Breast Cancer Research Foundation<\/li>\n<li>California Ag Leadership<\/li>\n<li>California International Airshow<\/li>\n<li>California Rodeo Salinas<\/li>\n<li>California Women for Agriculture<\/li>\n<li>Children\u2019s Hospice Care Coalition<\/li>\n<li>Dorothy\u2019s Place<\/li>\n<\/ul><\/div>\n<div class=\"col-4\">\n<ul>\n<li>First Tee of Monterey County<\/li>\n<li>Food Bank of Monterey County<\/li>\n<li>Hartnell College Foundation<\/li>\n<li>Kinship Center<\/li>\n<li>Legal Services for Seniors<\/li>\n<li>Meals on Wheels<\/li>\n<li>Monterey County Historical Society<\/li>\n<li>National Steinbeck Center<\/li>\n<\/ul><\/div>\n<div class=\"col-4\">\n<ul>\n<li>Salinas Rotary<\/li>\n<li>Salinas Sports Complex<\/li>\n<li>Salinas Valley Memorial Health Care System<\/li>\n<li>Steinbeck House<\/li>\n<li>Sun Street Center<\/li>\n<li>Tatum\u2019s Garden<\/li>\n<li>Voices for Children CASA of Monterey County<\/li>\n<li>Young Life<\/li>\n<\/ul><\/div>\n<\/p><\/div>\n<p>*Liste partielle\n<\/p><\/div>\n","protected":false},"excerpt":{"rendered":"<p>D\u2019Arrigo Bros. Co., de la Californie et ses employ\u00e9s apportent un soutien ind\u00e9fectible aux organismes philanthropiques afin que ceux-ci \u00e0 leur tour servent au mieux notre communaut\u00e9. Depuis 1999, D\u2019Arrigo est fier d\u2019\u00eatre \u00e0 la fois partenaire et parrain de Breast Cancer Research Foundation et a investi plus de 2\u00a0millions de dollars dans les travaux [&#8230;]<\/p>\n","protected":false},"author":1,"featured_media":0,"parent":1047,"menu_order":0,"comment_status":"closed","ping_status":"closed","template":"","meta":{"_acf_changed":false,"_exactmetrics_skip_tracking":false,"_exactmetrics_sitenote_active":false,"_exactmetrics_sitenote_note":"","_exactmetrics_sitenote_category":0,"footnotes":"","_links_to":"","_links_to_target":""},"class_list":["post-7515","page","type-page","status-publish","hentry"],"acf":[],"yoast_head":"<!-- This site is optimized with the Yoast SEO plugin v27.1.1 - https:\/\/yoast.com\/product\/yoast-seo-wordpress\/ -->\n<title>\u0152uvres caritatives - Andy Boy<\/title>\n<meta name=\"robots\" content=\"index, follow, max-snippet:-1, max-image-preview:large, max-video-preview:-1\" \/>\n<link rel=\"canonical\" href=\"https:\/\/www.andyboy.com\/fr\/responsabilite-sociale\/oeuvres-caritatives\/\" \/>\n<meta property=\"og:locale\" content=\"fr_FR\" \/>\n<meta property=\"og:type\" content=\"article\" \/>\n<meta property=\"og:title\" content=\"\u0152uvres caritatives - Andy Boy\" \/>\n<meta property=\"og:description\" content=\"D\u2019Arrigo Bros. Co., de la Californie et ses employ\u00e9s apportent un soutien ind\u00e9fectible aux organismes philanthropiques afin que ceux-ci \u00e0 leur tour servent au mieux notre communaut\u00e9. Depuis 1999, D\u2019Arrigo est fier d\u2019\u00eatre \u00e0 la fois partenaire et parrain de Breast Cancer Research Foundation et a investi plus de 2\u00a0millions de dollars dans les travaux [...]\" \/>\n<meta property=\"og:url\" content=\"https:\/\/www.andyboy.com\/fr\/responsabilite-sociale\/oeuvres-caritatives\/\" \/>\n<meta property=\"og:site_name\" content=\"Andy Boy\" \/>\n<meta property=\"article:publisher\" content=\"https:\/\/www.facebook.com\/AndyBoyProduce\" \/>\n<meta property=\"article:modified_time\" content=\"2021-02-25T16:17:22+00:00\" \/>\n<meta property=\"og:image\" content=\"https:\/\/andyboy.wpengine.com\/wp-content\/uploads\/2020\/07\/BCRF-Logo.png\" \/>\n<meta name=\"twitter:label1\" content=\"Dur\u00e9e de lecture estim\u00e9e\" \/>\n\t<meta name=\"twitter:data1\" content=\"3 minutes\" \/>\n<script type=\"application\/ld+json\" class=\"yoast-schema-graph\">{\"@context\":\"https:\/\/schema.org\",\"@graph\":[{\"@type\":\"WebPage\",\"@id\":\"https:\/\/www.andyboy.com\/fr\/responsabilite-sociale\/oeuvres-caritatives\/\",\"url\":\"https:\/\/www.andyboy.com\/fr\/responsabilite-sociale\/oeuvres-caritatives\/\",\"name\":\"\u0152uvres caritatives - Andy Boy\",\"isPartOf\":{\"@id\":\"https:\/\/www.andyboy.com\/#website\"},\"primaryImageOfPage\":{\"@id\":\"https:\/\/www.andyboy.com\/fr\/responsabilite-sociale\/oeuvres-caritatives\/#primaryimage\"},\"image\":{\"@id\":\"https:\/\/www.andyboy.com\/fr\/responsabilite-sociale\/oeuvres-caritatives\/#primaryimage\"},\"thumbnailUrl\":\"https:\/\/www.andyboy.com\/wp-content\/uploads\/2020\/07\/BCRF-Logo.png\",\"datePublished\":\"2020-12-24T18:04:44+00:00\",\"dateModified\":\"2021-02-25T16:17:22+00:00\",\"breadcrumb\":{\"@id\":\"https:\/\/www.andyboy.com\/fr\/responsabilite-sociale\/oeuvres-caritatives\/#breadcrumb\"},\"inLanguage\":\"fr-FR\",\"potentialAction\":[{\"@type\":\"ReadAction\",\"target\":[\"https:\/\/www.andyboy.com\/fr\/responsabilite-sociale\/oeuvres-caritatives\/\"]}]},{\"@type\":\"ImageObject\",\"inLanguage\":\"fr-FR\",\"@id\":\"https:\/\/www.andyboy.com\/fr\/responsabilite-sociale\/oeuvres-caritatives\/#primaryimage\",\"url\":\"https:\/\/www.andyboy.com\/wp-content\/uploads\/2020\/07\/BCRF-Logo.png\",\"contentUrl\":\"https:\/\/www.andyboy.com\/wp-content\/uploads\/2020\/07\/BCRF-Logo.png\"},{\"@type\":\"BreadcrumbList\",\"@id\":\"https:\/\/www.andyboy.com\/fr\/responsabilite-sociale\/oeuvres-caritatives\/#breadcrumb\",\"itemListElement\":[{\"@type\":\"ListItem\",\"position\":1,\"name\":\"Home\",\"item\":\"https:\/\/www.andyboy.com\/fr\/\"},{\"@type\":\"ListItem\",\"position\":2,\"name\":\"Responsabilit\u00e9 Sociale\",\"item\":\"https:\/\/www.andyboy.com\/fr\/responsabilite-sociale\/\"},{\"@type\":\"ListItem\",\"position\":3,\"name\":\"\u0152uvres caritatives\"}]},{\"@type\":\"WebSite\",\"@id\":\"https:\/\/www.andyboy.com\/#website\",\"url\":\"https:\/\/www.andyboy.com\/\",\"name\":\"Andy Boy\",\"description\":\"\",\"publisher\":{\"@id\":\"https:\/\/www.andyboy.com\/#organization\"},\"potentialAction\":[{\"@type\":\"SearchAction\",\"target\":{\"@type\":\"EntryPoint\",\"urlTemplate\":\"https:\/\/www.andyboy.com\/?s={search_term_string}\"},\"query-input\":{\"@type\":\"PropertyValueSpecification\",\"valueRequired\":true,\"valueName\":\"search_term_string\"}}],\"inLanguage\":\"fr-FR\"},{\"@type\":\"Organization\",\"@id\":\"https:\/\/www.andyboy.com\/#organization\",\"name\":\"Andy Boy\",\"url\":\"https:\/\/www.andyboy.com\/\",\"logo\":{\"@type\":\"ImageObject\",\"inLanguage\":\"fr-FR\",\"@id\":\"https:\/\/www.andyboy.com\/#\/schema\/logo\/image\/\",\"url\":\"https:\/\/andyboy.wpengine.com\/wp-content\/uploads\/2015\/04\/AB-Banner-Logo-high-res.jpg\",\"contentUrl\":\"https:\/\/andyboy.wpengine.com\/wp-content\/uploads\/2015\/04\/AB-Banner-Logo-high-res.jpg\",\"width\":1024,\"height\":403,\"caption\":\"Andy Boy\"},\"image\":{\"@id\":\"https:\/\/www.andyboy.com\/#\/schema\/logo\/image\/\"},\"sameAs\":[\"https:\/\/www.facebook.com\/AndyBoyProduce\",\"https:\/\/x.com\/AndyBoyInc\",\"https:\/\/instagram.com\/AndyBoyProduce\/\",\"http:\/\/www.pinterest.com\/andyboyproduce\/\"]}]}<\/script>\n<!-- \/ Yoast SEO plugin. -->","yoast_head_json":{"title":"\u0152uvres caritatives - Andy Boy","robots":{"index":"index","follow":"follow","max-snippet":"max-snippet:-1","max-image-preview":"max-image-preview:large","max-video-preview":"max-video-preview:-1"},"canonical":"https:\/\/www.andyboy.com\/fr\/responsabilite-sociale\/oeuvres-caritatives\/","og_locale":"fr_FR","og_type":"article","og_title":"\u0152uvres caritatives - Andy Boy","og_description":"D\u2019Arrigo Bros. Co., de la Californie et ses employ\u00e9s apportent un soutien ind\u00e9fectible aux organismes philanthropiques afin que ceux-ci \u00e0 leur tour servent au mieux notre communaut\u00e9. Depuis 1999, D\u2019Arrigo est fier d\u2019\u00eatre \u00e0 la fois partenaire et parrain de Breast Cancer Research Foundation et a investi plus de 2\u00a0millions de dollars dans les travaux [...]","og_url":"https:\/\/www.andyboy.com\/fr\/responsabilite-sociale\/oeuvres-caritatives\/","og_site_name":"Andy Boy","article_publisher":"https:\/\/www.facebook.com\/AndyBoyProduce","article_modified_time":"2021-02-25T16:17:22+00:00","og_image":[{"url":"https:\/\/andyboy.wpengine.com\/wp-content\/uploads\/2020\/07\/BCRF-Logo.png","type":"","width":"","height":""}],"twitter_misc":{"Dur\u00e9e de lecture estim\u00e9e":"3 minutes"},"schema":{"@context":"https:\/\/schema.org","@graph":[{"@type":"WebPage","@id":"https:\/\/www.andyboy.com\/fr\/responsabilite-sociale\/oeuvres-caritatives\/","url":"https:\/\/www.andyboy.com\/fr\/responsabilite-sociale\/oeuvres-caritatives\/","name":"\u0152uvres caritatives - Andy Boy","isPartOf":{"@id":"https:\/\/www.andyboy.com\/#website"},"primaryImageOfPage":{"@id":"https:\/\/www.andyboy.com\/fr\/responsabilite-sociale\/oeuvres-caritatives\/#primaryimage"},"image":{"@id":"https:\/\/www.andyboy.com\/fr\/responsabilite-sociale\/oeuvres-caritatives\/#primaryimage"},"thumbnailUrl":"https:\/\/www.andyboy.com\/wp-content\/uploads\/2020\/07\/BCRF-Logo.png","datePublished":"2020-12-24T18:04:44+00:00","dateModified":"2021-02-25T16:17:22+00:00","breadcrumb":{"@id":"https:\/\/www.andyboy.com\/fr\/responsabilite-sociale\/oeuvres-caritatives\/#breadcrumb"},"inLanguage":"fr-FR","potentialAction":[{"@type":"ReadAction","target":["https:\/\/www.andyboy.com\/fr\/responsabilite-sociale\/oeuvres-caritatives\/"]}]},{"@type":"ImageObject","inLanguage":"fr-FR","@id":"https:\/\/www.andyboy.com\/fr\/responsabilite-sociale\/oeuvres-caritatives\/#primaryimage","url":"https:\/\/www.andyboy.com\/wp-content\/uploads\/2020\/07\/BCRF-Logo.png","contentUrl":"https:\/\/www.andyboy.com\/wp-content\/uploads\/2020\/07\/BCRF-Logo.png"},{"@type":"BreadcrumbList","@id":"https:\/\/www.andyboy.com\/fr\/responsabilite-sociale\/oeuvres-caritatives\/#breadcrumb","itemListElement":[{"@type":"ListItem","position":1,"name":"Home","item":"https:\/\/www.andyboy.com\/fr\/"},{"@type":"ListItem","position":2,"name":"Responsabilit\u00e9 Sociale","item":"https:\/\/www.andyboy.com\/fr\/responsabilite-sociale\/"},{"@type":"ListItem","position":3,"name":"\u0152uvres caritatives"}]},{"@type":"WebSite","@id":"https:\/\/www.andyboy.com\/#website","url":"https:\/\/www.andyboy.com\/","name":"Andy Boy","description":"","publisher":{"@id":"https:\/\/www.andyboy.com\/#organization"},"potentialAction":[{"@type":"SearchAction","target":{"@type":"EntryPoint","urlTemplate":"https:\/\/www.andyboy.com\/?s={search_term_string}"},"query-input":{"@type":"PropertyValueSpecification","valueRequired":true,"valueName":"search_term_string"}}],"inLanguage":"fr-FR"},{"@type":"Organization","@id":"https:\/\/www.andyboy.com\/#organization","name":"Andy Boy","url":"https:\/\/www.andyboy.com\/","logo":{"@type":"ImageObject","inLanguage":"fr-FR","@id":"https:\/\/www.andyboy.com\/#\/schema\/logo\/image\/","url":"https:\/\/andyboy.wpengine.com\/wp-content\/uploads\/2015\/04\/AB-Banner-Logo-high-res.jpg","contentUrl":"https:\/\/andyboy.wpengine.com\/wp-content\/uploads\/2015\/04\/AB-Banner-Logo-high-res.jpg","width":1024,"height":403,"caption":"Andy Boy"},"image":{"@id":"https:\/\/www.andyboy.com\/#\/schema\/logo\/image\/"},"sameAs":["https:\/\/www.facebook.com\/AndyBoyProduce","https:\/\/x.com\/AndyBoyInc","https:\/\/instagram.com\/AndyBoyProduce\/","http:\/\/www.pinterest.com\/andyboyproduce\/"]}]}},"_links":{"self":[{"href":"https:\/\/www.andyboy.com\/fr\/wp-json\/wp\/v2\/pages\/7515","targetHints":{"allow":["GET"]}}],"collection":[{"href":"https:\/\/www.andyboy.com\/fr\/wp-json\/wp\/v2\/pages"}],"about":[{"href":"https:\/\/www.andyboy.com\/fr\/wp-json\/wp\/v2\/types\/page"}],"author":[{"embeddable":true,"href":"https:\/\/www.andyboy.com\/fr\/wp-json\/wp\/v2\/users\/1"}],"replies":[{"embeddable":true,"href":"https:\/\/www.andyboy.com\/fr\/wp-json\/wp\/v2\/comments?post=7515"}],"version-history":[{"count":0,"href":"https:\/\/www.andyboy.com\/fr\/wp-json\/wp\/v2\/pages\/7515\/revisions"}],"up":[{"embeddable":true,"href":"https:\/\/www.andyboy.com\/fr\/wp-json\/wp\/v2\/pages\/1047"}],"wp:attachment":[{"href":"https:\/\/www.andyboy.com\/fr\/wp-json\/wp\/v2\/media?parent=7515"}],"curies":[{"name":"wp","href":"https:\/\/api.w.org\/{rel}","templated":true}]}}