{"id":7803,"date":"2020-12-24T18:04:51","date_gmt":"2020-12-24T18:04:51","guid":{"rendered":"https:\/\/andyboy.wpengine.com\/responsabilite-sociale\/recyclage\/"},"modified":"2021-02-24T22:15:15","modified_gmt":"2021-02-24T22:15:15","slug":"recyclage","status":"publish","type":"page","link":"https:\/\/www.andyboy.com\/fr\/responsabilite-sociale\/recyclage\/","title":{"rendered":"Recyclage"},"content":{"rendered":"<p><img decoding=\"async\" class=\"alignright wp-image-7804 size-full\" src=\"https:\/\/www.andyboy.com\/wp-content\/uploads\/2020\/07\/cs-recycling-image1.png\" alt=\"\" width=\"250\" height=\"513\" \/><\/p>\n<h3><em>Principes ax\u00e9s sur le recyclage durable<\/em><\/h3>\n<p>D\u2019Arrigo Bros. Co., de la Californie s\u2019engage \u00e0 \u00eatre un intendant responsable en\u00a0:<\/p>\n<ul>\n<li>pratiquant une utilisation efficace des ressources<\/li>\n<li>assurant la viabilit\u00e9 \u00e9conomique des exploitations agricoles<\/li>\n<li>am\u00e9liorant l\u2019environnement et la qualit\u00e9 de la vie<\/li>\n<\/ul>\n<p>L\u2019entreprise se consacre \u00e0 l\u2019am\u00e9lioration de l\u2019environnement et de la qualit\u00e9 de la vie de ses membres gr\u00e2ce \u00e0 ses efforts en mati\u00e8re de d\u00e9veloppement durable.<\/p>\n<div style=\"overflow: hidden; max-width: 900px;\">\n<div id=\"attachment_10746\" style=\"width: 196px\" class=\"wp-caption alignright\"><a href=\"https:\/\/www.andyboy.com\/wp-content\/uploads\/2021\/02\/recycling-container-CA-kitchen.png\" data-rel=\"lightbox-gallery-qhredg36\" data-rl_title=\"\" data-rl_caption=\"Recycling Container Located on D\u2019Arrigo California&#039;s Headquarters Kitchen\" title=\"\"><img decoding=\"async\" aria-describedby=\"caption-attachment-10746\" class=\"wp-image-10747 size-full\" src=\"https:\/\/www.andyboy.com\/wp-content\/uploads\/2021\/02\/recycling-container-CA-kitchen.png\" alt=\"\" width=\"186\" height=\"314\" \/><\/a><p id=\"caption-attachment-10746\" class=\"wp-caption-text\">Conteneur de recyclage situ\u00e9 sur la cuisine du si\u00e8ge social d&rsquo;Arrigo en Californie<\/p><\/div>\n<div id=\"attachment_7807\" style=\"width: 610px\" class=\"wp-caption alignnone\"><img decoding=\"async\" aria-describedby=\"caption-attachment-7807\" class=\"wp-image-7807 size-medium\" src=\"https:\/\/www.andyboy.com\/wp-content\/uploads\/2020\/07\/cs-recycling-image2-600x314.png\" alt=\"\" width=\"600\" height=\"314\" srcset=\"https:\/\/www.andyboy.com\/wp-content\/uploads\/2020\/07\/cs-recycling-image2-600x314.png 600w, https:\/\/www.andyboy.com\/wp-content\/uploads\/2020\/07\/cs-recycling-image2.png 658w\" sizes=\"(max-width: 600px) 100vw, 600px\" \/><p id=\"caption-attachment-7807\" class=\"wp-caption-text\">Conteneur de recyclage situ\u00e9 dans les ranchs de D\u2019Arrigo Bros. Co., de la Californie<\/p><\/div>\n<\/div>\n<h3 style=\"clear: both;\"><img decoding=\"async\" width=\"270\" height=\"328\" class=\"size-full wp-image-7810 alignleft\" src=\"https:\/\/www.andyboy.com\/wp-content\/uploads\/2020\/07\/cs-recycling-image3.png\" alt=\"\" \/><\/h3>\n<h3><em>Processus de recyclage durable<\/em><\/h3>\n<p>Le vaste programme de recyclage des ressources mis en \u0153uvre dans la culture, l\u2019emballage et l\u2019exp\u00e9dition des produits de qualit\u00e9 sup\u00e9rieure constitue une valeur essentielle soutenue par D\u2019Arrigo Bros. Co., de la Californie et r\u00e9affirme les principes fondamentaux de l\u2019entreprise. Il constitue une preuve tangible de l\u2019engagement de l\u2019entreprise \u00e0 lutter contre le gaspillage et \u00e0 r\u00e9utiliser les ressources tout en r\u00e9duisant les co\u00fbts et l\u2019\u00e9nergie allou\u00e9s au transport des d\u00e9chets vers les d\u00e9charges. Le d\u00e9vouement et l\u2019engagement d\u00e9montr\u00e9s inspirent les autres entreprises concurrentes. Ce programme de recyclage a \u00e9t\u00e9 con\u00e7u et mis en \u0153uvre dans l\u2019ensemble de l&rsquo;entreprise dans l\u2019optique de recycler, dans la mesure du possible, la totalit\u00e9 des mat\u00e9riaux recyclables utilis\u00e9s dans la culture, l\u2019emballage et l\u2019exp\u00e9dition de ses produits.<\/p>\n<h3><\/h3>\n<h3><em>Pratiques de recyclage durable<\/em><\/h3>\n<p>La mise en \u0153uvre du programme de recyclage chez D\u2019Arrigo Bros. Co., de la Californie commence par l\u2019engagement des cadres sup\u00e9rieurs \u00e0 faire participer l\u2019ensemble du personnel aux efforts en mati\u00e8re de recyclage. Le personnel en poste dans les installations d&rsquo;exp\u00e9dition\/refroidissement et dans les ranchs est form\u00e9 \u00e0 identifier les produits recyclables et \u00e0 les placer dans les conteneurs appropri\u00e9s qui ont \u00e9t\u00e9, par souci de commodit\u00e9, am\u00e9nag\u00e9s et \u00e9tiquet\u00e9s sur chaque site. Lorsque les conteneurs de recyclage sont pleins, une soci\u00e9t\u00e9 de recyclage est charg\u00e9e de les transporter jusqu\u2019\u00e0 leur installation o\u00f9 les d\u00e9chets seront tri\u00e9s, empaquet\u00e9s et palettis\u00e9s. Certains mat\u00e9riaux recyclables, tels que les gaines perfor\u00e9es utilis\u00e9es pour l\u2019irrigation, sont remis \u00e0 neuf, puis r\u00e9utilis\u00e9s. Les employ\u00e9s en service \u00e0 la direction g\u00e9n\u00e9rale pratiquent le recyclage au quotidien. Ils sont d\u2019ailleurs invit\u00e9s \u00e0 utiliser des tasses \u00e0 caf\u00e9 et des gamelles r\u00e9utilisables. \u00c0 titre de projet pilote, les tasses \u00e0 caf\u00e9 avaient \u00e9t\u00e9 fournies aux magasins situ\u00e9s dans le ranch dans le but de r\u00e9duire l&rsquo;utilisation des gobelets en papier. Les employ\u00e9s sont \u00e9galement encourag\u00e9s \u00e0 poursuivre le recyclage dans leurs domiciles respectifs.<\/p>\n<div id=\"attachment_5719\" style=\"width: 252px\" class=\"wp-caption alignright\"><img decoding=\"async\" aria-describedby=\"caption-attachment-5719\" class=\"wp-image-7813 size-full\" src=\"https:\/\/www.andyboy.com\/wp-content\/uploads\/2020\/07\/cs-recycling-image4.png\" alt=\"\" width=\"242\" height=\"590\" \/><p id=\"caption-attachment-5719\" class=\"wp-caption-text\">Conteneur de recyclage situ\u00e9 dans la cuisine du si\u00e8ge social de D\u2019Arrigo Bros. Co., de la Californie<\/p><\/div>\n<h3><em>Indicateurs de performance de recyclage durable<\/em><\/h3>\n<p>L&rsquo;\u00e9quipe en charge du programme de recyclage chez D&rsquo;Arrigo Bros. Co., de la Californie r\u00e9capitule les d\u00e9penses annuelles consenties pour le transport des d\u00e9chets vers la d\u00e9charge et effectue un suivi des \u00e9conomies r\u00e9alis\u00e9es gr\u00e2ce \u00e0 la r\u00e9duction du gaspillage. L\u2019entreprise de recyclage fournit des donn\u00e9es sur le tonnage annuel de mat\u00e9riaux recycl\u00e9s et les r\u00e9sultats sont compar\u00e9s ann\u00e9e apr\u00e8s ann\u00e9e Les conclusions des inspections men\u00e9es dans les stations de recyclage situ\u00e9es sur chaque site de l&rsquo;entreprise pour v\u00e9rifier le respect des protocoles de recyclage sont pr\u00e9sent\u00e9es \u00e0 l&rsquo;\u00e9quipe de gestion.<\/p>\n<h3><em>Les progr\u00e8s du recyclage durable<\/em><\/h3>\n<p>Toutes les semaines, le directeur du programme de recyclage proc\u00e8de \u00e0 une inspection des stations de recyclage de tous les ranchs, des installations d&rsquo;exp\u00e9dition\/refroidissement et de la direction g\u00e9n\u00e9rale afin de s&rsquo;assurer du respect des protocoles de recyclage. Le responsable de la station de recyclage qui est imm\u00e9diatement inform\u00e9 par t\u00e9l\u00e9phone des probl\u00e8mes et des mesures non conformes, doit y rem\u00e9dier sans d\u00e9lai. Des inspections ult\u00e9rieures auront pour but de v\u00e9rifier que les probl\u00e8mes ont \u00e9t\u00e9 r\u00e9solus, consign\u00e9s et class\u00e9s par ordre chronologique pour des besoins futurs.<\/p>\n<p>Toute pr\u00e9sence de mat\u00e9riaux non recyclables dans les bacs de recyclage est signal\u00e9e au directeur du programme par l\u2019entreprise de recyclage dans le but d\u2019am\u00e9liorer le processus de contr\u00f4le de la qualit\u00e9 des mat\u00e9riaux.<\/p>\n<p>Le succ\u00e8s du programme est \u00e9valu\u00e9 en fonction de 3\u00a0crit\u00e8res\u00a0: le niveau de contr\u00f4le de la qualit\u00e9 des mat\u00e9riaux recycl\u00e9s, le suivi de la quantit\u00e9 de mat\u00e9riaux recycl\u00e9s et la r\u00e9duction du co\u00fbt de transport des d\u00e9chets non recycl\u00e9s vers la d\u00e9charge.<\/p>\n<p>Les notes de service ponctuelles, les affiches, les annonces lors des r\u00e9unions et l\u2019utilisation des conteneurs de recyclage correctement \u00e9tiquet\u00e9s et situ\u00e9s \u00e0 des points faciles d\u2019acc\u00e8s peuvent permettre d\u2019entretenir l\u2019engouement des employ\u00e9s pour le programme. Ce programme de recyclage a \u00e9t\u00e9 con\u00e7u et mis en \u0153uvre dans l\u2019ensemble de l&rsquo;entreprise dans l\u2019optique de recycler, dans la mesure du possible, la totalit\u00e9 des mat\u00e9riaux recyclables.<\/p>\n<div id=\"attachment_5720\" style=\"width: 610px\" class=\"wp-caption aligncenter\"><img decoding=\"async\" aria-describedby=\"caption-attachment-5720\" class=\"wp-image-7816 size-medium\" src=\"https:\/\/www.andyboy.com\/wp-content\/uploads\/2020\/07\/cs-recycling-image5-600x144.png\" alt=\"\" width=\"600\" height=\"144\" srcset=\"https:\/\/www.andyboy.com\/wp-content\/uploads\/2020\/07\/cs-recycling-image5-600x144.png 600w, https:\/\/www.andyboy.com\/wp-content\/uploads\/2020\/07\/cs-recycling-image5.png 790w\" sizes=\"(max-width: 600px) 100vw, 600px\" \/><p id=\"caption-attachment-5720\" class=\"wp-caption-text\">Conteneur de recyclage situ\u00e9 dans les installations de refroidissement et d\u2019exp\u00e9dition de D\u2019Arrigo Bros. Co., de la Californie<\/p><\/div>\n","protected":false},"excerpt":{"rendered":"<p>Principes ax\u00e9s sur le recyclage durable D\u2019Arrigo Bros. Co., de la Californie s\u2019engage \u00e0 \u00eatre un intendant responsable en\u00a0: pratiquant une utilisation efficace des ressources assurant la viabilit\u00e9 \u00e9conomique des exploitations agricoles am\u00e9liorant l\u2019environnement et la qualit\u00e9 de la vie L\u2019entreprise se consacre \u00e0 l\u2019am\u00e9lioration de l\u2019environnement et de la qualit\u00e9 de la vie de [&#8230;]<\/p>\n","protected":false},"author":1,"featured_media":0,"parent":1047,"menu_order":0,"comment_status":"closed","ping_status":"closed","template":"","meta":{"_acf_changed":false,"_exactmetrics_skip_tracking":false,"_exactmetrics_sitenote_active":false,"_exactmetrics_sitenote_note":"","_exactmetrics_sitenote_category":0,"footnotes":"","_links_to":"","_links_to_target":""},"class_list":["post-7803","page","type-page","status-publish","hentry"],"acf":[],"yoast_head":"<!-- This site is optimized with the Yoast SEO plugin v27.1.1 - https:\/\/yoast.com\/product\/yoast-seo-wordpress\/ -->\n<title>Recyclage - Andy Boy<\/title>\n<meta name=\"robots\" content=\"index, follow, max-snippet:-1, max-image-preview:large, max-video-preview:-1\" \/>\n<link rel=\"canonical\" href=\"https:\/\/www.andyboy.com\/fr\/responsabilite-sociale\/recyclage\/\" \/>\n<meta property=\"og:locale\" content=\"fr_FR\" \/>\n<meta property=\"og:type\" content=\"article\" \/>\n<meta property=\"og:title\" content=\"Recyclage - Andy Boy\" \/>\n<meta property=\"og:description\" content=\"Principes ax\u00e9s sur le recyclage durable D\u2019Arrigo Bros. Co., de la Californie s\u2019engage \u00e0 \u00eatre un intendant responsable en\u00a0: pratiquant une utilisation efficace des ressources assurant la viabilit\u00e9 \u00e9conomique des exploitations agricoles am\u00e9liorant l\u2019environnement et la qualit\u00e9 de la vie L\u2019entreprise se consacre \u00e0 l\u2019am\u00e9lioration de l\u2019environnement et de la qualit\u00e9 de la vie de [...]\" \/>\n<meta property=\"og:url\" content=\"https:\/\/www.andyboy.com\/fr\/responsabilite-sociale\/recyclage\/\" \/>\n<meta property=\"og:site_name\" content=\"Andy Boy\" \/>\n<meta property=\"article:publisher\" content=\"https:\/\/www.facebook.com\/AndyBoyProduce\" \/>\n<meta property=\"article:modified_time\" content=\"2021-02-24T22:15:15+00:00\" \/>\n<meta property=\"og:image\" content=\"https:\/\/andyboy.wpengine.com\/wp-content\/uploads\/2020\/07\/cs-recycling-image1.png\" \/>\n<meta name=\"twitter:label1\" content=\"Dur\u00e9e de lecture estim\u00e9e\" \/>\n\t<meta name=\"twitter:data1\" content=\"5 minutes\" \/>\n<script type=\"application\/ld+json\" class=\"yoast-schema-graph\">{\"@context\":\"https:\/\/schema.org\",\"@graph\":[{\"@type\":\"WebPage\",\"@id\":\"https:\/\/www.andyboy.com\/fr\/responsabilite-sociale\/recyclage\/\",\"url\":\"https:\/\/www.andyboy.com\/fr\/responsabilite-sociale\/recyclage\/\",\"name\":\"Recyclage - Andy Boy\",\"isPartOf\":{\"@id\":\"https:\/\/www.andyboy.com\/#website\"},\"primaryImageOfPage\":{\"@id\":\"https:\/\/www.andyboy.com\/fr\/responsabilite-sociale\/recyclage\/#primaryimage\"},\"image\":{\"@id\":\"https:\/\/www.andyboy.com\/fr\/responsabilite-sociale\/recyclage\/#primaryimage\"},\"thumbnailUrl\":\"https:\/\/www.andyboy.com\/wp-content\/uploads\/2020\/07\/cs-recycling-image1.png\",\"datePublished\":\"2020-12-24T18:04:51+00:00\",\"dateModified\":\"2021-02-24T22:15:15+00:00\",\"breadcrumb\":{\"@id\":\"https:\/\/www.andyboy.com\/fr\/responsabilite-sociale\/recyclage\/#breadcrumb\"},\"inLanguage\":\"fr-FR\",\"potentialAction\":[{\"@type\":\"ReadAction\",\"target\":[\"https:\/\/www.andyboy.com\/fr\/responsabilite-sociale\/recyclage\/\"]}]},{\"@type\":\"ImageObject\",\"inLanguage\":\"fr-FR\",\"@id\":\"https:\/\/www.andyboy.com\/fr\/responsabilite-sociale\/recyclage\/#primaryimage\",\"url\":\"https:\/\/www.andyboy.com\/wp-content\/uploads\/2020\/07\/cs-recycling-image1.png\",\"contentUrl\":\"https:\/\/www.andyboy.com\/wp-content\/uploads\/2020\/07\/cs-recycling-image1.png\"},{\"@type\":\"BreadcrumbList\",\"@id\":\"https:\/\/www.andyboy.com\/fr\/responsabilite-sociale\/recyclage\/#breadcrumb\",\"itemListElement\":[{\"@type\":\"ListItem\",\"position\":1,\"name\":\"Home\",\"item\":\"https:\/\/www.andyboy.com\/fr\/\"},{\"@type\":\"ListItem\",\"position\":2,\"name\":\"Responsabilit\u00e9 Sociale\",\"item\":\"https:\/\/www.andyboy.com\/fr\/responsabilite-sociale\/\"},{\"@type\":\"ListItem\",\"position\":3,\"name\":\"Recyclage\"}]},{\"@type\":\"WebSite\",\"@id\":\"https:\/\/www.andyboy.com\/#website\",\"url\":\"https:\/\/www.andyboy.com\/\",\"name\":\"Andy Boy\",\"description\":\"\",\"publisher\":{\"@id\":\"https:\/\/www.andyboy.com\/#organization\"},\"potentialAction\":[{\"@type\":\"SearchAction\",\"target\":{\"@type\":\"EntryPoint\",\"urlTemplate\":\"https:\/\/www.andyboy.com\/?s={search_term_string}\"},\"query-input\":{\"@type\":\"PropertyValueSpecification\",\"valueRequired\":true,\"valueName\":\"search_term_string\"}}],\"inLanguage\":\"fr-FR\"},{\"@type\":\"Organization\",\"@id\":\"https:\/\/www.andyboy.com\/#organization\",\"name\":\"Andy Boy\",\"url\":\"https:\/\/www.andyboy.com\/\",\"logo\":{\"@type\":\"ImageObject\",\"inLanguage\":\"fr-FR\",\"@id\":\"https:\/\/www.andyboy.com\/#\/schema\/logo\/image\/\",\"url\":\"https:\/\/andyboy.wpengine.com\/wp-content\/uploads\/2015\/04\/AB-Banner-Logo-high-res.jpg\",\"contentUrl\":\"https:\/\/andyboy.wpengine.com\/wp-content\/uploads\/2015\/04\/AB-Banner-Logo-high-res.jpg\",\"width\":1024,\"height\":403,\"caption\":\"Andy Boy\"},\"image\":{\"@id\":\"https:\/\/www.andyboy.com\/#\/schema\/logo\/image\/\"},\"sameAs\":[\"https:\/\/www.facebook.com\/AndyBoyProduce\",\"https:\/\/x.com\/AndyBoyInc\",\"https:\/\/instagram.com\/AndyBoyProduce\/\",\"http:\/\/www.pinterest.com\/andyboyproduce\/\"]}]}<\/script>\n<!-- \/ Yoast SEO plugin. -->","yoast_head_json":{"title":"Recyclage - Andy Boy","robots":{"index":"index","follow":"follow","max-snippet":"max-snippet:-1","max-image-preview":"max-image-preview:large","max-video-preview":"max-video-preview:-1"},"canonical":"https:\/\/www.andyboy.com\/fr\/responsabilite-sociale\/recyclage\/","og_locale":"fr_FR","og_type":"article","og_title":"Recyclage - Andy Boy","og_description":"Principes ax\u00e9s sur le recyclage durable D\u2019Arrigo Bros. Co., de la Californie s\u2019engage \u00e0 \u00eatre un intendant responsable en\u00a0: pratiquant une utilisation efficace des ressources assurant la viabilit\u00e9 \u00e9conomique des exploitations agricoles am\u00e9liorant l\u2019environnement et la qualit\u00e9 de la vie L\u2019entreprise se consacre \u00e0 l\u2019am\u00e9lioration de l\u2019environnement et de la qualit\u00e9 de la vie de [...]","og_url":"https:\/\/www.andyboy.com\/fr\/responsabilite-sociale\/recyclage\/","og_site_name":"Andy Boy","article_publisher":"https:\/\/www.facebook.com\/AndyBoyProduce","article_modified_time":"2021-02-24T22:15:15+00:00","og_image":[{"url":"https:\/\/andyboy.wpengine.com\/wp-content\/uploads\/2020\/07\/cs-recycling-image1.png","type":"","width":"","height":""}],"twitter_misc":{"Dur\u00e9e de lecture estim\u00e9e":"5 minutes"},"schema":{"@context":"https:\/\/schema.org","@graph":[{"@type":"WebPage","@id":"https:\/\/www.andyboy.com\/fr\/responsabilite-sociale\/recyclage\/","url":"https:\/\/www.andyboy.com\/fr\/responsabilite-sociale\/recyclage\/","name":"Recyclage - Andy Boy","isPartOf":{"@id":"https:\/\/www.andyboy.com\/#website"},"primaryImageOfPage":{"@id":"https:\/\/www.andyboy.com\/fr\/responsabilite-sociale\/recyclage\/#primaryimage"},"image":{"@id":"https:\/\/www.andyboy.com\/fr\/responsabilite-sociale\/recyclage\/#primaryimage"},"thumbnailUrl":"https:\/\/www.andyboy.com\/wp-content\/uploads\/2020\/07\/cs-recycling-image1.png","datePublished":"2020-12-24T18:04:51+00:00","dateModified":"2021-02-24T22:15:15+00:00","breadcrumb":{"@id":"https:\/\/www.andyboy.com\/fr\/responsabilite-sociale\/recyclage\/#breadcrumb"},"inLanguage":"fr-FR","potentialAction":[{"@type":"ReadAction","target":["https:\/\/www.andyboy.com\/fr\/responsabilite-sociale\/recyclage\/"]}]},{"@type":"ImageObject","inLanguage":"fr-FR","@id":"https:\/\/www.andyboy.com\/fr\/responsabilite-sociale\/recyclage\/#primaryimage","url":"https:\/\/www.andyboy.com\/wp-content\/uploads\/2020\/07\/cs-recycling-image1.png","contentUrl":"https:\/\/www.andyboy.com\/wp-content\/uploads\/2020\/07\/cs-recycling-image1.png"},{"@type":"BreadcrumbList","@id":"https:\/\/www.andyboy.com\/fr\/responsabilite-sociale\/recyclage\/#breadcrumb","itemListElement":[{"@type":"ListItem","position":1,"name":"Home","item":"https:\/\/www.andyboy.com\/fr\/"},{"@type":"ListItem","position":2,"name":"Responsabilit\u00e9 Sociale","item":"https:\/\/www.andyboy.com\/fr\/responsabilite-sociale\/"},{"@type":"ListItem","position":3,"name":"Recyclage"}]},{"@type":"WebSite","@id":"https:\/\/www.andyboy.com\/#website","url":"https:\/\/www.andyboy.com\/","name":"Andy Boy","description":"","publisher":{"@id":"https:\/\/www.andyboy.com\/#organization"},"potentialAction":[{"@type":"SearchAction","target":{"@type":"EntryPoint","urlTemplate":"https:\/\/www.andyboy.com\/?s={search_term_string}"},"query-input":{"@type":"PropertyValueSpecification","valueRequired":true,"valueName":"search_term_string"}}],"inLanguage":"fr-FR"},{"@type":"Organization","@id":"https:\/\/www.andyboy.com\/#organization","name":"Andy Boy","url":"https:\/\/www.andyboy.com\/","logo":{"@type":"ImageObject","inLanguage":"fr-FR","@id":"https:\/\/www.andyboy.com\/#\/schema\/logo\/image\/","url":"https:\/\/andyboy.wpengine.com\/wp-content\/uploads\/2015\/04\/AB-Banner-Logo-high-res.jpg","contentUrl":"https:\/\/andyboy.wpengine.com\/wp-content\/uploads\/2015\/04\/AB-Banner-Logo-high-res.jpg","width":1024,"height":403,"caption":"Andy Boy"},"image":{"@id":"https:\/\/www.andyboy.com\/#\/schema\/logo\/image\/"},"sameAs":["https:\/\/www.facebook.com\/AndyBoyProduce","https:\/\/x.com\/AndyBoyInc","https:\/\/instagram.com\/AndyBoyProduce\/","http:\/\/www.pinterest.com\/andyboyproduce\/"]}]}},"_links":{"self":[{"href":"https:\/\/www.andyboy.com\/fr\/wp-json\/wp\/v2\/pages\/7803","targetHints":{"allow":["GET"]}}],"collection":[{"href":"https:\/\/www.andyboy.com\/fr\/wp-json\/wp\/v2\/pages"}],"about":[{"href":"https:\/\/www.andyboy.com\/fr\/wp-json\/wp\/v2\/types\/page"}],"author":[{"embeddable":true,"href":"https:\/\/www.andyboy.com\/fr\/wp-json\/wp\/v2\/users\/1"}],"replies":[{"embeddable":true,"href":"https:\/\/www.andyboy.com\/fr\/wp-json\/wp\/v2\/comments?post=7803"}],"version-history":[{"count":0,"href":"https:\/\/www.andyboy.com\/fr\/wp-json\/wp\/v2\/pages\/7803\/revisions"}],"up":[{"embeddable":true,"href":"https:\/\/www.andyboy.com\/fr\/wp-json\/wp\/v2\/pages\/1047"}],"wp:attachment":[{"href":"https:\/\/www.andyboy.com\/fr\/wp-json\/wp\/v2\/media?parent=7803"}],"curies":[{"name":"wp","href":"https:\/\/api.w.org\/{rel}","templated":true}]}}