{"id":8279,"date":"2020-12-24T18:19:49","date_gmt":"2020-12-24T18:19:49","guid":{"rendered":"https:\/\/andyboy.wpengine.com\/produits\/petit-brocoli-cheri\/"},"modified":"2020-12-31T00:40:47","modified_gmt":"2020-12-31T00:40:47","slug":"petit-brocoli-cheri","status":"publish","type":"page","link":"https:\/\/www.andyboy.com\/fr\/produits\/petit-brocoli-cheri\/","title":{"rendered":"Petit Brocoli Ch\u00e9ri"},"content":{"rendered":"<p><img decoding=\"async\" class=\"aligncenter wp-image-8280 size-full\" src=\"https:\/\/www.andyboy.com\/wp-content\/uploads\/2020\/07\/03-AB-Infographic-Sweet-Broccoli.jpg\" alt=\"03-AB-Image-petit-broccoli\" width=\"960\" height=\"700\" srcset=\"https:\/\/www.andyboy.com\/wp-content\/uploads\/2020\/07\/03-AB-Infographic-Sweet-Broccoli.jpg 960w, https:\/\/www.andyboy.com\/wp-content\/uploads\/2020\/07\/03-AB-Infographic-Sweet-Broccoli-600x438.jpg 600w\" sizes=\"(max-width: 960px) 100vw, 960px\" \/> Le petit brocoli ch\u00e9ri est le r\u00e9sultat d\u2019un croisement entre le brocoli et le gai lan (brocoli chinois) qui a un go\u00fbt doux, sucr\u00e9 et terreux. Elle a de petits fleurons, de petites fleurs occasionnelles (blanches et jaunes), de longues tiges tendres et est 100\u00a0% comestible. Les petits brocolis ch\u00e9ris peuvent \u00eatre d\u00e9gust\u00e9s crus, saut\u00e9s, cuits \u00e0 la vapeur, r\u00f4tis ou grill\u00e9s.<\/p>\n<h2>Avantages et inconv\u00e9nients pour la sant\u00e9<\/h2>\n<ul>\n<li>Petit brocoli ch\u00e9ri de qualit\u00e9 sup\u00e9rieure<\/li>\n<li>Disponible toute l\u2019ann\u00e9e<\/li>\n<li>Des produits polyvalents pour de nombreuses applications<\/li>\n<li>Riche en vitamines, nutriments et en min\u00e9raux<\/li>\n<\/ul>\n<div class=\"row\">\n<div class=\"col-3\">\n<h3>Paquet<\/h3>\n<ul>\n<li>Petit brocoli ch\u00e9ri Andy Boy<\/li>\n<\/ul>\n<\/div>\n<div class=\"col-3\">\n<h3>Quantit\u00e9<\/h3>\n<ul>\n<li>Paquet de 18 (R\u00e9frig\u00e9r\u00e9\/Non r\u00e9frig\u00e9r\u00e9)<\/li>\n<\/ul>\n<\/div>\n<div class=\"col-3\">\n<h3>Configuration de la palette<\/h3>\n<ul>\n<li>80<\/li>\n<\/ul>\n<\/div>\n<div class=\"col-3\">\n<h3>\u00c9tage\/hauteur<\/h3>\n<ul>\n<li>8\/10<\/li>\n<\/ul>\n<\/div>\n<\/div>\n","protected":false},"excerpt":{"rendered":"<p>Le petit brocoli ch\u00e9ri est le r\u00e9sultat d\u2019un croisement entre le brocoli et le gai lan (brocoli chinois) qui a un go\u00fbt doux, sucr\u00e9 et terreux. Elle a de petits fleurons, de petites fleurs occasionnelles (blanches et jaunes), de longues tiges tendres et est 100\u00a0% comestible. Les petits brocolis ch\u00e9ris peuvent \u00eatre d\u00e9gust\u00e9s crus, saut\u00e9s, [&#8230;]<\/p>\n","protected":false},"author":1,"featured_media":0,"parent":1037,"menu_order":0,"comment_status":"closed","ping_status":"closed","template":"page-templates\/template-product-single.php","meta":{"_acf_changed":false,"_exactmetrics_skip_tracking":false,"_exactmetrics_sitenote_active":false,"_exactmetrics_sitenote_note":"","_exactmetrics_sitenote_category":0,"footnotes":"","_links_to":"","_links_to_target":""},"class_list":["post-8279","page","type-page","status-publish","hentry"],"acf":[],"yoast_head":"<!-- This site is optimized with the Yoast SEO plugin v27.1.1 - https:\/\/yoast.com\/product\/yoast-seo-wordpress\/ -->\n<title>Petit Brocoli Ch\u00e9ri - Andy Boy<\/title>\n<meta name=\"robots\" content=\"index, follow, max-snippet:-1, max-image-preview:large, max-video-preview:-1\" \/>\n<link rel=\"canonical\" href=\"https:\/\/www.andyboy.com\/fr\/produits\/petit-brocoli-cheri\/\" \/>\n<meta property=\"og:locale\" content=\"fr_FR\" \/>\n<meta property=\"og:type\" content=\"article\" \/>\n<meta property=\"og:title\" content=\"Petit Brocoli Ch\u00e9ri - Andy Boy\" \/>\n<meta property=\"og:description\" content=\"Le petit brocoli ch\u00e9ri est le r\u00e9sultat d\u2019un croisement entre le brocoli et le gai lan (brocoli chinois) qui a un go\u00fbt doux, sucr\u00e9 et terreux. Elle a de petits fleurons, de petites fleurs occasionnelles (blanches et jaunes), de longues tiges tendres et est 100\u00a0% comestible. Les petits brocolis ch\u00e9ris peuvent \u00eatre d\u00e9gust\u00e9s crus, saut\u00e9s, [...]\" \/>\n<meta property=\"og:url\" content=\"https:\/\/www.andyboy.com\/fr\/produits\/petit-brocoli-cheri\/\" \/>\n<meta property=\"og:site_name\" content=\"Andy Boy\" \/>\n<meta property=\"article:publisher\" content=\"https:\/\/www.facebook.com\/AndyBoyProduce\" \/>\n<meta property=\"article:modified_time\" content=\"2020-12-31T00:40:47+00:00\" \/>\n<meta property=\"og:image\" content=\"https:\/\/andyboy.wpengine.com\/wp-content\/uploads\/2020\/07\/03-AB-Infographic-Sweet-Broccoli.jpg\" \/>\n<meta name=\"twitter:label1\" content=\"Dur\u00e9e de lecture estim\u00e9e\" \/>\n\t<meta name=\"twitter:data1\" content=\"1 minute\" \/>\n<script type=\"application\/ld+json\" class=\"yoast-schema-graph\">{\"@context\":\"https:\/\/schema.org\",\"@graph\":[{\"@type\":\"WebPage\",\"@id\":\"https:\/\/www.andyboy.com\/fr\/produits\/petit-brocoli-cheri\/\",\"url\":\"https:\/\/www.andyboy.com\/fr\/produits\/petit-brocoli-cheri\/\",\"name\":\"Petit Brocoli Ch\u00e9ri - Andy Boy\",\"isPartOf\":{\"@id\":\"https:\/\/www.andyboy.com\/#website\"},\"primaryImageOfPage\":{\"@id\":\"https:\/\/www.andyboy.com\/fr\/produits\/petit-brocoli-cheri\/#primaryimage\"},\"image\":{\"@id\":\"https:\/\/www.andyboy.com\/fr\/produits\/petit-brocoli-cheri\/#primaryimage\"},\"thumbnailUrl\":\"https:\/\/www.andyboy.com\/wp-content\/uploads\/2020\/07\/03-AB-Infographic-Sweet-Broccoli.jpg\",\"datePublished\":\"2020-12-24T18:19:49+00:00\",\"dateModified\":\"2020-12-31T00:40:47+00:00\",\"breadcrumb\":{\"@id\":\"https:\/\/www.andyboy.com\/fr\/produits\/petit-brocoli-cheri\/#breadcrumb\"},\"inLanguage\":\"fr-FR\",\"potentialAction\":[{\"@type\":\"ReadAction\",\"target\":[\"https:\/\/www.andyboy.com\/fr\/produits\/petit-brocoli-cheri\/\"]}]},{\"@type\":\"ImageObject\",\"inLanguage\":\"fr-FR\",\"@id\":\"https:\/\/www.andyboy.com\/fr\/produits\/petit-brocoli-cheri\/#primaryimage\",\"url\":\"https:\/\/www.andyboy.com\/wp-content\/uploads\/2020\/07\/03-AB-Infographic-Sweet-Broccoli.jpg\",\"contentUrl\":\"https:\/\/www.andyboy.com\/wp-content\/uploads\/2020\/07\/03-AB-Infographic-Sweet-Broccoli.jpg\"},{\"@type\":\"BreadcrumbList\",\"@id\":\"https:\/\/www.andyboy.com\/fr\/produits\/petit-brocoli-cheri\/#breadcrumb\",\"itemListElement\":[{\"@type\":\"ListItem\",\"position\":1,\"name\":\"Home\",\"item\":\"https:\/\/www.andyboy.com\/fr\/\"},{\"@type\":\"ListItem\",\"position\":2,\"name\":\"Produits\",\"item\":\"https:\/\/www.andyboy.com\/fr\/produits\/\"},{\"@type\":\"ListItem\",\"position\":3,\"name\":\"Petit Brocoli Ch\u00e9ri\"}]},{\"@type\":\"WebSite\",\"@id\":\"https:\/\/www.andyboy.com\/#website\",\"url\":\"https:\/\/www.andyboy.com\/\",\"name\":\"Andy Boy\",\"description\":\"\",\"publisher\":{\"@id\":\"https:\/\/www.andyboy.com\/#organization\"},\"potentialAction\":[{\"@type\":\"SearchAction\",\"target\":{\"@type\":\"EntryPoint\",\"urlTemplate\":\"https:\/\/www.andyboy.com\/?s={search_term_string}\"},\"query-input\":{\"@type\":\"PropertyValueSpecification\",\"valueRequired\":true,\"valueName\":\"search_term_string\"}}],\"inLanguage\":\"fr-FR\"},{\"@type\":\"Organization\",\"@id\":\"https:\/\/www.andyboy.com\/#organization\",\"name\":\"Andy Boy\",\"url\":\"https:\/\/www.andyboy.com\/\",\"logo\":{\"@type\":\"ImageObject\",\"inLanguage\":\"fr-FR\",\"@id\":\"https:\/\/www.andyboy.com\/#\/schema\/logo\/image\/\",\"url\":\"https:\/\/andyboy.wpengine.com\/wp-content\/uploads\/2015\/04\/AB-Banner-Logo-high-res.jpg\",\"contentUrl\":\"https:\/\/andyboy.wpengine.com\/wp-content\/uploads\/2015\/04\/AB-Banner-Logo-high-res.jpg\",\"width\":1024,\"height\":403,\"caption\":\"Andy Boy\"},\"image\":{\"@id\":\"https:\/\/www.andyboy.com\/#\/schema\/logo\/image\/\"},\"sameAs\":[\"https:\/\/www.facebook.com\/AndyBoyProduce\",\"https:\/\/x.com\/AndyBoyInc\",\"https:\/\/instagram.com\/AndyBoyProduce\/\",\"http:\/\/www.pinterest.com\/andyboyproduce\/\"]}]}<\/script>\n<!-- \/ Yoast SEO plugin. -->","yoast_head_json":{"title":"Petit Brocoli Ch\u00e9ri - Andy Boy","robots":{"index":"index","follow":"follow","max-snippet":"max-snippet:-1","max-image-preview":"max-image-preview:large","max-video-preview":"max-video-preview:-1"},"canonical":"https:\/\/www.andyboy.com\/fr\/produits\/petit-brocoli-cheri\/","og_locale":"fr_FR","og_type":"article","og_title":"Petit Brocoli Ch\u00e9ri - Andy Boy","og_description":"Le petit brocoli ch\u00e9ri est le r\u00e9sultat d\u2019un croisement entre le brocoli et le gai lan (brocoli chinois) qui a un go\u00fbt doux, sucr\u00e9 et terreux. Elle a de petits fleurons, de petites fleurs occasionnelles (blanches et jaunes), de longues tiges tendres et est 100\u00a0% comestible. Les petits brocolis ch\u00e9ris peuvent \u00eatre d\u00e9gust\u00e9s crus, saut\u00e9s, [...]","og_url":"https:\/\/www.andyboy.com\/fr\/produits\/petit-brocoli-cheri\/","og_site_name":"Andy Boy","article_publisher":"https:\/\/www.facebook.com\/AndyBoyProduce","article_modified_time":"2020-12-31T00:40:47+00:00","og_image":[{"url":"https:\/\/andyboy.wpengine.com\/wp-content\/uploads\/2020\/07\/03-AB-Infographic-Sweet-Broccoli.jpg","type":"","width":"","height":""}],"twitter_misc":{"Dur\u00e9e de lecture estim\u00e9e":"1 minute"},"schema":{"@context":"https:\/\/schema.org","@graph":[{"@type":"WebPage","@id":"https:\/\/www.andyboy.com\/fr\/produits\/petit-brocoli-cheri\/","url":"https:\/\/www.andyboy.com\/fr\/produits\/petit-brocoli-cheri\/","name":"Petit Brocoli Ch\u00e9ri - Andy Boy","isPartOf":{"@id":"https:\/\/www.andyboy.com\/#website"},"primaryImageOfPage":{"@id":"https:\/\/www.andyboy.com\/fr\/produits\/petit-brocoli-cheri\/#primaryimage"},"image":{"@id":"https:\/\/www.andyboy.com\/fr\/produits\/petit-brocoli-cheri\/#primaryimage"},"thumbnailUrl":"https:\/\/www.andyboy.com\/wp-content\/uploads\/2020\/07\/03-AB-Infographic-Sweet-Broccoli.jpg","datePublished":"2020-12-24T18:19:49+00:00","dateModified":"2020-12-31T00:40:47+00:00","breadcrumb":{"@id":"https:\/\/www.andyboy.com\/fr\/produits\/petit-brocoli-cheri\/#breadcrumb"},"inLanguage":"fr-FR","potentialAction":[{"@type":"ReadAction","target":["https:\/\/www.andyboy.com\/fr\/produits\/petit-brocoli-cheri\/"]}]},{"@type":"ImageObject","inLanguage":"fr-FR","@id":"https:\/\/www.andyboy.com\/fr\/produits\/petit-brocoli-cheri\/#primaryimage","url":"https:\/\/www.andyboy.com\/wp-content\/uploads\/2020\/07\/03-AB-Infographic-Sweet-Broccoli.jpg","contentUrl":"https:\/\/www.andyboy.com\/wp-content\/uploads\/2020\/07\/03-AB-Infographic-Sweet-Broccoli.jpg"},{"@type":"BreadcrumbList","@id":"https:\/\/www.andyboy.com\/fr\/produits\/petit-brocoli-cheri\/#breadcrumb","itemListElement":[{"@type":"ListItem","position":1,"name":"Home","item":"https:\/\/www.andyboy.com\/fr\/"},{"@type":"ListItem","position":2,"name":"Produits","item":"https:\/\/www.andyboy.com\/fr\/produits\/"},{"@type":"ListItem","position":3,"name":"Petit Brocoli Ch\u00e9ri"}]},{"@type":"WebSite","@id":"https:\/\/www.andyboy.com\/#website","url":"https:\/\/www.andyboy.com\/","name":"Andy Boy","description":"","publisher":{"@id":"https:\/\/www.andyboy.com\/#organization"},"potentialAction":[{"@type":"SearchAction","target":{"@type":"EntryPoint","urlTemplate":"https:\/\/www.andyboy.com\/?s={search_term_string}"},"query-input":{"@type":"PropertyValueSpecification","valueRequired":true,"valueName":"search_term_string"}}],"inLanguage":"fr-FR"},{"@type":"Organization","@id":"https:\/\/www.andyboy.com\/#organization","name":"Andy Boy","url":"https:\/\/www.andyboy.com\/","logo":{"@type":"ImageObject","inLanguage":"fr-FR","@id":"https:\/\/www.andyboy.com\/#\/schema\/logo\/image\/","url":"https:\/\/andyboy.wpengine.com\/wp-content\/uploads\/2015\/04\/AB-Banner-Logo-high-res.jpg","contentUrl":"https:\/\/andyboy.wpengine.com\/wp-content\/uploads\/2015\/04\/AB-Banner-Logo-high-res.jpg","width":1024,"height":403,"caption":"Andy Boy"},"image":{"@id":"https:\/\/www.andyboy.com\/#\/schema\/logo\/image\/"},"sameAs":["https:\/\/www.facebook.com\/AndyBoyProduce","https:\/\/x.com\/AndyBoyInc","https:\/\/instagram.com\/AndyBoyProduce\/","http:\/\/www.pinterest.com\/andyboyproduce\/"]}]}},"_links":{"self":[{"href":"https:\/\/www.andyboy.com\/fr\/wp-json\/wp\/v2\/pages\/8279","targetHints":{"allow":["GET"]}}],"collection":[{"href":"https:\/\/www.andyboy.com\/fr\/wp-json\/wp\/v2\/pages"}],"about":[{"href":"https:\/\/www.andyboy.com\/fr\/wp-json\/wp\/v2\/types\/page"}],"author":[{"embeddable":true,"href":"https:\/\/www.andyboy.com\/fr\/wp-json\/wp\/v2\/users\/1"}],"replies":[{"embeddable":true,"href":"https:\/\/www.andyboy.com\/fr\/wp-json\/wp\/v2\/comments?post=8279"}],"version-history":[{"count":0,"href":"https:\/\/www.andyboy.com\/fr\/wp-json\/wp\/v2\/pages\/8279\/revisions"}],"up":[{"embeddable":true,"href":"https:\/\/www.andyboy.com\/fr\/wp-json\/wp\/v2\/pages\/1037"}],"wp:attachment":[{"href":"https:\/\/www.andyboy.com\/fr\/wp-json\/wp\/v2\/media?parent=8279"}],"curies":[{"name":"wp","href":"https:\/\/api.w.org\/{rel}","templated":true}]}}