{"id":8304,"date":"2020-12-24T18:20:03","date_gmt":"2020-12-24T18:20:03","guid":{"rendered":"https:\/\/andyboy.wpengine.com\/lentreprise\/logos-de-lentreprise\/"},"modified":"2020-12-30T23:35:19","modified_gmt":"2020-12-30T23:35:19","slug":"logos-de-lentreprise","status":"publish","type":"page","link":"https:\/\/www.andyboy.com\/fr\/lentreprise\/logos-de-lentreprise\/","title":{"rendered":"Logos De L\u2019Entreprise"},"content":{"rendered":"<p style=\"font-size: 1.5em;\">Affichez et t\u00e9l\u00e9chargez les logos de notre soci\u00e9t\u00e9 ci-dessous. Pour obtenir un guide de style et d&rsquo;utilisation, veuillez contacter\u00a0: <a href=\"mailto:claudia.villalobos@darrigo.com\" target=\"_blank\" rel=\"noopener noreferrer\">Claudia Pizarro-Villalobos.<\/a><\/p>\n","protected":false},"excerpt":{"rendered":"<p>Affichez et t\u00e9l\u00e9chargez les logos de notre soci\u00e9t\u00e9 ci-dessous. Pour obtenir un guide de style et d&rsquo;utilisation, veuillez contacter\u00a0: Claudia Pizarro-Villalobos.<\/p>\n","protected":false},"author":1,"featured_media":0,"parent":1023,"menu_order":0,"comment_status":"closed","ping_status":"closed","template":"page-templates\/template-company-logo.php","meta":{"_acf_changed":false,"_exactmetrics_skip_tracking":false,"_exactmetrics_sitenote_active":false,"_exactmetrics_sitenote_note":"","_exactmetrics_sitenote_category":0,"footnotes":"","_links_to":"","_links_to_target":""},"class_list":["post-8304","page","type-page","status-publish","hentry"],"acf":[],"yoast_head":"<!-- This site is optimized with the Yoast SEO plugin v27.1.1 - https:\/\/yoast.com\/product\/yoast-seo-wordpress\/ -->\n<title>Logos De L\u2019Entreprise - Andy Boy<\/title>\n<meta name=\"robots\" content=\"index, follow, max-snippet:-1, max-image-preview:large, max-video-preview:-1\" \/>\n<link rel=\"canonical\" href=\"https:\/\/www.andyboy.com\/fr\/lentreprise\/logos-de-lentreprise\/\" \/>\n<meta property=\"og:locale\" content=\"fr_FR\" \/>\n<meta property=\"og:type\" content=\"article\" \/>\n<meta property=\"og:title\" content=\"Logos De L\u2019Entreprise - Andy Boy\" \/>\n<meta property=\"og:description\" content=\"Affichez et t\u00e9l\u00e9chargez les logos de notre soci\u00e9t\u00e9 ci-dessous. Pour obtenir un guide de style et d&rsquo;utilisation, veuillez contacter\u00a0: Claudia Pizarro-Villalobos.\" \/>\n<meta property=\"og:url\" content=\"https:\/\/www.andyboy.com\/fr\/lentreprise\/logos-de-lentreprise\/\" \/>\n<meta property=\"og:site_name\" content=\"Andy Boy\" \/>\n<meta property=\"article:publisher\" content=\"https:\/\/www.facebook.com\/AndyBoyProduce\" \/>\n<meta property=\"article:modified_time\" content=\"2020-12-30T23:35:19+00:00\" \/>\n<script type=\"application\/ld+json\" class=\"yoast-schema-graph\">{\"@context\":\"https:\/\/schema.org\",\"@graph\":[{\"@type\":\"WebPage\",\"@id\":\"https:\/\/www.andyboy.com\/fr\/lentreprise\/logos-de-lentreprise\/\",\"url\":\"https:\/\/www.andyboy.com\/fr\/lentreprise\/logos-de-lentreprise\/\",\"name\":\"Logos De L\u2019Entreprise - Andy Boy\",\"isPartOf\":{\"@id\":\"https:\/\/www.andyboy.com\/#website\"},\"datePublished\":\"2020-12-24T18:20:03+00:00\",\"dateModified\":\"2020-12-30T23:35:19+00:00\",\"breadcrumb\":{\"@id\":\"https:\/\/www.andyboy.com\/fr\/lentreprise\/logos-de-lentreprise\/#breadcrumb\"},\"inLanguage\":\"fr-FR\",\"potentialAction\":[{\"@type\":\"ReadAction\",\"target\":[\"https:\/\/www.andyboy.com\/fr\/lentreprise\/logos-de-lentreprise\/\"]}]},{\"@type\":\"BreadcrumbList\",\"@id\":\"https:\/\/www.andyboy.com\/fr\/lentreprise\/logos-de-lentreprise\/#breadcrumb\",\"itemListElement\":[{\"@type\":\"ListItem\",\"position\":1,\"name\":\"Home\",\"item\":\"https:\/\/www.andyboy.com\/fr\/\"},{\"@type\":\"ListItem\",\"position\":2,\"name\":\"L\u2019Entreprise\",\"item\":\"https:\/\/www.andyboy.com\/fr\/lentreprise\/\"},{\"@type\":\"ListItem\",\"position\":3,\"name\":\"Logos De L\u2019Entreprise\"}]},{\"@type\":\"WebSite\",\"@id\":\"https:\/\/www.andyboy.com\/#website\",\"url\":\"https:\/\/www.andyboy.com\/\",\"name\":\"Andy Boy\",\"description\":\"\",\"publisher\":{\"@id\":\"https:\/\/www.andyboy.com\/#organization\"},\"potentialAction\":[{\"@type\":\"SearchAction\",\"target\":{\"@type\":\"EntryPoint\",\"urlTemplate\":\"https:\/\/www.andyboy.com\/?s={search_term_string}\"},\"query-input\":{\"@type\":\"PropertyValueSpecification\",\"valueRequired\":true,\"valueName\":\"search_term_string\"}}],\"inLanguage\":\"fr-FR\"},{\"@type\":\"Organization\",\"@id\":\"https:\/\/www.andyboy.com\/#organization\",\"name\":\"Andy Boy\",\"url\":\"https:\/\/www.andyboy.com\/\",\"logo\":{\"@type\":\"ImageObject\",\"inLanguage\":\"fr-FR\",\"@id\":\"https:\/\/www.andyboy.com\/#\/schema\/logo\/image\/\",\"url\":\"https:\/\/andyboy.wpengine.com\/wp-content\/uploads\/2015\/04\/AB-Banner-Logo-high-res.jpg\",\"contentUrl\":\"https:\/\/andyboy.wpengine.com\/wp-content\/uploads\/2015\/04\/AB-Banner-Logo-high-res.jpg\",\"width\":1024,\"height\":403,\"caption\":\"Andy Boy\"},\"image\":{\"@id\":\"https:\/\/www.andyboy.com\/#\/schema\/logo\/image\/\"},\"sameAs\":[\"https:\/\/www.facebook.com\/AndyBoyProduce\",\"https:\/\/x.com\/AndyBoyInc\",\"https:\/\/instagram.com\/AndyBoyProduce\/\",\"http:\/\/www.pinterest.com\/andyboyproduce\/\"]}]}<\/script>\n<!-- \/ Yoast SEO plugin. -->","yoast_head_json":{"title":"Logos De L\u2019Entreprise - Andy Boy","robots":{"index":"index","follow":"follow","max-snippet":"max-snippet:-1","max-image-preview":"max-image-preview:large","max-video-preview":"max-video-preview:-1"},"canonical":"https:\/\/www.andyboy.com\/fr\/lentreprise\/logos-de-lentreprise\/","og_locale":"fr_FR","og_type":"article","og_title":"Logos De L\u2019Entreprise - Andy Boy","og_description":"Affichez et t\u00e9l\u00e9chargez les logos de notre soci\u00e9t\u00e9 ci-dessous. Pour obtenir un guide de style et d&rsquo;utilisation, veuillez contacter\u00a0: Claudia Pizarro-Villalobos.","og_url":"https:\/\/www.andyboy.com\/fr\/lentreprise\/logos-de-lentreprise\/","og_site_name":"Andy Boy","article_publisher":"https:\/\/www.facebook.com\/AndyBoyProduce","article_modified_time":"2020-12-30T23:35:19+00:00","schema":{"@context":"https:\/\/schema.org","@graph":[{"@type":"WebPage","@id":"https:\/\/www.andyboy.com\/fr\/lentreprise\/logos-de-lentreprise\/","url":"https:\/\/www.andyboy.com\/fr\/lentreprise\/logos-de-lentreprise\/","name":"Logos De L\u2019Entreprise - Andy Boy","isPartOf":{"@id":"https:\/\/www.andyboy.com\/#website"},"datePublished":"2020-12-24T18:20:03+00:00","dateModified":"2020-12-30T23:35:19+00:00","breadcrumb":{"@id":"https:\/\/www.andyboy.com\/fr\/lentreprise\/logos-de-lentreprise\/#breadcrumb"},"inLanguage":"fr-FR","potentialAction":[{"@type":"ReadAction","target":["https:\/\/www.andyboy.com\/fr\/lentreprise\/logos-de-lentreprise\/"]}]},{"@type":"BreadcrumbList","@id":"https:\/\/www.andyboy.com\/fr\/lentreprise\/logos-de-lentreprise\/#breadcrumb","itemListElement":[{"@type":"ListItem","position":1,"name":"Home","item":"https:\/\/www.andyboy.com\/fr\/"},{"@type":"ListItem","position":2,"name":"L\u2019Entreprise","item":"https:\/\/www.andyboy.com\/fr\/lentreprise\/"},{"@type":"ListItem","position":3,"name":"Logos De L\u2019Entreprise"}]},{"@type":"WebSite","@id":"https:\/\/www.andyboy.com\/#website","url":"https:\/\/www.andyboy.com\/","name":"Andy Boy","description":"","publisher":{"@id":"https:\/\/www.andyboy.com\/#organization"},"potentialAction":[{"@type":"SearchAction","target":{"@type":"EntryPoint","urlTemplate":"https:\/\/www.andyboy.com\/?s={search_term_string}"},"query-input":{"@type":"PropertyValueSpecification","valueRequired":true,"valueName":"search_term_string"}}],"inLanguage":"fr-FR"},{"@type":"Organization","@id":"https:\/\/www.andyboy.com\/#organization","name":"Andy Boy","url":"https:\/\/www.andyboy.com\/","logo":{"@type":"ImageObject","inLanguage":"fr-FR","@id":"https:\/\/www.andyboy.com\/#\/schema\/logo\/image\/","url":"https:\/\/andyboy.wpengine.com\/wp-content\/uploads\/2015\/04\/AB-Banner-Logo-high-res.jpg","contentUrl":"https:\/\/andyboy.wpengine.com\/wp-content\/uploads\/2015\/04\/AB-Banner-Logo-high-res.jpg","width":1024,"height":403,"caption":"Andy Boy"},"image":{"@id":"https:\/\/www.andyboy.com\/#\/schema\/logo\/image\/"},"sameAs":["https:\/\/www.facebook.com\/AndyBoyProduce","https:\/\/x.com\/AndyBoyInc","https:\/\/instagram.com\/AndyBoyProduce\/","http:\/\/www.pinterest.com\/andyboyproduce\/"]}]}},"_links":{"self":[{"href":"https:\/\/www.andyboy.com\/fr\/wp-json\/wp\/v2\/pages\/8304","targetHints":{"allow":["GET"]}}],"collection":[{"href":"https:\/\/www.andyboy.com\/fr\/wp-json\/wp\/v2\/pages"}],"about":[{"href":"https:\/\/www.andyboy.com\/fr\/wp-json\/wp\/v2\/types\/page"}],"author":[{"embeddable":true,"href":"https:\/\/www.andyboy.com\/fr\/wp-json\/wp\/v2\/users\/1"}],"replies":[{"embeddable":true,"href":"https:\/\/www.andyboy.com\/fr\/wp-json\/wp\/v2\/comments?post=8304"}],"version-history":[{"count":0,"href":"https:\/\/www.andyboy.com\/fr\/wp-json\/wp\/v2\/pages\/8304\/revisions"}],"up":[{"embeddable":true,"href":"https:\/\/www.andyboy.com\/fr\/wp-json\/wp\/v2\/pages\/1023"}],"wp:attachment":[{"href":"https:\/\/www.andyboy.com\/fr\/wp-json\/wp\/v2\/media?parent=8304"}],"curies":[{"name":"wp","href":"https:\/\/api.w.org\/{rel}","templated":true}]}}