{"id":8329,"date":"2020-12-24T18:22:06","date_gmt":"2020-12-24T18:22:06","guid":{"rendered":"https:\/\/andyboy.wpengine.com\/regions-de-culture-refroidissement-et-expedition\/"},"modified":"2020-12-30T17:06:05","modified_gmt":"2020-12-30T17:06:05","slug":"regions-de-culture-refroidissement-et-expedition","status":"publish","type":"page","link":"https:\/\/www.andyboy.com\/fr\/regions-de-culture-refroidissement-et-expedition\/","title":{"rendered":"R\u00e9gions De Culture, Refroidissement Et Exp\u00e9dition"},"content":{"rendered":"<p><!-- h2>D\u2019Arrigo California Growing Regions<\/h2 --> D\u2019Arrigo Bros. Co., de la Californie pratique ses cultures dans diff\u00e9rentes r\u00e9gions et utilise un nombre d\u2019infrastructures de refroidissement et d\u2019exp\u00e9dition tout au long de l\u2019ann\u00e9e. Veuillez noter que les saisons indiqu\u00e9es sont approximatives.<\/p>\n<h4>Exp\u00e9dition au cours de la saison \u00e0 partir des endroits suivants\u00a0:<\/h4>\n<h5>Salinas, Californie<\/h5>\n<p>F\u00e9vrier\u00a0&#8211;\u00a0d\u00e9cembre, Si\u00e8ge de D\u2019Arrigo Bros. Co., de la Californie, 21777\u00a0Harris Road Salinas, CA\u00a093908 Main\u00a0: (831)\u00a0455-4500\/T\u00e9l\u00e9copieur principal\u00a0: (831)\u00a0455-4445 Ventes\u00a0: (831)\u00a0455-4300\/Vente t\u00e9l\u00e9copieur\u00a0: (831)\u00a0455-4301 Exp\u00e9dition\u00a0: (831)\u00a0455-2639\/Exp\u00e9dition t\u00e9l\u00e9copieur\u00a0:  (831)\u00a0455-4568<\/p>\n<h5>Yuma, Arizona<\/h5>\n<p>Novembre\u00a0&#8211;\u00a0mars, Uni-Kool 2210 East 24th Street Yuma, AZ 85364 Exp\u00e9dition\u00a0: 928\u00a0726\u00a07607\/Exp\u00e9dition t\u00e9l\u00e9copieur\u00a0: 928\u00a0726\u00a04278<\/p>\n<h5>San Luis, Mexique<\/h5>\n<p>Novembre\u00a0&#8211;\u00a0mars, Agros Horticultores Carretera San Luis-Riito, Km 30 Lote 30 San Luis Rio Colorado, Sonora 83513 Exp\u00e9dition\u00a0: 52\u00a0653\u00a0130\u00a06401 <!-- h3 id=\"salinas\"><span data-mce-type=\"bookmark\" style=\"display: inline-block; width: 0px; overflow: hidden; line-height: 0;\" class=\"mce_SELRES_start\"><\/span>D\u2019Arrigo California Headquarters<\/h3>\n\n\n21777 Harris Road\nSalinas, CA 93908\nMain: 831.455.4500\/Main Fax: 831.455.4445\nSales: 831.455.4300\/Sales Fax: 831.455.4301\nShipping: 831.455.2639 \/Shipping Fax: 831.455.4568\n<!--div><iframe src=\"https:\/\/maps.google.com\/maps?f=q&amp;source=s_q&amp;hl=en&amp;geocode=&amp;q=D'Arrigo+Bros.+Co.,+of+California,+Harris+Road,+Salinas,+CA&amp;aq=0&amp;oq=D%E2%80%99+Arrigo+Bros.&amp;sll=36.914764,-119.311523&amp;sspn=15.404031,19.226074&amp;ie=UTF8&amp;hq=D'Arrigo+Bros.+Co.,+of+California,+Harris+Road,+Salinas,+CA&amp;t=h&amp;cid=12839428142352798853&amp;hnear=&amp;z=14&amp;iwloc=A&amp;output=embed\" width=\"100%\" height=\"360\" frameborder=\"0\" marginwidth=\"0\" marginheight=\"0\" scrolling=\"no\"><\/iframe><\/div --> <!-- h3 id=\"yuma\">Uni-Kool<\/h3>\n\n\n2210 East 24th Street\nYuma, AZ 85364\nShipping: 928.726.7607\/Shipping Fax: 928.726.4278\n<!-- div><iframe src=\"https:\/\/maps.google.com\/maps?f=q&amp;source=s_q&amp;hl=en&amp;geocode=&amp;q=Uni-Kool+2210+E+24th+St,+Yuma,+Arizona+85365&amp;aq=&amp;sll=32.68415,-114.596705&amp;sspn=0.007829,0.009677&amp;t=h&amp;g=2210+E+24th+St,+Yuma,+Arizona+85365&amp;ie=UTF8&amp;hq=Uni-Kool&amp;hnear=2210+E+24th+St,+Yuma,+Arizona+85365&amp;ll=32.684268,-114.595938&amp;spn=0.007829,0.009677&amp;z=14&amp;iwloc=A&amp;cid=15274089823769449695&amp;output=embed\" width=\"100%\" height=\"360\" frameborder=\"0\" marginwidth=\"0\" marginheight=\"0\" scrolling=\"no\">\n<\/iframe><\/div --> <!-- h3 id=\"brawley\"><span data-mce-type=\"bookmark\" style=\"display: inline-block; width: 0px; overflow: hidden; line-height: 0;\" class=\"mce_SELRES_start\"><\/span>D\u2019Arrigo California<\/h3>\n\n\n4604 Highway 111 North\nBrawley, CA 92227\nShipping: 760.344.0610\/Shipping Fax: 760.344.2796\n<!-- div><iframe src=\"https:\/\/maps.google.com\/maps?f=q&amp;source=s_q&amp;hl=en&amp;geocode=&amp;q=D%E2%80%99Arrigo+Brothers+Co.,+of+California+Brawley,+California+4604+Highway+111+North+Brawley,+CA+92227&amp;aq=&amp;sll=32.684265,-114.595942&amp;sspn=0.007829,0.009677&amp;t=h&amp;ie=UTF8&amp;hq=D%E2%80%99Arrigo+Brothers+Co.,+of+California+Brawley,+California+4604+Highway+111+North&amp;hnear=Brawley,+Imperial,+California&amp;z=14&amp;iwloc=A&amp;cid=15858361248721360029&amp;ll=32.987721,-115.527838&amp;output=embed\" width=\"100%\" height=\"360\" frameborder=\"0\" marginwidth=\"0\" marginheight=\"0\" scrolling=\"no\"><\/iframe><\/div -->\n","protected":false},"excerpt":{"rendered":"<p>D\u2019Arrigo Bros. Co., de la Californie pratique ses cultures dans diff\u00e9rentes r\u00e9gions et utilise un nombre d\u2019infrastructures de refroidissement et d\u2019exp\u00e9dition tout au long de l\u2019ann\u00e9e. Veuillez noter que les saisons indiqu\u00e9es sont approximatives. Exp\u00e9dition au cours de la saison \u00e0 partir des endroits suivants\u00a0: Salinas, Californie F\u00e9vrier\u00a0&#8211;\u00a0d\u00e9cembre, Si\u00e8ge de D\u2019Arrigo Bros. Co., de la [&#8230;]<\/p>\n","protected":false},"author":1,"featured_media":0,"parent":0,"menu_order":0,"comment_status":"open","ping_status":"closed","template":"","meta":{"_acf_changed":false,"_exactmetrics_skip_tracking":false,"_exactmetrics_sitenote_active":false,"_exactmetrics_sitenote_note":"","_exactmetrics_sitenote_category":0,"footnotes":"","_links_to":"","_links_to_target":""},"class_list":["post-8329","page","type-page","status-publish","hentry"],"acf":[],"yoast_head":"<!-- This site is optimized with the Yoast SEO plugin v27.5 - https:\/\/yoast.com\/product\/yoast-seo-wordpress\/ -->\n<title>R\u00e9gions De Culture, Refroidissement Et Exp\u00e9dition - Andy Boy<\/title>\n<meta name=\"description\" content=\"Pour plus d\u2019informations sur la culture et l\u2019exp\u00e9dition chez D\u2019Arrigo Bros. Co., de Californie, visitez le site. Les informations comprennent les adresses, les num\u00e9ros de t\u00e9l\u00e9phone et les horaires.\" \/>\n<meta name=\"robots\" content=\"index, follow, max-snippet:-1, max-image-preview:large, max-video-preview:-1\" \/>\n<link rel=\"canonical\" href=\"https:\/\/www.andyboy.com\/fr\/regions-de-culture-refroidissement-et-expedition\/\" \/>\n<meta property=\"og:locale\" content=\"fr_FR\" \/>\n<meta property=\"og:type\" content=\"article\" \/>\n<meta property=\"og:title\" content=\"R\u00e9gions De Culture, Refroidissement Et Exp\u00e9dition - Andy Boy\" \/>\n<meta property=\"og:description\" content=\"Pour plus d\u2019informations sur la culture et l\u2019exp\u00e9dition chez D\u2019Arrigo Bros. Co., de Californie, visitez le site. Les informations comprennent les adresses, les num\u00e9ros de t\u00e9l\u00e9phone et les horaires.\" \/>\n<meta property=\"og:url\" content=\"https:\/\/www.andyboy.com\/fr\/regions-de-culture-refroidissement-et-expedition\/\" \/>\n<meta property=\"og:site_name\" content=\"Andy Boy\" \/>\n<meta property=\"article:publisher\" content=\"https:\/\/www.facebook.com\/AndyBoyProduce\" \/>\n<meta property=\"article:modified_time\" content=\"2020-12-30T17:06:05+00:00\" \/>\n<meta name=\"twitter:label1\" content=\"Dur\u00e9e de lecture estim\u00e9e\" \/>\n\t<meta name=\"twitter:data1\" content=\"1 minute\" \/>\n<script type=\"application\/ld+json\" class=\"yoast-schema-graph\">{\"@context\":\"https:\\\/\\\/schema.org\",\"@graph\":[{\"@type\":\"WebPage\",\"@id\":\"https:\\\/\\\/www.andyboy.com\\\/fr\\\/regions-de-culture-refroidissement-et-expedition\\\/\",\"url\":\"https:\\\/\\\/www.andyboy.com\\\/fr\\\/regions-de-culture-refroidissement-et-expedition\\\/\",\"name\":\"R\u00e9gions De Culture, Refroidissement Et Exp\u00e9dition - Andy Boy\",\"isPartOf\":{\"@id\":\"https:\\\/\\\/www.andyboy.com\\\/#website\"},\"datePublished\":\"2020-12-24T18:22:06+00:00\",\"dateModified\":\"2020-12-30T17:06:05+00:00\",\"description\":\"Pour plus d\u2019informations sur la culture et l\u2019exp\u00e9dition chez D\u2019Arrigo Bros. Co., de Californie, visitez le site. Les informations comprennent les adresses, les num\u00e9ros de t\u00e9l\u00e9phone et les horaires.\",\"breadcrumb\":{\"@id\":\"https:\\\/\\\/www.andyboy.com\\\/fr\\\/regions-de-culture-refroidissement-et-expedition\\\/#breadcrumb\"},\"inLanguage\":\"fr-FR\",\"potentialAction\":[{\"@type\":\"ReadAction\",\"target\":[\"https:\\\/\\\/www.andyboy.com\\\/fr\\\/regions-de-culture-refroidissement-et-expedition\\\/\"]}]},{\"@type\":\"BreadcrumbList\",\"@id\":\"https:\\\/\\\/www.andyboy.com\\\/fr\\\/regions-de-culture-refroidissement-et-expedition\\\/#breadcrumb\",\"itemListElement\":[{\"@type\":\"ListItem\",\"position\":1,\"name\":\"Home\",\"item\":\"https:\\\/\\\/www.andyboy.com\\\/fr\\\/\"},{\"@type\":\"ListItem\",\"position\":2,\"name\":\"R\u00e9gions De Culture, Refroidissement Et Exp\u00e9dition\"}]},{\"@type\":\"WebSite\",\"@id\":\"https:\\\/\\\/www.andyboy.com\\\/#website\",\"url\":\"https:\\\/\\\/www.andyboy.com\\\/\",\"name\":\"Andy Boy\",\"description\":\"\",\"publisher\":{\"@id\":\"https:\\\/\\\/www.andyboy.com\\\/#organization\"},\"potentialAction\":[{\"@type\":\"SearchAction\",\"target\":{\"@type\":\"EntryPoint\",\"urlTemplate\":\"https:\\\/\\\/www.andyboy.com\\\/?s={search_term_string}\"},\"query-input\":{\"@type\":\"PropertyValueSpecification\",\"valueRequired\":true,\"valueName\":\"search_term_string\"}}],\"inLanguage\":\"fr-FR\"},{\"@type\":\"Organization\",\"@id\":\"https:\\\/\\\/www.andyboy.com\\\/#organization\",\"name\":\"Andy Boy\",\"url\":\"https:\\\/\\\/www.andyboy.com\\\/\",\"logo\":{\"@type\":\"ImageObject\",\"inLanguage\":\"fr-FR\",\"@id\":\"https:\\\/\\\/www.andyboy.com\\\/#\\\/schema\\\/logo\\\/image\\\/\",\"url\":\"https:\\\/\\\/andyboy.wpengine.com\\\/wp-content\\\/uploads\\\/2015\\\/04\\\/AB-Banner-Logo-high-res.jpg\",\"contentUrl\":\"https:\\\/\\\/andyboy.wpengine.com\\\/wp-content\\\/uploads\\\/2015\\\/04\\\/AB-Banner-Logo-high-res.jpg\",\"width\":1024,\"height\":403,\"caption\":\"Andy Boy\"},\"image\":{\"@id\":\"https:\\\/\\\/www.andyboy.com\\\/#\\\/schema\\\/logo\\\/image\\\/\"},\"sameAs\":[\"https:\\\/\\\/www.facebook.com\\\/AndyBoyProduce\",\"https:\\\/\\\/x.com\\\/AndyBoyInc\",\"https:\\\/\\\/instagram.com\\\/AndyBoyProduce\\\/\",\"http:\\\/\\\/www.pinterest.com\\\/andyboyproduce\\\/\"]}]}<\/script>\n<!-- \/ Yoast SEO plugin. -->","yoast_head_json":{"title":"R\u00e9gions De Culture, Refroidissement Et Exp\u00e9dition - Andy Boy","description":"Pour plus d\u2019informations sur la culture et l\u2019exp\u00e9dition chez D\u2019Arrigo Bros. Co., de Californie, visitez le site. Les informations comprennent les adresses, les num\u00e9ros de t\u00e9l\u00e9phone et les horaires.","robots":{"index":"index","follow":"follow","max-snippet":"max-snippet:-1","max-image-preview":"max-image-preview:large","max-video-preview":"max-video-preview:-1"},"canonical":"https:\/\/www.andyboy.com\/fr\/regions-de-culture-refroidissement-et-expedition\/","og_locale":"fr_FR","og_type":"article","og_title":"R\u00e9gions De Culture, Refroidissement Et Exp\u00e9dition - Andy Boy","og_description":"Pour plus d\u2019informations sur la culture et l\u2019exp\u00e9dition chez D\u2019Arrigo Bros. Co., de Californie, visitez le site. Les informations comprennent les adresses, les num\u00e9ros de t\u00e9l\u00e9phone et les horaires.","og_url":"https:\/\/www.andyboy.com\/fr\/regions-de-culture-refroidissement-et-expedition\/","og_site_name":"Andy Boy","article_publisher":"https:\/\/www.facebook.com\/AndyBoyProduce","article_modified_time":"2020-12-30T17:06:05+00:00","twitter_misc":{"Dur\u00e9e de lecture estim\u00e9e":"1 minute"},"schema":{"@context":"https:\/\/schema.org","@graph":[{"@type":"WebPage","@id":"https:\/\/www.andyboy.com\/fr\/regions-de-culture-refroidissement-et-expedition\/","url":"https:\/\/www.andyboy.com\/fr\/regions-de-culture-refroidissement-et-expedition\/","name":"R\u00e9gions De Culture, Refroidissement Et Exp\u00e9dition - Andy Boy","isPartOf":{"@id":"https:\/\/www.andyboy.com\/#website"},"datePublished":"2020-12-24T18:22:06+00:00","dateModified":"2020-12-30T17:06:05+00:00","description":"Pour plus d\u2019informations sur la culture et l\u2019exp\u00e9dition chez D\u2019Arrigo Bros. Co., de Californie, visitez le site. Les informations comprennent les adresses, les num\u00e9ros de t\u00e9l\u00e9phone et les horaires.","breadcrumb":{"@id":"https:\/\/www.andyboy.com\/fr\/regions-de-culture-refroidissement-et-expedition\/#breadcrumb"},"inLanguage":"fr-FR","potentialAction":[{"@type":"ReadAction","target":["https:\/\/www.andyboy.com\/fr\/regions-de-culture-refroidissement-et-expedition\/"]}]},{"@type":"BreadcrumbList","@id":"https:\/\/www.andyboy.com\/fr\/regions-de-culture-refroidissement-et-expedition\/#breadcrumb","itemListElement":[{"@type":"ListItem","position":1,"name":"Home","item":"https:\/\/www.andyboy.com\/fr\/"},{"@type":"ListItem","position":2,"name":"R\u00e9gions De Culture, Refroidissement Et Exp\u00e9dition"}]},{"@type":"WebSite","@id":"https:\/\/www.andyboy.com\/#website","url":"https:\/\/www.andyboy.com\/","name":"Andy Boy","description":"","publisher":{"@id":"https:\/\/www.andyboy.com\/#organization"},"potentialAction":[{"@type":"SearchAction","target":{"@type":"EntryPoint","urlTemplate":"https:\/\/www.andyboy.com\/?s={search_term_string}"},"query-input":{"@type":"PropertyValueSpecification","valueRequired":true,"valueName":"search_term_string"}}],"inLanguage":"fr-FR"},{"@type":"Organization","@id":"https:\/\/www.andyboy.com\/#organization","name":"Andy Boy","url":"https:\/\/www.andyboy.com\/","logo":{"@type":"ImageObject","inLanguage":"fr-FR","@id":"https:\/\/www.andyboy.com\/#\/schema\/logo\/image\/","url":"https:\/\/andyboy.wpengine.com\/wp-content\/uploads\/2015\/04\/AB-Banner-Logo-high-res.jpg","contentUrl":"https:\/\/andyboy.wpengine.com\/wp-content\/uploads\/2015\/04\/AB-Banner-Logo-high-res.jpg","width":1024,"height":403,"caption":"Andy Boy"},"image":{"@id":"https:\/\/www.andyboy.com\/#\/schema\/logo\/image\/"},"sameAs":["https:\/\/www.facebook.com\/AndyBoyProduce","https:\/\/x.com\/AndyBoyInc","https:\/\/instagram.com\/AndyBoyProduce\/","http:\/\/www.pinterest.com\/andyboyproduce\/"]}]}},"_links":{"self":[{"href":"https:\/\/www.andyboy.com\/fr\/wp-json\/wp\/v2\/pages\/8329","targetHints":{"allow":["GET"]}}],"collection":[{"href":"https:\/\/www.andyboy.com\/fr\/wp-json\/wp\/v2\/pages"}],"about":[{"href":"https:\/\/www.andyboy.com\/fr\/wp-json\/wp\/v2\/types\/page"}],"author":[{"embeddable":true,"href":"https:\/\/www.andyboy.com\/fr\/wp-json\/wp\/v2\/users\/1"}],"replies":[{"embeddable":true,"href":"https:\/\/www.andyboy.com\/fr\/wp-json\/wp\/v2\/comments?post=8329"}],"version-history":[{"count":0,"href":"https:\/\/www.andyboy.com\/fr\/wp-json\/wp\/v2\/pages\/8329\/revisions"}],"wp:attachment":[{"href":"https:\/\/www.andyboy.com\/fr\/wp-json\/wp\/v2\/media?parent=8329"}],"curies":[{"name":"wp","href":"https:\/\/api.w.org\/{rel}","templated":true}]}}