{"id":8451,"date":"2020-12-24T18:23:37","date_gmt":"2020-12-24T18:23:37","guid":{"rendered":"https:\/\/andyboy.wpengine.com\/responsabilite-sociale\/communaute\/"},"modified":"2020-12-24T18:23:37","modified_gmt":"2020-12-24T18:23:37","slug":"communaute","status":"publish","type":"page","link":"https:\/\/www.andyboy.com\/fr\/responsabilite-sociale\/communaute\/","title":{"rendered":"Communaut\u00e9"},"content":{"rendered":"<p>D\u2019Arrigo Bros. Co., de la Californie et nos employ\u00e9s apportent un soutien constant aux organismes philanthropiques afin que ceux-ci puissent \u00e0 leur tour servir au mieux notre communaut\u00e9. Depuis 1999, Andy Boy est un fier partenaire et parrain de la Breast Cancer Research Foundation et a contribu\u00e9 \u00e0 hauteur de plus de 1,85\u00a0million de dollars \u00e0 la recherche d\u2019un traitement. Nous sommes en partenariat avec le Rancho Cielo Youth Campus afin d\u2019offrir un environnement s\u00e9curitaire dans le cadre des programmes et des services mis \u00e0 la disposition des jeunes \u00e0 risque afin qu\u2019ils acqui\u00e8rent de nouvelles comp\u00e9tences pour devenir des citoyens responsables. Nous appuyons notre YMCA local dans le cadre de la promotion des principes chr\u00e9tiens gr\u00e2ce \u00e0 des programmes qui cr\u00e9ent un esprit, un corps et un esprit sains pour tous. Nous apportons un soutien consid\u00e9rable \u00e0 nos \u00e9coles locales, nos coll\u00e8ges communautaires, certaines universit\u00e9s et les Clubs Gar\u00e7ons et Filles du comt\u00e9 de Monterey. Ces organismes inspirent nos jeunes \u00e0 exploiter leur plein potentiel pour devenir des citoyens responsables, en sant\u00e9, productifs et prosp\u00e8res. L\u2019entreprise et ses employ\u00e9s appuient constamment la United Way of Monterey et l\u2019American Cancer Society\u2019s Relay for Life. La Monterey County Ag Education fait partie des organismes que nous appuyons. Il a pour vocation de favoriser le respect et l\u2019appr\u00e9ciation de l\u2019agriculture par l\u2019\u00e9ducation. D\u2019Arrigo California fournit une aide financi\u00e8re \u00e0 l\u2019Ag Against Hunger, dont la mission consiste \u00e0 soulager la faim en cr\u00e9ant un lien entre la communaut\u00e9 agricole et les programmes d\u2019aide alimentaire. Nous finan\u00e7ons et servons avec enthousiasme le Kinship Center, qui s\u2019est engag\u00e9 \u00e0 cr\u00e9er et \u00e0 soutenir la stabilit\u00e9 familiale pour les enfants au moyen de programmes d\u2019adoption ou d\u2019autres programmes de tutelle. Nous finan\u00e7ons avec passion le Natividad Medical Center dans le cadre de sa mission qui consiste \u00e0 donner acc\u00e8s aux soins de sant\u00e9 \u00e0 tous les patients, peu importe leur capacit\u00e9 de payer. En janvier\u00a02010, John D\u2019Arrigo, membre de la troisi\u00e8me g\u00e9n\u00e9ration et pr\u00e9sident de D\u2019Arrigo California, a cr\u00e9\u00e9 The Agricultural Leadership Council (TALC) pour la Natividad Medical Foundation. Il a rassembl\u00e9 des familles d&rsquo;agriculteurs pour aider les ouvriers agricoles. La mission du TALC consiste \u00e0 am\u00e9liorer l\u2019\u00e9tat de sant\u00e9 des ouvriers agricoles et de leurs familles en fournissant des \u00e9quipements m\u00e9dicaux, des outils de diagnostic et des services. Depuis sa cr\u00e9ation, le TALC a donn\u00e9 plus de 3,1\u00a0millions de dollars pour \u00ab\u00a0Am\u00e9liorer des vies et sauver des vies\u00a0\u00bb.<\/p>\n","protected":false},"excerpt":{"rendered":"<p>D\u2019Arrigo Bros. Co., de la Californie et nos employ\u00e9s apportent un soutien constant aux organismes philanthropiques afin que ceux-ci puissent \u00e0 leur tour servir au mieux notre communaut\u00e9. Depuis 1999, Andy Boy est un fier partenaire et parrain de la Breast Cancer Research Foundation et a contribu\u00e9 \u00e0 hauteur de plus de 1,85\u00a0million de dollars [&#8230;]<\/p>\n","protected":false},"author":1,"featured_media":0,"parent":1047,"menu_order":0,"comment_status":"open","ping_status":"closed","template":"","meta":{"_acf_changed":false,"_exactmetrics_skip_tracking":false,"_exactmetrics_sitenote_active":false,"_exactmetrics_sitenote_note":"","_exactmetrics_sitenote_category":0,"footnotes":"","_links_to":"","_links_to_target":""},"class_list":["post-8451","page","type-page","status-publish","hentry"],"acf":[],"yoast_head":"<!-- This site is optimized with the Yoast SEO plugin v27.4 - https:\/\/yoast.com\/product\/yoast-seo-wordpress\/ -->\n<title>Communaut\u00e9 - Andy Boy<\/title>\n<meta name=\"description\" content=\"D\u2019Arrigo Bros. Co., de la Californie et nos employ\u00e9s apportent un soutien constant aux organismes philanthropiques afin que ceux-ci puissent \u00e0 leur tour servir au mieux notre communaut\u00e9.\" \/>\n<meta name=\"robots\" content=\"index, follow, max-snippet:-1, max-image-preview:large, max-video-preview:-1\" \/>\n<link rel=\"canonical\" href=\"https:\/\/www.andyboy.com\/fr\/responsabilite-sociale\/communaute\/\" \/>\n<meta property=\"og:locale\" content=\"fr_FR\" \/>\n<meta property=\"og:type\" content=\"article\" \/>\n<meta property=\"og:title\" content=\"Communaut\u00e9 - Andy Boy\" \/>\n<meta property=\"og:description\" content=\"D\u2019Arrigo Bros. Co., de la Californie et nos employ\u00e9s apportent un soutien constant aux organismes philanthropiques afin que ceux-ci puissent \u00e0 leur tour servir au mieux notre communaut\u00e9.\" \/>\n<meta property=\"og:url\" content=\"https:\/\/www.andyboy.com\/fr\/responsabilite-sociale\/communaute\/\" \/>\n<meta property=\"og:site_name\" content=\"Andy Boy\" \/>\n<meta property=\"article:publisher\" content=\"https:\/\/www.facebook.com\/AndyBoyProduce\" \/>\n<meta name=\"twitter:label1\" content=\"Dur\u00e9e de lecture estim\u00e9e\" \/>\n\t<meta name=\"twitter:data1\" content=\"2 minutes\" \/>\n<script type=\"application\/ld+json\" class=\"yoast-schema-graph\">{\"@context\":\"https:\\\/\\\/schema.org\",\"@graph\":[{\"@type\":\"WebPage\",\"@id\":\"https:\\\/\\\/www.andyboy.com\\\/fr\\\/responsabilite-sociale\\\/communaute\\\/\",\"url\":\"https:\\\/\\\/www.andyboy.com\\\/fr\\\/responsabilite-sociale\\\/communaute\\\/\",\"name\":\"Communaut\u00e9 - Andy Boy\",\"isPartOf\":{\"@id\":\"https:\\\/\\\/www.andyboy.com\\\/#website\"},\"datePublished\":\"2020-12-24T18:23:37+00:00\",\"description\":\"D\u2019Arrigo Bros. Co., de la Californie et nos employ\u00e9s apportent un soutien constant aux organismes philanthropiques afin que ceux-ci puissent \u00e0 leur tour servir au mieux notre communaut\u00e9.\",\"breadcrumb\":{\"@id\":\"https:\\\/\\\/www.andyboy.com\\\/fr\\\/responsabilite-sociale\\\/communaute\\\/#breadcrumb\"},\"inLanguage\":\"fr-FR\",\"potentialAction\":[{\"@type\":\"ReadAction\",\"target\":[\"https:\\\/\\\/www.andyboy.com\\\/fr\\\/responsabilite-sociale\\\/communaute\\\/\"]}]},{\"@type\":\"BreadcrumbList\",\"@id\":\"https:\\\/\\\/www.andyboy.com\\\/fr\\\/responsabilite-sociale\\\/communaute\\\/#breadcrumb\",\"itemListElement\":[{\"@type\":\"ListItem\",\"position\":1,\"name\":\"Home\",\"item\":\"https:\\\/\\\/www.andyboy.com\\\/fr\\\/\"},{\"@type\":\"ListItem\",\"position\":2,\"name\":\"Responsabilit\u00e9 Sociale\",\"item\":\"https:\\\/\\\/www.andyboy.com\\\/fr\\\/responsabilite-sociale\\\/\"},{\"@type\":\"ListItem\",\"position\":3,\"name\":\"Communaut\u00e9\"}]},{\"@type\":\"WebSite\",\"@id\":\"https:\\\/\\\/www.andyboy.com\\\/#website\",\"url\":\"https:\\\/\\\/www.andyboy.com\\\/\",\"name\":\"Andy Boy\",\"description\":\"\",\"publisher\":{\"@id\":\"https:\\\/\\\/www.andyboy.com\\\/#organization\"},\"potentialAction\":[{\"@type\":\"SearchAction\",\"target\":{\"@type\":\"EntryPoint\",\"urlTemplate\":\"https:\\\/\\\/www.andyboy.com\\\/?s={search_term_string}\"},\"query-input\":{\"@type\":\"PropertyValueSpecification\",\"valueRequired\":true,\"valueName\":\"search_term_string\"}}],\"inLanguage\":\"fr-FR\"},{\"@type\":\"Organization\",\"@id\":\"https:\\\/\\\/www.andyboy.com\\\/#organization\",\"name\":\"Andy Boy\",\"url\":\"https:\\\/\\\/www.andyboy.com\\\/\",\"logo\":{\"@type\":\"ImageObject\",\"inLanguage\":\"fr-FR\",\"@id\":\"https:\\\/\\\/www.andyboy.com\\\/#\\\/schema\\\/logo\\\/image\\\/\",\"url\":\"https:\\\/\\\/andyboy.wpengine.com\\\/wp-content\\\/uploads\\\/2015\\\/04\\\/AB-Banner-Logo-high-res.jpg\",\"contentUrl\":\"https:\\\/\\\/andyboy.wpengine.com\\\/wp-content\\\/uploads\\\/2015\\\/04\\\/AB-Banner-Logo-high-res.jpg\",\"width\":1024,\"height\":403,\"caption\":\"Andy Boy\"},\"image\":{\"@id\":\"https:\\\/\\\/www.andyboy.com\\\/#\\\/schema\\\/logo\\\/image\\\/\"},\"sameAs\":[\"https:\\\/\\\/www.facebook.com\\\/AndyBoyProduce\",\"https:\\\/\\\/x.com\\\/AndyBoyInc\",\"https:\\\/\\\/instagram.com\\\/AndyBoyProduce\\\/\",\"http:\\\/\\\/www.pinterest.com\\\/andyboyproduce\\\/\"]}]}<\/script>\n<!-- \/ Yoast SEO plugin. -->","yoast_head_json":{"title":"Communaut\u00e9 - Andy Boy","description":"D\u2019Arrigo Bros. Co., de la Californie et nos employ\u00e9s apportent un soutien constant aux organismes philanthropiques afin que ceux-ci puissent \u00e0 leur tour servir au mieux notre communaut\u00e9.","robots":{"index":"index","follow":"follow","max-snippet":"max-snippet:-1","max-image-preview":"max-image-preview:large","max-video-preview":"max-video-preview:-1"},"canonical":"https:\/\/www.andyboy.com\/fr\/responsabilite-sociale\/communaute\/","og_locale":"fr_FR","og_type":"article","og_title":"Communaut\u00e9 - Andy Boy","og_description":"D\u2019Arrigo Bros. Co., de la Californie et nos employ\u00e9s apportent un soutien constant aux organismes philanthropiques afin que ceux-ci puissent \u00e0 leur tour servir au mieux notre communaut\u00e9.","og_url":"https:\/\/www.andyboy.com\/fr\/responsabilite-sociale\/communaute\/","og_site_name":"Andy Boy","article_publisher":"https:\/\/www.facebook.com\/AndyBoyProduce","twitter_misc":{"Dur\u00e9e de lecture estim\u00e9e":"2 minutes"},"schema":{"@context":"https:\/\/schema.org","@graph":[{"@type":"WebPage","@id":"https:\/\/www.andyboy.com\/fr\/responsabilite-sociale\/communaute\/","url":"https:\/\/www.andyboy.com\/fr\/responsabilite-sociale\/communaute\/","name":"Communaut\u00e9 - Andy Boy","isPartOf":{"@id":"https:\/\/www.andyboy.com\/#website"},"datePublished":"2020-12-24T18:23:37+00:00","description":"D\u2019Arrigo Bros. Co., de la Californie et nos employ\u00e9s apportent un soutien constant aux organismes philanthropiques afin que ceux-ci puissent \u00e0 leur tour servir au mieux notre communaut\u00e9.","breadcrumb":{"@id":"https:\/\/www.andyboy.com\/fr\/responsabilite-sociale\/communaute\/#breadcrumb"},"inLanguage":"fr-FR","potentialAction":[{"@type":"ReadAction","target":["https:\/\/www.andyboy.com\/fr\/responsabilite-sociale\/communaute\/"]}]},{"@type":"BreadcrumbList","@id":"https:\/\/www.andyboy.com\/fr\/responsabilite-sociale\/communaute\/#breadcrumb","itemListElement":[{"@type":"ListItem","position":1,"name":"Home","item":"https:\/\/www.andyboy.com\/fr\/"},{"@type":"ListItem","position":2,"name":"Responsabilit\u00e9 Sociale","item":"https:\/\/www.andyboy.com\/fr\/responsabilite-sociale\/"},{"@type":"ListItem","position":3,"name":"Communaut\u00e9"}]},{"@type":"WebSite","@id":"https:\/\/www.andyboy.com\/#website","url":"https:\/\/www.andyboy.com\/","name":"Andy Boy","description":"","publisher":{"@id":"https:\/\/www.andyboy.com\/#organization"},"potentialAction":[{"@type":"SearchAction","target":{"@type":"EntryPoint","urlTemplate":"https:\/\/www.andyboy.com\/?s={search_term_string}"},"query-input":{"@type":"PropertyValueSpecification","valueRequired":true,"valueName":"search_term_string"}}],"inLanguage":"fr-FR"},{"@type":"Organization","@id":"https:\/\/www.andyboy.com\/#organization","name":"Andy Boy","url":"https:\/\/www.andyboy.com\/","logo":{"@type":"ImageObject","inLanguage":"fr-FR","@id":"https:\/\/www.andyboy.com\/#\/schema\/logo\/image\/","url":"https:\/\/andyboy.wpengine.com\/wp-content\/uploads\/2015\/04\/AB-Banner-Logo-high-res.jpg","contentUrl":"https:\/\/andyboy.wpengine.com\/wp-content\/uploads\/2015\/04\/AB-Banner-Logo-high-res.jpg","width":1024,"height":403,"caption":"Andy Boy"},"image":{"@id":"https:\/\/www.andyboy.com\/#\/schema\/logo\/image\/"},"sameAs":["https:\/\/www.facebook.com\/AndyBoyProduce","https:\/\/x.com\/AndyBoyInc","https:\/\/instagram.com\/AndyBoyProduce\/","http:\/\/www.pinterest.com\/andyboyproduce\/"]}]}},"_links":{"self":[{"href":"https:\/\/www.andyboy.com\/fr\/wp-json\/wp\/v2\/pages\/8451","targetHints":{"allow":["GET"]}}],"collection":[{"href":"https:\/\/www.andyboy.com\/fr\/wp-json\/wp\/v2\/pages"}],"about":[{"href":"https:\/\/www.andyboy.com\/fr\/wp-json\/wp\/v2\/types\/page"}],"author":[{"embeddable":true,"href":"https:\/\/www.andyboy.com\/fr\/wp-json\/wp\/v2\/users\/1"}],"replies":[{"embeddable":true,"href":"https:\/\/www.andyboy.com\/fr\/wp-json\/wp\/v2\/comments?post=8451"}],"version-history":[{"count":0,"href":"https:\/\/www.andyboy.com\/fr\/wp-json\/wp\/v2\/pages\/8451\/revisions"}],"up":[{"embeddable":true,"href":"https:\/\/www.andyboy.com\/fr\/wp-json\/wp\/v2\/pages\/1047"}],"wp:attachment":[{"href":"https:\/\/www.andyboy.com\/fr\/wp-json\/wp\/v2\/media?parent=8451"}],"curies":[{"name":"wp","href":"https:\/\/api.w.org\/{rel}","templated":true}]}}