{"id":957,"date":"2014-03-28T23:04:14","date_gmt":"2014-03-28T23:04:14","guid":{"rendered":"http:\/\/65.99.237.157\/~andyboyc\/?page_id=957"},"modified":"2014-03-28T23:04:14","modified_gmt":"2014-03-28T23:04:14","slug":"histoire-de-lenterprise","status":"publish","type":"page","link":"https:\/\/www.andyboy.com\/fr\/histoire-de-lenterprise\/","title":{"rendered":"Histoire De L&rsquo;Enterprise"},"content":{"rendered":"<h2>D\u2019Arrigo Brothers of California; andy boy<\/h2>\n<p>En 1925, au cours d&rsquo;un voyage pour acheter du raisin de cuve en Californie centrale, Stephano, le cadet de deux fr\u00e8res, maintenant appel\u00e9 Stephen, a remarqu\u00e9 que l\u00e0 o\u00f9 se trouve maintenant San Jose, ainsi que dans les environs, il y avait de riches terres agricoles baign\u00e9es d\u2019un climat parfait pour cultiver des l\u00e9gumes. Il a alors contact\u00e9 son fr\u00e8re Andrea, maintenant Andrew, et bient\u00f4t D&rsquo;Arrigo Bros Co. of California a vu le jour et les deux fr\u00e8res ont commenc\u00e9 \u00e0 travailler dans l&rsquo;entreprise de culture de l\u00e9gumes.<\/p>\n<p>Au milieu des ann\u00e9es 1920 en Am\u00e9rique, il n&rsquo;y avait pas de r\u00e9seau routier entre les \u00e9tats et aucune technologie de la r\u00e9frig\u00e9ration n&rsquo;avait encore \u00e9t\u00e9 invent\u00e9e pour transporter et conserver les produits frais; il fallait donc y rem\u00e9dier. Les deux fr\u00e8res n&rsquo;avaient, en outre, aucune exp\u00e9rience dans le domaine de la culture et aucune id\u00e9e de ce qu&rsquo;ils allaient cultiver. \u00a0L&rsquo;inspiration est venue par la poste, quand des graines de brocoli sont arriv\u00e9es de leur pays d&rsquo;origine, et bient\u00f4t les fr\u00e8res comptaient 28 hectares de brocoli.<\/p>\n<p>La solution pour transporter ce l\u00e9gume frais sur 4 500\u00a0km \u00e0 travers des territoires en grande partie d\u00e9pourvus d&rsquo;infrastructures existait d\u00e9j\u00e0 et avait \u00e9t\u00e9 \u00e9prouv\u00e9e\u00a0: le grand r\u00e9seau de chemins de fer am\u00e9ricain. Donc, en 1926, le tout premier wagon de l\u00e9gumes frais de Californie de l&rsquo;histoire de la nation a \u00e9t\u00e9 exp\u00e9di\u00e9 de San Jose par le cadet, Stephen, \u00e0 destination de Boston, o\u00f9 se trouvait son fr\u00e8re a\u00een\u00e9 Andrew. Huit jours plus tard, le wagon de brocoli frais a atteint sa destination, encore frais et en bon \u00e9tat. Il a alors \u00e9t\u00e9 d\u00e9charg\u00e9 et vendu \u00e0 profit, marquant l&rsquo;av\u00e8nement de l&rsquo;industrie moderne du l\u00e9gume.<\/p>\n<p>Cette nouvelle industrie en Californie a connu une croissance rapide, d&rsquo;autres imitant ce que les fr\u00e8res D&rsquo;Arrigo avaient \u00e9t\u00e9 les premiers \u00e0 tester. Au cours de ces premi\u00e8res ann\u00e9es, les affaires ont continu\u00e9 de prosp\u00e9rer pour les deux fr\u00e8res; Stephen d\u00e9m\u00e9nage en Californie de mani\u00e8re permanente pour g\u00e9rer l&rsquo;entreprise en plein essor et Andrew reste \u00e0 Boston pour y vendre et commercialiser le brocoli et d&rsquo;autres l\u00e9gumes.<\/p>\n<p>Bient\u00f4t, les villes de l&rsquo;Est eurent un approvisionnement r\u00e9gulier de ces nouveaux produits extraordinaires cultiv\u00e9s dans la lointaine Californie par de nombreux agriculteurs concurrents. Pour diff\u00e9rencier leurs produits des autres produits venus de Californie et des produits locaux de l&rsquo;Est, les fr\u00e8res D&rsquo;Arrigo eurent une autre id\u00e9e originale, celle de cr\u00e9er une image de marque.<\/p>\n<p>La premi\u00e8re marque de l\u00e9gumes frais aux \u00c9tats-Unis, Andy Boy, a \u00e9t\u00e9 d\u00e9pos\u00e9e en 1927 par les fr\u00e8res et est reconnue depuis plus de 80 ans comme une marque phare dans l&rsquo;industrie. Le jeune fils de 3\u00a0ans de Stephen a donn\u00e9 son nom \u00e0 la marque; le fils de l\u2019un \u00e9tant nomm\u00e9 d\u2019apr\u00e8s l\u2019autre fr\u00e8re.<\/p>\n<p>Aujourd&rsquo;hui, D&rsquo;Arrigo Bros Co. of Californie est toujours le leader de l&rsquo;industrie, cultivant plus de 12\u00a0000\u00a0hectares de l\u00e9gumes frais, tous emball\u00e9s sous la marque Andy Boy.<\/p>\n","protected":false},"excerpt":{"rendered":"<p>D\u2019Arrigo Brothers of California; andy boy En 1925, au cours d&rsquo;un voyage pour acheter du raisin de cuve en Californie centrale, Stephano, le cadet de deux fr\u00e8res, maintenant appel\u00e9 Stephen, a remarqu\u00e9 que l\u00e0 o\u00f9 se trouve maintenant San Jose, ainsi que dans les environs, il y avait de riches terres agricoles baign\u00e9es d\u2019un climat [&#8230;]<\/p>\n","protected":false},"author":1,"featured_media":580,"parent":0,"menu_order":0,"comment_status":"open","ping_status":"closed","template":"","meta":{"_acf_changed":false,"_exactmetrics_skip_tracking":false,"_exactmetrics_sitenote_active":false,"_exactmetrics_sitenote_note":"","_exactmetrics_sitenote_category":0,"footnotes":"","_links_to":"","_links_to_target":""},"class_list":["post-957","page","type-page","status-publish","has-post-thumbnail","hentry"],"acf":[],"yoast_head":"<!-- This site is optimized with the Yoast SEO plugin v27.1.1 - https:\/\/yoast.com\/product\/yoast-seo-wordpress\/ -->\n<title>Histoire De L&#039;Enterprise - Andy Boy<\/title>\n<meta name=\"robots\" content=\"index, follow, max-snippet:-1, max-image-preview:large, max-video-preview:-1\" \/>\n<link rel=\"canonical\" href=\"https:\/\/www.andyboy.com\/fr\/histoire-de-lenterprise\/\" \/>\n<meta property=\"og:locale\" content=\"fr_FR\" \/>\n<meta property=\"og:type\" content=\"article\" \/>\n<meta property=\"og:title\" content=\"Histoire De L&#039;Enterprise - Andy Boy\" \/>\n<meta property=\"og:description\" content=\"D\u2019Arrigo Brothers of California; andy boy En 1925, au cours d&rsquo;un voyage pour acheter du raisin de cuve en Californie centrale, Stephano, le cadet de deux fr\u00e8res, maintenant appel\u00e9 Stephen, a remarqu\u00e9 que l\u00e0 o\u00f9 se trouve maintenant San Jose, ainsi que dans les environs, il y avait de riches terres agricoles baign\u00e9es d\u2019un climat [...]\" \/>\n<meta property=\"og:url\" content=\"https:\/\/www.andyboy.com\/fr\/histoire-de-lenterprise\/\" \/>\n<meta property=\"og:site_name\" content=\"Andy Boy\" \/>\n<meta property=\"article:publisher\" content=\"https:\/\/www.facebook.com\/AndyBoyProduce\" \/>\n<meta property=\"og:image\" content=\"https:\/\/www.andyboy.com\/wp-content\/uploads\/2013\/04\/d-bros1.jpg\" \/>\n\t<meta property=\"og:image:width\" content=\"353\" \/>\n\t<meta property=\"og:image:height\" content=\"215\" \/>\n\t<meta property=\"og:image:type\" content=\"image\/jpeg\" \/>\n<meta name=\"twitter:label1\" content=\"Dur\u00e9e de lecture estim\u00e9e\" \/>\n\t<meta name=\"twitter:data1\" content=\"3 minutes\" \/>\n<script type=\"application\/ld+json\" class=\"yoast-schema-graph\">{\"@context\":\"https:\/\/schema.org\",\"@graph\":[{\"@type\":\"WebPage\",\"@id\":\"https:\/\/www.andyboy.com\/fr\/histoire-de-lenterprise\/\",\"url\":\"https:\/\/www.andyboy.com\/fr\/histoire-de-lenterprise\/\",\"name\":\"Histoire De L'Enterprise - Andy Boy\",\"isPartOf\":{\"@id\":\"https:\/\/www.andyboy.com\/#website\"},\"primaryImageOfPage\":{\"@id\":\"https:\/\/www.andyboy.com\/fr\/histoire-de-lenterprise\/#primaryimage\"},\"image\":{\"@id\":\"https:\/\/www.andyboy.com\/fr\/histoire-de-lenterprise\/#primaryimage\"},\"thumbnailUrl\":\"https:\/\/www.andyboy.com\/wp-content\/uploads\/2013\/04\/d-bros1.jpg\",\"datePublished\":\"2014-03-28T23:04:14+00:00\",\"breadcrumb\":{\"@id\":\"https:\/\/www.andyboy.com\/fr\/histoire-de-lenterprise\/#breadcrumb\"},\"inLanguage\":\"fr-FR\",\"potentialAction\":[{\"@type\":\"ReadAction\",\"target\":[\"https:\/\/www.andyboy.com\/fr\/histoire-de-lenterprise\/\"]}]},{\"@type\":\"ImageObject\",\"inLanguage\":\"fr-FR\",\"@id\":\"https:\/\/www.andyboy.com\/fr\/histoire-de-lenterprise\/#primaryimage\",\"url\":\"https:\/\/www.andyboy.com\/wp-content\/uploads\/2013\/04\/d-bros1.jpg\",\"contentUrl\":\"https:\/\/www.andyboy.com\/wp-content\/uploads\/2013\/04\/d-bros1.jpg\",\"width\":353,\"height\":215,\"caption\":\"Andy D'Arrigo, Steve D'Arrigo, John Antognoni, Andrew D'Arrigo, Peter D'Arrigo, Steve D'Arrigo\"},{\"@type\":\"BreadcrumbList\",\"@id\":\"https:\/\/www.andyboy.com\/fr\/histoire-de-lenterprise\/#breadcrumb\",\"itemListElement\":[{\"@type\":\"ListItem\",\"position\":1,\"name\":\"Home\",\"item\":\"https:\/\/www.andyboy.com\/fr\/\"},{\"@type\":\"ListItem\",\"position\":2,\"name\":\"Histoire De L&rsquo;Enterprise\"}]},{\"@type\":\"WebSite\",\"@id\":\"https:\/\/www.andyboy.com\/#website\",\"url\":\"https:\/\/www.andyboy.com\/\",\"name\":\"Andy Boy\",\"description\":\"\",\"publisher\":{\"@id\":\"https:\/\/www.andyboy.com\/#organization\"},\"potentialAction\":[{\"@type\":\"SearchAction\",\"target\":{\"@type\":\"EntryPoint\",\"urlTemplate\":\"https:\/\/www.andyboy.com\/?s={search_term_string}\"},\"query-input\":{\"@type\":\"PropertyValueSpecification\",\"valueRequired\":true,\"valueName\":\"search_term_string\"}}],\"inLanguage\":\"fr-FR\"},{\"@type\":\"Organization\",\"@id\":\"https:\/\/www.andyboy.com\/#organization\",\"name\":\"Andy Boy\",\"url\":\"https:\/\/www.andyboy.com\/\",\"logo\":{\"@type\":\"ImageObject\",\"inLanguage\":\"fr-FR\",\"@id\":\"https:\/\/www.andyboy.com\/#\/schema\/logo\/image\/\",\"url\":\"https:\/\/andyboy.wpengine.com\/wp-content\/uploads\/2015\/04\/AB-Banner-Logo-high-res.jpg\",\"contentUrl\":\"https:\/\/andyboy.wpengine.com\/wp-content\/uploads\/2015\/04\/AB-Banner-Logo-high-res.jpg\",\"width\":1024,\"height\":403,\"caption\":\"Andy Boy\"},\"image\":{\"@id\":\"https:\/\/www.andyboy.com\/#\/schema\/logo\/image\/\"},\"sameAs\":[\"https:\/\/www.facebook.com\/AndyBoyProduce\",\"https:\/\/x.com\/AndyBoyInc\",\"https:\/\/instagram.com\/AndyBoyProduce\/\",\"http:\/\/www.pinterest.com\/andyboyproduce\/\"]}]}<\/script>\n<!-- \/ Yoast SEO plugin. -->","yoast_head_json":{"title":"Histoire De L'Enterprise - Andy Boy","robots":{"index":"index","follow":"follow","max-snippet":"max-snippet:-1","max-image-preview":"max-image-preview:large","max-video-preview":"max-video-preview:-1"},"canonical":"https:\/\/www.andyboy.com\/fr\/histoire-de-lenterprise\/","og_locale":"fr_FR","og_type":"article","og_title":"Histoire De L'Enterprise - Andy Boy","og_description":"D\u2019Arrigo Brothers of California; andy boy En 1925, au cours d&rsquo;un voyage pour acheter du raisin de cuve en Californie centrale, Stephano, le cadet de deux fr\u00e8res, maintenant appel\u00e9 Stephen, a remarqu\u00e9 que l\u00e0 o\u00f9 se trouve maintenant San Jose, ainsi que dans les environs, il y avait de riches terres agricoles baign\u00e9es d\u2019un climat [...]","og_url":"https:\/\/www.andyboy.com\/fr\/histoire-de-lenterprise\/","og_site_name":"Andy Boy","article_publisher":"https:\/\/www.facebook.com\/AndyBoyProduce","og_image":[{"width":353,"height":215,"url":"https:\/\/www.andyboy.com\/wp-content\/uploads\/2013\/04\/d-bros1.jpg","type":"image\/jpeg"}],"twitter_misc":{"Dur\u00e9e de lecture estim\u00e9e":"3 minutes"},"schema":{"@context":"https:\/\/schema.org","@graph":[{"@type":"WebPage","@id":"https:\/\/www.andyboy.com\/fr\/histoire-de-lenterprise\/","url":"https:\/\/www.andyboy.com\/fr\/histoire-de-lenterprise\/","name":"Histoire De L'Enterprise - Andy Boy","isPartOf":{"@id":"https:\/\/www.andyboy.com\/#website"},"primaryImageOfPage":{"@id":"https:\/\/www.andyboy.com\/fr\/histoire-de-lenterprise\/#primaryimage"},"image":{"@id":"https:\/\/www.andyboy.com\/fr\/histoire-de-lenterprise\/#primaryimage"},"thumbnailUrl":"https:\/\/www.andyboy.com\/wp-content\/uploads\/2013\/04\/d-bros1.jpg","datePublished":"2014-03-28T23:04:14+00:00","breadcrumb":{"@id":"https:\/\/www.andyboy.com\/fr\/histoire-de-lenterprise\/#breadcrumb"},"inLanguage":"fr-FR","potentialAction":[{"@type":"ReadAction","target":["https:\/\/www.andyboy.com\/fr\/histoire-de-lenterprise\/"]}]},{"@type":"ImageObject","inLanguage":"fr-FR","@id":"https:\/\/www.andyboy.com\/fr\/histoire-de-lenterprise\/#primaryimage","url":"https:\/\/www.andyboy.com\/wp-content\/uploads\/2013\/04\/d-bros1.jpg","contentUrl":"https:\/\/www.andyboy.com\/wp-content\/uploads\/2013\/04\/d-bros1.jpg","width":353,"height":215,"caption":"Andy D'Arrigo, Steve D'Arrigo, John Antognoni, Andrew D'Arrigo, Peter D'Arrigo, Steve D'Arrigo"},{"@type":"BreadcrumbList","@id":"https:\/\/www.andyboy.com\/fr\/histoire-de-lenterprise\/#breadcrumb","itemListElement":[{"@type":"ListItem","position":1,"name":"Home","item":"https:\/\/www.andyboy.com\/fr\/"},{"@type":"ListItem","position":2,"name":"Histoire De L&rsquo;Enterprise"}]},{"@type":"WebSite","@id":"https:\/\/www.andyboy.com\/#website","url":"https:\/\/www.andyboy.com\/","name":"Andy Boy","description":"","publisher":{"@id":"https:\/\/www.andyboy.com\/#organization"},"potentialAction":[{"@type":"SearchAction","target":{"@type":"EntryPoint","urlTemplate":"https:\/\/www.andyboy.com\/?s={search_term_string}"},"query-input":{"@type":"PropertyValueSpecification","valueRequired":true,"valueName":"search_term_string"}}],"inLanguage":"fr-FR"},{"@type":"Organization","@id":"https:\/\/www.andyboy.com\/#organization","name":"Andy Boy","url":"https:\/\/www.andyboy.com\/","logo":{"@type":"ImageObject","inLanguage":"fr-FR","@id":"https:\/\/www.andyboy.com\/#\/schema\/logo\/image\/","url":"https:\/\/andyboy.wpengine.com\/wp-content\/uploads\/2015\/04\/AB-Banner-Logo-high-res.jpg","contentUrl":"https:\/\/andyboy.wpengine.com\/wp-content\/uploads\/2015\/04\/AB-Banner-Logo-high-res.jpg","width":1024,"height":403,"caption":"Andy Boy"},"image":{"@id":"https:\/\/www.andyboy.com\/#\/schema\/logo\/image\/"},"sameAs":["https:\/\/www.facebook.com\/AndyBoyProduce","https:\/\/x.com\/AndyBoyInc","https:\/\/instagram.com\/AndyBoyProduce\/","http:\/\/www.pinterest.com\/andyboyproduce\/"]}]}},"_links":{"self":[{"href":"https:\/\/www.andyboy.com\/fr\/wp-json\/wp\/v2\/pages\/957","targetHints":{"allow":["GET"]}}],"collection":[{"href":"https:\/\/www.andyboy.com\/fr\/wp-json\/wp\/v2\/pages"}],"about":[{"href":"https:\/\/www.andyboy.com\/fr\/wp-json\/wp\/v2\/types\/page"}],"author":[{"embeddable":true,"href":"https:\/\/www.andyboy.com\/fr\/wp-json\/wp\/v2\/users\/1"}],"replies":[{"embeddable":true,"href":"https:\/\/www.andyboy.com\/fr\/wp-json\/wp\/v2\/comments?post=957"}],"version-history":[{"count":0,"href":"https:\/\/www.andyboy.com\/fr\/wp-json\/wp\/v2\/pages\/957\/revisions"}],"wp:featuredmedia":[{"embeddable":true,"href":"https:\/\/www.andyboy.com\/fr\/wp-json\/wp\/v2\/media\/580"}],"wp:attachment":[{"href":"https:\/\/www.andyboy.com\/fr\/wp-json\/wp\/v2\/media?parent=957"}],"curies":[{"name":"wp","href":"https:\/\/api.w.org\/{rel}","templated":true}]}}