{"id":965,"date":"2014-03-30T02:30:45","date_gmt":"2014-03-30T02:30:45","guid":{"rendered":"http:\/\/65.99.237.157\/~andyboyc\/?page_id=965"},"modified":"2020-12-31T00:32:51","modified_gmt":"2020-12-31T00:32:51","slug":"principales-personnes-ressources","status":"publish","type":"page","link":"https:\/\/www.andyboy.com\/fr\/principales-personnes-ressources\/","title":{"rendered":"Contactez-nous"},"content":{"rendered":"<h2>Principaux contacts<\/h2>\n<div class=\"\">\n<h4 style=\"text-align: center;\"><strong>Si\u00e8ge d\u2019Andy Boy\u00a0:<\/strong><\/h4>\n<p style=\"text-align: center;\"><strong>Brenda Coleman<\/strong>\u00a0: r\u00e9ceptionniste<\/p>\n<p style=\"text-align: center;\">T\u00e9l\u00e9phone\u00a0: (831)\u00a0455-4500 T\u00e9l\u00e9copieur\u00a0: 831\u00a0455\u00a04445<\/p>\n<p style=\"text-align: center;\">Courriel\u00a0: <a href=\"mailto:brenda.coleman@darrigo.com\"><span style=\"font-weight: 400;\">brenda.coleman@darrigo.com<\/span><\/a><\/p>\n<\/div>\n<hr \/>\n<div class=\"\" style=\"text-align: center;\">\n<h4><strong>Bureaux administratifs\u00a0:<\/strong><\/h4>\n<p><strong>Helen Leek<\/strong>\u00a0: responsable du bureau administratif T\u00e9l\u00e9phone\u00a0: (831)\u00a0455-4500 T\u00e9l\u00e9copieur\u00a0: (831)\u00a0455-4445 Courriel\u00a0:\u00a0<a href=\"mailto:helen.leek@darrigo.com\">helen.leek@darrigo.com<\/a><\/p>\n<\/div>\n<hr \/>\n<div class=\"\" style=\"text-align: center;\">\n<h4><strong>Renseignements sur le site Internet\u00a0:<\/strong><\/h4>\n<p><strong>Claudia Pizarro-Villalobos-\u00a0<\/strong>Commercialisation\/renseignements sur le site Internet T\u00e9l\u00e9phone\u00a0: (831)\u00a0455-4315 T\u00e9l\u00e9copieur\u00a0: (831)\u00a0455-4301 Courriel\u00a0: \u00a0<a href=\"mailto:claudia.villalobos@darrigo.com\">claudia.villalobos@darrigo.com<\/a><\/p>\n<\/div>\n<hr \/>\n<div style=\"text-align: center;\">\n<h4><strong>Salubrit\u00e9 alimentaire\u00a0:<\/strong><\/h4>\n<p>(831)\u00a0455-4500 T\u00e9l\u00e9copieur\u00a0: (831)\u00a0455-4420 Courriel\u00a0:\u00a0<a href=\"mailto:food.safety@darrigo.com\">food.safety@darrigo.com<\/a><\/p>\n<\/div>\n<hr \/>\n<div class=\"\" style=\"text-align: center;\">\n<h4><strong>Relations de travail\u00a0:<\/strong><\/h4>\n<p>D\u2019Arrigo Bros. Co., de Californie Attention\u00a0: Relations de travail Bo\u00eete postale\u00a0: 850 Salinas, CA\u00a093902<\/p>\n<\/div>\n<hr \/>\n<div class=\"\" style=\"text-align: center;\">\n<h4><strong>Service \u00e0 la client\u00e8le\u00a0:<\/strong><\/h4>\n<p>T\u00e9l\u00e9phone\u00a0: (800)\u00a0995-5939 Courriel\u00a0:\u00a0<a href=\"mailto:customer.service@darrigo.com\">customer.service@darrigo.com<\/a><\/p>\n<\/div>\n<hr \/>\n<div class=\"\">\n<h3 style=\"text-align: center;\"><a href=\"https:\/\/www.andyboy.com\/fr\/lentreprise\/equipe-des-ventes\/\"> Contact de notre service commercial<\/a><\/h3>\n<\/div>\n","protected":false},"excerpt":{"rendered":"<p>Principaux contacts Si\u00e8ge d\u2019Andy Boy\u00a0: Brenda Coleman\u00a0: r\u00e9ceptionniste T\u00e9l\u00e9phone\u00a0: (831)\u00a0455-4500 T\u00e9l\u00e9copieur\u00a0: 831\u00a0455\u00a04445 Courriel\u00a0: brenda.coleman@darrigo.com Bureaux administratifs\u00a0: Helen Leek\u00a0: responsable du bureau administratif T\u00e9l\u00e9phone\u00a0: (831)\u00a0455-4500 T\u00e9l\u00e9copieur\u00a0: (831)\u00a0455-4445 Courriel\u00a0:\u00a0helen.leek@darrigo.com Renseignements sur le site Internet\u00a0: Claudia Pizarro-Villalobos-\u00a0Commercialisation\/renseignements sur le site Internet T\u00e9l\u00e9phone\u00a0: (831)\u00a0455-4315 T\u00e9l\u00e9copieur\u00a0: (831)\u00a0455-4301 Courriel\u00a0: \u00a0claudia.villalobos@darrigo.com Salubrit\u00e9 alimentaire\u00a0: (831)\u00a0455-4500 T\u00e9l\u00e9copieur\u00a0: (831)\u00a0455-4420 Courriel\u00a0:\u00a0food.safety@darrigo.com Relations de travail\u00a0: D\u2019Arrigo Bros. [&#8230;]<\/p>\n","protected":false},"author":1,"featured_media":0,"parent":0,"menu_order":0,"comment_status":"open","ping_status":"closed","template":"","meta":{"_acf_changed":false,"_exactmetrics_skip_tracking":false,"_exactmetrics_sitenote_active":false,"_exactmetrics_sitenote_note":"","_exactmetrics_sitenote_category":0,"footnotes":"","_links_to":"","_links_to_target":""},"class_list":["post-965","page","type-page","status-publish","hentry"],"acf":[],"yoast_head":"<!-- This site is optimized with the Yoast SEO plugin v27.1.1 - https:\/\/yoast.com\/product\/yoast-seo-wordpress\/ -->\n<title>Contactez-nous - Andy Boy<\/title>\n<meta name=\"description\" content=\"Pour acc\u00e9der \u00e0 nos coordonn\u00e9es, visitez cette page. N\u2019h\u00e9sitez pas \u00e0 nous contacter pour toutes vos questions. Andy Boy\u2026 pas seulement une image de marque, mais aussi un mode de vie.\" \/>\n<meta name=\"robots\" content=\"index, follow, max-snippet:-1, max-image-preview:large, max-video-preview:-1\" \/>\n<link rel=\"canonical\" href=\"https:\/\/www.andyboy.com\/fr\/principales-personnes-ressources\/\" \/>\n<meta property=\"og:locale\" content=\"fr_FR\" \/>\n<meta property=\"og:type\" content=\"article\" \/>\n<meta property=\"og:title\" content=\"Contactez-nous - Andy Boy\" \/>\n<meta property=\"og:description\" content=\"Pour acc\u00e9der \u00e0 nos coordonn\u00e9es, visitez cette page. N\u2019h\u00e9sitez pas \u00e0 nous contacter pour toutes vos questions. Andy Boy\u2026 pas seulement une image de marque, mais aussi un mode de vie.\" \/>\n<meta property=\"og:url\" content=\"https:\/\/www.andyboy.com\/fr\/principales-personnes-ressources\/\" \/>\n<meta property=\"og:site_name\" content=\"Andy Boy\" \/>\n<meta property=\"article:publisher\" content=\"https:\/\/www.facebook.com\/AndyBoyProduce\" \/>\n<meta property=\"article:modified_time\" content=\"2020-12-31T00:32:51+00:00\" \/>\n<meta name=\"twitter:label1\" content=\"Dur\u00e9e de lecture estim\u00e9e\" \/>\n\t<meta name=\"twitter:data1\" content=\"1 minute\" \/>\n<script type=\"application\/ld+json\" class=\"yoast-schema-graph\">{\"@context\":\"https:\/\/schema.org\",\"@graph\":[{\"@type\":\"WebPage\",\"@id\":\"https:\/\/www.andyboy.com\/fr\/principales-personnes-ressources\/\",\"url\":\"https:\/\/www.andyboy.com\/fr\/principales-personnes-ressources\/\",\"name\":\"Contactez-nous - Andy Boy\",\"isPartOf\":{\"@id\":\"https:\/\/www.andyboy.com\/#website\"},\"datePublished\":\"2014-03-30T02:30:45+00:00\",\"dateModified\":\"2020-12-31T00:32:51+00:00\",\"description\":\"Pour acc\u00e9der \u00e0 nos coordonn\u00e9es, visitez cette page. N\u2019h\u00e9sitez pas \u00e0 nous contacter pour toutes vos questions. Andy Boy\u2026 pas seulement une image de marque, mais aussi un mode de vie.\",\"breadcrumb\":{\"@id\":\"https:\/\/www.andyboy.com\/fr\/principales-personnes-ressources\/#breadcrumb\"},\"inLanguage\":\"fr-FR\",\"potentialAction\":[{\"@type\":\"ReadAction\",\"target\":[\"https:\/\/www.andyboy.com\/fr\/principales-personnes-ressources\/\"]}]},{\"@type\":\"BreadcrumbList\",\"@id\":\"https:\/\/www.andyboy.com\/fr\/principales-personnes-ressources\/#breadcrumb\",\"itemListElement\":[{\"@type\":\"ListItem\",\"position\":1,\"name\":\"Home\",\"item\":\"https:\/\/www.andyboy.com\/fr\/\"},{\"@type\":\"ListItem\",\"position\":2,\"name\":\"Contactez-nous\"}]},{\"@type\":\"WebSite\",\"@id\":\"https:\/\/www.andyboy.com\/#website\",\"url\":\"https:\/\/www.andyboy.com\/\",\"name\":\"Andy Boy\",\"description\":\"\",\"publisher\":{\"@id\":\"https:\/\/www.andyboy.com\/#organization\"},\"potentialAction\":[{\"@type\":\"SearchAction\",\"target\":{\"@type\":\"EntryPoint\",\"urlTemplate\":\"https:\/\/www.andyboy.com\/?s={search_term_string}\"},\"query-input\":{\"@type\":\"PropertyValueSpecification\",\"valueRequired\":true,\"valueName\":\"search_term_string\"}}],\"inLanguage\":\"fr-FR\"},{\"@type\":\"Organization\",\"@id\":\"https:\/\/www.andyboy.com\/#organization\",\"name\":\"Andy Boy\",\"url\":\"https:\/\/www.andyboy.com\/\",\"logo\":{\"@type\":\"ImageObject\",\"inLanguage\":\"fr-FR\",\"@id\":\"https:\/\/www.andyboy.com\/#\/schema\/logo\/image\/\",\"url\":\"https:\/\/andyboy.wpengine.com\/wp-content\/uploads\/2015\/04\/AB-Banner-Logo-high-res.jpg\",\"contentUrl\":\"https:\/\/andyboy.wpengine.com\/wp-content\/uploads\/2015\/04\/AB-Banner-Logo-high-res.jpg\",\"width\":1024,\"height\":403,\"caption\":\"Andy Boy\"},\"image\":{\"@id\":\"https:\/\/www.andyboy.com\/#\/schema\/logo\/image\/\"},\"sameAs\":[\"https:\/\/www.facebook.com\/AndyBoyProduce\",\"https:\/\/x.com\/AndyBoyInc\",\"https:\/\/instagram.com\/AndyBoyProduce\/\",\"http:\/\/www.pinterest.com\/andyboyproduce\/\"]}]}<\/script>\n<!-- \/ Yoast SEO plugin. -->","yoast_head_json":{"title":"Contactez-nous - Andy Boy","description":"Pour acc\u00e9der \u00e0 nos coordonn\u00e9es, visitez cette page. N\u2019h\u00e9sitez pas \u00e0 nous contacter pour toutes vos questions. Andy Boy\u2026 pas seulement une image de marque, mais aussi un mode de vie.","robots":{"index":"index","follow":"follow","max-snippet":"max-snippet:-1","max-image-preview":"max-image-preview:large","max-video-preview":"max-video-preview:-1"},"canonical":"https:\/\/www.andyboy.com\/fr\/principales-personnes-ressources\/","og_locale":"fr_FR","og_type":"article","og_title":"Contactez-nous - Andy Boy","og_description":"Pour acc\u00e9der \u00e0 nos coordonn\u00e9es, visitez cette page. N\u2019h\u00e9sitez pas \u00e0 nous contacter pour toutes vos questions. Andy Boy\u2026 pas seulement une image de marque, mais aussi un mode de vie.","og_url":"https:\/\/www.andyboy.com\/fr\/principales-personnes-ressources\/","og_site_name":"Andy Boy","article_publisher":"https:\/\/www.facebook.com\/AndyBoyProduce","article_modified_time":"2020-12-31T00:32:51+00:00","twitter_misc":{"Dur\u00e9e de lecture estim\u00e9e":"1 minute"},"schema":{"@context":"https:\/\/schema.org","@graph":[{"@type":"WebPage","@id":"https:\/\/www.andyboy.com\/fr\/principales-personnes-ressources\/","url":"https:\/\/www.andyboy.com\/fr\/principales-personnes-ressources\/","name":"Contactez-nous - Andy Boy","isPartOf":{"@id":"https:\/\/www.andyboy.com\/#website"},"datePublished":"2014-03-30T02:30:45+00:00","dateModified":"2020-12-31T00:32:51+00:00","description":"Pour acc\u00e9der \u00e0 nos coordonn\u00e9es, visitez cette page. N\u2019h\u00e9sitez pas \u00e0 nous contacter pour toutes vos questions. Andy Boy\u2026 pas seulement une image de marque, mais aussi un mode de vie.","breadcrumb":{"@id":"https:\/\/www.andyboy.com\/fr\/principales-personnes-ressources\/#breadcrumb"},"inLanguage":"fr-FR","potentialAction":[{"@type":"ReadAction","target":["https:\/\/www.andyboy.com\/fr\/principales-personnes-ressources\/"]}]},{"@type":"BreadcrumbList","@id":"https:\/\/www.andyboy.com\/fr\/principales-personnes-ressources\/#breadcrumb","itemListElement":[{"@type":"ListItem","position":1,"name":"Home","item":"https:\/\/www.andyboy.com\/fr\/"},{"@type":"ListItem","position":2,"name":"Contactez-nous"}]},{"@type":"WebSite","@id":"https:\/\/www.andyboy.com\/#website","url":"https:\/\/www.andyboy.com\/","name":"Andy Boy","description":"","publisher":{"@id":"https:\/\/www.andyboy.com\/#organization"},"potentialAction":[{"@type":"SearchAction","target":{"@type":"EntryPoint","urlTemplate":"https:\/\/www.andyboy.com\/?s={search_term_string}"},"query-input":{"@type":"PropertyValueSpecification","valueRequired":true,"valueName":"search_term_string"}}],"inLanguage":"fr-FR"},{"@type":"Organization","@id":"https:\/\/www.andyboy.com\/#organization","name":"Andy Boy","url":"https:\/\/www.andyboy.com\/","logo":{"@type":"ImageObject","inLanguage":"fr-FR","@id":"https:\/\/www.andyboy.com\/#\/schema\/logo\/image\/","url":"https:\/\/andyboy.wpengine.com\/wp-content\/uploads\/2015\/04\/AB-Banner-Logo-high-res.jpg","contentUrl":"https:\/\/andyboy.wpengine.com\/wp-content\/uploads\/2015\/04\/AB-Banner-Logo-high-res.jpg","width":1024,"height":403,"caption":"Andy Boy"},"image":{"@id":"https:\/\/www.andyboy.com\/#\/schema\/logo\/image\/"},"sameAs":["https:\/\/www.facebook.com\/AndyBoyProduce","https:\/\/x.com\/AndyBoyInc","https:\/\/instagram.com\/AndyBoyProduce\/","http:\/\/www.pinterest.com\/andyboyproduce\/"]}]}},"_links":{"self":[{"href":"https:\/\/www.andyboy.com\/fr\/wp-json\/wp\/v2\/pages\/965","targetHints":{"allow":["GET"]}}],"collection":[{"href":"https:\/\/www.andyboy.com\/fr\/wp-json\/wp\/v2\/pages"}],"about":[{"href":"https:\/\/www.andyboy.com\/fr\/wp-json\/wp\/v2\/types\/page"}],"author":[{"embeddable":true,"href":"https:\/\/www.andyboy.com\/fr\/wp-json\/wp\/v2\/users\/1"}],"replies":[{"embeddable":true,"href":"https:\/\/www.andyboy.com\/fr\/wp-json\/wp\/v2\/comments?post=965"}],"version-history":[{"count":0,"href":"https:\/\/www.andyboy.com\/fr\/wp-json\/wp\/v2\/pages\/965\/revisions"}],"wp:attachment":[{"href":"https:\/\/www.andyboy.com\/fr\/wp-json\/wp\/v2\/media?parent=965"}],"curies":[{"name":"wp","href":"https:\/\/api.w.org\/{rel}","templated":true}]}}